{"id":11070,"date":"2020-09-02T13:51:11","date_gmt":"2020-09-02T10:51:11","guid":{"rendered":"https:\/\/obender.eu\/ettevottest\/"},"modified":"2023-08-05T08:01:20","modified_gmt":"2023-08-05T05:01:20","slug":"about-co","status":"publish","type":"page","link":"https:\/\/obender.eu\/en\/about-co\/","title":{"rendered":"About our company"},"content":{"rendered":"\t\t<div data-elementor-type=\"wp-page\" data-elementor-id=\"11070\" class=\"elementor elementor-11070 elementor-9926\">\n\t\t\t\t\t\t<section class=\"elementor-section elementor-top-section elementor-element elementor-element-79c64d90 elementor-section-full_width elementor-section-height-default elementor-section-height-default wd-section-disabled\" data-id=\"79c64d90\" data-element_type=\"section\" data-e-type=\"section\">\n\t\t\t\t\t\t<div class=\"elementor-container elementor-column-gap-default\">\n\t\t\t\t\t<div class=\"elementor-column elementor-col-100 elementor-top-column elementor-element elementor-element-76b8c6eb\" data-id=\"76b8c6eb\" data-element_type=\"column\" data-e-type=\"column\">\n\t\t\t<div class=\"elementor-widget-wrap elementor-element-populated\">\n\t\t\t\t\t\t<div class=\"elementor-element elementor-element-224ea84 elementor-widget elementor-widget-wd_title\" data-id=\"224ea84\" data-element_type=\"widget\" data-e-type=\"widget\" data-widget_type=\"wd_title.default\">\n\t\t\t\t<div class=\"elementor-widget-container\">\n\t\t\t\t\t\t\t<div class=\"title-wrapper set-mb-s reset-last-child wd-title-color-default wd-title-style-default wd-title-size-default text-left\">\n\n\t\t\t\n\t\t\t<div class=\"liner-continer\">\n\t\t\t\t<h4 class=\"woodmart-title-container title wd-fontsize-l\">OUR COMPANY<\/h4> \n\t\t\t\t\t\t\t<\/div>\n\n\t\t\t\t\t<\/div>\n\t\t\t\t\t\t<\/div>\n\t\t\t\t<\/div>\n\t\t\t\t<div class=\"elementor-element elementor-element-6deb10cc color-scheme-inherit text-left elementor-widget elementor-widget-text-editor\" data-id=\"6deb10cc\" data-element_type=\"widget\" data-e-type=\"widget\" data-widget_type=\"text-editor.default\">\n\t\t\t\t<div class=\"elementor-widget-container\">\n\t\t\t\t\t\t\t\t\t<p>Obender O\u00dc was founded in 2009 and the main activity of the company is wholesale of industrial goods. Our team offers our current and future customers fast and reliable service.<\/p>\n<p>Obender O\u00dc officially represents Varta Consumer, Camelion, Arcas, Abus, Norma and Pulsar brands.<\/p>\n<p>We are importers of Duracell, Novol, Lesta, Platinet, Omega, Laica, Rayovac, Zext, Avide, Iskra, Aba brands.<\/p>\n<p>Our portfolio includes batteries, flashlights, rechargeable batteries, locks, lamps, lighting, adhesives, hose clamps, car chemistry and cleaning products.<\/p>\n<p>You are welcome to visit our new online store and learn more about our assortment. The assortment is updated every day.<\/p>\n\t\t\t\t\t\t\t\t<\/div>\n\t\t\t\t<\/div>\n\t\t\t\t<div class=\"elementor-element elementor-element-d9d7f98 elementor-widget elementor-widget-wd_products_brands\" data-id=\"d9d7f98\" data-element_type=\"widget\" data-e-type=\"widget\" data-widget_type=\"wd_products_brands.default\">\n\t\t\t\t<div class=\"elementor-widget-container\">\n\t\t\t\t\t\t\t<div class=\"brands-items-wrapper brands-widget slider-brands_7458 brands-hover-alt brands-style-bordered brands-grid\" id=\"brands_7458\" >\n\t\t\t<div class=\"row wd-spacing-0\">\n\t\t\t\t\t\t\t\t\t\t\t\t\t\t\t\n\t\t\t\t\t\t<div class=\"brand-item  col-lg-3 col-md-3 col-12\">\n\t\t\t\t\t\t\t<a title=\"Varta\" href=\"https:\/\/obender.eu\/en\/tooted\/?filter_brand=varta-en\">\n\t\t\t\t\t\t\t\t\t\t\t\t\t\t\t\t\t<img fetchpriority=\"high\" decoding=\"async\" width=\"600\" height=\"600\" src=\"https:\/\/obender.eu\/wp-content\/uploads\/2024\/03\/VARTA-Logo.jpg\" class=\"attachment-full size-full\" alt=\"\" srcset=\"https:\/\/obender.eu\/wp-content\/uploads\/2024\/03\/VARTA-Logo.jpg 600w, https:\/\/obender.eu\/wp-content\/uploads\/2024\/03\/VARTA-Logo-150x150.jpg 150w, https:\/\/obender.eu\/wp-content\/uploads\/2024\/03\/VARTA-Logo-300x300.jpg 300w\" sizes=\"(max-width: 600px) 100vw, 600px\" \/>\t\t\t\t\t\t\t\t\t\t\t\t\t\t\t<\/a>\n\t\t\t\t\t\t<\/div>\n\t\t\t\t\t\t\t\t\t\t\t\n\t\t\t\t\t\t<div class=\"brand-item  col-lg-3 col-md-3 col-12\">\n\t\t\t\t\t\t\t<a title=\"Camelion\" href=\"https:\/\/obender.eu\/en\/tooted\/?filter_brand=camelion-en\">\n\t\t\t\t\t\t\t\t\t\t\t\t\t\t\t\t\t<img decoding=\"async\" src=\"https:\/\/obender.eu\/wp-content\/uploads\/2020\/09\/unnamed.png\" alt=\"Camelion\" title=\"Camelion\">\t\t\t\t\t\t\t\t\t\t\t\t\t\t\t<\/a>\n\t\t\t\t\t\t<\/div>\n\t\t\t\t\t\t\t\t\t\t\t\n\t\t\t\t\t\t<div class=\"brand-item  col-lg-3 col-md-3 col-12\">\n\t\t\t\t\t\t\t<a title=\"Arcas\" href=\"https:\/\/obender.eu\/en\/tooted\/?filter_brand=arcas-en\">\n\t\t\t\t\t\t\t\t\t\t\t\t\t\t\t\t\t<img decoding=\"async\" src=\"https:\/\/obender.eu\/wp-content\/uploads\/2020\/09\/logo.gif\" alt=\"Arcas\" title=\"Arcas\">\t\t\t\t\t\t\t\t\t\t\t\t\t\t\t<\/a>\n\t\t\t\t\t\t<\/div>\n\t\t\t\t\t\t\t\t\t\t\t\n\t\t\t\t\t\t<div class=\"brand-item  col-lg-3 col-md-3 col-12\">\n\t\t\t\t\t\t\t<a title=\"Abus\" href=\"https:\/\/obender.eu\/en\/tooted\/?filter_brand=abus-en\">\n\t\t\t\t\t\t\t\t\t\t\t\t\t\t\t\t\t<img decoding=\"async\" width=\"800\" height=\"800\" src=\"https:\/\/obender.eu\/wp-content\/uploads\/2023\/12\/Abus-logo.jpg\" class=\"attachment-full size-full\" alt=\"\" srcset=\"https:\/\/obender.eu\/wp-content\/uploads\/2023\/12\/Abus-logo.jpg 800w, https:\/\/obender.eu\/wp-content\/uploads\/2023\/12\/Abus-logo-600x600.jpg 600w, https:\/\/obender.eu\/wp-content\/uploads\/2023\/12\/Abus-logo-150x150.jpg 150w, https:\/\/obender.eu\/wp-content\/uploads\/2023\/12\/Abus-logo-300x300.jpg 300w, https:\/\/obender.eu\/wp-content\/uploads\/2023\/12\/Abus-logo-768x768.jpg 768w\" sizes=\"(max-width: 800px) 100vw, 800px\" \/>\t\t\t\t\t\t\t\t\t\t\t\t\t\t\t<\/a>\n\t\t\t\t\t\t<\/div>\n\t\t\t\t\t\t\t\t\t\t\t\t<\/div>\n\t\t<\/div>\n\t\t\t\t\t\t<\/div>\n\t\t\t\t<\/div>\n\t\t\t\t\t<\/div>\n\t\t<\/div>\n\t\t\t\t\t<\/div>\n\t\t<\/section>\n\t\t\t\t<\/div>\n\t\t","protected":false},"excerpt":{"rendered":"<p>OUR COMPANY Obender O\u00dc was founded in 2009 and the main activity of the company is wholesale of industrial goods.<\/p>\n","protected":false},"author":209,"featured_media":0,"parent":0,"menu_order":0,"comment_status":"closed","ping_status":"closed","template":"","meta":{"footnotes":""},"class_list":["post-11070","page","type-page","status-publish","hentry"],"yoast_head":"<!-- This site is optimized with the Yoast SEO Premium plugin v20.0 (Yoast SEO v27.4) - https:\/\/yoast.com\/product\/yoast-seo-premium-wordpress\/ -->\n<title>About our company - Obender<\/title>\n<meta name=\"robots\" content=\"index, follow, max-snippet:-1, max-image-preview:large, max-video-preview:-1\" \/>\n<link rel=\"canonical\" href=\"https:\/\/obender.eu\/ettevottest\/\" \/>\n<meta property=\"og:locale\" content=\"en_US\" \/>\n<meta property=\"og:type\" content=\"article\" \/>\n<meta property=\"og:title\" content=\"About our company\" \/>\n<meta property=\"og:description\" content=\"OUR COMPANY Obender O\u00dc was founded in 2009 and the main activity of the company is wholesale of industrial goods.\" \/>\n<meta property=\"og:url\" content=\"https:\/\/obender.eu\/ettevottest\/\" \/>\n<meta property=\"og:site_name\" content=\"Obender\" \/>\n<meta property=\"article:modified_time\" content=\"2023-08-05T05:01:20+00:00\" \/>\n<meta property=\"og:image\" content=\"https:\/\/obender.eu\/wp-content\/uploads\/2020\/09\/VARTA_logo.png\" \/>\n<meta name=\"twitter:card\" content=\"summary_large_image\" \/>\n<meta name=\"twitter:label1\" content=\"Est. reading time\" \/>\n\t<meta name=\"twitter:data1\" content=\"2 minutes\" \/>\n<script type=\"application\/ld+json\" class=\"yoast-schema-graph\">{\"@context\":\"https:\\\/\\\/schema.org\",\"@graph\":[{\"@type\":\"WebPage\",\"@id\":\"https:\\\/\\\/obender.eu\\\/ettevottest\\\/\",\"url\":\"https:\\\/\\\/obender.eu\\\/ettevottest\\\/\",\"name\":\"About our company - Obender\",\"isPartOf\":{\"@id\":\"https:\\\/\\\/www.obender.eu\\\/#website\"},\"primaryImageOfPage\":{\"@id\":\"https:\\\/\\\/obender.eu\\\/ettevottest\\\/#primaryimage\"},\"image\":{\"@id\":\"https:\\\/\\\/obender.eu\\\/ettevottest\\\/#primaryimage\"},\"thumbnailUrl\":\"https:\\\/\\\/obender.eu\\\/wp-content\\\/uploads\\\/2020\\\/09\\\/VARTA_logo.png\",\"datePublished\":\"2020-09-02T10:51:11+00:00\",\"dateModified\":\"2023-08-05T05:01:20+00:00\",\"breadcrumb\":{\"@id\":\"https:\\\/\\\/obender.eu\\\/ettevottest\\\/#breadcrumb\"},\"inLanguage\":\"en-US\",\"potentialAction\":[{\"@type\":\"ReadAction\",\"target\":[\"https:\\\/\\\/obender.eu\\\/ettevottest\\\/\"]}]},{\"@type\":\"ImageObject\",\"inLanguage\":\"en-US\",\"@id\":\"https:\\\/\\\/obender.eu\\\/ettevottest\\\/#primaryimage\",\"url\":\"https:\\\/\\\/obender.eu\\\/wp-content\\\/uploads\\\/2020\\\/09\\\/VARTA_logo.png\",\"contentUrl\":\"https:\\\/\\\/obender.eu\\\/wp-content\\\/uploads\\\/2020\\\/09\\\/VARTA_logo.png\"},{\"@type\":\"BreadcrumbList\",\"@id\":\"https:\\\/\\\/obender.eu\\\/ettevottest\\\/#breadcrumb\",\"itemListElement\":[{\"@type\":\"ListItem\",\"position\":1,\"name\":\"Home\",\"item\":\"https:\\\/\\\/obender.eu\\\/en\\\/\"},{\"@type\":\"ListItem\",\"position\":2,\"name\":\"About our company\"}]},{\"@type\":\"WebSite\",\"@id\":\"https:\\\/\\\/www.obender.eu\\\/#website\",\"url\":\"https:\\\/\\\/www.obender.eu\\\/\",\"name\":\"Obender\",\"description\":\"T\u00f6\u00f6stuskaupade hulgim\u00fc\u00fck\",\"potentialAction\":[{\"@type\":\"SearchAction\",\"target\":{\"@type\":\"EntryPoint\",\"urlTemplate\":\"https:\\\/\\\/www.obender.eu\\\/?s={search_term_string}\"},\"query-input\":{\"@type\":\"PropertyValueSpecification\",\"valueRequired\":true,\"valueName\":\"search_term_string\"}}],\"inLanguage\":\"en-US\"}]}<\/script>\n<!-- \/ Yoast SEO Premium plugin. -->","yoast_head_json":{"title":"About our company - Obender","robots":{"index":"index","follow":"follow","max-snippet":"max-snippet:-1","max-image-preview":"max-image-preview:large","max-video-preview":"max-video-preview:-1"},"canonical":"https:\/\/obender.eu\/ettevottest\/","og_locale":"en_US","og_type":"article","og_title":"About our company","og_description":"OUR COMPANY Obender O\u00dc was founded in 2009 and the main activity of the company is wholesale of industrial goods.","og_url":"https:\/\/obender.eu\/ettevottest\/","og_site_name":"Obender","article_modified_time":"2023-08-05T05:01:20+00:00","og_image":[{"url":"https:\/\/obender.eu\/wp-content\/uploads\/2020\/09\/VARTA_logo.png","type":"","width":"","height":""}],"twitter_card":"summary_large_image","twitter_misc":{"Est. reading time":"2 minutes"},"schema":{"@context":"https:\/\/schema.org","@graph":[{"@type":"WebPage","@id":"https:\/\/obender.eu\/ettevottest\/","url":"https:\/\/obender.eu\/ettevottest\/","name":"About our company - Obender","isPartOf":{"@id":"https:\/\/www.obender.eu\/#website"},"primaryImageOfPage":{"@id":"https:\/\/obender.eu\/ettevottest\/#primaryimage"},"image":{"@id":"https:\/\/obender.eu\/ettevottest\/#primaryimage"},"thumbnailUrl":"https:\/\/obender.eu\/wp-content\/uploads\/2020\/09\/VARTA_logo.png","datePublished":"2020-09-02T10:51:11+00:00","dateModified":"2023-08-05T05:01:20+00:00","breadcrumb":{"@id":"https:\/\/obender.eu\/ettevottest\/#breadcrumb"},"inLanguage":"en-US","potentialAction":[{"@type":"ReadAction","target":["https:\/\/obender.eu\/ettevottest\/"]}]},{"@type":"ImageObject","inLanguage":"en-US","@id":"https:\/\/obender.eu\/ettevottest\/#primaryimage","url":"https:\/\/obender.eu\/wp-content\/uploads\/2020\/09\/VARTA_logo.png","contentUrl":"https:\/\/obender.eu\/wp-content\/uploads\/2020\/09\/VARTA_logo.png"},{"@type":"BreadcrumbList","@id":"https:\/\/obender.eu\/ettevottest\/#breadcrumb","itemListElement":[{"@type":"ListItem","position":1,"name":"Home","item":"https:\/\/obender.eu\/en\/"},{"@type":"ListItem","position":2,"name":"About our company"}]},{"@type":"WebSite","@id":"https:\/\/www.obender.eu\/#website","url":"https:\/\/www.obender.eu\/","name":"Obender","description":"T\u00f6\u00f6stuskaupade hulgim\u00fc\u00fck","potentialAction":[{"@type":"SearchAction","target":{"@type":"EntryPoint","urlTemplate":"https:\/\/www.obender.eu\/?s={search_term_string}"},"query-input":{"@type":"PropertyValueSpecification","valueRequired":true,"valueName":"search_term_string"}}],"inLanguage":"en-US"}]}},"_links":{"self":[{"href":"https:\/\/obender.eu\/en\/wp-json\/wp\/v2\/pages\/11070","targetHints":{"allow":["GET"]}}],"collection":[{"href":"https:\/\/obender.eu\/en\/wp-json\/wp\/v2\/pages"}],"about":[{"href":"https:\/\/obender.eu\/en\/wp-json\/wp\/v2\/types\/page"}],"author":[{"embeddable":true,"href":"https:\/\/obender.eu\/en\/wp-json\/wp\/v2\/users\/209"}],"replies":[{"embeddable":true,"href":"https:\/\/obender.eu\/en\/wp-json\/wp\/v2\/comments?post=11070"}],"version-history":[{"count":5,"href":"https:\/\/obender.eu\/en\/wp-json\/wp\/v2\/pages\/11070\/revisions"}],"predecessor-version":[{"id":26609,"href":"https:\/\/obender.eu\/en\/wp-json\/wp\/v2\/pages\/11070\/revisions\/26609"}],"wp:attachment":[{"href":"https:\/\/obender.eu\/en\/wp-json\/wp\/v2\/media?parent=11070"}],"curies":[{"name":"wp","href":"https:\/\/api.w.org\/{rel}","templated":true}]}}