{"id":11844,"date":"2020-09-12T21:56:36","date_gmt":"2020-09-12T18:56:36","guid":{"rendered":"https:\/\/obender.eu\/kauba-tagastamine\/"},"modified":"2023-08-05T08:33:47","modified_gmt":"2023-08-05T05:33:47","slug":"declaration-of-withdrawal","status":"publish","type":"page","link":"https:\/\/obender.eu\/en\/declaration-of-withdrawal\/","title":{"rendered":"Declaration of withdrawal"},"content":{"rendered":"\t\t<div data-elementor-type=\"wp-page\" data-elementor-id=\"11844\" class=\"elementor elementor-11844 elementor-11838\">\n\t\t\t\t\t\t<section class=\"wd-negative-gap elementor-section elementor-top-section elementor-element elementor-element-dbdb1d8 elementor-section-boxed elementor-section-height-default elementor-section-height-default wd-section-disabled\" data-id=\"dbdb1d8\" data-element_type=\"section\" data-e-type=\"section\">\n\t\t\t\t\t\t<div class=\"elementor-container elementor-column-gap-default\">\n\t\t\t\t\t<div class=\"elementor-column elementor-col-100 elementor-top-column elementor-element elementor-element-989d439\" data-id=\"989d439\" data-element_type=\"column\" data-e-type=\"column\">\n\t\t\t<div class=\"elementor-widget-wrap elementor-element-populated\">\n\t\t\t\t\t\t<div class=\"elementor-element elementor-element-cf7e0d1 elementor-widget elementor-widget-wd_contact_form_7\" data-id=\"cf7e0d1\" data-element_type=\"widget\" data-e-type=\"widget\" data-widget_type=\"wd_contact_form_7.default\">\n\t\t\t\t<div class=\"elementor-widget-container\">\n\t\t\t\t\t\n<div class=\"wpcf7 no-js\" id=\"wpcf7-f11837-o1\" lang=\"et\" dir=\"ltr\" data-wpcf7-id=\"11837\">\n<div class=\"screen-reader-response\"><p role=\"status\" aria-live=\"polite\" aria-atomic=\"true\"><\/p> <ul><\/ul><\/div>\n<form action=\"\/en\/wp-json\/wp\/v2\/pages\/11844#wpcf7-f11837-o1\" method=\"post\" class=\"wpcf7-form init\" aria-label=\"Contact form\" novalidate=\"novalidate\" data-status=\"init\">\n<fieldset class=\"hidden-fields-container\"><input type=\"hidden\" name=\"_wpcf7\" value=\"11837\" \/><input type=\"hidden\" name=\"_wpcf7_version\" value=\"6.1.5\" \/><input type=\"hidden\" name=\"_wpcf7_locale\" value=\"et\" \/><input type=\"hidden\" name=\"_wpcf7_unit_tag\" value=\"wpcf7-f11837-o1\" \/><input type=\"hidden\" name=\"_wpcf7_container_post\" value=\"0\" \/><input type=\"hidden\" name=\"_wpcf7_posted_data_hash\" value=\"\" \/>\n<\/fieldset>\n<h2 style=\"margin-bottom:20px; margin-top: 20px;\">Tellimuse andmed\n<\/h2>\n<div class=\"row\">\n\t<div class=\"col-md-4\" style=\"margin-bottom:30px;\">\n\t\t<p><label>Nimi*<\/label><span class=\"wpcf7-form-control-wrap\" data-name=\"eesnimi\"><input size=\"40\" maxlength=\"400\" class=\"wpcf7-form-control wpcf7-text wpcf7-validates-as-required autoDisable\" aria-required=\"true\" aria-invalid=\"false\" value=\"\" type=\"text\" name=\"eesnimi\" \/><\/span>\n\t\t<\/p>\n\t<\/div>\n\t<div class=\"col-md-4\" style=\"margin-bottom:30px;\">\n\t\t<p><label>E-post*<\/label><span class=\"wpcf7-form-control-wrap\" data-name=\"email\"><input size=\"40\" maxlength=\"400\" class=\"wpcf7-form-control wpcf7-email wpcf7-validates-as-required wpcf7-text wpcf7-validates-as-email autoDisable\" aria-required=\"true\" aria-invalid=\"false\" value=\"\" type=\"email\" name=\"email\" \/><\/span>\n\t\t<\/p>\n\t<\/div>\n\t<div class=\"col-md-4\" style=\"margin-bottom:30px;\">\n\t\t<p><label>Telefon*<\/label><span class=\"wpcf7-form-control-wrap\" data-name=\"tel-554\"><input size=\"40\" maxlength=\"400\" class=\"wpcf7-form-control wpcf7-tel wpcf7-validates-as-required wpcf7-text wpcf7-validates-as-tel autoDisable\" aria-required=\"true\" aria-invalid=\"false\" value=\"\" type=\"tel\" name=\"tel-554\" \/><\/span>\n\t\t<\/p>\n\t<\/div>\n<\/div>\n<div class=\"row\">\n\t<div class=\"col-md-6\" style=\"margin-bottom:30px;\">\n\t\t<p><label>Tellimuse nr*<\/label><span class=\"wpcf7-form-control-wrap\" data-name=\"tellimusenr\"><input size=\"40\" maxlength=\"400\" class=\"wpcf7-form-control wpcf7-text wpcf7-validates-as-required autoDisable\" aria-required=\"true\" aria-invalid=\"false\" value=\"\" type=\"text\" name=\"tellimusenr\" \/><\/span>\n\t\t<\/p>\n\t<\/div>\n\t<div class=\"col-md-6\" style=\"margin-bottom:30px;\">\n\t\t<p><label>Tellimuse kuup\u00e4ev*<\/label><span class=\"wpcf7-form-control-wrap\" data-name=\"date-319\"><input class=\"wpcf7-form-control wpcf7-date wpcf7-validates-as-required wpcf7-validates-as-date autoDisable\" aria-required=\"true\" aria-invalid=\"false\" value=\"\" type=\"date\" name=\"date-319\" \/><\/span>\n\t\t<\/p>\n\t<\/div>\n<\/div>\n<h2 style=\"margin-bottom:20px; margin-top: 50px;\">Toote andmed & tagastamise p\u00f5hjus\n<\/h2>\n<div class=\"row\">\n\t<div class=\"col-md-4\" style=\"margin-bottom:30px;\">\n\t\t<p><label>Toote nimetus*<\/label><span class=\"wpcf7-form-control-wrap\" data-name=\"tootenim\"><input size=\"40\" maxlength=\"400\" class=\"wpcf7-form-control wpcf7-text wpcf7-validates-as-required autoDisable\" aria-required=\"true\" aria-invalid=\"false\" value=\"\" type=\"text\" name=\"tootenim\" \/><\/span>\n\t\t<\/p>\n\t<\/div>\n\t<div class=\"col-md-4\" style=\"margin-bottom:30px;\">\n\t\t<p><label>EAN*<\/label><span class=\"wpcf7-form-control-wrap\" data-name=\"tootekood\"><input size=\"40\" maxlength=\"400\" class=\"wpcf7-form-control wpcf7-text wpcf7-validates-as-required autoDisable\" aria-required=\"true\" aria-invalid=\"false\" value=\"\" type=\"text\" name=\"tootekood\" \/><\/span>\n\t\t<\/p>\n\t<\/div>\n\t<div class=\"col-md-4\" style=\"margin-bottom:30px;\">\n\t\t<p><label>Kogus*<\/label><span class=\"wpcf7-form-control-wrap\" data-name=\"kogus\"><input size=\"40\" maxlength=\"400\" class=\"wpcf7-form-control wpcf7-text wpcf7-validates-as-required autoDisable\" aria-required=\"true\" aria-invalid=\"false\" value=\"\" type=\"text\" name=\"kogus\" \/><\/span>\n\t\t<\/p>\n\t<\/div>\n<\/div>\n<div class=\"row\">\n\t<div class=\"col-md-4\" style=\"margin-bottom:30px;\">\n\t\t<p><label>Tagastamise p\u00f5hjus*<\/label><span class=\"wpcf7-form-control-wrap\" data-name=\"tagastamisepohjus\"><span class=\"wpcf7-form-control wpcf7-radio\"><span class=\"wpcf7-list-item first\"><input type=\"radio\" name=\"tagastamisepohjus\" value=\"Toode vigane\" checked=\"checked\" \/><span class=\"wpcf7-list-item-label\">Toode vigane<\/span><\/span><span class=\"wpcf7-list-item\"><input type=\"radio\" name=\"tagastamisepohjus\" value=\"Vale tellimus\" \/><span class=\"wpcf7-list-item-label\">Vale tellimus<\/span><\/span><span class=\"wpcf7-list-item last\"><input type=\"radio\" name=\"tagastamisepohjus\" value=\"Pakendil esineb vigastusi\" \/><span class=\"wpcf7-list-item-label\">Pakendil esineb vigastusi<\/span><\/span><\/span><\/span>\n\t\t<\/p>\n\t<\/div>\n\t<div class=\"col-md-4\" style=\"margin-bottom:30px;\">\n\t\t<p><label>Tagastamise viis*<\/label><span class=\"wpcf7-form-control-wrap\" data-name=\"tagastamiseviis\"><span class=\"wpcf7-form-control wpcf7-radio\"><span class=\"wpcf7-list-item first\"><input type=\"radio\" name=\"tagastamiseviis\" value=\"Tagastan ise kauba (Laki,16 Tallinn)\" checked=\"checked\" \/><span class=\"wpcf7-list-item-label\">Tagastan ise kauba (Laki,16 Tallinn)<\/span><\/span><span class=\"wpcf7-list-item\"><input type=\"radio\" name=\"tagastamiseviis\" value=\"Smart pakiautomaat\" \/><span class=\"wpcf7-list-item-label\">Smart pakiautomaat<\/span><\/span><span class=\"wpcf7-list-item last\"><input type=\"radio\" name=\"tagastamiseviis\" value=\"Omniva pakiautomaat\" \/><span class=\"wpcf7-list-item-label\">Omniva pakiautomaat<\/span><\/span><\/span><\/span>\n\t\t<\/p>\n\t<\/div>\n\t<div class=\"col-md-4\" style=\"margin-bottom:30px;\">\n\t\t<p><label>Toode on avatud*<\/label><span class=\"wpcf7-form-control-wrap\" data-name=\"toodeon\"><span class=\"wpcf7-form-control wpcf7-radio\"><span class=\"wpcf7-list-item first\"><input type=\"radio\" name=\"toodeon\" value=\"Jah\" checked=\"checked\" \/><span class=\"wpcf7-list-item-label\">Jah<\/span><\/span><span class=\"wpcf7-list-item last\"><input type=\"radio\" name=\"toodeon\" value=\"Ei\" \/><span class=\"wpcf7-list-item-label\">Ei<\/span><\/span><\/span><\/span>\n\t\t<\/p>\n\t<\/div>\n<\/div>\n<div class=\"row\">\n\t<div class=\"col-md-12\">\n\t\t<p><label>Defekt v\u00f5i muud \u00fcksikasjad<\/label><span class=\"wpcf7-form-control-wrap\" data-name=\"sisu\"><textarea cols=\"40\" rows=\"6\" maxlength=\"2000\" class=\"wpcf7-form-control wpcf7-textarea autoDisable\" aria-invalid=\"false\" name=\"sisu\"><\/textarea><\/span><br \/>\n<div id=\"cf7sr-69dddb7eda879\" class=\"cf7sr-g-recaptcha\" data-theme=\"light\" data-type=\"image\" data-size=\"normal\" data-sitekey=\"6LfACM0ZAAAAAHqBm83b_GgADNcmEKjZnqmrdF05\"><\/div><span class=\"wpcf7-form-control-wrap cf7sr-recaptcha\" data-name=\"cf7sr-recaptcha\"><input type=\"hidden\" name=\"cf7sr-recaptcha\" value=\"\" class=\"wpcf7-form-control\"><\/span><br \/>\n<input class=\"wpcf7-form-control wpcf7-submit has-spinner sendbutton\" type=\"submit\" value=\"Saada\" \/>\n\t\t<\/p>\n\t<\/div>\n<\/div><div class=\"wpcf7-response-output\" aria-hidden=\"true\"><\/div>\n<\/form>\n<\/div>\n\t\t\t\t<\/div>\n\t\t\t\t<\/div>\n\t\t\t\t\t<\/div>\n\t\t<\/div>\n\t\t\t\t\t<\/div>\n\t\t<\/section>\n\t\t\t\t<\/div>\n\t\t","protected":false},"excerpt":{"rendered":"<p>Tellimuse andmed Nimi* E-post* Telefon* Tellimuse nr S\u00f5num Kinnitan, et ma ei ole robot!<\/p>\n","protected":false},"author":209,"featured_media":0,"parent":0,"menu_order":0,"comment_status":"closed","ping_status":"closed","template":"","meta":{"footnotes":""},"class_list":["post-11844","page","type-page","status-publish","hentry"],"yoast_head":"<!-- This site is optimized with the Yoast SEO Premium plugin v20.0 (Yoast SEO v27.3) - https:\/\/yoast.com\/product\/yoast-seo-premium-wordpress\/ -->\n<title>Declaration of withdrawal - Obender<\/title>\n<meta name=\"robots\" content=\"index, follow, max-snippet:-1, max-image-preview:large, max-video-preview:-1\" \/>\n<link rel=\"canonical\" href=\"https:\/\/obender.eu\/kauba-tagastamine\/\" \/>\n<meta property=\"og:locale\" content=\"en_US\" \/>\n<meta property=\"og:type\" content=\"article\" \/>\n<meta property=\"og:title\" content=\"Declaration of withdrawal\" \/>\n<meta property=\"og:description\" content=\"Tellimuse andmed Nimi* E-post* Telefon* Tellimuse nr S\u00f5num Kinnitan, et ma ei ole robot!\" \/>\n<meta property=\"og:url\" content=\"https:\/\/obender.eu\/kauba-tagastamine\/\" \/>\n<meta property=\"og:site_name\" content=\"Obender\" \/>\n<meta property=\"article:modified_time\" content=\"2023-08-05T05:33:47+00:00\" \/>\n<meta name=\"twitter:card\" content=\"summary_large_image\" \/>\n<meta name=\"twitter:label1\" content=\"Est. reading time\" \/>\n\t<meta name=\"twitter:data1\" content=\"1 minute\" \/>\n<script type=\"application\/ld+json\" class=\"yoast-schema-graph\">{\"@context\":\"https:\\\/\\\/schema.org\",\"@graph\":[{\"@type\":\"WebPage\",\"@id\":\"https:\\\/\\\/obender.eu\\\/kauba-tagastamine\\\/\",\"url\":\"https:\\\/\\\/obender.eu\\\/kauba-tagastamine\\\/\",\"name\":\"Declaration of withdrawal - Obender\",\"isPartOf\":{\"@id\":\"https:\\\/\\\/www.obender.eu\\\/#website\"},\"datePublished\":\"2020-09-12T18:56:36+00:00\",\"dateModified\":\"2023-08-05T05:33:47+00:00\",\"breadcrumb\":{\"@id\":\"https:\\\/\\\/obender.eu\\\/kauba-tagastamine\\\/#breadcrumb\"},\"inLanguage\":\"en-US\",\"potentialAction\":[{\"@type\":\"ReadAction\",\"target\":[\"https:\\\/\\\/obender.eu\\\/kauba-tagastamine\\\/\"]}]},{\"@type\":\"BreadcrumbList\",\"@id\":\"https:\\\/\\\/obender.eu\\\/kauba-tagastamine\\\/#breadcrumb\",\"itemListElement\":[{\"@type\":\"ListItem\",\"position\":1,\"name\":\"Home\",\"item\":\"https:\\\/\\\/obender.eu\\\/en\\\/\"},{\"@type\":\"ListItem\",\"position\":2,\"name\":\"Declaration of withdrawal\"}]},{\"@type\":\"WebSite\",\"@id\":\"https:\\\/\\\/www.obender.eu\\\/#website\",\"url\":\"https:\\\/\\\/www.obender.eu\\\/\",\"name\":\"Obender\",\"description\":\"T\u00f6\u00f6stuskaupade hulgim\u00fc\u00fck\",\"potentialAction\":[{\"@type\":\"SearchAction\",\"target\":{\"@type\":\"EntryPoint\",\"urlTemplate\":\"https:\\\/\\\/www.obender.eu\\\/?s={search_term_string}\"},\"query-input\":{\"@type\":\"PropertyValueSpecification\",\"valueRequired\":true,\"valueName\":\"search_term_string\"}}],\"inLanguage\":\"en-US\"}]}<\/script>\n<!-- \/ Yoast SEO Premium plugin. -->","yoast_head_json":{"title":"Declaration of withdrawal - Obender","robots":{"index":"index","follow":"follow","max-snippet":"max-snippet:-1","max-image-preview":"max-image-preview:large","max-video-preview":"max-video-preview:-1"},"canonical":"https:\/\/obender.eu\/kauba-tagastamine\/","og_locale":"en_US","og_type":"article","og_title":"Declaration of withdrawal","og_description":"Tellimuse andmed Nimi* E-post* Telefon* Tellimuse nr S\u00f5num Kinnitan, et ma ei ole robot!","og_url":"https:\/\/obender.eu\/kauba-tagastamine\/","og_site_name":"Obender","article_modified_time":"2023-08-05T05:33:47+00:00","twitter_card":"summary_large_image","twitter_misc":{"Est. reading time":"1 minute"},"schema":{"@context":"https:\/\/schema.org","@graph":[{"@type":"WebPage","@id":"https:\/\/obender.eu\/kauba-tagastamine\/","url":"https:\/\/obender.eu\/kauba-tagastamine\/","name":"Declaration of withdrawal - Obender","isPartOf":{"@id":"https:\/\/www.obender.eu\/#website"},"datePublished":"2020-09-12T18:56:36+00:00","dateModified":"2023-08-05T05:33:47+00:00","breadcrumb":{"@id":"https:\/\/obender.eu\/kauba-tagastamine\/#breadcrumb"},"inLanguage":"en-US","potentialAction":[{"@type":"ReadAction","target":["https:\/\/obender.eu\/kauba-tagastamine\/"]}]},{"@type":"BreadcrumbList","@id":"https:\/\/obender.eu\/kauba-tagastamine\/#breadcrumb","itemListElement":[{"@type":"ListItem","position":1,"name":"Home","item":"https:\/\/obender.eu\/en\/"},{"@type":"ListItem","position":2,"name":"Declaration of withdrawal"}]},{"@type":"WebSite","@id":"https:\/\/www.obender.eu\/#website","url":"https:\/\/www.obender.eu\/","name":"Obender","description":"T\u00f6\u00f6stuskaupade hulgim\u00fc\u00fck","potentialAction":[{"@type":"SearchAction","target":{"@type":"EntryPoint","urlTemplate":"https:\/\/www.obender.eu\/?s={search_term_string}"},"query-input":{"@type":"PropertyValueSpecification","valueRequired":true,"valueName":"search_term_string"}}],"inLanguage":"en-US"}]}},"_links":{"self":[{"href":"https:\/\/obender.eu\/en\/wp-json\/wp\/v2\/pages\/11844","targetHints":{"allow":["GET"]}}],"collection":[{"href":"https:\/\/obender.eu\/en\/wp-json\/wp\/v2\/pages"}],"about":[{"href":"https:\/\/obender.eu\/en\/wp-json\/wp\/v2\/types\/page"}],"author":[{"embeddable":true,"href":"https:\/\/obender.eu\/en\/wp-json\/wp\/v2\/users\/209"}],"replies":[{"embeddable":true,"href":"https:\/\/obender.eu\/en\/wp-json\/wp\/v2\/comments?post=11844"}],"version-history":[{"count":3,"href":"https:\/\/obender.eu\/en\/wp-json\/wp\/v2\/pages\/11844\/revisions"}],"predecessor-version":[{"id":26622,"href":"https:\/\/obender.eu\/en\/wp-json\/wp\/v2\/pages\/11844\/revisions\/26622"}],"wp:attachment":[{"href":"https:\/\/obender.eu\/en\/wp-json\/wp\/v2\/media?parent=11844"}],"curies":[{"name":"wp","href":"https:\/\/api.w.org\/{rel}","templated":true}]}}