{"id":11438,"date":"2020-08-30T17:36:53","date_gmt":"2020-08-30T14:36:53","guid":{"rendered":"https:\/\/obender.eu\/toode\/abus-720-60-ec75-padlock\/"},"modified":"2026-04-18T17:00:41","modified_gmt":"2026-04-18T14:00:41","slug":"abus-720-ec75-tabalukk-60mm","status":"publish","type":"product","link":"https:\/\/obender.eu\/en\/toode\/abus-720-ec75-tabalukk-60mm\/","title":{"rendered":"Abus 720\/60 EC75 60mm padlock"},"content":{"rendered":"<p>Abus 720\/60 EC75 60mm padlock<\/p>\n<p>60mm brass housing<br \/>\nStainless steel content<br \/>\nThe EC75 lock core has double holes and the key is symmetrical, ie it can be used in both directions.<br \/>\n150,000 different combinations<br \/>\nReinforced loop with 34 * 35mm nano protection, loop thickness 10mm<br \/>\nSecurity class 6<br \/>\n2 keys<\/p>\n<p>EAN: 4003318449284<\/p>\n","protected":false},"excerpt":{"rendered":"<p>Abus 720\/60 EC75 60mm padlock 60mm brass housing Stainless steel content The EC75 lock core has double holes and the<\/p>\n","protected":false},"featured_media":19576,"template":"","meta":[],"product_brand":[],"product_cat":[277,282],"product_tag":[635,520,519],"class_list":{"0":"post-11438","1":"product","2":"type-product","3":"status-publish","4":"has-post-thumbnail","6":"product_cat-locks","7":"product_cat-padlocks-with-key","8":"product_tag-abus-en","9":"product_tag-padlock-en","10":"product_tag-tabalukk-en","12":"first","13":"instock","14":"taxable","15":"shipping-taxable","16":"purchasable","17":"product-type-simple"},"yoast_head":"<!-- This site is optimized with the Yoast SEO Premium plugin v20.0 (Yoast SEO v27.4) - https:\/\/yoast.com\/product\/yoast-seo-premium-wordpress\/ -->\n<title>Abus 720\/60 EC75 60mm padlock - Obender<\/title>\n<meta name=\"robots\" content=\"index, follow, max-snippet:-1, max-image-preview:large, max-video-preview:-1\" \/>\n<link rel=\"canonical\" href=\"https:\/\/obender.eu\/en\/toode\/abus-720-ec75-tabalukk-60mm\/\" \/>\n<meta property=\"og:locale\" content=\"en_US\" \/>\n<meta property=\"og:type\" content=\"article\" \/>\n<meta property=\"og:title\" content=\"Abus 720\/60 EC75 60mm padlock\" \/>\n<meta property=\"og:description\" content=\"Abus 720\/60 EC75 60mm padlock 60mm brass housing Stainless steel content The EC75 lock core has double holes and the\" \/>\n<meta property=\"og:url\" content=\"https:\/\/obender.eu\/en\/toode\/abus-720-ec75-tabalukk-60mm\/\" \/>\n<meta property=\"og:site_name\" content=\"Obender\" \/>\n<meta property=\"article:modified_time\" content=\"2026-04-18T14:00:41+00:00\" \/>\n<meta property=\"og:image\" content=\"https:\/\/www.obender.eu\/wp-content\/uploads\/2020\/08\/Abus-720_40-EC75-messing-4003318442322.jpg\" \/>\n\t<meta property=\"og:image:width\" content=\"410\" \/>\n\t<meta property=\"og:image:height\" content=\"409\" \/>\n\t<meta property=\"og:image:type\" content=\"image\/jpeg\" \/>\n<meta name=\"twitter:card\" content=\"summary_large_image\" \/>\n<meta name=\"twitter:label1\" content=\"Est. reading time\" \/>\n\t<meta name=\"twitter:data1\" content=\"1 minute\" \/>\n<script type=\"application\/ld+json\" class=\"yoast-schema-graph\">{\"@context\":\"https:\\\/\\\/schema.org\",\"@graph\":[{\"@type\":\"WebPage\",\"@id\":\"https:\\\/\\\/obender.eu\\\/en\\\/toode\\\/abus-720-ec75-tabalukk-60mm\\\/\",\"url\":\"https:\\\/\\\/obender.eu\\\/en\\\/toode\\\/abus-720-ec75-tabalukk-60mm\\\/\",\"name\":\"Abus 720\\\/60 EC75 60mm padlock - Obender\",\"isPartOf\":{\"@id\":\"https:\\\/\\\/www.obender.eu\\\/#website\"},\"primaryImageOfPage\":{\"@id\":\"https:\\\/\\\/obender.eu\\\/en\\\/toode\\\/abus-720-ec75-tabalukk-60mm\\\/#primaryimage\"},\"image\":{\"@id\":\"https:\\\/\\\/obender.eu\\\/en\\\/toode\\\/abus-720-ec75-tabalukk-60mm\\\/#primaryimage\"},\"thumbnailUrl\":\"https:\\\/\\\/obender.eu\\\/wp-content\\\/uploads\\\/2020\\\/08\\\/Abus-720_40-EC75-messing-4003318442322.jpg\",\"datePublished\":\"2020-08-30T14:36:53+00:00\",\"dateModified\":\"2026-04-18T14:00:41+00:00\",\"breadcrumb\":{\"@id\":\"https:\\\/\\\/obender.eu\\\/en\\\/toode\\\/abus-720-ec75-tabalukk-60mm\\\/#breadcrumb\"},\"inLanguage\":\"en-US\",\"potentialAction\":[{\"@type\":\"ReadAction\",\"target\":[\"https:\\\/\\\/obender.eu\\\/en\\\/toode\\\/abus-720-ec75-tabalukk-60mm\\\/\"]}]},{\"@type\":\"ImageObject\",\"inLanguage\":\"en-US\",\"@id\":\"https:\\\/\\\/obender.eu\\\/en\\\/toode\\\/abus-720-ec75-tabalukk-60mm\\\/#primaryimage\",\"url\":\"https:\\\/\\\/obender.eu\\\/wp-content\\\/uploads\\\/2020\\\/08\\\/Abus-720_40-EC75-messing-4003318442322.jpg\",\"contentUrl\":\"https:\\\/\\\/obender.eu\\\/wp-content\\\/uploads\\\/2020\\\/08\\\/Abus-720_40-EC75-messing-4003318442322.jpg\",\"width\":410,\"height\":409},{\"@type\":\"BreadcrumbList\",\"@id\":\"https:\\\/\\\/obender.eu\\\/en\\\/toode\\\/abus-720-ec75-tabalukk-60mm\\\/#breadcrumb\",\"itemListElement\":[{\"@type\":\"ListItem\",\"position\":1,\"name\":\"Home\",\"item\":\"https:\\\/\\\/obender.eu\\\/en\\\/\"},{\"@type\":\"ListItem\",\"position\":2,\"name\":\"Tooted\",\"item\":\"https:\\\/\\\/www.obender.eu\\\/tooted\\\/\"},{\"@type\":\"ListItem\",\"position\":3,\"name\":\"Abus 720\\\/60 EC75 60mm padlock\"}]},{\"@type\":\"WebSite\",\"@id\":\"https:\\\/\\\/www.obender.eu\\\/#website\",\"url\":\"https:\\\/\\\/www.obender.eu\\\/\",\"name\":\"Obender\",\"description\":\"T\u00f6\u00f6stuskaupade hulgim\u00fc\u00fck\",\"potentialAction\":[{\"@type\":\"SearchAction\",\"target\":{\"@type\":\"EntryPoint\",\"urlTemplate\":\"https:\\\/\\\/www.obender.eu\\\/?s={search_term_string}\"},\"query-input\":{\"@type\":\"PropertyValueSpecification\",\"valueRequired\":true,\"valueName\":\"search_term_string\"}}],\"inLanguage\":\"en-US\"}]}<\/script>\n<!-- \/ Yoast SEO Premium plugin. -->","yoast_head_json":{"title":"Abus 720\/60 EC75 60mm padlock - Obender","robots":{"index":"index","follow":"follow","max-snippet":"max-snippet:-1","max-image-preview":"max-image-preview:large","max-video-preview":"max-video-preview:-1"},"canonical":"https:\/\/obender.eu\/en\/toode\/abus-720-ec75-tabalukk-60mm\/","og_locale":"en_US","og_type":"article","og_title":"Abus 720\/60 EC75 60mm padlock","og_description":"Abus 720\/60 EC75 60mm padlock 60mm brass housing Stainless steel content The EC75 lock core has double holes and the","og_url":"https:\/\/obender.eu\/en\/toode\/abus-720-ec75-tabalukk-60mm\/","og_site_name":"Obender","article_modified_time":"2026-04-18T14:00:41+00:00","og_image":[{"width":410,"height":409,"url":"https:\/\/www.obender.eu\/wp-content\/uploads\/2020\/08\/Abus-720_40-EC75-messing-4003318442322.jpg","type":"image\/jpeg"}],"twitter_card":"summary_large_image","twitter_misc":{"Est. reading time":"1 minute"},"schema":{"@context":"https:\/\/schema.org","@graph":[{"@type":"WebPage","@id":"https:\/\/obender.eu\/en\/toode\/abus-720-ec75-tabalukk-60mm\/","url":"https:\/\/obender.eu\/en\/toode\/abus-720-ec75-tabalukk-60mm\/","name":"Abus 720\/60 EC75 60mm padlock - Obender","isPartOf":{"@id":"https:\/\/www.obender.eu\/#website"},"primaryImageOfPage":{"@id":"https:\/\/obender.eu\/en\/toode\/abus-720-ec75-tabalukk-60mm\/#primaryimage"},"image":{"@id":"https:\/\/obender.eu\/en\/toode\/abus-720-ec75-tabalukk-60mm\/#primaryimage"},"thumbnailUrl":"https:\/\/obender.eu\/wp-content\/uploads\/2020\/08\/Abus-720_40-EC75-messing-4003318442322.jpg","datePublished":"2020-08-30T14:36:53+00:00","dateModified":"2026-04-18T14:00:41+00:00","breadcrumb":{"@id":"https:\/\/obender.eu\/en\/toode\/abus-720-ec75-tabalukk-60mm\/#breadcrumb"},"inLanguage":"en-US","potentialAction":[{"@type":"ReadAction","target":["https:\/\/obender.eu\/en\/toode\/abus-720-ec75-tabalukk-60mm\/"]}]},{"@type":"ImageObject","inLanguage":"en-US","@id":"https:\/\/obender.eu\/en\/toode\/abus-720-ec75-tabalukk-60mm\/#primaryimage","url":"https:\/\/obender.eu\/wp-content\/uploads\/2020\/08\/Abus-720_40-EC75-messing-4003318442322.jpg","contentUrl":"https:\/\/obender.eu\/wp-content\/uploads\/2020\/08\/Abus-720_40-EC75-messing-4003318442322.jpg","width":410,"height":409},{"@type":"BreadcrumbList","@id":"https:\/\/obender.eu\/en\/toode\/abus-720-ec75-tabalukk-60mm\/#breadcrumb","itemListElement":[{"@type":"ListItem","position":1,"name":"Home","item":"https:\/\/obender.eu\/en\/"},{"@type":"ListItem","position":2,"name":"Tooted","item":"https:\/\/www.obender.eu\/tooted\/"},{"@type":"ListItem","position":3,"name":"Abus 720\/60 EC75 60mm padlock"}]},{"@type":"WebSite","@id":"https:\/\/www.obender.eu\/#website","url":"https:\/\/www.obender.eu\/","name":"Obender","description":"T\u00f6\u00f6stuskaupade hulgim\u00fc\u00fck","potentialAction":[{"@type":"SearchAction","target":{"@type":"EntryPoint","urlTemplate":"https:\/\/www.obender.eu\/?s={search_term_string}"},"query-input":{"@type":"PropertyValueSpecification","valueRequired":true,"valueName":"search_term_string"}}],"inLanguage":"en-US"}]}},"_links":{"self":[{"href":"https:\/\/obender.eu\/en\/wp-json\/wp\/v2\/product\/11438","targetHints":{"allow":["GET"]}}],"collection":[{"href":"https:\/\/obender.eu\/en\/wp-json\/wp\/v2\/product"}],"about":[{"href":"https:\/\/obender.eu\/en\/wp-json\/wp\/v2\/types\/product"}],"version-history":[{"count":3,"href":"https:\/\/obender.eu\/en\/wp-json\/wp\/v2\/product\/11438\/revisions"}],"predecessor-version":[{"id":25505,"href":"https:\/\/obender.eu\/en\/wp-json\/wp\/v2\/product\/11438\/revisions\/25505"}],"wp:featuredmedia":[{"embeddable":true,"href":"https:\/\/obender.eu\/en\/wp-json\/wp\/v2\/media\/19576"}],"wp:attachment":[{"href":"https:\/\/obender.eu\/en\/wp-json\/wp\/v2\/media?parent=11438"}],"wp:term":[{"taxonomy":"product_brand","embeddable":true,"href":"https:\/\/obender.eu\/en\/wp-json\/wp\/v2\/product_brand?post=11438"},{"taxonomy":"product_cat","embeddable":true,"href":"https:\/\/obender.eu\/en\/wp-json\/wp\/v2\/product_cat?post=11438"},{"taxonomy":"product_tag","embeddable":true,"href":"https:\/\/obender.eu\/en\/wp-json\/wp\/v2\/product_tag?post=11438"}],"curies":[{"name":"wp","href":"https:\/\/api.w.org\/{rel}","templated":true}]}}