{"id":11441,"date":"2020-08-30T18:00:38","date_gmt":"2020-08-30T15:00:38","guid":{"rendered":"https:\/\/obender.eu\/toode\/abus-718-30-inox-marine-padlock\/"},"modified":"2026-04-18T17:00:40","modified_gmt":"2026-04-18T14:00:40","slug":"abus-718-30-inox-marine-padlock","status":"publish","type":"product","link":"https:\/\/obender.eu\/en\/toode\/abus-718-30-inox-marine-padlock\/","title":{"rendered":"Abus 718\/30 Inox Marine 30mm padlock"},"content":{"rendered":"<p>Abus 718\/30 Inox Marine 30mm padlock<\/p>\n<p>The body and contents are stainless<br \/>\nWater and corrosion resistant padlock<br \/>\nEyelet opening 14.5 * 14mm, eyelet thickness 5mm<br \/>\nSecurity class 2<br \/>\n2 keys<\/p>\n<p>EAN: 4003318442148<\/p>\n","protected":false},"excerpt":{"rendered":"<p>Abus 718\/30 Inox Marine 30mm padlock The body and contents are stainless Water and corrosion resistant padlock Eyelet opening 14.5<\/p>\n","protected":false},"featured_media":19570,"template":"","meta":[],"product_brand":[],"product_cat":[277,282],"product_tag":[635,520,519],"class_list":{"0":"post-11441","1":"product","2":"type-product","3":"status-publish","4":"has-post-thumbnail","6":"product_cat-locks","7":"product_cat-padlocks-with-key","8":"product_tag-abus-en","9":"product_tag-padlock-en","10":"product_tag-tabalukk-en","12":"first","13":"instock","14":"taxable","15":"shipping-taxable","16":"purchasable","17":"product-type-simple"},"yoast_head":"<!-- This site is optimized with the Yoast SEO Premium plugin v20.0 (Yoast SEO v27.4) - https:\/\/yoast.com\/product\/yoast-seo-premium-wordpress\/ -->\n<title>Abus 718\/30 Inox Marine 30mm padlock - Obender<\/title>\n<meta name=\"robots\" content=\"index, follow, max-snippet:-1, max-image-preview:large, max-video-preview:-1\" \/>\n<link rel=\"canonical\" href=\"https:\/\/obender.eu\/en\/toode\/abus-718-30-inox-marine-padlock\/\" \/>\n<meta property=\"og:locale\" content=\"en_US\" \/>\n<meta property=\"og:type\" content=\"article\" \/>\n<meta property=\"og:title\" content=\"Abus 718\/30 Inox Marine 30mm padlock\" \/>\n<meta property=\"og:description\" content=\"Abus 718\/30 Inox Marine 30mm padlock The body and contents are stainless Water and corrosion resistant padlock Eyelet opening 14.5\" \/>\n<meta property=\"og:url\" content=\"https:\/\/obender.eu\/en\/toode\/abus-718-30-inox-marine-padlock\/\" \/>\n<meta property=\"og:site_name\" content=\"Obender\" \/>\n<meta property=\"article:modified_time\" content=\"2026-04-18T14:00:40+00:00\" \/>\n<meta property=\"og:image\" content=\"https:\/\/www.obender.eu\/wp-content\/uploads\/2020\/08\/Abus-718-Inox-Marine.jpg\" \/>\n\t<meta property=\"og:image:width\" content=\"450\" \/>\n\t<meta property=\"og:image:height\" content=\"450\" \/>\n\t<meta property=\"og:image:type\" content=\"image\/jpeg\" \/>\n<meta name=\"twitter:card\" content=\"summary_large_image\" \/>\n<meta name=\"twitter:label1\" content=\"Est. reading time\" \/>\n\t<meta name=\"twitter:data1\" content=\"1 minute\" \/>\n<script type=\"application\/ld+json\" class=\"yoast-schema-graph\">{\"@context\":\"https:\\\/\\\/schema.org\",\"@graph\":[{\"@type\":\"WebPage\",\"@id\":\"https:\\\/\\\/obender.eu\\\/en\\\/toode\\\/abus-718-30-inox-marine-padlock\\\/\",\"url\":\"https:\\\/\\\/obender.eu\\\/en\\\/toode\\\/abus-718-30-inox-marine-padlock\\\/\",\"name\":\"Abus 718\\\/30 Inox Marine 30mm padlock - Obender\",\"isPartOf\":{\"@id\":\"https:\\\/\\\/www.obender.eu\\\/#website\"},\"primaryImageOfPage\":{\"@id\":\"https:\\\/\\\/obender.eu\\\/en\\\/toode\\\/abus-718-30-inox-marine-padlock\\\/#primaryimage\"},\"image\":{\"@id\":\"https:\\\/\\\/obender.eu\\\/en\\\/toode\\\/abus-718-30-inox-marine-padlock\\\/#primaryimage\"},\"thumbnailUrl\":\"https:\\\/\\\/obender.eu\\\/wp-content\\\/uploads\\\/2020\\\/08\\\/Abus-718-Inox-Marine.jpg\",\"datePublished\":\"2020-08-30T15:00:38+00:00\",\"dateModified\":\"2026-04-18T14:00:40+00:00\",\"breadcrumb\":{\"@id\":\"https:\\\/\\\/obender.eu\\\/en\\\/toode\\\/abus-718-30-inox-marine-padlock\\\/#breadcrumb\"},\"inLanguage\":\"en-US\",\"potentialAction\":[{\"@type\":\"ReadAction\",\"target\":[\"https:\\\/\\\/obender.eu\\\/en\\\/toode\\\/abus-718-30-inox-marine-padlock\\\/\"]}]},{\"@type\":\"ImageObject\",\"inLanguage\":\"en-US\",\"@id\":\"https:\\\/\\\/obender.eu\\\/en\\\/toode\\\/abus-718-30-inox-marine-padlock\\\/#primaryimage\",\"url\":\"https:\\\/\\\/obender.eu\\\/wp-content\\\/uploads\\\/2020\\\/08\\\/Abus-718-Inox-Marine.jpg\",\"contentUrl\":\"https:\\\/\\\/obender.eu\\\/wp-content\\\/uploads\\\/2020\\\/08\\\/Abus-718-Inox-Marine.jpg\",\"width\":450,\"height\":450},{\"@type\":\"BreadcrumbList\",\"@id\":\"https:\\\/\\\/obender.eu\\\/en\\\/toode\\\/abus-718-30-inox-marine-padlock\\\/#breadcrumb\",\"itemListElement\":[{\"@type\":\"ListItem\",\"position\":1,\"name\":\"Home\",\"item\":\"https:\\\/\\\/obender.eu\\\/en\\\/\"},{\"@type\":\"ListItem\",\"position\":2,\"name\":\"Tooted\",\"item\":\"https:\\\/\\\/www.obender.eu\\\/tooted\\\/\"},{\"@type\":\"ListItem\",\"position\":3,\"name\":\"Abus 718\\\/30 Inox Marine 30mm padlock\"}]},{\"@type\":\"WebSite\",\"@id\":\"https:\\\/\\\/www.obender.eu\\\/#website\",\"url\":\"https:\\\/\\\/www.obender.eu\\\/\",\"name\":\"Obender\",\"description\":\"T\u00f6\u00f6stuskaupade hulgim\u00fc\u00fck\",\"potentialAction\":[{\"@type\":\"SearchAction\",\"target\":{\"@type\":\"EntryPoint\",\"urlTemplate\":\"https:\\\/\\\/www.obender.eu\\\/?s={search_term_string}\"},\"query-input\":{\"@type\":\"PropertyValueSpecification\",\"valueRequired\":true,\"valueName\":\"search_term_string\"}}],\"inLanguage\":\"en-US\"}]}<\/script>\n<!-- \/ Yoast SEO Premium plugin. -->","yoast_head_json":{"title":"Abus 718\/30 Inox Marine 30mm padlock - Obender","robots":{"index":"index","follow":"follow","max-snippet":"max-snippet:-1","max-image-preview":"max-image-preview:large","max-video-preview":"max-video-preview:-1"},"canonical":"https:\/\/obender.eu\/en\/toode\/abus-718-30-inox-marine-padlock\/","og_locale":"en_US","og_type":"article","og_title":"Abus 718\/30 Inox Marine 30mm padlock","og_description":"Abus 718\/30 Inox Marine 30mm padlock The body and contents are stainless Water and corrosion resistant padlock Eyelet opening 14.5","og_url":"https:\/\/obender.eu\/en\/toode\/abus-718-30-inox-marine-padlock\/","og_site_name":"Obender","article_modified_time":"2026-04-18T14:00:40+00:00","og_image":[{"width":450,"height":450,"url":"https:\/\/www.obender.eu\/wp-content\/uploads\/2020\/08\/Abus-718-Inox-Marine.jpg","type":"image\/jpeg"}],"twitter_card":"summary_large_image","twitter_misc":{"Est. reading time":"1 minute"},"schema":{"@context":"https:\/\/schema.org","@graph":[{"@type":"WebPage","@id":"https:\/\/obender.eu\/en\/toode\/abus-718-30-inox-marine-padlock\/","url":"https:\/\/obender.eu\/en\/toode\/abus-718-30-inox-marine-padlock\/","name":"Abus 718\/30 Inox Marine 30mm padlock - Obender","isPartOf":{"@id":"https:\/\/www.obender.eu\/#website"},"primaryImageOfPage":{"@id":"https:\/\/obender.eu\/en\/toode\/abus-718-30-inox-marine-padlock\/#primaryimage"},"image":{"@id":"https:\/\/obender.eu\/en\/toode\/abus-718-30-inox-marine-padlock\/#primaryimage"},"thumbnailUrl":"https:\/\/obender.eu\/wp-content\/uploads\/2020\/08\/Abus-718-Inox-Marine.jpg","datePublished":"2020-08-30T15:00:38+00:00","dateModified":"2026-04-18T14:00:40+00:00","breadcrumb":{"@id":"https:\/\/obender.eu\/en\/toode\/abus-718-30-inox-marine-padlock\/#breadcrumb"},"inLanguage":"en-US","potentialAction":[{"@type":"ReadAction","target":["https:\/\/obender.eu\/en\/toode\/abus-718-30-inox-marine-padlock\/"]}]},{"@type":"ImageObject","inLanguage":"en-US","@id":"https:\/\/obender.eu\/en\/toode\/abus-718-30-inox-marine-padlock\/#primaryimage","url":"https:\/\/obender.eu\/wp-content\/uploads\/2020\/08\/Abus-718-Inox-Marine.jpg","contentUrl":"https:\/\/obender.eu\/wp-content\/uploads\/2020\/08\/Abus-718-Inox-Marine.jpg","width":450,"height":450},{"@type":"BreadcrumbList","@id":"https:\/\/obender.eu\/en\/toode\/abus-718-30-inox-marine-padlock\/#breadcrumb","itemListElement":[{"@type":"ListItem","position":1,"name":"Home","item":"https:\/\/obender.eu\/en\/"},{"@type":"ListItem","position":2,"name":"Tooted","item":"https:\/\/www.obender.eu\/tooted\/"},{"@type":"ListItem","position":3,"name":"Abus 718\/30 Inox Marine 30mm padlock"}]},{"@type":"WebSite","@id":"https:\/\/www.obender.eu\/#website","url":"https:\/\/www.obender.eu\/","name":"Obender","description":"T\u00f6\u00f6stuskaupade hulgim\u00fc\u00fck","potentialAction":[{"@type":"SearchAction","target":{"@type":"EntryPoint","urlTemplate":"https:\/\/www.obender.eu\/?s={search_term_string}"},"query-input":{"@type":"PropertyValueSpecification","valueRequired":true,"valueName":"search_term_string"}}],"inLanguage":"en-US"}]}},"_links":{"self":[{"href":"https:\/\/obender.eu\/en\/wp-json\/wp\/v2\/product\/11441","targetHints":{"allow":["GET"]}}],"collection":[{"href":"https:\/\/obender.eu\/en\/wp-json\/wp\/v2\/product"}],"about":[{"href":"https:\/\/obender.eu\/en\/wp-json\/wp\/v2\/types\/product"}],"version-history":[{"count":4,"href":"https:\/\/obender.eu\/en\/wp-json\/wp\/v2\/product\/11441\/revisions"}],"predecessor-version":[{"id":25494,"href":"https:\/\/obender.eu\/en\/wp-json\/wp\/v2\/product\/11441\/revisions\/25494"}],"wp:featuredmedia":[{"embeddable":true,"href":"https:\/\/obender.eu\/en\/wp-json\/wp\/v2\/media\/19570"}],"wp:attachment":[{"href":"https:\/\/obender.eu\/en\/wp-json\/wp\/v2\/media?parent=11441"}],"wp:term":[{"taxonomy":"product_brand","embeddable":true,"href":"https:\/\/obender.eu\/en\/wp-json\/wp\/v2\/product_brand?post=11441"},{"taxonomy":"product_cat","embeddable":true,"href":"https:\/\/obender.eu\/en\/wp-json\/wp\/v2\/product_cat?post=11441"},{"taxonomy":"product_tag","embeddable":true,"href":"https:\/\/obender.eu\/en\/wp-json\/wp\/v2\/product_tag?post=11441"}],"curies":[{"name":"wp","href":"https:\/\/api.w.org\/{rel}","templated":true}]}}