{"id":11471,"date":"2020-09-03T08:28:45","date_gmt":"2020-09-03T05:28:45","guid":{"rendered":"https:\/\/obender.eu\/toode\/stanley-s742-038-40mm-padlock-set\/"},"modified":"2026-04-21T19:01:03","modified_gmt":"2026-04-21T16:01:03","slug":"stanley-s742-038-40mm-padlock-set","status":"publish","type":"product","link":"https:\/\/obender.eu\/en\/toode\/stanley-s742-038-40mm-padlock-set\/","title":{"rendered":"Stanley S742-038 40mm padlock set"},"content":{"rendered":"<p>Stanley padlock with brass body 40mm.<\/p>\n<p>Padlock dimensions: 40 * 62.3 * 14.3mm, shackle thickness 5mm, weight 132g.<\/p>\n<p>Set of 4 locks that can be opened with the same key.<\/p>\n<p>The set contains 5 keys.<\/p>\n<p>Security class 4<\/p>\n<p>EAN: 4260709170220<\/p>\n","protected":false},"excerpt":{"rendered":"<p>Stanley padlock with brass body 40mm. Padlock dimensions: 40 * 62.3 * 14.3mm, shackle thickness 5mm, weight 132g. Set of<\/p>\n","protected":false},"featured_media":18206,"template":"","meta":[],"product_brand":[],"product_cat":[282],"product_tag":[671],"class_list":{"0":"post-11471","1":"product","2":"type-product","3":"status-publish","4":"has-post-thumbnail","6":"product_cat-padlocks-with-key","7":"product_tag-stanley-en","9":"first","10":"instock","11":"taxable","12":"shipping-taxable","13":"purchasable","14":"product-type-simple"},"yoast_head":"<!-- This site is optimized with the Yoast SEO Premium plugin v20.0 (Yoast SEO v27.4) - https:\/\/yoast.com\/product\/yoast-seo-premium-wordpress\/ -->\n<title>Stanley S742-038 40mm padlock set - Obender<\/title>\n<meta name=\"robots\" content=\"index, follow, max-snippet:-1, max-image-preview:large, max-video-preview:-1\" \/>\n<link rel=\"canonical\" href=\"https:\/\/obender.eu\/en\/toode\/stanley-s742-038-40mm-padlock-set\/\" \/>\n<meta property=\"og:locale\" content=\"en_US\" \/>\n<meta property=\"og:type\" content=\"article\" \/>\n<meta property=\"og:title\" content=\"Stanley S742-038 40mm padlock set\" \/>\n<meta property=\"og:description\" content=\"Stanley padlock with brass body 40mm. Padlock dimensions: 40 * 62.3 * 14.3mm, shackle thickness 5mm, weight 132g. Set of\" \/>\n<meta property=\"og:url\" content=\"https:\/\/obender.eu\/en\/toode\/stanley-s742-038-40mm-padlock-set\/\" \/>\n<meta property=\"og:site_name\" content=\"Obender\" \/>\n<meta property=\"article:modified_time\" content=\"2026-04-21T16:01:03+00:00\" \/>\n<meta property=\"og:image\" content=\"https:\/\/obender.eu\/wp-content\/uploads\/2020\/09\/S742-038_40mm.jpg\" \/>\n\t<meta property=\"og:image:width\" content=\"800\" \/>\n\t<meta property=\"og:image:height\" content=\"800\" \/>\n\t<meta property=\"og:image:type\" content=\"image\/jpeg\" \/>\n<meta name=\"twitter:card\" content=\"summary_large_image\" \/>\n<meta name=\"twitter:label1\" content=\"Est. reading time\" \/>\n\t<meta name=\"twitter:data1\" content=\"1 minute\" \/>\n<script type=\"application\/ld+json\" class=\"yoast-schema-graph\">{\"@context\":\"https:\\\/\\\/schema.org\",\"@graph\":[{\"@type\":\"WebPage\",\"@id\":\"https:\\\/\\\/obender.eu\\\/en\\\/toode\\\/stanley-s742-038-40mm-padlock-set\\\/\",\"url\":\"https:\\\/\\\/obender.eu\\\/en\\\/toode\\\/stanley-s742-038-40mm-padlock-set\\\/\",\"name\":\"Stanley S742-038 40mm padlock set - Obender\",\"isPartOf\":{\"@id\":\"https:\\\/\\\/www.obender.eu\\\/#website\"},\"primaryImageOfPage\":{\"@id\":\"https:\\\/\\\/obender.eu\\\/en\\\/toode\\\/stanley-s742-038-40mm-padlock-set\\\/#primaryimage\"},\"image\":{\"@id\":\"https:\\\/\\\/obender.eu\\\/en\\\/toode\\\/stanley-s742-038-40mm-padlock-set\\\/#primaryimage\"},\"thumbnailUrl\":\"https:\\\/\\\/obender.eu\\\/wp-content\\\/uploads\\\/2020\\\/09\\\/S742-038_40mm.jpg\",\"datePublished\":\"2020-09-03T05:28:45+00:00\",\"dateModified\":\"2026-04-21T16:01:03+00:00\",\"breadcrumb\":{\"@id\":\"https:\\\/\\\/obender.eu\\\/en\\\/toode\\\/stanley-s742-038-40mm-padlock-set\\\/#breadcrumb\"},\"inLanguage\":\"en-US\",\"potentialAction\":[{\"@type\":\"ReadAction\",\"target\":[\"https:\\\/\\\/obender.eu\\\/en\\\/toode\\\/stanley-s742-038-40mm-padlock-set\\\/\"]}]},{\"@type\":\"ImageObject\",\"inLanguage\":\"en-US\",\"@id\":\"https:\\\/\\\/obender.eu\\\/en\\\/toode\\\/stanley-s742-038-40mm-padlock-set\\\/#primaryimage\",\"url\":\"https:\\\/\\\/obender.eu\\\/wp-content\\\/uploads\\\/2020\\\/09\\\/S742-038_40mm.jpg\",\"contentUrl\":\"https:\\\/\\\/obender.eu\\\/wp-content\\\/uploads\\\/2020\\\/09\\\/S742-038_40mm.jpg\",\"width\":800,\"height\":800},{\"@type\":\"BreadcrumbList\",\"@id\":\"https:\\\/\\\/obender.eu\\\/en\\\/toode\\\/stanley-s742-038-40mm-padlock-set\\\/#breadcrumb\",\"itemListElement\":[{\"@type\":\"ListItem\",\"position\":1,\"name\":\"Home\",\"item\":\"https:\\\/\\\/obender.eu\\\/en\\\/\"},{\"@type\":\"ListItem\",\"position\":2,\"name\":\"Tooted\",\"item\":\"https:\\\/\\\/www.obender.eu\\\/tooted\\\/\"},{\"@type\":\"ListItem\",\"position\":3,\"name\":\"Stanley S742-038 40mm padlock set\"}]},{\"@type\":\"WebSite\",\"@id\":\"https:\\\/\\\/www.obender.eu\\\/#website\",\"url\":\"https:\\\/\\\/www.obender.eu\\\/\",\"name\":\"Obender\",\"description\":\"T\u00f6\u00f6stuskaupade hulgim\u00fc\u00fck\",\"potentialAction\":[{\"@type\":\"SearchAction\",\"target\":{\"@type\":\"EntryPoint\",\"urlTemplate\":\"https:\\\/\\\/www.obender.eu\\\/?s={search_term_string}\"},\"query-input\":{\"@type\":\"PropertyValueSpecification\",\"valueRequired\":true,\"valueName\":\"search_term_string\"}}],\"inLanguage\":\"en-US\"}]}<\/script>\n<!-- \/ Yoast SEO Premium plugin. -->","yoast_head_json":{"title":"Stanley S742-038 40mm padlock set - Obender","robots":{"index":"index","follow":"follow","max-snippet":"max-snippet:-1","max-image-preview":"max-image-preview:large","max-video-preview":"max-video-preview:-1"},"canonical":"https:\/\/obender.eu\/en\/toode\/stanley-s742-038-40mm-padlock-set\/","og_locale":"en_US","og_type":"article","og_title":"Stanley S742-038 40mm padlock set","og_description":"Stanley padlock with brass body 40mm. Padlock dimensions: 40 * 62.3 * 14.3mm, shackle thickness 5mm, weight 132g. Set of","og_url":"https:\/\/obender.eu\/en\/toode\/stanley-s742-038-40mm-padlock-set\/","og_site_name":"Obender","article_modified_time":"2026-04-21T16:01:03+00:00","og_image":[{"width":800,"height":800,"url":"https:\/\/obender.eu\/wp-content\/uploads\/2020\/09\/S742-038_40mm.jpg","type":"image\/jpeg"}],"twitter_card":"summary_large_image","twitter_misc":{"Est. reading time":"1 minute"},"schema":{"@context":"https:\/\/schema.org","@graph":[{"@type":"WebPage","@id":"https:\/\/obender.eu\/en\/toode\/stanley-s742-038-40mm-padlock-set\/","url":"https:\/\/obender.eu\/en\/toode\/stanley-s742-038-40mm-padlock-set\/","name":"Stanley S742-038 40mm padlock set - Obender","isPartOf":{"@id":"https:\/\/www.obender.eu\/#website"},"primaryImageOfPage":{"@id":"https:\/\/obender.eu\/en\/toode\/stanley-s742-038-40mm-padlock-set\/#primaryimage"},"image":{"@id":"https:\/\/obender.eu\/en\/toode\/stanley-s742-038-40mm-padlock-set\/#primaryimage"},"thumbnailUrl":"https:\/\/obender.eu\/wp-content\/uploads\/2020\/09\/S742-038_40mm.jpg","datePublished":"2020-09-03T05:28:45+00:00","dateModified":"2026-04-21T16:01:03+00:00","breadcrumb":{"@id":"https:\/\/obender.eu\/en\/toode\/stanley-s742-038-40mm-padlock-set\/#breadcrumb"},"inLanguage":"en-US","potentialAction":[{"@type":"ReadAction","target":["https:\/\/obender.eu\/en\/toode\/stanley-s742-038-40mm-padlock-set\/"]}]},{"@type":"ImageObject","inLanguage":"en-US","@id":"https:\/\/obender.eu\/en\/toode\/stanley-s742-038-40mm-padlock-set\/#primaryimage","url":"https:\/\/obender.eu\/wp-content\/uploads\/2020\/09\/S742-038_40mm.jpg","contentUrl":"https:\/\/obender.eu\/wp-content\/uploads\/2020\/09\/S742-038_40mm.jpg","width":800,"height":800},{"@type":"BreadcrumbList","@id":"https:\/\/obender.eu\/en\/toode\/stanley-s742-038-40mm-padlock-set\/#breadcrumb","itemListElement":[{"@type":"ListItem","position":1,"name":"Home","item":"https:\/\/obender.eu\/en\/"},{"@type":"ListItem","position":2,"name":"Tooted","item":"https:\/\/www.obender.eu\/tooted\/"},{"@type":"ListItem","position":3,"name":"Stanley S742-038 40mm padlock set"}]},{"@type":"WebSite","@id":"https:\/\/www.obender.eu\/#website","url":"https:\/\/www.obender.eu\/","name":"Obender","description":"T\u00f6\u00f6stuskaupade hulgim\u00fc\u00fck","potentialAction":[{"@type":"SearchAction","target":{"@type":"EntryPoint","urlTemplate":"https:\/\/www.obender.eu\/?s={search_term_string}"},"query-input":{"@type":"PropertyValueSpecification","valueRequired":true,"valueName":"search_term_string"}}],"inLanguage":"en-US"}]}},"_links":{"self":[{"href":"https:\/\/obender.eu\/en\/wp-json\/wp\/v2\/product\/11471","targetHints":{"allow":["GET"]}}],"collection":[{"href":"https:\/\/obender.eu\/en\/wp-json\/wp\/v2\/product"}],"about":[{"href":"https:\/\/obender.eu\/en\/wp-json\/wp\/v2\/types\/product"}],"version-history":[{"count":5,"href":"https:\/\/obender.eu\/en\/wp-json\/wp\/v2\/product\/11471\/revisions"}],"predecessor-version":[{"id":25326,"href":"https:\/\/obender.eu\/en\/wp-json\/wp\/v2\/product\/11471\/revisions\/25326"}],"wp:featuredmedia":[{"embeddable":true,"href":"https:\/\/obender.eu\/en\/wp-json\/wp\/v2\/media\/18206"}],"wp:attachment":[{"href":"https:\/\/obender.eu\/en\/wp-json\/wp\/v2\/media?parent=11471"}],"wp:term":[{"taxonomy":"product_brand","embeddable":true,"href":"https:\/\/obender.eu\/en\/wp-json\/wp\/v2\/product_brand?post=11471"},{"taxonomy":"product_cat","embeddable":true,"href":"https:\/\/obender.eu\/en\/wp-json\/wp\/v2\/product_cat?post=11471"},{"taxonomy":"product_tag","embeddable":true,"href":"https:\/\/obender.eu\/en\/wp-json\/wp\/v2\/product_tag?post=11471"}],"curies":[{"name":"wp","href":"https:\/\/api.w.org\/{rel}","templated":true}]}}