{"id":11487,"date":"2020-09-03T09:08:39","date_gmt":"2020-09-03T06:08:39","guid":{"rendered":"https:\/\/obender.eu\/toode\/stanley-s742-064-key-tsa-padlock-set\/"},"modified":"2026-04-19T23:00:41","modified_gmt":"2026-04-19T20:00:41","slug":"stanley-s742-064-key-tsa-padlock-set","status":"publish","type":"product","link":"https:\/\/obender.eu\/en\/toode\/stanley-s742-064-key-tsa-padlock-set\/","title":{"rendered":"Stanley S742-064 TSA travel padlock set with key"},"content":{"rendered":"<p>A set of 20mm padlocks with a TSA key from the Stanley TravelMax series.<\/p>\n<p>Includes 2 locks that can be opened with the same key.<\/p>\n<p>TSA-locked locks are ideal for suitcases, which facilitate the work of customs officers and security checks and give the passenger peace of mind that the luggage is securely locked.<\/p>\n<p>Color: yellow and black.<\/p>\n<p>EAN: 4260709170473<\/p>\n","protected":false},"excerpt":{"rendered":"<p>A set of 20mm padlocks with a TSA key from the Stanley TravelMax series. Includes 2 locks that can be<\/p>\n","protected":false},"featured_media":18264,"template":"","meta":[],"product_brand":[],"product_cat":[281,277,399,335],"product_tag":[671,523],"class_list":{"0":"post-11487","1":"product","2":"type-product","3":"status-publish","4":"has-post-thumbnail","6":"product_cat-keyless-padlocks","7":"product_cat-locks","8":"product_cat-luggage-padlocks-tsa","9":"product_cat-sports-and-leisure","10":"product_tag-stanley-en","11":"product_tag-tsa-en","13":"first","14":"instock","15":"taxable","16":"shipping-taxable","17":"purchasable","18":"product-type-simple"},"yoast_head":"<!-- This site is optimized with the Yoast SEO Premium plugin v20.0 (Yoast SEO v27.4) - https:\/\/yoast.com\/product\/yoast-seo-premium-wordpress\/ -->\n<title>Stanley S742-064 TSA travel padlock set with key - Obender<\/title>\n<meta name=\"robots\" content=\"index, follow, max-snippet:-1, max-image-preview:large, max-video-preview:-1\" \/>\n<link rel=\"canonical\" href=\"https:\/\/obender.eu\/en\/toode\/stanley-s742-064-key-tsa-padlock-set\/\" \/>\n<meta property=\"og:locale\" content=\"en_US\" \/>\n<meta property=\"og:type\" content=\"article\" \/>\n<meta property=\"og:title\" content=\"Stanley S742-064 TSA travel padlock set with key\" \/>\n<meta property=\"og:description\" content=\"A set of 20mm padlocks with a TSA key from the Stanley TravelMax series. Includes 2 locks that can be\" \/>\n<meta property=\"og:url\" content=\"https:\/\/obender.eu\/en\/toode\/stanley-s742-064-key-tsa-padlock-set\/\" \/>\n<meta property=\"og:site_name\" content=\"Obender\" \/>\n<meta property=\"article:modified_time\" content=\"2026-04-19T20:00:41+00:00\" \/>\n<meta property=\"og:image\" content=\"https:\/\/www.obender.eu\/wp-content\/uploads\/2020\/09\/S742-064_20mm_gelb_schwarz-2.jpg\" \/>\n\t<meta property=\"og:image:width\" content=\"800\" \/>\n\t<meta property=\"og:image:height\" content=\"800\" \/>\n\t<meta property=\"og:image:type\" content=\"image\/jpeg\" \/>\n<meta name=\"twitter:card\" content=\"summary_large_image\" \/>\n<meta name=\"twitter:label1\" content=\"Est. reading time\" \/>\n\t<meta name=\"twitter:data1\" content=\"1 minute\" \/>\n<script type=\"application\/ld+json\" class=\"yoast-schema-graph\">{\"@context\":\"https:\\\/\\\/schema.org\",\"@graph\":[{\"@type\":\"WebPage\",\"@id\":\"https:\\\/\\\/obender.eu\\\/en\\\/toode\\\/stanley-s742-064-key-tsa-padlock-set\\\/\",\"url\":\"https:\\\/\\\/obender.eu\\\/en\\\/toode\\\/stanley-s742-064-key-tsa-padlock-set\\\/\",\"name\":\"Stanley S742-064 TSA travel padlock set with key - Obender\",\"isPartOf\":{\"@id\":\"https:\\\/\\\/www.obender.eu\\\/#website\"},\"primaryImageOfPage\":{\"@id\":\"https:\\\/\\\/obender.eu\\\/en\\\/toode\\\/stanley-s742-064-key-tsa-padlock-set\\\/#primaryimage\"},\"image\":{\"@id\":\"https:\\\/\\\/obender.eu\\\/en\\\/toode\\\/stanley-s742-064-key-tsa-padlock-set\\\/#primaryimage\"},\"thumbnailUrl\":\"https:\\\/\\\/obender.eu\\\/wp-content\\\/uploads\\\/2020\\\/09\\\/S742-064_20mm_gelb_schwarz-2.jpg\",\"datePublished\":\"2020-09-03T06:08:39+00:00\",\"dateModified\":\"2026-04-19T20:00:41+00:00\",\"breadcrumb\":{\"@id\":\"https:\\\/\\\/obender.eu\\\/en\\\/toode\\\/stanley-s742-064-key-tsa-padlock-set\\\/#breadcrumb\"},\"inLanguage\":\"en-US\",\"potentialAction\":[{\"@type\":\"ReadAction\",\"target\":[\"https:\\\/\\\/obender.eu\\\/en\\\/toode\\\/stanley-s742-064-key-tsa-padlock-set\\\/\"]}]},{\"@type\":\"ImageObject\",\"inLanguage\":\"en-US\",\"@id\":\"https:\\\/\\\/obender.eu\\\/en\\\/toode\\\/stanley-s742-064-key-tsa-padlock-set\\\/#primaryimage\",\"url\":\"https:\\\/\\\/obender.eu\\\/wp-content\\\/uploads\\\/2020\\\/09\\\/S742-064_20mm_gelb_schwarz-2.jpg\",\"contentUrl\":\"https:\\\/\\\/obender.eu\\\/wp-content\\\/uploads\\\/2020\\\/09\\\/S742-064_20mm_gelb_schwarz-2.jpg\",\"width\":800,\"height\":800},{\"@type\":\"BreadcrumbList\",\"@id\":\"https:\\\/\\\/obender.eu\\\/en\\\/toode\\\/stanley-s742-064-key-tsa-padlock-set\\\/#breadcrumb\",\"itemListElement\":[{\"@type\":\"ListItem\",\"position\":1,\"name\":\"Home\",\"item\":\"https:\\\/\\\/obender.eu\\\/en\\\/\"},{\"@type\":\"ListItem\",\"position\":2,\"name\":\"Tooted\",\"item\":\"https:\\\/\\\/www.obender.eu\\\/tooted\\\/\"},{\"@type\":\"ListItem\",\"position\":3,\"name\":\"Stanley S742-064 TSA travel padlock set with key\"}]},{\"@type\":\"WebSite\",\"@id\":\"https:\\\/\\\/www.obender.eu\\\/#website\",\"url\":\"https:\\\/\\\/www.obender.eu\\\/\",\"name\":\"Obender\",\"description\":\"T\u00f6\u00f6stuskaupade hulgim\u00fc\u00fck\",\"potentialAction\":[{\"@type\":\"SearchAction\",\"target\":{\"@type\":\"EntryPoint\",\"urlTemplate\":\"https:\\\/\\\/www.obender.eu\\\/?s={search_term_string}\"},\"query-input\":{\"@type\":\"PropertyValueSpecification\",\"valueRequired\":true,\"valueName\":\"search_term_string\"}}],\"inLanguage\":\"en-US\"}]}<\/script>\n<!-- \/ Yoast SEO Premium plugin. -->","yoast_head_json":{"title":"Stanley S742-064 TSA travel padlock set with key - Obender","robots":{"index":"index","follow":"follow","max-snippet":"max-snippet:-1","max-image-preview":"max-image-preview:large","max-video-preview":"max-video-preview:-1"},"canonical":"https:\/\/obender.eu\/en\/toode\/stanley-s742-064-key-tsa-padlock-set\/","og_locale":"en_US","og_type":"article","og_title":"Stanley S742-064 TSA travel padlock set with key","og_description":"A set of 20mm padlocks with a TSA key from the Stanley TravelMax series. Includes 2 locks that can be","og_url":"https:\/\/obender.eu\/en\/toode\/stanley-s742-064-key-tsa-padlock-set\/","og_site_name":"Obender","article_modified_time":"2026-04-19T20:00:41+00:00","og_image":[{"width":800,"height":800,"url":"https:\/\/www.obender.eu\/wp-content\/uploads\/2020\/09\/S742-064_20mm_gelb_schwarz-2.jpg","type":"image\/jpeg"}],"twitter_card":"summary_large_image","twitter_misc":{"Est. reading time":"1 minute"},"schema":{"@context":"https:\/\/schema.org","@graph":[{"@type":"WebPage","@id":"https:\/\/obender.eu\/en\/toode\/stanley-s742-064-key-tsa-padlock-set\/","url":"https:\/\/obender.eu\/en\/toode\/stanley-s742-064-key-tsa-padlock-set\/","name":"Stanley S742-064 TSA travel padlock set with key - Obender","isPartOf":{"@id":"https:\/\/www.obender.eu\/#website"},"primaryImageOfPage":{"@id":"https:\/\/obender.eu\/en\/toode\/stanley-s742-064-key-tsa-padlock-set\/#primaryimage"},"image":{"@id":"https:\/\/obender.eu\/en\/toode\/stanley-s742-064-key-tsa-padlock-set\/#primaryimage"},"thumbnailUrl":"https:\/\/obender.eu\/wp-content\/uploads\/2020\/09\/S742-064_20mm_gelb_schwarz-2.jpg","datePublished":"2020-09-03T06:08:39+00:00","dateModified":"2026-04-19T20:00:41+00:00","breadcrumb":{"@id":"https:\/\/obender.eu\/en\/toode\/stanley-s742-064-key-tsa-padlock-set\/#breadcrumb"},"inLanguage":"en-US","potentialAction":[{"@type":"ReadAction","target":["https:\/\/obender.eu\/en\/toode\/stanley-s742-064-key-tsa-padlock-set\/"]}]},{"@type":"ImageObject","inLanguage":"en-US","@id":"https:\/\/obender.eu\/en\/toode\/stanley-s742-064-key-tsa-padlock-set\/#primaryimage","url":"https:\/\/obender.eu\/wp-content\/uploads\/2020\/09\/S742-064_20mm_gelb_schwarz-2.jpg","contentUrl":"https:\/\/obender.eu\/wp-content\/uploads\/2020\/09\/S742-064_20mm_gelb_schwarz-2.jpg","width":800,"height":800},{"@type":"BreadcrumbList","@id":"https:\/\/obender.eu\/en\/toode\/stanley-s742-064-key-tsa-padlock-set\/#breadcrumb","itemListElement":[{"@type":"ListItem","position":1,"name":"Home","item":"https:\/\/obender.eu\/en\/"},{"@type":"ListItem","position":2,"name":"Tooted","item":"https:\/\/www.obender.eu\/tooted\/"},{"@type":"ListItem","position":3,"name":"Stanley S742-064 TSA travel padlock set with key"}]},{"@type":"WebSite","@id":"https:\/\/www.obender.eu\/#website","url":"https:\/\/www.obender.eu\/","name":"Obender","description":"T\u00f6\u00f6stuskaupade hulgim\u00fc\u00fck","potentialAction":[{"@type":"SearchAction","target":{"@type":"EntryPoint","urlTemplate":"https:\/\/www.obender.eu\/?s={search_term_string}"},"query-input":{"@type":"PropertyValueSpecification","valueRequired":true,"valueName":"search_term_string"}}],"inLanguage":"en-US"}]}},"_links":{"self":[{"href":"https:\/\/obender.eu\/en\/wp-json\/wp\/v2\/product\/11487","targetHints":{"allow":["GET"]}}],"collection":[{"href":"https:\/\/obender.eu\/en\/wp-json\/wp\/v2\/product"}],"about":[{"href":"https:\/\/obender.eu\/en\/wp-json\/wp\/v2\/types\/product"}],"version-history":[{"count":3,"href":"https:\/\/obender.eu\/en\/wp-json\/wp\/v2\/product\/11487\/revisions"}],"predecessor-version":[{"id":25410,"href":"https:\/\/obender.eu\/en\/wp-json\/wp\/v2\/product\/11487\/revisions\/25410"}],"wp:featuredmedia":[{"embeddable":true,"href":"https:\/\/obender.eu\/en\/wp-json\/wp\/v2\/media\/18264"}],"wp:attachment":[{"href":"https:\/\/obender.eu\/en\/wp-json\/wp\/v2\/media?parent=11487"}],"wp:term":[{"taxonomy":"product_brand","embeddable":true,"href":"https:\/\/obender.eu\/en\/wp-json\/wp\/v2\/product_brand?post=11487"},{"taxonomy":"product_cat","embeddable":true,"href":"https:\/\/obender.eu\/en\/wp-json\/wp\/v2\/product_cat?post=11487"},{"taxonomy":"product_tag","embeddable":true,"href":"https:\/\/obender.eu\/en\/wp-json\/wp\/v2\/product_tag?post=11487"}],"curies":[{"name":"wp","href":"https:\/\/api.w.org\/{rel}","templated":true}]}}