{"id":11493,"date":"2020-09-03T09:43:24","date_gmt":"2020-09-03T06:43:24","guid":{"rendered":"https:\/\/obender.eu\/toode\/stanley-s755-201-u-iron-wheel-lock\/"},"modified":"2026-04-27T05:00:56","modified_gmt":"2026-04-27T02:00:56","slug":"stanley-s755-201-u-iron-wheel-lock","status":"publish","type":"product","link":"https:\/\/obender.eu\/en\/toode\/stanley-s755-201-u-iron-wheel-lock\/","title":{"rendered":"Stanley S755-201 U-shape bike lock"},"content":{"rendered":"<p>Stanley&#8217;s highest security class bike lock, security class 11.<\/p>\n<p>U-shape is best solution for locking and securing mopeds, scooters and motorcycles.<\/p>\n<p>3 keys included, double deadbolt locking system.<\/p>\n<p>Set includes holder that mounts almost everywhere.<\/p>\n<p>Shackle: hardened steel with 14mm diameter<\/p>\n<p>Total size: 167*247*55mm<\/p>\n<p>Weight 1066g<\/p>\n<p>EAN: 4008496829637<\/p>\n","protected":false},"excerpt":{"rendered":"<p>Stanley&#8217;s highest security class bike lock, security class 11. U-shape is best solution for locking and securing mopeds, scooters and<\/p>\n","protected":false},"featured_media":11172,"template":"","meta":[],"product_brand":[],"product_cat":[277,280],"product_tag":[895,516,671],"class_list":{"0":"post-11493","1":"product","2":"type-product","3":"status-publish","4":"has-post-thumbnail","6":"product_cat-locks","7":"product_cat-wheel-locks","8":"product_tag-bicycle-lock-en","9":"product_tag-rattalukk-en","10":"product_tag-stanley-en","12":"first","13":"instock","14":"taxable","15":"shipping-taxable","16":"purchasable","17":"product-type-simple"},"yoast_head":"<!-- This site is optimized with the Yoast SEO Premium plugin v20.0 (Yoast SEO v27.4) - https:\/\/yoast.com\/product\/yoast-seo-premium-wordpress\/ -->\n<title>Stanley S755-201 U-shape bike lock - Obender<\/title>\n<meta name=\"robots\" content=\"index, follow, max-snippet:-1, max-image-preview:large, max-video-preview:-1\" \/>\n<link rel=\"canonical\" href=\"https:\/\/obender.eu\/en\/toode\/stanley-s755-201-u-iron-wheel-lock\/\" \/>\n<meta property=\"og:locale\" content=\"en_US\" \/>\n<meta property=\"og:type\" content=\"article\" \/>\n<meta property=\"og:title\" content=\"Stanley S755-201 U-shape bike lock\" \/>\n<meta property=\"og:description\" content=\"Stanley&#8217;s highest security class bike lock, security class 11. U-shape is best solution for locking and securing mopeds, scooters and\" \/>\n<meta property=\"og:url\" content=\"https:\/\/obender.eu\/en\/toode\/stanley-s755-201-u-iron-wheel-lock\/\" \/>\n<meta property=\"og:site_name\" content=\"Obender\" \/>\n<meta property=\"article:modified_time\" content=\"2026-04-27T02:00:56+00:00\" \/>\n<meta property=\"og:image\" content=\"https:\/\/www.obender.eu\/wp-content\/uploads\/2020\/09\/S755-201.jpg\" \/>\n\t<meta property=\"og:image:width\" content=\"439\" \/>\n\t<meta property=\"og:image:height\" content=\"439\" \/>\n\t<meta property=\"og:image:type\" content=\"image\/jpeg\" \/>\n<meta name=\"twitter:card\" content=\"summary_large_image\" \/>\n<meta name=\"twitter:label1\" content=\"Est. reading time\" \/>\n\t<meta name=\"twitter:data1\" content=\"1 minute\" \/>\n<script type=\"application\/ld+json\" class=\"yoast-schema-graph\">{\"@context\":\"https:\\\/\\\/schema.org\",\"@graph\":[{\"@type\":\"WebPage\",\"@id\":\"https:\\\/\\\/obender.eu\\\/en\\\/toode\\\/stanley-s755-201-u-iron-wheel-lock\\\/\",\"url\":\"https:\\\/\\\/obender.eu\\\/en\\\/toode\\\/stanley-s755-201-u-iron-wheel-lock\\\/\",\"name\":\"Stanley S755-201 U-shape bike lock - Obender\",\"isPartOf\":{\"@id\":\"https:\\\/\\\/www.obender.eu\\\/#website\"},\"primaryImageOfPage\":{\"@id\":\"https:\\\/\\\/obender.eu\\\/en\\\/toode\\\/stanley-s755-201-u-iron-wheel-lock\\\/#primaryimage\"},\"image\":{\"@id\":\"https:\\\/\\\/obender.eu\\\/en\\\/toode\\\/stanley-s755-201-u-iron-wheel-lock\\\/#primaryimage\"},\"thumbnailUrl\":\"https:\\\/\\\/obender.eu\\\/wp-content\\\/uploads\\\/2020\\\/09\\\/S755-201.jpg\",\"datePublished\":\"2020-09-03T06:43:24+00:00\",\"dateModified\":\"2026-04-27T02:00:56+00:00\",\"breadcrumb\":{\"@id\":\"https:\\\/\\\/obender.eu\\\/en\\\/toode\\\/stanley-s755-201-u-iron-wheel-lock\\\/#breadcrumb\"},\"inLanguage\":\"en-US\",\"potentialAction\":[{\"@type\":\"ReadAction\",\"target\":[\"https:\\\/\\\/obender.eu\\\/en\\\/toode\\\/stanley-s755-201-u-iron-wheel-lock\\\/\"]}]},{\"@type\":\"ImageObject\",\"inLanguage\":\"en-US\",\"@id\":\"https:\\\/\\\/obender.eu\\\/en\\\/toode\\\/stanley-s755-201-u-iron-wheel-lock\\\/#primaryimage\",\"url\":\"https:\\\/\\\/obender.eu\\\/wp-content\\\/uploads\\\/2020\\\/09\\\/S755-201.jpg\",\"contentUrl\":\"https:\\\/\\\/obender.eu\\\/wp-content\\\/uploads\\\/2020\\\/09\\\/S755-201.jpg\",\"width\":439,\"height\":439},{\"@type\":\"BreadcrumbList\",\"@id\":\"https:\\\/\\\/obender.eu\\\/en\\\/toode\\\/stanley-s755-201-u-iron-wheel-lock\\\/#breadcrumb\",\"itemListElement\":[{\"@type\":\"ListItem\",\"position\":1,\"name\":\"Home\",\"item\":\"https:\\\/\\\/obender.eu\\\/en\\\/\"},{\"@type\":\"ListItem\",\"position\":2,\"name\":\"Tooted\",\"item\":\"https:\\\/\\\/www.obender.eu\\\/tooted\\\/\"},{\"@type\":\"ListItem\",\"position\":3,\"name\":\"Stanley S755-201 U-shape bike lock\"}]},{\"@type\":\"WebSite\",\"@id\":\"https:\\\/\\\/www.obender.eu\\\/#website\",\"url\":\"https:\\\/\\\/www.obender.eu\\\/\",\"name\":\"Obender\",\"description\":\"T\u00f6\u00f6stuskaupade hulgim\u00fc\u00fck\",\"potentialAction\":[{\"@type\":\"SearchAction\",\"target\":{\"@type\":\"EntryPoint\",\"urlTemplate\":\"https:\\\/\\\/www.obender.eu\\\/?s={search_term_string}\"},\"query-input\":{\"@type\":\"PropertyValueSpecification\",\"valueRequired\":true,\"valueName\":\"search_term_string\"}}],\"inLanguage\":\"en-US\"}]}<\/script>\n<!-- \/ Yoast SEO Premium plugin. -->","yoast_head_json":{"title":"Stanley S755-201 U-shape bike lock - Obender","robots":{"index":"index","follow":"follow","max-snippet":"max-snippet:-1","max-image-preview":"max-image-preview:large","max-video-preview":"max-video-preview:-1"},"canonical":"https:\/\/obender.eu\/en\/toode\/stanley-s755-201-u-iron-wheel-lock\/","og_locale":"en_US","og_type":"article","og_title":"Stanley S755-201 U-shape bike lock","og_description":"Stanley&#8217;s highest security class bike lock, security class 11. U-shape is best solution for locking and securing mopeds, scooters and","og_url":"https:\/\/obender.eu\/en\/toode\/stanley-s755-201-u-iron-wheel-lock\/","og_site_name":"Obender","article_modified_time":"2026-04-27T02:00:56+00:00","og_image":[{"width":439,"height":439,"url":"https:\/\/www.obender.eu\/wp-content\/uploads\/2020\/09\/S755-201.jpg","type":"image\/jpeg"}],"twitter_card":"summary_large_image","twitter_misc":{"Est. reading time":"1 minute"},"schema":{"@context":"https:\/\/schema.org","@graph":[{"@type":"WebPage","@id":"https:\/\/obender.eu\/en\/toode\/stanley-s755-201-u-iron-wheel-lock\/","url":"https:\/\/obender.eu\/en\/toode\/stanley-s755-201-u-iron-wheel-lock\/","name":"Stanley S755-201 U-shape bike lock - Obender","isPartOf":{"@id":"https:\/\/www.obender.eu\/#website"},"primaryImageOfPage":{"@id":"https:\/\/obender.eu\/en\/toode\/stanley-s755-201-u-iron-wheel-lock\/#primaryimage"},"image":{"@id":"https:\/\/obender.eu\/en\/toode\/stanley-s755-201-u-iron-wheel-lock\/#primaryimage"},"thumbnailUrl":"https:\/\/obender.eu\/wp-content\/uploads\/2020\/09\/S755-201.jpg","datePublished":"2020-09-03T06:43:24+00:00","dateModified":"2026-04-27T02:00:56+00:00","breadcrumb":{"@id":"https:\/\/obender.eu\/en\/toode\/stanley-s755-201-u-iron-wheel-lock\/#breadcrumb"},"inLanguage":"en-US","potentialAction":[{"@type":"ReadAction","target":["https:\/\/obender.eu\/en\/toode\/stanley-s755-201-u-iron-wheel-lock\/"]}]},{"@type":"ImageObject","inLanguage":"en-US","@id":"https:\/\/obender.eu\/en\/toode\/stanley-s755-201-u-iron-wheel-lock\/#primaryimage","url":"https:\/\/obender.eu\/wp-content\/uploads\/2020\/09\/S755-201.jpg","contentUrl":"https:\/\/obender.eu\/wp-content\/uploads\/2020\/09\/S755-201.jpg","width":439,"height":439},{"@type":"BreadcrumbList","@id":"https:\/\/obender.eu\/en\/toode\/stanley-s755-201-u-iron-wheel-lock\/#breadcrumb","itemListElement":[{"@type":"ListItem","position":1,"name":"Home","item":"https:\/\/obender.eu\/en\/"},{"@type":"ListItem","position":2,"name":"Tooted","item":"https:\/\/www.obender.eu\/tooted\/"},{"@type":"ListItem","position":3,"name":"Stanley S755-201 U-shape bike lock"}]},{"@type":"WebSite","@id":"https:\/\/www.obender.eu\/#website","url":"https:\/\/www.obender.eu\/","name":"Obender","description":"T\u00f6\u00f6stuskaupade hulgim\u00fc\u00fck","potentialAction":[{"@type":"SearchAction","target":{"@type":"EntryPoint","urlTemplate":"https:\/\/www.obender.eu\/?s={search_term_string}"},"query-input":{"@type":"PropertyValueSpecification","valueRequired":true,"valueName":"search_term_string"}}],"inLanguage":"en-US"}]}},"_links":{"self":[{"href":"https:\/\/obender.eu\/en\/wp-json\/wp\/v2\/product\/11493","targetHints":{"allow":["GET"]}}],"collection":[{"href":"https:\/\/obender.eu\/en\/wp-json\/wp\/v2\/product"}],"about":[{"href":"https:\/\/obender.eu\/en\/wp-json\/wp\/v2\/types\/product"}],"version-history":[{"count":4,"href":"https:\/\/obender.eu\/en\/wp-json\/wp\/v2\/product\/11493\/revisions"}],"predecessor-version":[{"id":25407,"href":"https:\/\/obender.eu\/en\/wp-json\/wp\/v2\/product\/11493\/revisions\/25407"}],"wp:featuredmedia":[{"embeddable":true,"href":"https:\/\/obender.eu\/en\/wp-json\/wp\/v2\/media\/11172"}],"wp:attachment":[{"href":"https:\/\/obender.eu\/en\/wp-json\/wp\/v2\/media?parent=11493"}],"wp:term":[{"taxonomy":"product_brand","embeddable":true,"href":"https:\/\/obender.eu\/en\/wp-json\/wp\/v2\/product_brand?post=11493"},{"taxonomy":"product_cat","embeddable":true,"href":"https:\/\/obender.eu\/en\/wp-json\/wp\/v2\/product_cat?post=11493"},{"taxonomy":"product_tag","embeddable":true,"href":"https:\/\/obender.eu\/en\/wp-json\/wp\/v2\/product_tag?post=11493"}],"curies":[{"name":"wp","href":"https:\/\/api.w.org\/{rel}","templated":true}]}}