{"id":11506,"date":"2020-09-03T19:04:44","date_gmt":"2020-09-03T16:04:44","guid":{"rendered":"https:\/\/obender.eu\/toode\/table-lamp-platinet-pdl9\/"},"modified":"2026-04-20T07:01:29","modified_gmt":"2026-04-20T04:01:29","slug":"laualamp-platinet-pdlm3s-kopeeri","status":"publish","type":"product","link":"https:\/\/obender.eu\/en\/toode\/laualamp-platinet-pdlm3s-kopeeri\/","title":{"rendered":"Desk lamp Platinet PDL9 8W 300lm USB"},"content":{"rendered":"<p>Desk lamp Platinet PDL9<\/p>\n<p>EAN: 5907595431286<\/p>\n<p>Characteristics:<br \/>\nPower: max 8W<br \/>\nLumens: max 300 lm (90,150,210,250,300lm)<br \/>\nColor temperature: 4000-6500K neutral white &#8211; cool white<br \/>\nCharger input voltage: AC100-240V 50\/60Hz<br \/>\nLamp current: DC12V\/1A<br \/>\nBeam angle: 120\u00b0<br \/>\nWorking temperature: &#8211; 20-+40\u00b0C<br \/>\nPower factor: &gt;0.4<br \/>\nCRI: 80 &gt;Ra<br \/>\nLED type and qty: 60PCS SMD2835<br \/>\nStarting time: &lt;0.5 S<br \/>\nStarting time up tp 60% power: &lt;1 S<br \/>\nStarting time up tp 95% power: &lt;2 S<br \/>\nLife time of the product: 30 000 h<br \/>\nSwitch on\/off times: 15 000<br \/>\nProtection: IP20<br \/>\nSize: L371*W166*H428mm<br \/>\nThe lamp is not designed for accent lighting.<\/p>\n","protected":false},"excerpt":{"rendered":"<p>Desk lamp Platinet PDL9 EAN: 5907595431286 Characteristics: Power: max 8W Lumens: max 300 lm (90,150,210,250,300lm) Color temperature: 4000-6500K neutral white<\/p>\n","protected":false},"featured_media":18132,"template":"","meta":[],"product_brand":[],"product_cat":[305,302],"product_tag":[450,651,468],"class_list":{"0":"post-11506","1":"product","2":"type-product","3":"status-publish","4":"has-post-thumbnail","6":"product_cat-desk-lamps","7":"product_cat-lighting","8":"product_tag-desk-lamp","9":"product_tag-laualamp-en","10":"product_tag-platinet-en","12":"first","13":"instock","14":"taxable","15":"shipping-taxable","16":"purchasable","17":"product-type-simple"},"yoast_head":"<!-- This site is optimized with the Yoast SEO Premium plugin v20.0 (Yoast SEO v27.4) - https:\/\/yoast.com\/product\/yoast-seo-premium-wordpress\/ -->\n<title>Desk lamp Platinet PDL9 8W 300lm USB - Obender<\/title>\n<meta name=\"robots\" content=\"index, follow, max-snippet:-1, max-image-preview:large, max-video-preview:-1\" \/>\n<link rel=\"canonical\" href=\"https:\/\/www.obender.eu\/en\/toode\/laualamp-platinet-pdlm3s-kopeeri\/\" \/>\n<meta property=\"og:locale\" content=\"en_US\" \/>\n<meta property=\"og:type\" content=\"article\" \/>\n<meta property=\"og:title\" content=\"Desk lamp Platinet PDL9 8W 300lm USB\" \/>\n<meta property=\"og:description\" content=\"Desk lamp Platinet PDL9 EAN: 5907595431286 Characteristics: Power: max 8W Lumens: max 300 lm (90,150,210,250,300lm) Color temperature: 4000-6500K neutral white\" \/>\n<meta property=\"og:url\" content=\"https:\/\/www.obender.eu\/en\/toode\/laualamp-platinet-pdlm3s-kopeeri\/\" \/>\n<meta property=\"og:site_name\" content=\"Obender\" \/>\n<meta property=\"article:modified_time\" content=\"2026-04-20T04:01:29+00:00\" \/>\n<meta property=\"og:image\" content=\"https:\/\/www.obender.eu\/wp-content\/uploads\/2020\/09\/5907595431286.jpg\" \/>\n\t<meta property=\"og:image:width\" content=\"450\" \/>\n\t<meta property=\"og:image:height\" content=\"450\" \/>\n\t<meta property=\"og:image:type\" content=\"image\/jpeg\" \/>\n<meta name=\"twitter:card\" content=\"summary_large_image\" \/>\n<meta name=\"twitter:label1\" content=\"Est. reading time\" \/>\n\t<meta name=\"twitter:data1\" content=\"1 minute\" \/>\n<script type=\"application\/ld+json\" class=\"yoast-schema-graph\">{\"@context\":\"https:\\\/\\\/schema.org\",\"@graph\":[{\"@type\":\"WebPage\",\"@id\":\"https:\\\/\\\/www.obender.eu\\\/en\\\/toode\\\/laualamp-platinet-pdlm3s-kopeeri\\\/\",\"url\":\"https:\\\/\\\/www.obender.eu\\\/en\\\/toode\\\/laualamp-platinet-pdlm3s-kopeeri\\\/\",\"name\":\"Desk lamp Platinet PDL9 8W 300lm USB - Obender\",\"isPartOf\":{\"@id\":\"https:\\\/\\\/www.obender.eu\\\/#website\"},\"primaryImageOfPage\":{\"@id\":\"https:\\\/\\\/www.obender.eu\\\/en\\\/toode\\\/laualamp-platinet-pdlm3s-kopeeri\\\/#primaryimage\"},\"image\":{\"@id\":\"https:\\\/\\\/www.obender.eu\\\/en\\\/toode\\\/laualamp-platinet-pdlm3s-kopeeri\\\/#primaryimage\"},\"thumbnailUrl\":\"https:\\\/\\\/www.obender.eu\\\/wp-content\\\/uploads\\\/2020\\\/09\\\/5907595431286.jpg\",\"datePublished\":\"2020-09-03T16:04:44+00:00\",\"dateModified\":\"2026-04-20T04:01:29+00:00\",\"breadcrumb\":{\"@id\":\"https:\\\/\\\/www.obender.eu\\\/en\\\/toode\\\/laualamp-platinet-pdlm3s-kopeeri\\\/#breadcrumb\"},\"inLanguage\":\"en-US\",\"potentialAction\":[{\"@type\":\"ReadAction\",\"target\":[\"https:\\\/\\\/www.obender.eu\\\/en\\\/toode\\\/laualamp-platinet-pdlm3s-kopeeri\\\/\"]}]},{\"@type\":\"ImageObject\",\"inLanguage\":\"en-US\",\"@id\":\"https:\\\/\\\/www.obender.eu\\\/en\\\/toode\\\/laualamp-platinet-pdlm3s-kopeeri\\\/#primaryimage\",\"url\":\"https:\\\/\\\/www.obender.eu\\\/wp-content\\\/uploads\\\/2020\\\/09\\\/5907595431286.jpg\",\"contentUrl\":\"https:\\\/\\\/www.obender.eu\\\/wp-content\\\/uploads\\\/2020\\\/09\\\/5907595431286.jpg\",\"width\":450,\"height\":450},{\"@type\":\"BreadcrumbList\",\"@id\":\"https:\\\/\\\/www.obender.eu\\\/en\\\/toode\\\/laualamp-platinet-pdlm3s-kopeeri\\\/#breadcrumb\",\"itemListElement\":[{\"@type\":\"ListItem\",\"position\":1,\"name\":\"Home\",\"item\":\"https:\\\/\\\/obender.eu\\\/en\\\/\"},{\"@type\":\"ListItem\",\"position\":2,\"name\":\"Tooted\",\"item\":\"https:\\\/\\\/www.obender.eu\\\/tooted\\\/\"},{\"@type\":\"ListItem\",\"position\":3,\"name\":\"Desk lamp Platinet PDL9 8W 300lm USB\"}]},{\"@type\":\"WebSite\",\"@id\":\"https:\\\/\\\/www.obender.eu\\\/#website\",\"url\":\"https:\\\/\\\/www.obender.eu\\\/\",\"name\":\"Obender\",\"description\":\"T\u00f6\u00f6stuskaupade hulgim\u00fc\u00fck\",\"potentialAction\":[{\"@type\":\"SearchAction\",\"target\":{\"@type\":\"EntryPoint\",\"urlTemplate\":\"https:\\\/\\\/www.obender.eu\\\/?s={search_term_string}\"},\"query-input\":{\"@type\":\"PropertyValueSpecification\",\"valueRequired\":true,\"valueName\":\"search_term_string\"}}],\"inLanguage\":\"en-US\"}]}<\/script>\n<!-- \/ Yoast SEO Premium plugin. -->","yoast_head_json":{"title":"Desk lamp Platinet PDL9 8W 300lm USB - Obender","robots":{"index":"index","follow":"follow","max-snippet":"max-snippet:-1","max-image-preview":"max-image-preview:large","max-video-preview":"max-video-preview:-1"},"canonical":"https:\/\/www.obender.eu\/en\/toode\/laualamp-platinet-pdlm3s-kopeeri\/","og_locale":"en_US","og_type":"article","og_title":"Desk lamp Platinet PDL9 8W 300lm USB","og_description":"Desk lamp Platinet PDL9 EAN: 5907595431286 Characteristics: Power: max 8W Lumens: max 300 lm (90,150,210,250,300lm) Color temperature: 4000-6500K neutral white","og_url":"https:\/\/www.obender.eu\/en\/toode\/laualamp-platinet-pdlm3s-kopeeri\/","og_site_name":"Obender","article_modified_time":"2026-04-20T04:01:29+00:00","og_image":[{"width":450,"height":450,"url":"https:\/\/www.obender.eu\/wp-content\/uploads\/2020\/09\/5907595431286.jpg","type":"image\/jpeg"}],"twitter_card":"summary_large_image","twitter_misc":{"Est. reading time":"1 minute"},"schema":{"@context":"https:\/\/schema.org","@graph":[{"@type":"WebPage","@id":"https:\/\/www.obender.eu\/en\/toode\/laualamp-platinet-pdlm3s-kopeeri\/","url":"https:\/\/www.obender.eu\/en\/toode\/laualamp-platinet-pdlm3s-kopeeri\/","name":"Desk lamp Platinet PDL9 8W 300lm USB - Obender","isPartOf":{"@id":"https:\/\/www.obender.eu\/#website"},"primaryImageOfPage":{"@id":"https:\/\/www.obender.eu\/en\/toode\/laualamp-platinet-pdlm3s-kopeeri\/#primaryimage"},"image":{"@id":"https:\/\/www.obender.eu\/en\/toode\/laualamp-platinet-pdlm3s-kopeeri\/#primaryimage"},"thumbnailUrl":"https:\/\/www.obender.eu\/wp-content\/uploads\/2020\/09\/5907595431286.jpg","datePublished":"2020-09-03T16:04:44+00:00","dateModified":"2026-04-20T04:01:29+00:00","breadcrumb":{"@id":"https:\/\/www.obender.eu\/en\/toode\/laualamp-platinet-pdlm3s-kopeeri\/#breadcrumb"},"inLanguage":"en-US","potentialAction":[{"@type":"ReadAction","target":["https:\/\/www.obender.eu\/en\/toode\/laualamp-platinet-pdlm3s-kopeeri\/"]}]},{"@type":"ImageObject","inLanguage":"en-US","@id":"https:\/\/www.obender.eu\/en\/toode\/laualamp-platinet-pdlm3s-kopeeri\/#primaryimage","url":"https:\/\/www.obender.eu\/wp-content\/uploads\/2020\/09\/5907595431286.jpg","contentUrl":"https:\/\/www.obender.eu\/wp-content\/uploads\/2020\/09\/5907595431286.jpg","width":450,"height":450},{"@type":"BreadcrumbList","@id":"https:\/\/www.obender.eu\/en\/toode\/laualamp-platinet-pdlm3s-kopeeri\/#breadcrumb","itemListElement":[{"@type":"ListItem","position":1,"name":"Home","item":"https:\/\/obender.eu\/en\/"},{"@type":"ListItem","position":2,"name":"Tooted","item":"https:\/\/www.obender.eu\/tooted\/"},{"@type":"ListItem","position":3,"name":"Desk lamp Platinet PDL9 8W 300lm USB"}]},{"@type":"WebSite","@id":"https:\/\/www.obender.eu\/#website","url":"https:\/\/www.obender.eu\/","name":"Obender","description":"T\u00f6\u00f6stuskaupade hulgim\u00fc\u00fck","potentialAction":[{"@type":"SearchAction","target":{"@type":"EntryPoint","urlTemplate":"https:\/\/www.obender.eu\/?s={search_term_string}"},"query-input":{"@type":"PropertyValueSpecification","valueRequired":true,"valueName":"search_term_string"}}],"inLanguage":"en-US"}]}},"_links":{"self":[{"href":"https:\/\/obender.eu\/en\/wp-json\/wp\/v2\/product\/11506","targetHints":{"allow":["GET"]}}],"collection":[{"href":"https:\/\/obender.eu\/en\/wp-json\/wp\/v2\/product"}],"about":[{"href":"https:\/\/obender.eu\/en\/wp-json\/wp\/v2\/types\/product"}],"version-history":[{"count":3,"href":"https:\/\/obender.eu\/en\/wp-json\/wp\/v2\/product\/11506\/revisions"}],"predecessor-version":[{"id":25344,"href":"https:\/\/obender.eu\/en\/wp-json\/wp\/v2\/product\/11506\/revisions\/25344"}],"wp:featuredmedia":[{"embeddable":true,"href":"https:\/\/obender.eu\/en\/wp-json\/wp\/v2\/media\/18132"}],"wp:attachment":[{"href":"https:\/\/obender.eu\/en\/wp-json\/wp\/v2\/media?parent=11506"}],"wp:term":[{"taxonomy":"product_brand","embeddable":true,"href":"https:\/\/obender.eu\/en\/wp-json\/wp\/v2\/product_brand?post=11506"},{"taxonomy":"product_cat","embeddable":true,"href":"https:\/\/obender.eu\/en\/wp-json\/wp\/v2\/product_cat?post=11506"},{"taxonomy":"product_tag","embeddable":true,"href":"https:\/\/obender.eu\/en\/wp-json\/wp\/v2\/product_tag?post=11506"}],"curies":[{"name":"wp","href":"https:\/\/api.w.org\/{rel}","templated":true}]}}