{"id":11507,"date":"2020-09-03T19:07:59","date_gmt":"2020-09-03T16:07:59","guid":{"rendered":"https:\/\/obender.eu\/toode\/table-lamp-platinet-pdlks065w-chrome\/"},"modified":"2026-04-22T01:01:35","modified_gmt":"2026-04-21T22:01:35","slug":"laualamp-platinet-pdlks065w-kroom","status":"publish","type":"product","link":"https:\/\/obender.eu\/en\/toode\/laualamp-platinet-pdlks065w-kroom\/","title":{"rendered":"Desk lamp Platinet PDLKS065W 6W 300lm silver"},"content":{"rendered":"<p>Desk lamp Platinet PDLKS065W silver<\/p>\n<p>EAN: 5907595443937<\/p>\n<p>Description<br \/>\nPlatinet desk lamp PDLKS065W this modern design: naturally fits with any type of decor, including office or bedroom.Witness the perfect fusion of elegance and durability in a minimalistic touch sensitive design that&#8217;s Made to Outlast time as well as daily use.Energy efficient led: desk lamp helps you reduce the electricity bill by up to 75Percent.<\/p>\n<p>&nbsp;<\/p>\n<p>Rated power: max 6W<\/p>\n<p>Rated luminous flux: max 300 lm<\/p>\n<p>Color temperature: 2800-9000K<\/p>\n<p>Charger voltage: AC100-240V 50 \/ 60Hz<\/p>\n<p>Prada lamp: DC12V \/ 0.6A<\/p>\n<p>Lighting angle: 120 \u00b0<\/p>\n<p>Working temperature: &#8211; 20-40 \u00b0 C<\/p>\n<p>Power factor:&gt; 0.4<\/p>\n<p>Type and quantity of LEDs: 60PCS SMD2835<\/p>\n<p>CRI:&gt; 80 Ra<\/p>\n<p>Start time: &lt;0.5 S<\/p>\n<p>60% of the luminous flux value: &lt;1 s<\/p>\n<p>95% of the luminous flux value: &lt;2 s<\/p>\n<p>Lifespan: 30,000 hours<\/p>\n<p>Rated lamp life: 30,000 hours<\/p>\n<p>Number of on \/ off cycles: 15,000<\/p>\n<p>Degree of protection IP: IP20<\/p>\n<p>Dimensions: 180 * 420 * 320MM<\/p>\n<p>Weight: 660G<\/p>\n<p>The lumen maintenance factor at the end of the nominal durability period:&gt; 0.7<\/p>\n<p>The lamp is not intended for accent lighting<\/p>\n","protected":false},"excerpt":{"rendered":"<p>Desk lamp Platinet PDLKS065W silver EAN: 5907595443937 Description Platinet desk lamp PDLKS065W this modern design: naturally fits with any type<\/p>\n","protected":false},"featured_media":18136,"template":"","meta":[],"product_brand":[],"product_cat":[305,302],"product_tag":[450,651,468],"class_list":{"0":"post-11507","1":"product","2":"type-product","3":"status-publish","4":"has-post-thumbnail","6":"product_cat-desk-lamps","7":"product_cat-lighting","8":"product_tag-desk-lamp","9":"product_tag-laualamp-en","10":"product_tag-platinet-en","12":"first","13":"instock","14":"taxable","15":"shipping-taxable","16":"purchasable","17":"product-type-simple"},"yoast_head":"<!-- This site is optimized with the Yoast SEO Premium plugin v20.0 (Yoast SEO v27.4) - https:\/\/yoast.com\/product\/yoast-seo-premium-wordpress\/ -->\n<title>Desk lamp Platinet PDLKS065W 6W 300lm silver - Obender<\/title>\n<meta name=\"robots\" content=\"index, follow, max-snippet:-1, max-image-preview:large, max-video-preview:-1\" \/>\n<link rel=\"canonical\" href=\"https:\/\/www.obender.eu\/en\/toode\/laualamp-platinet-pdlks065w-kroom\/\" \/>\n<meta property=\"og:locale\" content=\"en_US\" \/>\n<meta property=\"og:type\" content=\"article\" \/>\n<meta property=\"og:title\" content=\"Desk lamp Platinet PDLKS065W 6W 300lm silver\" \/>\n<meta property=\"og:description\" content=\"Desk lamp Platinet PDLKS065W silver EAN: 5907595443937 Description Platinet desk lamp PDLKS065W this modern design: naturally fits with any type\" \/>\n<meta property=\"og:url\" content=\"https:\/\/www.obender.eu\/en\/toode\/laualamp-platinet-pdlks065w-kroom\/\" \/>\n<meta property=\"og:site_name\" content=\"Obender\" \/>\n<meta property=\"article:modified_time\" content=\"2026-04-21T22:01:35+00:00\" \/>\n<meta property=\"og:image\" content=\"https:\/\/www.obender.eu\/wp-content\/uploads\/2020\/09\/5907595443937-1.jpg\" \/>\n\t<meta property=\"og:image:width\" content=\"450\" \/>\n\t<meta property=\"og:image:height\" content=\"450\" \/>\n\t<meta property=\"og:image:type\" content=\"image\/jpeg\" \/>\n<meta name=\"twitter:card\" content=\"summary_large_image\" \/>\n<meta name=\"twitter:label1\" content=\"Est. reading time\" \/>\n\t<meta name=\"twitter:data1\" content=\"1 minute\" \/>\n<script type=\"application\/ld+json\" class=\"yoast-schema-graph\">{\"@context\":\"https:\\\/\\\/schema.org\",\"@graph\":[{\"@type\":\"WebPage\",\"@id\":\"https:\\\/\\\/www.obender.eu\\\/en\\\/toode\\\/laualamp-platinet-pdlks065w-kroom\\\/\",\"url\":\"https:\\\/\\\/www.obender.eu\\\/en\\\/toode\\\/laualamp-platinet-pdlks065w-kroom\\\/\",\"name\":\"Desk lamp Platinet PDLKS065W 6W 300lm silver - Obender\",\"isPartOf\":{\"@id\":\"https:\\\/\\\/www.obender.eu\\\/#website\"},\"primaryImageOfPage\":{\"@id\":\"https:\\\/\\\/www.obender.eu\\\/en\\\/toode\\\/laualamp-platinet-pdlks065w-kroom\\\/#primaryimage\"},\"image\":{\"@id\":\"https:\\\/\\\/www.obender.eu\\\/en\\\/toode\\\/laualamp-platinet-pdlks065w-kroom\\\/#primaryimage\"},\"thumbnailUrl\":\"https:\\\/\\\/obender.eu\\\/wp-content\\\/uploads\\\/2020\\\/09\\\/5907595443937-1.jpg\",\"datePublished\":\"2020-09-03T16:07:59+00:00\",\"dateModified\":\"2026-04-21T22:01:35+00:00\",\"breadcrumb\":{\"@id\":\"https:\\\/\\\/www.obender.eu\\\/en\\\/toode\\\/laualamp-platinet-pdlks065w-kroom\\\/#breadcrumb\"},\"inLanguage\":\"en-US\",\"potentialAction\":[{\"@type\":\"ReadAction\",\"target\":[\"https:\\\/\\\/www.obender.eu\\\/en\\\/toode\\\/laualamp-platinet-pdlks065w-kroom\\\/\"]}]},{\"@type\":\"ImageObject\",\"inLanguage\":\"en-US\",\"@id\":\"https:\\\/\\\/www.obender.eu\\\/en\\\/toode\\\/laualamp-platinet-pdlks065w-kroom\\\/#primaryimage\",\"url\":\"https:\\\/\\\/obender.eu\\\/wp-content\\\/uploads\\\/2020\\\/09\\\/5907595443937-1.jpg\",\"contentUrl\":\"https:\\\/\\\/obender.eu\\\/wp-content\\\/uploads\\\/2020\\\/09\\\/5907595443937-1.jpg\",\"width\":450,\"height\":450},{\"@type\":\"BreadcrumbList\",\"@id\":\"https:\\\/\\\/www.obender.eu\\\/en\\\/toode\\\/laualamp-platinet-pdlks065w-kroom\\\/#breadcrumb\",\"itemListElement\":[{\"@type\":\"ListItem\",\"position\":1,\"name\":\"Home\",\"item\":\"https:\\\/\\\/obender.eu\\\/en\\\/\"},{\"@type\":\"ListItem\",\"position\":2,\"name\":\"Tooted\",\"item\":\"https:\\\/\\\/www.obender.eu\\\/tooted\\\/\"},{\"@type\":\"ListItem\",\"position\":3,\"name\":\"Desk lamp Platinet PDLKS065W 6W 300lm silver\"}]},{\"@type\":\"WebSite\",\"@id\":\"https:\\\/\\\/www.obender.eu\\\/#website\",\"url\":\"https:\\\/\\\/www.obender.eu\\\/\",\"name\":\"Obender\",\"description\":\"T\u00f6\u00f6stuskaupade hulgim\u00fc\u00fck\",\"potentialAction\":[{\"@type\":\"SearchAction\",\"target\":{\"@type\":\"EntryPoint\",\"urlTemplate\":\"https:\\\/\\\/www.obender.eu\\\/?s={search_term_string}\"},\"query-input\":{\"@type\":\"PropertyValueSpecification\",\"valueRequired\":true,\"valueName\":\"search_term_string\"}}],\"inLanguage\":\"en-US\"}]}<\/script>\n<!-- \/ Yoast SEO Premium plugin. -->","yoast_head_json":{"title":"Desk lamp Platinet PDLKS065W 6W 300lm silver - Obender","robots":{"index":"index","follow":"follow","max-snippet":"max-snippet:-1","max-image-preview":"max-image-preview:large","max-video-preview":"max-video-preview:-1"},"canonical":"https:\/\/www.obender.eu\/en\/toode\/laualamp-platinet-pdlks065w-kroom\/","og_locale":"en_US","og_type":"article","og_title":"Desk lamp Platinet PDLKS065W 6W 300lm silver","og_description":"Desk lamp Platinet PDLKS065W silver EAN: 5907595443937 Description Platinet desk lamp PDLKS065W this modern design: naturally fits with any type","og_url":"https:\/\/www.obender.eu\/en\/toode\/laualamp-platinet-pdlks065w-kroom\/","og_site_name":"Obender","article_modified_time":"2026-04-21T22:01:35+00:00","og_image":[{"width":450,"height":450,"url":"https:\/\/www.obender.eu\/wp-content\/uploads\/2020\/09\/5907595443937-1.jpg","type":"image\/jpeg"}],"twitter_card":"summary_large_image","twitter_misc":{"Est. reading time":"1 minute"},"schema":{"@context":"https:\/\/schema.org","@graph":[{"@type":"WebPage","@id":"https:\/\/www.obender.eu\/en\/toode\/laualamp-platinet-pdlks065w-kroom\/","url":"https:\/\/www.obender.eu\/en\/toode\/laualamp-platinet-pdlks065w-kroom\/","name":"Desk lamp Platinet PDLKS065W 6W 300lm silver - Obender","isPartOf":{"@id":"https:\/\/www.obender.eu\/#website"},"primaryImageOfPage":{"@id":"https:\/\/www.obender.eu\/en\/toode\/laualamp-platinet-pdlks065w-kroom\/#primaryimage"},"image":{"@id":"https:\/\/www.obender.eu\/en\/toode\/laualamp-platinet-pdlks065w-kroom\/#primaryimage"},"thumbnailUrl":"https:\/\/obender.eu\/wp-content\/uploads\/2020\/09\/5907595443937-1.jpg","datePublished":"2020-09-03T16:07:59+00:00","dateModified":"2026-04-21T22:01:35+00:00","breadcrumb":{"@id":"https:\/\/www.obender.eu\/en\/toode\/laualamp-platinet-pdlks065w-kroom\/#breadcrumb"},"inLanguage":"en-US","potentialAction":[{"@type":"ReadAction","target":["https:\/\/www.obender.eu\/en\/toode\/laualamp-platinet-pdlks065w-kroom\/"]}]},{"@type":"ImageObject","inLanguage":"en-US","@id":"https:\/\/www.obender.eu\/en\/toode\/laualamp-platinet-pdlks065w-kroom\/#primaryimage","url":"https:\/\/obender.eu\/wp-content\/uploads\/2020\/09\/5907595443937-1.jpg","contentUrl":"https:\/\/obender.eu\/wp-content\/uploads\/2020\/09\/5907595443937-1.jpg","width":450,"height":450},{"@type":"BreadcrumbList","@id":"https:\/\/www.obender.eu\/en\/toode\/laualamp-platinet-pdlks065w-kroom\/#breadcrumb","itemListElement":[{"@type":"ListItem","position":1,"name":"Home","item":"https:\/\/obender.eu\/en\/"},{"@type":"ListItem","position":2,"name":"Tooted","item":"https:\/\/www.obender.eu\/tooted\/"},{"@type":"ListItem","position":3,"name":"Desk lamp Platinet PDLKS065W 6W 300lm silver"}]},{"@type":"WebSite","@id":"https:\/\/www.obender.eu\/#website","url":"https:\/\/www.obender.eu\/","name":"Obender","description":"T\u00f6\u00f6stuskaupade hulgim\u00fc\u00fck","potentialAction":[{"@type":"SearchAction","target":{"@type":"EntryPoint","urlTemplate":"https:\/\/www.obender.eu\/?s={search_term_string}"},"query-input":{"@type":"PropertyValueSpecification","valueRequired":true,"valueName":"search_term_string"}}],"inLanguage":"en-US"}]}},"_links":{"self":[{"href":"https:\/\/obender.eu\/en\/wp-json\/wp\/v2\/product\/11507","targetHints":{"allow":["GET"]}}],"collection":[{"href":"https:\/\/obender.eu\/en\/wp-json\/wp\/v2\/product"}],"about":[{"href":"https:\/\/obender.eu\/en\/wp-json\/wp\/v2\/types\/product"}],"version-history":[{"count":2,"href":"https:\/\/obender.eu\/en\/wp-json\/wp\/v2\/product\/11507\/revisions"}],"predecessor-version":[{"id":25311,"href":"https:\/\/obender.eu\/en\/wp-json\/wp\/v2\/product\/11507\/revisions\/25311"}],"wp:featuredmedia":[{"embeddable":true,"href":"https:\/\/obender.eu\/en\/wp-json\/wp\/v2\/media\/18136"}],"wp:attachment":[{"href":"https:\/\/obender.eu\/en\/wp-json\/wp\/v2\/media?parent=11507"}],"wp:term":[{"taxonomy":"product_brand","embeddable":true,"href":"https:\/\/obender.eu\/en\/wp-json\/wp\/v2\/product_brand?post=11507"},{"taxonomy":"product_cat","embeddable":true,"href":"https:\/\/obender.eu\/en\/wp-json\/wp\/v2\/product_cat?post=11507"},{"taxonomy":"product_tag","embeddable":true,"href":"https:\/\/obender.eu\/en\/wp-json\/wp\/v2\/product_tag?post=11507"}],"curies":[{"name":"wp","href":"https:\/\/api.w.org\/{rel}","templated":true}]}}