{"id":11508,"date":"2020-09-03T19:12:44","date_gmt":"2020-09-03T16:12:44","guid":{"rendered":"https:\/\/obender.eu\/toode\/table-lamp-platinet-pdlu13-black\/"},"modified":"2026-04-20T05:01:07","modified_gmt":"2026-04-20T02:01:07","slug":"laualamp-platinet-pdlu13-must","status":"publish","type":"product","link":"https:\/\/obender.eu\/en\/toode\/laualamp-platinet-pdlu13-must\/","title":{"rendered":"Desk lamp Platinet PDLU13 14W 350lm black"},"content":{"rendered":"<p>Desk lamp Platinet PDLU13 black<\/p>\n<p>EAN: 5907595438209<\/p>\n<p>Description<br \/>\nLED desk lamp with USB charger function<br \/>\nIt has the ability to adjust the intensity of the light and the ability to set the color of the light.<\/p>\n<p>Characteristics:<br \/>\nRated power: max 8.5W + 6W charger<br \/>\nRated luminous flux: max 350 lm<br \/>\nColor temperature: 3000-6000K warm-cold white<br \/>\nCharger voltage: AC100 -240V 50 \/ 60Hz<br \/>\nLamp current: DC12V \/ 1A<br \/>\nBeam angle: 120 \u00b0<br \/>\nWorking temperature: &#8211; 20- + 40 \u00b0 C<br \/>\nPower factor:&gt; 0.4<br \/>\nType and number of LEDs : 36PCS SMD2835<br \/>\nCRI:&gt; 80 Ra<br \/>\nStart time: &lt;0.5 S<br \/>\n60% of the luminous flux value: &lt;1 s<br \/>\n95% of the luminous flux value: &lt;2 s<br \/>\nService life: 35 000 hours<br \/>\nRated lamp life: 35,000 hours.<br \/>\nNumber of on \/ off cycles: 15,000<br \/>\nIP protection class: IP20<br \/>\nDimensions: 140 * 183 * 650mm<br \/>\nLumen maintenance factor at the end of the nominal service life:&gt; 0.7<br \/>\nThe lamp is not designed for accent lighting<\/p>\n","protected":false},"excerpt":{"rendered":"<p>Desk lamp Platinet PDLU13 black EAN: 5907595438209 Description LED desk lamp with USB charger function It has the ability to<\/p>\n","protected":false},"featured_media":14801,"template":"","meta":[],"product_brand":[],"product_cat":[305,302],"product_tag":[450,651,468],"class_list":{"0":"post-11508","1":"product","2":"type-product","3":"status-publish","4":"has-post-thumbnail","6":"product_cat-desk-lamps","7":"product_cat-lighting","8":"product_tag-desk-lamp","9":"product_tag-laualamp-en","10":"product_tag-platinet-en","12":"first","13":"instock","14":"taxable","15":"shipping-taxable","16":"purchasable","17":"product-type-simple"},"yoast_head":"<!-- This site is optimized with the Yoast SEO Premium plugin v20.0 (Yoast SEO v27.4) - https:\/\/yoast.com\/product\/yoast-seo-premium-wordpress\/ -->\n<title>Desk lamp Platinet PDLU13 14W 350lm black - Obender<\/title>\n<meta name=\"robots\" content=\"index, follow, max-snippet:-1, max-image-preview:large, max-video-preview:-1\" \/>\n<link rel=\"canonical\" href=\"https:\/\/www.obender.eu\/en\/toode\/laualamp-platinet-pdlu13-must\/\" \/>\n<meta property=\"og:locale\" content=\"en_US\" \/>\n<meta property=\"og:type\" content=\"article\" \/>\n<meta property=\"og:title\" content=\"Desk lamp Platinet PDLU13 14W 350lm black\" \/>\n<meta property=\"og:description\" content=\"Desk lamp Platinet PDLU13 black EAN: 5907595438209 Description LED desk lamp with USB charger function It has the ability to\" \/>\n<meta property=\"og:url\" content=\"https:\/\/www.obender.eu\/en\/toode\/laualamp-platinet-pdlu13-must\/\" \/>\n<meta property=\"og:site_name\" content=\"Obender\" \/>\n<meta property=\"article:modified_time\" content=\"2026-04-20T02:01:07+00:00\" \/>\n<meta property=\"og:image\" content=\"https:\/\/www.obender.eu\/wp-content\/uploads\/2020\/09\/5907595438209.jpg\" \/>\n\t<meta property=\"og:image:width\" content=\"440\" \/>\n\t<meta property=\"og:image:height\" content=\"440\" \/>\n\t<meta property=\"og:image:type\" content=\"image\/jpeg\" \/>\n<meta name=\"twitter:card\" content=\"summary_large_image\" \/>\n<meta name=\"twitter:label1\" content=\"Est. reading time\" \/>\n\t<meta name=\"twitter:data1\" content=\"1 minute\" \/>\n<script type=\"application\/ld+json\" class=\"yoast-schema-graph\">{\"@context\":\"https:\\\/\\\/schema.org\",\"@graph\":[{\"@type\":\"WebPage\",\"@id\":\"https:\\\/\\\/www.obender.eu\\\/en\\\/toode\\\/laualamp-platinet-pdlu13-must\\\/\",\"url\":\"https:\\\/\\\/www.obender.eu\\\/en\\\/toode\\\/laualamp-platinet-pdlu13-must\\\/\",\"name\":\"Desk lamp Platinet PDLU13 14W 350lm black - Obender\",\"isPartOf\":{\"@id\":\"https:\\\/\\\/www.obender.eu\\\/#website\"},\"primaryImageOfPage\":{\"@id\":\"https:\\\/\\\/www.obender.eu\\\/en\\\/toode\\\/laualamp-platinet-pdlu13-must\\\/#primaryimage\"},\"image\":{\"@id\":\"https:\\\/\\\/www.obender.eu\\\/en\\\/toode\\\/laualamp-platinet-pdlu13-must\\\/#primaryimage\"},\"thumbnailUrl\":\"https:\\\/\\\/obender.eu\\\/wp-content\\\/uploads\\\/2020\\\/09\\\/5907595438209.jpg\",\"datePublished\":\"2020-09-03T16:12:44+00:00\",\"dateModified\":\"2026-04-20T02:01:07+00:00\",\"breadcrumb\":{\"@id\":\"https:\\\/\\\/www.obender.eu\\\/en\\\/toode\\\/laualamp-platinet-pdlu13-must\\\/#breadcrumb\"},\"inLanguage\":\"en-US\",\"potentialAction\":[{\"@type\":\"ReadAction\",\"target\":[\"https:\\\/\\\/www.obender.eu\\\/en\\\/toode\\\/laualamp-platinet-pdlu13-must\\\/\"]}]},{\"@type\":\"ImageObject\",\"inLanguage\":\"en-US\",\"@id\":\"https:\\\/\\\/www.obender.eu\\\/en\\\/toode\\\/laualamp-platinet-pdlu13-must\\\/#primaryimage\",\"url\":\"https:\\\/\\\/obender.eu\\\/wp-content\\\/uploads\\\/2020\\\/09\\\/5907595438209.jpg\",\"contentUrl\":\"https:\\\/\\\/obender.eu\\\/wp-content\\\/uploads\\\/2020\\\/09\\\/5907595438209.jpg\",\"width\":440,\"height\":440},{\"@type\":\"BreadcrumbList\",\"@id\":\"https:\\\/\\\/www.obender.eu\\\/en\\\/toode\\\/laualamp-platinet-pdlu13-must\\\/#breadcrumb\",\"itemListElement\":[{\"@type\":\"ListItem\",\"position\":1,\"name\":\"Home\",\"item\":\"https:\\\/\\\/obender.eu\\\/en\\\/\"},{\"@type\":\"ListItem\",\"position\":2,\"name\":\"Tooted\",\"item\":\"https:\\\/\\\/www.obender.eu\\\/tooted\\\/\"},{\"@type\":\"ListItem\",\"position\":3,\"name\":\"Desk lamp Platinet PDLU13 14W 350lm black\"}]},{\"@type\":\"WebSite\",\"@id\":\"https:\\\/\\\/www.obender.eu\\\/#website\",\"url\":\"https:\\\/\\\/www.obender.eu\\\/\",\"name\":\"Obender\",\"description\":\"T\u00f6\u00f6stuskaupade hulgim\u00fc\u00fck\",\"potentialAction\":[{\"@type\":\"SearchAction\",\"target\":{\"@type\":\"EntryPoint\",\"urlTemplate\":\"https:\\\/\\\/www.obender.eu\\\/?s={search_term_string}\"},\"query-input\":{\"@type\":\"PropertyValueSpecification\",\"valueRequired\":true,\"valueName\":\"search_term_string\"}}],\"inLanguage\":\"en-US\"}]}<\/script>\n<!-- \/ Yoast SEO Premium plugin. -->","yoast_head_json":{"title":"Desk lamp Platinet PDLU13 14W 350lm black - Obender","robots":{"index":"index","follow":"follow","max-snippet":"max-snippet:-1","max-image-preview":"max-image-preview:large","max-video-preview":"max-video-preview:-1"},"canonical":"https:\/\/www.obender.eu\/en\/toode\/laualamp-platinet-pdlu13-must\/","og_locale":"en_US","og_type":"article","og_title":"Desk lamp Platinet PDLU13 14W 350lm black","og_description":"Desk lamp Platinet PDLU13 black EAN: 5907595438209 Description LED desk lamp with USB charger function It has the ability to","og_url":"https:\/\/www.obender.eu\/en\/toode\/laualamp-platinet-pdlu13-must\/","og_site_name":"Obender","article_modified_time":"2026-04-20T02:01:07+00:00","og_image":[{"width":440,"height":440,"url":"https:\/\/www.obender.eu\/wp-content\/uploads\/2020\/09\/5907595438209.jpg","type":"image\/jpeg"}],"twitter_card":"summary_large_image","twitter_misc":{"Est. reading time":"1 minute"},"schema":{"@context":"https:\/\/schema.org","@graph":[{"@type":"WebPage","@id":"https:\/\/www.obender.eu\/en\/toode\/laualamp-platinet-pdlu13-must\/","url":"https:\/\/www.obender.eu\/en\/toode\/laualamp-platinet-pdlu13-must\/","name":"Desk lamp Platinet PDLU13 14W 350lm black - Obender","isPartOf":{"@id":"https:\/\/www.obender.eu\/#website"},"primaryImageOfPage":{"@id":"https:\/\/www.obender.eu\/en\/toode\/laualamp-platinet-pdlu13-must\/#primaryimage"},"image":{"@id":"https:\/\/www.obender.eu\/en\/toode\/laualamp-platinet-pdlu13-must\/#primaryimage"},"thumbnailUrl":"https:\/\/obender.eu\/wp-content\/uploads\/2020\/09\/5907595438209.jpg","datePublished":"2020-09-03T16:12:44+00:00","dateModified":"2026-04-20T02:01:07+00:00","breadcrumb":{"@id":"https:\/\/www.obender.eu\/en\/toode\/laualamp-platinet-pdlu13-must\/#breadcrumb"},"inLanguage":"en-US","potentialAction":[{"@type":"ReadAction","target":["https:\/\/www.obender.eu\/en\/toode\/laualamp-platinet-pdlu13-must\/"]}]},{"@type":"ImageObject","inLanguage":"en-US","@id":"https:\/\/www.obender.eu\/en\/toode\/laualamp-platinet-pdlu13-must\/#primaryimage","url":"https:\/\/obender.eu\/wp-content\/uploads\/2020\/09\/5907595438209.jpg","contentUrl":"https:\/\/obender.eu\/wp-content\/uploads\/2020\/09\/5907595438209.jpg","width":440,"height":440},{"@type":"BreadcrumbList","@id":"https:\/\/www.obender.eu\/en\/toode\/laualamp-platinet-pdlu13-must\/#breadcrumb","itemListElement":[{"@type":"ListItem","position":1,"name":"Home","item":"https:\/\/obender.eu\/en\/"},{"@type":"ListItem","position":2,"name":"Tooted","item":"https:\/\/www.obender.eu\/tooted\/"},{"@type":"ListItem","position":3,"name":"Desk lamp Platinet PDLU13 14W 350lm black"}]},{"@type":"WebSite","@id":"https:\/\/www.obender.eu\/#website","url":"https:\/\/www.obender.eu\/","name":"Obender","description":"T\u00f6\u00f6stuskaupade hulgim\u00fc\u00fck","potentialAction":[{"@type":"SearchAction","target":{"@type":"EntryPoint","urlTemplate":"https:\/\/www.obender.eu\/?s={search_term_string}"},"query-input":{"@type":"PropertyValueSpecification","valueRequired":true,"valueName":"search_term_string"}}],"inLanguage":"en-US"}]}},"_links":{"self":[{"href":"https:\/\/obender.eu\/en\/wp-json\/wp\/v2\/product\/11508","targetHints":{"allow":["GET"]}}],"collection":[{"href":"https:\/\/obender.eu\/en\/wp-json\/wp\/v2\/product"}],"about":[{"href":"https:\/\/obender.eu\/en\/wp-json\/wp\/v2\/types\/product"}],"version-history":[{"count":2,"href":"https:\/\/obender.eu\/en\/wp-json\/wp\/v2\/product\/11508\/revisions"}],"predecessor-version":[{"id":25308,"href":"https:\/\/obender.eu\/en\/wp-json\/wp\/v2\/product\/11508\/revisions\/25308"}],"wp:featuredmedia":[{"embeddable":true,"href":"https:\/\/obender.eu\/en\/wp-json\/wp\/v2\/media\/14801"}],"wp:attachment":[{"href":"https:\/\/obender.eu\/en\/wp-json\/wp\/v2\/media?parent=11508"}],"wp:term":[{"taxonomy":"product_brand","embeddable":true,"href":"https:\/\/obender.eu\/en\/wp-json\/wp\/v2\/product_brand?post=11508"},{"taxonomy":"product_cat","embeddable":true,"href":"https:\/\/obender.eu\/en\/wp-json\/wp\/v2\/product_cat?post=11508"},{"taxonomy":"product_tag","embeddable":true,"href":"https:\/\/obender.eu\/en\/wp-json\/wp\/v2\/product_tag?post=11508"}],"curies":[{"name":"wp","href":"https:\/\/api.w.org\/{rel}","templated":true}]}}