{"id":11540,"date":"2020-09-04T15:52:00","date_gmt":"2020-09-04T12:52:00","guid":{"rendered":"https:\/\/obender.eu\/toode\/reading-lamp-with-avide-3w-clamp-white\/"},"modified":"2026-04-19T15:00:42","modified_gmt":"2026-04-19T12:00:42","slug":"reading-lamp-with-avide-3w-clamp-white","status":"publish","type":"product","link":"https:\/\/obender.eu\/en\/toode\/reading-lamp-with-avide-3w-clamp-white\/","title":{"rendered":"Reading lamp Avide 3W with clamp white"},"content":{"rendered":"<p>Reading lamp Avide ABLDL-CLIP-3W<\/p>\n<p>EAN: 5999562287767<\/p>\n<p>Light: 3W LED, 5800K, 85lm, 3-stage adjustable<\/p>\n<p>Battery: Li-ion 500mAh<\/p>\n<p>Dimensions: 50 * 100 * 250mm<\/p>\n<p>Battery life: 100% 3h, 75% 6h, 50% 8h<\/p>\n<p>USB charger included<\/p>\n","protected":false},"excerpt":{"rendered":"<p>Reading lamp Avide ABLDL-CLIP-3W EAN: 5999562287767 Light: 3W LED, 5800K, 85lm, 3-stage adjustable Battery: Li-ion 500mAh Dimensions: 50 * 100<\/p>\n","protected":false},"featured_media":14762,"template":"","meta":[],"product_brand":[],"product_cat":[305,302,406],"product_tag":[613,1223],"class_list":{"0":"post-11540","1":"product","2":"type-product","3":"status-publish","4":"has-post-thumbnail","6":"product_cat-desk-lamps","7":"product_cat-lighting","8":"product_cat-reading-lamps","9":"product_tag-avide-en","10":"product_tag-lamp-en","12":"first","13":"instock","14":"taxable","15":"shipping-taxable","16":"purchasable","17":"product-type-simple"},"yoast_head":"<!-- This site is optimized with the Yoast SEO Premium plugin v20.0 (Yoast SEO v27.4) - https:\/\/yoast.com\/product\/yoast-seo-premium-wordpress\/ -->\n<title>Reading lamp Avide 3W with clamp white - Obender<\/title>\n<meta name=\"robots\" content=\"index, follow, max-snippet:-1, max-image-preview:large, max-video-preview:-1\" \/>\n<link rel=\"canonical\" href=\"https:\/\/obender.eu\/en\/toode\/reading-lamp-with-avide-3w-clamp-white\/\" \/>\n<meta property=\"og:locale\" content=\"en_US\" \/>\n<meta property=\"og:type\" content=\"article\" \/>\n<meta property=\"og:title\" content=\"Reading lamp Avide 3W with clamp white\" \/>\n<meta property=\"og:description\" content=\"Reading lamp Avide ABLDL-CLIP-3W EAN: 5999562287767 Light: 3W LED, 5800K, 85lm, 3-stage adjustable Battery: Li-ion 500mAh Dimensions: 50 * 100\" \/>\n<meta property=\"og:url\" content=\"https:\/\/obender.eu\/en\/toode\/reading-lamp-with-avide-3w-clamp-white\/\" \/>\n<meta property=\"og:site_name\" content=\"Obender\" \/>\n<meta property=\"article:modified_time\" content=\"2026-04-19T12:00:42+00:00\" \/>\n<meta property=\"og:image\" content=\"https:\/\/obender.eu\/wp-content\/uploads\/2020\/09\/5999562287767.jpg\" \/>\n\t<meta property=\"og:image:width\" content=\"499\" \/>\n\t<meta property=\"og:image:height\" content=\"500\" \/>\n\t<meta property=\"og:image:type\" content=\"image\/jpeg\" \/>\n<meta name=\"twitter:card\" content=\"summary_large_image\" \/>\n<meta name=\"twitter:label1\" content=\"Est. reading time\" \/>\n\t<meta name=\"twitter:data1\" content=\"1 minute\" \/>\n<script type=\"application\/ld+json\" class=\"yoast-schema-graph\">{\"@context\":\"https:\\\/\\\/schema.org\",\"@graph\":[{\"@type\":\"WebPage\",\"@id\":\"https:\\\/\\\/obender.eu\\\/en\\\/toode\\\/reading-lamp-with-avide-3w-clamp-white\\\/\",\"url\":\"https:\\\/\\\/obender.eu\\\/en\\\/toode\\\/reading-lamp-with-avide-3w-clamp-white\\\/\",\"name\":\"Reading lamp Avide 3W with clamp white - Obender\",\"isPartOf\":{\"@id\":\"https:\\\/\\\/www.obender.eu\\\/#website\"},\"primaryImageOfPage\":{\"@id\":\"https:\\\/\\\/obender.eu\\\/en\\\/toode\\\/reading-lamp-with-avide-3w-clamp-white\\\/#primaryimage\"},\"image\":{\"@id\":\"https:\\\/\\\/obender.eu\\\/en\\\/toode\\\/reading-lamp-with-avide-3w-clamp-white\\\/#primaryimage\"},\"thumbnailUrl\":\"https:\\\/\\\/obender.eu\\\/wp-content\\\/uploads\\\/2020\\\/09\\\/5999562287767.jpg\",\"datePublished\":\"2020-09-04T12:52:00+00:00\",\"dateModified\":\"2026-04-19T12:00:42+00:00\",\"breadcrumb\":{\"@id\":\"https:\\\/\\\/obender.eu\\\/en\\\/toode\\\/reading-lamp-with-avide-3w-clamp-white\\\/#breadcrumb\"},\"inLanguage\":\"en-US\",\"potentialAction\":[{\"@type\":\"ReadAction\",\"target\":[\"https:\\\/\\\/obender.eu\\\/en\\\/toode\\\/reading-lamp-with-avide-3w-clamp-white\\\/\"]}]},{\"@type\":\"ImageObject\",\"inLanguage\":\"en-US\",\"@id\":\"https:\\\/\\\/obender.eu\\\/en\\\/toode\\\/reading-lamp-with-avide-3w-clamp-white\\\/#primaryimage\",\"url\":\"https:\\\/\\\/obender.eu\\\/wp-content\\\/uploads\\\/2020\\\/09\\\/5999562287767.jpg\",\"contentUrl\":\"https:\\\/\\\/obender.eu\\\/wp-content\\\/uploads\\\/2020\\\/09\\\/5999562287767.jpg\",\"width\":499,\"height\":500},{\"@type\":\"BreadcrumbList\",\"@id\":\"https:\\\/\\\/obender.eu\\\/en\\\/toode\\\/reading-lamp-with-avide-3w-clamp-white\\\/#breadcrumb\",\"itemListElement\":[{\"@type\":\"ListItem\",\"position\":1,\"name\":\"Home\",\"item\":\"https:\\\/\\\/obender.eu\\\/en\\\/\"},{\"@type\":\"ListItem\",\"position\":2,\"name\":\"Tooted\",\"item\":\"https:\\\/\\\/www.obender.eu\\\/tooted\\\/\"},{\"@type\":\"ListItem\",\"position\":3,\"name\":\"Reading lamp Avide 3W with clamp white\"}]},{\"@type\":\"WebSite\",\"@id\":\"https:\\\/\\\/www.obender.eu\\\/#website\",\"url\":\"https:\\\/\\\/www.obender.eu\\\/\",\"name\":\"Obender\",\"description\":\"T\u00f6\u00f6stuskaupade hulgim\u00fc\u00fck\",\"potentialAction\":[{\"@type\":\"SearchAction\",\"target\":{\"@type\":\"EntryPoint\",\"urlTemplate\":\"https:\\\/\\\/www.obender.eu\\\/?s={search_term_string}\"},\"query-input\":{\"@type\":\"PropertyValueSpecification\",\"valueRequired\":true,\"valueName\":\"search_term_string\"}}],\"inLanguage\":\"en-US\"}]}<\/script>\n<!-- \/ Yoast SEO Premium plugin. -->","yoast_head_json":{"title":"Reading lamp Avide 3W with clamp white - Obender","robots":{"index":"index","follow":"follow","max-snippet":"max-snippet:-1","max-image-preview":"max-image-preview:large","max-video-preview":"max-video-preview:-1"},"canonical":"https:\/\/obender.eu\/en\/toode\/reading-lamp-with-avide-3w-clamp-white\/","og_locale":"en_US","og_type":"article","og_title":"Reading lamp Avide 3W with clamp white","og_description":"Reading lamp Avide ABLDL-CLIP-3W EAN: 5999562287767 Light: 3W LED, 5800K, 85lm, 3-stage adjustable Battery: Li-ion 500mAh Dimensions: 50 * 100","og_url":"https:\/\/obender.eu\/en\/toode\/reading-lamp-with-avide-3w-clamp-white\/","og_site_name":"Obender","article_modified_time":"2026-04-19T12:00:42+00:00","og_image":[{"width":499,"height":500,"url":"https:\/\/obender.eu\/wp-content\/uploads\/2020\/09\/5999562287767.jpg","type":"image\/jpeg"}],"twitter_card":"summary_large_image","twitter_misc":{"Est. reading time":"1 minute"},"schema":{"@context":"https:\/\/schema.org","@graph":[{"@type":"WebPage","@id":"https:\/\/obender.eu\/en\/toode\/reading-lamp-with-avide-3w-clamp-white\/","url":"https:\/\/obender.eu\/en\/toode\/reading-lamp-with-avide-3w-clamp-white\/","name":"Reading lamp Avide 3W with clamp white - Obender","isPartOf":{"@id":"https:\/\/www.obender.eu\/#website"},"primaryImageOfPage":{"@id":"https:\/\/obender.eu\/en\/toode\/reading-lamp-with-avide-3w-clamp-white\/#primaryimage"},"image":{"@id":"https:\/\/obender.eu\/en\/toode\/reading-lamp-with-avide-3w-clamp-white\/#primaryimage"},"thumbnailUrl":"https:\/\/obender.eu\/wp-content\/uploads\/2020\/09\/5999562287767.jpg","datePublished":"2020-09-04T12:52:00+00:00","dateModified":"2026-04-19T12:00:42+00:00","breadcrumb":{"@id":"https:\/\/obender.eu\/en\/toode\/reading-lamp-with-avide-3w-clamp-white\/#breadcrumb"},"inLanguage":"en-US","potentialAction":[{"@type":"ReadAction","target":["https:\/\/obender.eu\/en\/toode\/reading-lamp-with-avide-3w-clamp-white\/"]}]},{"@type":"ImageObject","inLanguage":"en-US","@id":"https:\/\/obender.eu\/en\/toode\/reading-lamp-with-avide-3w-clamp-white\/#primaryimage","url":"https:\/\/obender.eu\/wp-content\/uploads\/2020\/09\/5999562287767.jpg","contentUrl":"https:\/\/obender.eu\/wp-content\/uploads\/2020\/09\/5999562287767.jpg","width":499,"height":500},{"@type":"BreadcrumbList","@id":"https:\/\/obender.eu\/en\/toode\/reading-lamp-with-avide-3w-clamp-white\/#breadcrumb","itemListElement":[{"@type":"ListItem","position":1,"name":"Home","item":"https:\/\/obender.eu\/en\/"},{"@type":"ListItem","position":2,"name":"Tooted","item":"https:\/\/www.obender.eu\/tooted\/"},{"@type":"ListItem","position":3,"name":"Reading lamp Avide 3W with clamp white"}]},{"@type":"WebSite","@id":"https:\/\/www.obender.eu\/#website","url":"https:\/\/www.obender.eu\/","name":"Obender","description":"T\u00f6\u00f6stuskaupade hulgim\u00fc\u00fck","potentialAction":[{"@type":"SearchAction","target":{"@type":"EntryPoint","urlTemplate":"https:\/\/www.obender.eu\/?s={search_term_string}"},"query-input":{"@type":"PropertyValueSpecification","valueRequired":true,"valueName":"search_term_string"}}],"inLanguage":"en-US"}]}},"_links":{"self":[{"href":"https:\/\/obender.eu\/en\/wp-json\/wp\/v2\/product\/11540","targetHints":{"allow":["GET"]}}],"collection":[{"href":"https:\/\/obender.eu\/en\/wp-json\/wp\/v2\/product"}],"about":[{"href":"https:\/\/obender.eu\/en\/wp-json\/wp\/v2\/types\/product"}],"version-history":[{"count":3,"href":"https:\/\/obender.eu\/en\/wp-json\/wp\/v2\/product\/11540\/revisions"}],"predecessor-version":[{"id":25243,"href":"https:\/\/obender.eu\/en\/wp-json\/wp\/v2\/product\/11540\/revisions\/25243"}],"wp:featuredmedia":[{"embeddable":true,"href":"https:\/\/obender.eu\/en\/wp-json\/wp\/v2\/media\/14762"}],"wp:attachment":[{"href":"https:\/\/obender.eu\/en\/wp-json\/wp\/v2\/media?parent=11540"}],"wp:term":[{"taxonomy":"product_brand","embeddable":true,"href":"https:\/\/obender.eu\/en\/wp-json\/wp\/v2\/product_brand?post=11540"},{"taxonomy":"product_cat","embeddable":true,"href":"https:\/\/obender.eu\/en\/wp-json\/wp\/v2\/product_cat?post=11540"},{"taxonomy":"product_tag","embeddable":true,"href":"https:\/\/obender.eu\/en\/wp-json\/wp\/v2\/product_tag?post=11540"}],"curies":[{"name":"wp","href":"https:\/\/api.w.org\/{rel}","templated":true}]}}