{"id":11700,"date":"2020-09-12T11:11:35","date_gmt":"2020-09-12T08:11:35","guid":{"rendered":"https:\/\/obender.eu\/toode\/bicycle-lamp-arcas-1w-led-rechargeable\/"},"modified":"2026-04-20T02:00:23","modified_gmt":"2026-04-19T23:00:23","slug":"bicycle-lamp-arcas-1w-led-rechargeable","status":"publish","type":"product","link":"https:\/\/obender.eu\/en\/toode\/bicycle-lamp-arcas-1w-led-rechargeable\/","title":{"rendered":"Bicycle light set Arcas 1W LED rechargeable"},"content":{"rendered":"<p>Bicycle light set Arcas 1W LED rechargeable<\/p>\n<p>EAN: 4260030258536<\/p>\n<p>Set includes Micro USB cable<\/p>\n<p>StVZO approval<\/p>\n<p>Data:\u00a0 \u00a0 \u00a0 \u00a0 \u00a0 \u00a0 \u00a0 \u00a0 \u00a0 \u00a0 \u00a0 \u00a0 \u00a0 \u00a0 Front: \u00a0 \u00a0 \u00a0 \u00a0 \u00a0 \u00a0 \u00a0 \u00a0 \u00a0 \u00a0 \u00a0 \u00a0 \u00a0 \u00a0 \u00a0 \u00a0 Rear:<\/p>\n<p>Light source:\u00a0 \u00a0 \u00a0 \u00a0 \u00a0 \u00a0 \u00a0 \u00a01W LED\u00a0 \u00a0 \u00a0 \u00a0 \u00a0 \u00a0 \u00a0 \u00a0 \u00a0 \u00a0 \u00a0 \u00a0 \u00a0 \u00a0 \u00a0 0,1W red LED<\/p>\n<p>Light power:\u00a0 \u00a0 \u00a0 \u00a0 \u00a0 \u00a0 \u00a0 \u00a0 20-70lm, 45 lux\u00a0 \u00a0 \u00a0 \u00a0 \u00a0 \u00a0 \u00a0 \u00a03lm, 2,5 lux<\/p>\n<p>Light burn time:\u00a0 \u00a0 \u00a0 \u00a0 \u00a0 max 4,5h\u00a0 \u00a0 \u00a0 \u00a0 \u00a0 \u00a0 \u00a0 \u00a0 \u00a0 \u00a0 \u00a0 \u00a0 \u00a0 \u00a0 max 6h<\/p>\n<p>Luminous distance:\u00a0 \u00a0 max 135m\u00a0 \u00a0 \u00a0 \u00a0 \u00a0 \u00a0 \u00a0 \u00a0 \u00a0 \u00a0 \u00a0 \u00a012m<\/p>\n<p>Functions:\u00a0 \u00a0 \u00a0 \u00a0 \u00a0 \u00a0 \u00a0 \u00a0 \u00a0 \u00a0 \u00a0100%, 60%, 30%\u00a0 \u00a0 \u00a0 \u00a0 \u00a0 \u00a0 \u00a0 100%<\/p>\n<p>Beam angle:\u00a0 \u00a0 \u00a0 \u00a0 \u00a0 \u00a0 \u00a0 \u00a0 \u00a0 \u00a016 \u00b0\u00a0 \u00a0 \u00a0 \u00a0 \u00a0 \u00a0 \u00a0 \u00a0 \u00a0 \u00a0 \u00a0 \u00a0 \u00a0 \u00a0 \u00a0 \u00a0 \u00a0 \u00a0 \u00a0 \u00a0 110 \u00b0<\/p>\n<p>Energy source:\u00a0 \u00a0 \u00a0 \u00a0 \u00a0 \u00a0 \u00a0 LiPo 3,7V 1700mAh\u00a0 \u00a0 \u00a0 \u00a0 \u00a0 \u00a0LiPo 3,7V 480mAh<\/p>\n<p>Weight without batteries: 71g\u00a0 \u00a0 \u00a0 \u00a0 \u00a0 \u00a0 \u00a0 \u00a0 \u00a0 \u00a0 \u00a0 \u00a0 \u00a0 \u00a0 \u00a0 \u00a0 \u00a0 \u00a0 19g<\/p>\n<p>polkupy\u00f6r\u00e4<\/p>\n","protected":false},"excerpt":{"rendered":"<p>Bicycle light set Arcas 1W LED rechargeable EAN: 4260030258536 Set includes Micro USB cable StVZO approval Data:\u00a0 \u00a0 \u00a0 \u00a0<\/p>\n","protected":false},"featured_media":14522,"template":"","meta":[],"product_brand":[],"product_cat":[306,335],"product_tag":[633,978,1500,629],"class_list":{"0":"post-11700","1":"product","2":"type-product","3":"status-publish","4":"has-post-thumbnail","6":"product_cat-bicycle-lights","7":"product_cat-sports-and-leisure","8":"product_tag-arcas","9":"product_tag-bicycle-lamp-en","10":"product_tag-polkupyora-en","11":"product_tag-rattalamp-en","13":"first","14":"instock","15":"taxable","16":"shipping-taxable","17":"purchasable","18":"product-type-simple"},"yoast_head":"<!-- This site is optimized with the Yoast SEO Premium plugin v20.0 (Yoast SEO v27.4) - https:\/\/yoast.com\/product\/yoast-seo-premium-wordpress\/ -->\n<title>Bicycle light set Arcas 1W LED rechargeable - Obender<\/title>\n<meta name=\"robots\" content=\"index, follow, max-snippet:-1, max-image-preview:large, max-video-preview:-1\" \/>\n<link rel=\"canonical\" href=\"https:\/\/obender.eu\/en\/toode\/bicycle-lamp-arcas-1w-led-rechargeable\/\" \/>\n<meta property=\"og:locale\" content=\"en_US\" \/>\n<meta property=\"og:type\" content=\"article\" \/>\n<meta property=\"og:title\" content=\"Bicycle light set Arcas 1W LED rechargeable\" \/>\n<meta property=\"og:description\" content=\"Bicycle light set Arcas 1W LED rechargeable EAN: 4260030258536 Set includes Micro USB cable StVZO approval Data:\u00a0 \u00a0 \u00a0 \u00a0\" \/>\n<meta property=\"og:url\" content=\"https:\/\/obender.eu\/en\/toode\/bicycle-lamp-arcas-1w-led-rechargeable\/\" \/>\n<meta property=\"og:site_name\" content=\"Obender\" \/>\n<meta property=\"article:modified_time\" content=\"2026-04-19T23:00:23+00:00\" \/>\n<meta property=\"og:image\" content=\"https:\/\/obender.eu\/wp-content\/uploads\/2020\/09\/4260030258536-2.jpg\" \/>\n\t<meta property=\"og:image:width\" content=\"600\" \/>\n\t<meta property=\"og:image:height\" content=\"600\" \/>\n\t<meta property=\"og:image:type\" content=\"image\/jpeg\" \/>\n<meta name=\"twitter:card\" content=\"summary_large_image\" \/>\n<meta name=\"twitter:label1\" content=\"Est. reading time\" \/>\n\t<meta name=\"twitter:data1\" content=\"1 minute\" \/>\n<script type=\"application\/ld+json\" class=\"yoast-schema-graph\">{\"@context\":\"https:\\\/\\\/schema.org\",\"@graph\":[{\"@type\":\"WebPage\",\"@id\":\"https:\\\/\\\/obender.eu\\\/en\\\/toode\\\/bicycle-lamp-arcas-1w-led-rechargeable\\\/\",\"url\":\"https:\\\/\\\/obender.eu\\\/en\\\/toode\\\/bicycle-lamp-arcas-1w-led-rechargeable\\\/\",\"name\":\"Bicycle light set Arcas 1W LED rechargeable - Obender\",\"isPartOf\":{\"@id\":\"https:\\\/\\\/www.obender.eu\\\/#website\"},\"primaryImageOfPage\":{\"@id\":\"https:\\\/\\\/obender.eu\\\/en\\\/toode\\\/bicycle-lamp-arcas-1w-led-rechargeable\\\/#primaryimage\"},\"image\":{\"@id\":\"https:\\\/\\\/obender.eu\\\/en\\\/toode\\\/bicycle-lamp-arcas-1w-led-rechargeable\\\/#primaryimage\"},\"thumbnailUrl\":\"https:\\\/\\\/obender.eu\\\/wp-content\\\/uploads\\\/2020\\\/09\\\/4260030258536-2.jpg\",\"datePublished\":\"2020-09-12T08:11:35+00:00\",\"dateModified\":\"2026-04-19T23:00:23+00:00\",\"breadcrumb\":{\"@id\":\"https:\\\/\\\/obender.eu\\\/en\\\/toode\\\/bicycle-lamp-arcas-1w-led-rechargeable\\\/#breadcrumb\"},\"inLanguage\":\"en-US\",\"potentialAction\":[{\"@type\":\"ReadAction\",\"target\":[\"https:\\\/\\\/obender.eu\\\/en\\\/toode\\\/bicycle-lamp-arcas-1w-led-rechargeable\\\/\"]}]},{\"@type\":\"ImageObject\",\"inLanguage\":\"en-US\",\"@id\":\"https:\\\/\\\/obender.eu\\\/en\\\/toode\\\/bicycle-lamp-arcas-1w-led-rechargeable\\\/#primaryimage\",\"url\":\"https:\\\/\\\/obender.eu\\\/wp-content\\\/uploads\\\/2020\\\/09\\\/4260030258536-2.jpg\",\"contentUrl\":\"https:\\\/\\\/obender.eu\\\/wp-content\\\/uploads\\\/2020\\\/09\\\/4260030258536-2.jpg\",\"width\":600,\"height\":600},{\"@type\":\"BreadcrumbList\",\"@id\":\"https:\\\/\\\/obender.eu\\\/en\\\/toode\\\/bicycle-lamp-arcas-1w-led-rechargeable\\\/#breadcrumb\",\"itemListElement\":[{\"@type\":\"ListItem\",\"position\":1,\"name\":\"Home\",\"item\":\"https:\\\/\\\/obender.eu\\\/en\\\/\"},{\"@type\":\"ListItem\",\"position\":2,\"name\":\"Tooted\",\"item\":\"https:\\\/\\\/www.obender.eu\\\/tooted\\\/\"},{\"@type\":\"ListItem\",\"position\":3,\"name\":\"Bicycle light set Arcas 1W LED rechargeable\"}]},{\"@type\":\"WebSite\",\"@id\":\"https:\\\/\\\/www.obender.eu\\\/#website\",\"url\":\"https:\\\/\\\/www.obender.eu\\\/\",\"name\":\"Obender\",\"description\":\"T\u00f6\u00f6stuskaupade hulgim\u00fc\u00fck\",\"potentialAction\":[{\"@type\":\"SearchAction\",\"target\":{\"@type\":\"EntryPoint\",\"urlTemplate\":\"https:\\\/\\\/www.obender.eu\\\/?s={search_term_string}\"},\"query-input\":{\"@type\":\"PropertyValueSpecification\",\"valueRequired\":true,\"valueName\":\"search_term_string\"}}],\"inLanguage\":\"en-US\"}]}<\/script>\n<!-- \/ Yoast SEO Premium plugin. -->","yoast_head_json":{"title":"Bicycle light set Arcas 1W LED rechargeable - Obender","robots":{"index":"index","follow":"follow","max-snippet":"max-snippet:-1","max-image-preview":"max-image-preview:large","max-video-preview":"max-video-preview:-1"},"canonical":"https:\/\/obender.eu\/en\/toode\/bicycle-lamp-arcas-1w-led-rechargeable\/","og_locale":"en_US","og_type":"article","og_title":"Bicycle light set Arcas 1W LED rechargeable","og_description":"Bicycle light set Arcas 1W LED rechargeable EAN: 4260030258536 Set includes Micro USB cable StVZO approval Data:\u00a0 \u00a0 \u00a0 \u00a0","og_url":"https:\/\/obender.eu\/en\/toode\/bicycle-lamp-arcas-1w-led-rechargeable\/","og_site_name":"Obender","article_modified_time":"2026-04-19T23:00:23+00:00","og_image":[{"width":600,"height":600,"url":"https:\/\/obender.eu\/wp-content\/uploads\/2020\/09\/4260030258536-2.jpg","type":"image\/jpeg"}],"twitter_card":"summary_large_image","twitter_misc":{"Est. reading time":"1 minute"},"schema":{"@context":"https:\/\/schema.org","@graph":[{"@type":"WebPage","@id":"https:\/\/obender.eu\/en\/toode\/bicycle-lamp-arcas-1w-led-rechargeable\/","url":"https:\/\/obender.eu\/en\/toode\/bicycle-lamp-arcas-1w-led-rechargeable\/","name":"Bicycle light set Arcas 1W LED rechargeable - Obender","isPartOf":{"@id":"https:\/\/www.obender.eu\/#website"},"primaryImageOfPage":{"@id":"https:\/\/obender.eu\/en\/toode\/bicycle-lamp-arcas-1w-led-rechargeable\/#primaryimage"},"image":{"@id":"https:\/\/obender.eu\/en\/toode\/bicycle-lamp-arcas-1w-led-rechargeable\/#primaryimage"},"thumbnailUrl":"https:\/\/obender.eu\/wp-content\/uploads\/2020\/09\/4260030258536-2.jpg","datePublished":"2020-09-12T08:11:35+00:00","dateModified":"2026-04-19T23:00:23+00:00","breadcrumb":{"@id":"https:\/\/obender.eu\/en\/toode\/bicycle-lamp-arcas-1w-led-rechargeable\/#breadcrumb"},"inLanguage":"en-US","potentialAction":[{"@type":"ReadAction","target":["https:\/\/obender.eu\/en\/toode\/bicycle-lamp-arcas-1w-led-rechargeable\/"]}]},{"@type":"ImageObject","inLanguage":"en-US","@id":"https:\/\/obender.eu\/en\/toode\/bicycle-lamp-arcas-1w-led-rechargeable\/#primaryimage","url":"https:\/\/obender.eu\/wp-content\/uploads\/2020\/09\/4260030258536-2.jpg","contentUrl":"https:\/\/obender.eu\/wp-content\/uploads\/2020\/09\/4260030258536-2.jpg","width":600,"height":600},{"@type":"BreadcrumbList","@id":"https:\/\/obender.eu\/en\/toode\/bicycle-lamp-arcas-1w-led-rechargeable\/#breadcrumb","itemListElement":[{"@type":"ListItem","position":1,"name":"Home","item":"https:\/\/obender.eu\/en\/"},{"@type":"ListItem","position":2,"name":"Tooted","item":"https:\/\/www.obender.eu\/tooted\/"},{"@type":"ListItem","position":3,"name":"Bicycle light set Arcas 1W LED rechargeable"}]},{"@type":"WebSite","@id":"https:\/\/www.obender.eu\/#website","url":"https:\/\/www.obender.eu\/","name":"Obender","description":"T\u00f6\u00f6stuskaupade hulgim\u00fc\u00fck","potentialAction":[{"@type":"SearchAction","target":{"@type":"EntryPoint","urlTemplate":"https:\/\/www.obender.eu\/?s={search_term_string}"},"query-input":{"@type":"PropertyValueSpecification","valueRequired":true,"valueName":"search_term_string"}}],"inLanguage":"en-US"}]}},"_links":{"self":[{"href":"https:\/\/obender.eu\/en\/wp-json\/wp\/v2\/product\/11700","targetHints":{"allow":["GET"]}}],"collection":[{"href":"https:\/\/obender.eu\/en\/wp-json\/wp\/v2\/product"}],"about":[{"href":"https:\/\/obender.eu\/en\/wp-json\/wp\/v2\/types\/product"}],"version-history":[{"count":5,"href":"https:\/\/obender.eu\/en\/wp-json\/wp\/v2\/product\/11700\/revisions"}],"predecessor-version":[{"id":28361,"href":"https:\/\/obender.eu\/en\/wp-json\/wp\/v2\/product\/11700\/revisions\/28361"}],"wp:featuredmedia":[{"embeddable":true,"href":"https:\/\/obender.eu\/en\/wp-json\/wp\/v2\/media\/14522"}],"wp:attachment":[{"href":"https:\/\/obender.eu\/en\/wp-json\/wp\/v2\/media?parent=11700"}],"wp:term":[{"taxonomy":"product_brand","embeddable":true,"href":"https:\/\/obender.eu\/en\/wp-json\/wp\/v2\/product_brand?post=11700"},{"taxonomy":"product_cat","embeddable":true,"href":"https:\/\/obender.eu\/en\/wp-json\/wp\/v2\/product_cat?post=11700"},{"taxonomy":"product_tag","embeddable":true,"href":"https:\/\/obender.eu\/en\/wp-json\/wp\/v2\/product_tag?post=11700"}],"curies":[{"name":"wp","href":"https:\/\/api.w.org\/{rel}","templated":true}]}}