{"id":11719,"date":"2020-09-12T11:37:50","date_gmt":"2020-09-12T08:37:50","guid":{"rendered":"https:\/\/obender.eu\/toode\/flashlight-entac-5w-zoom-with-bicycle-holder\/"},"modified":"2026-04-20T03:00:55","modified_gmt":"2026-04-20T00:00:55","slug":"flashlight-entac-5w-zoom-with-bicycle-holder","status":"publish","type":"product","link":"https:\/\/obender.eu\/en\/toode\/flashlight-entac-5w-zoom-with-bicycle-holder\/","title":{"rendered":"Flashlight Entac 5W 500lm ALU zoom with bicycle holder 3AAA"},"content":{"rendered":"<p>Flashlight Entac 5W 500lm zoom<\/p>\n<p>Focusable flaslight with aluminiub body<\/p>\n<p>Set includes bicycle holder<\/p>\n<p>Flashlight size: 157*40mm<\/p>\n<p>Batteries 3xAAA (not included)<\/p>\n<p>Light power: 5W LED 500lm<\/p>\n<p>Beam range up to 150m<\/p>\n<p>Works up to 6h with batteries<\/p>\n<p>IP65<\/p>\n<p>5 different lighting functions<\/p>\n<p>EAN: 5999097901589<\/p>\n","protected":false},"excerpt":{"rendered":"<p>Flashlight Entac 5W 500lm zoom Focusable flaslight with aluminiub body Set includes bicycle holder Flashlight size: 157*40mm Batteries 3xAAA (not<\/p>\n","protected":false},"featured_media":14518,"template":"","meta":[],"product_brand":[],"product_cat":[306,307,335],"product_tag":[978,603,605,629,604],"class_list":{"0":"post-11719","1":"product","2":"type-product","3":"status-publish","4":"has-post-thumbnail","6":"product_cat-bicycle-lights","7":"product_cat-flashlights","8":"product_cat-sports-and-leisure","9":"product_tag-bicycle-lamp-en","10":"product_tag-entac-en","11":"product_tag-flashlight-en","12":"product_tag-rattalamp-en","13":"product_tag-taskulamp-en","15":"first","16":"instock","17":"taxable","18":"shipping-taxable","19":"purchasable","20":"product-type-simple"},"yoast_head":"<!-- This site is optimized with the Yoast SEO Premium plugin v20.0 (Yoast SEO v27.4) - https:\/\/yoast.com\/product\/yoast-seo-premium-wordpress\/ -->\n<title>Flashlight Entac 5W 500lm ALU zoom with bicycle holder 3AAA - Obender<\/title>\n<meta name=\"robots\" content=\"index, follow, max-snippet:-1, max-image-preview:large, max-video-preview:-1\" \/>\n<link rel=\"canonical\" href=\"https:\/\/obender.eu\/en\/toode\/flashlight-entac-5w-zoom-with-bicycle-holder\/\" \/>\n<meta property=\"og:locale\" content=\"en_US\" \/>\n<meta property=\"og:type\" content=\"article\" \/>\n<meta property=\"og:title\" content=\"Flashlight Entac 5W 500lm ALU zoom with bicycle holder 3AAA\" \/>\n<meta property=\"og:description\" content=\"Flashlight Entac 5W 500lm zoom Focusable flaslight with aluminiub body Set includes bicycle holder Flashlight size: 157*40mm Batteries 3xAAA (not\" \/>\n<meta property=\"og:url\" content=\"https:\/\/obender.eu\/en\/toode\/flashlight-entac-5w-zoom-with-bicycle-holder\/\" \/>\n<meta property=\"og:site_name\" content=\"Obender\" \/>\n<meta property=\"article:modified_time\" content=\"2026-04-20T00:00:55+00:00\" \/>\n<meta property=\"og:image\" content=\"https:\/\/www.obender.eu\/wp-content\/uploads\/2020\/09\/5999097901589.jpg\" \/>\n\t<meta property=\"og:image:width\" content=\"300\" \/>\n\t<meta property=\"og:image:height\" content=\"300\" \/>\n\t<meta property=\"og:image:type\" content=\"image\/jpeg\" \/>\n<meta name=\"twitter:card\" content=\"summary_large_image\" \/>\n<meta name=\"twitter:label1\" content=\"Est. reading time\" \/>\n\t<meta name=\"twitter:data1\" content=\"1 minute\" \/>\n<script type=\"application\/ld+json\" class=\"yoast-schema-graph\">{\"@context\":\"https:\\\/\\\/schema.org\",\"@graph\":[{\"@type\":\"WebPage\",\"@id\":\"https:\\\/\\\/obender.eu\\\/en\\\/toode\\\/flashlight-entac-5w-zoom-with-bicycle-holder\\\/\",\"url\":\"https:\\\/\\\/obender.eu\\\/en\\\/toode\\\/flashlight-entac-5w-zoom-with-bicycle-holder\\\/\",\"name\":\"Flashlight Entac 5W 500lm ALU zoom with bicycle holder 3AAA - Obender\",\"isPartOf\":{\"@id\":\"https:\\\/\\\/www.obender.eu\\\/#website\"},\"primaryImageOfPage\":{\"@id\":\"https:\\\/\\\/obender.eu\\\/en\\\/toode\\\/flashlight-entac-5w-zoom-with-bicycle-holder\\\/#primaryimage\"},\"image\":{\"@id\":\"https:\\\/\\\/obender.eu\\\/en\\\/toode\\\/flashlight-entac-5w-zoom-with-bicycle-holder\\\/#primaryimage\"},\"thumbnailUrl\":\"https:\\\/\\\/obender.eu\\\/wp-content\\\/uploads\\\/2020\\\/09\\\/5999097901589.jpg\",\"datePublished\":\"2020-09-12T08:37:50+00:00\",\"dateModified\":\"2026-04-20T00:00:55+00:00\",\"breadcrumb\":{\"@id\":\"https:\\\/\\\/obender.eu\\\/en\\\/toode\\\/flashlight-entac-5w-zoom-with-bicycle-holder\\\/#breadcrumb\"},\"inLanguage\":\"en-US\",\"potentialAction\":[{\"@type\":\"ReadAction\",\"target\":[\"https:\\\/\\\/obender.eu\\\/en\\\/toode\\\/flashlight-entac-5w-zoom-with-bicycle-holder\\\/\"]}]},{\"@type\":\"ImageObject\",\"inLanguage\":\"en-US\",\"@id\":\"https:\\\/\\\/obender.eu\\\/en\\\/toode\\\/flashlight-entac-5w-zoom-with-bicycle-holder\\\/#primaryimage\",\"url\":\"https:\\\/\\\/obender.eu\\\/wp-content\\\/uploads\\\/2020\\\/09\\\/5999097901589.jpg\",\"contentUrl\":\"https:\\\/\\\/obender.eu\\\/wp-content\\\/uploads\\\/2020\\\/09\\\/5999097901589.jpg\",\"width\":300,\"height\":300},{\"@type\":\"BreadcrumbList\",\"@id\":\"https:\\\/\\\/obender.eu\\\/en\\\/toode\\\/flashlight-entac-5w-zoom-with-bicycle-holder\\\/#breadcrumb\",\"itemListElement\":[{\"@type\":\"ListItem\",\"position\":1,\"name\":\"Home\",\"item\":\"https:\\\/\\\/obender.eu\\\/en\\\/\"},{\"@type\":\"ListItem\",\"position\":2,\"name\":\"Tooted\",\"item\":\"https:\\\/\\\/www.obender.eu\\\/tooted\\\/\"},{\"@type\":\"ListItem\",\"position\":3,\"name\":\"Flashlight Entac 5W 500lm ALU zoom with bicycle holder 3AAA\"}]},{\"@type\":\"WebSite\",\"@id\":\"https:\\\/\\\/www.obender.eu\\\/#website\",\"url\":\"https:\\\/\\\/www.obender.eu\\\/\",\"name\":\"Obender\",\"description\":\"T\u00f6\u00f6stuskaupade hulgim\u00fc\u00fck\",\"potentialAction\":[{\"@type\":\"SearchAction\",\"target\":{\"@type\":\"EntryPoint\",\"urlTemplate\":\"https:\\\/\\\/www.obender.eu\\\/?s={search_term_string}\"},\"query-input\":{\"@type\":\"PropertyValueSpecification\",\"valueRequired\":true,\"valueName\":\"search_term_string\"}}],\"inLanguage\":\"en-US\"}]}<\/script>\n<!-- \/ Yoast SEO Premium plugin. -->","yoast_head_json":{"title":"Flashlight Entac 5W 500lm ALU zoom with bicycle holder 3AAA - Obender","robots":{"index":"index","follow":"follow","max-snippet":"max-snippet:-1","max-image-preview":"max-image-preview:large","max-video-preview":"max-video-preview:-1"},"canonical":"https:\/\/obender.eu\/en\/toode\/flashlight-entac-5w-zoom-with-bicycle-holder\/","og_locale":"en_US","og_type":"article","og_title":"Flashlight Entac 5W 500lm ALU zoom with bicycle holder 3AAA","og_description":"Flashlight Entac 5W 500lm zoom Focusable flaslight with aluminiub body Set includes bicycle holder Flashlight size: 157*40mm Batteries 3xAAA (not","og_url":"https:\/\/obender.eu\/en\/toode\/flashlight-entac-5w-zoom-with-bicycle-holder\/","og_site_name":"Obender","article_modified_time":"2026-04-20T00:00:55+00:00","og_image":[{"width":300,"height":300,"url":"https:\/\/www.obender.eu\/wp-content\/uploads\/2020\/09\/5999097901589.jpg","type":"image\/jpeg"}],"twitter_card":"summary_large_image","twitter_misc":{"Est. reading time":"1 minute"},"schema":{"@context":"https:\/\/schema.org","@graph":[{"@type":"WebPage","@id":"https:\/\/obender.eu\/en\/toode\/flashlight-entac-5w-zoom-with-bicycle-holder\/","url":"https:\/\/obender.eu\/en\/toode\/flashlight-entac-5w-zoom-with-bicycle-holder\/","name":"Flashlight Entac 5W 500lm ALU zoom with bicycle holder 3AAA - Obender","isPartOf":{"@id":"https:\/\/www.obender.eu\/#website"},"primaryImageOfPage":{"@id":"https:\/\/obender.eu\/en\/toode\/flashlight-entac-5w-zoom-with-bicycle-holder\/#primaryimage"},"image":{"@id":"https:\/\/obender.eu\/en\/toode\/flashlight-entac-5w-zoom-with-bicycle-holder\/#primaryimage"},"thumbnailUrl":"https:\/\/obender.eu\/wp-content\/uploads\/2020\/09\/5999097901589.jpg","datePublished":"2020-09-12T08:37:50+00:00","dateModified":"2026-04-20T00:00:55+00:00","breadcrumb":{"@id":"https:\/\/obender.eu\/en\/toode\/flashlight-entac-5w-zoom-with-bicycle-holder\/#breadcrumb"},"inLanguage":"en-US","potentialAction":[{"@type":"ReadAction","target":["https:\/\/obender.eu\/en\/toode\/flashlight-entac-5w-zoom-with-bicycle-holder\/"]}]},{"@type":"ImageObject","inLanguage":"en-US","@id":"https:\/\/obender.eu\/en\/toode\/flashlight-entac-5w-zoom-with-bicycle-holder\/#primaryimage","url":"https:\/\/obender.eu\/wp-content\/uploads\/2020\/09\/5999097901589.jpg","contentUrl":"https:\/\/obender.eu\/wp-content\/uploads\/2020\/09\/5999097901589.jpg","width":300,"height":300},{"@type":"BreadcrumbList","@id":"https:\/\/obender.eu\/en\/toode\/flashlight-entac-5w-zoom-with-bicycle-holder\/#breadcrumb","itemListElement":[{"@type":"ListItem","position":1,"name":"Home","item":"https:\/\/obender.eu\/en\/"},{"@type":"ListItem","position":2,"name":"Tooted","item":"https:\/\/www.obender.eu\/tooted\/"},{"@type":"ListItem","position":3,"name":"Flashlight Entac 5W 500lm ALU zoom with bicycle holder 3AAA"}]},{"@type":"WebSite","@id":"https:\/\/www.obender.eu\/#website","url":"https:\/\/www.obender.eu\/","name":"Obender","description":"T\u00f6\u00f6stuskaupade hulgim\u00fc\u00fck","potentialAction":[{"@type":"SearchAction","target":{"@type":"EntryPoint","urlTemplate":"https:\/\/www.obender.eu\/?s={search_term_string}"},"query-input":{"@type":"PropertyValueSpecification","valueRequired":true,"valueName":"search_term_string"}}],"inLanguage":"en-US"}]}},"_links":{"self":[{"href":"https:\/\/obender.eu\/en\/wp-json\/wp\/v2\/product\/11719","targetHints":{"allow":["GET"]}}],"collection":[{"href":"https:\/\/obender.eu\/en\/wp-json\/wp\/v2\/product"}],"about":[{"href":"https:\/\/obender.eu\/en\/wp-json\/wp\/v2\/types\/product"}],"version-history":[{"count":4,"href":"https:\/\/obender.eu\/en\/wp-json\/wp\/v2\/product\/11719\/revisions"}],"predecessor-version":[{"id":25186,"href":"https:\/\/obender.eu\/en\/wp-json\/wp\/v2\/product\/11719\/revisions\/25186"}],"wp:featuredmedia":[{"embeddable":true,"href":"https:\/\/obender.eu\/en\/wp-json\/wp\/v2\/media\/14518"}],"wp:attachment":[{"href":"https:\/\/obender.eu\/en\/wp-json\/wp\/v2\/media?parent=11719"}],"wp:term":[{"taxonomy":"product_brand","embeddable":true,"href":"https:\/\/obender.eu\/en\/wp-json\/wp\/v2\/product_brand?post=11719"},{"taxonomy":"product_cat","embeddable":true,"href":"https:\/\/obender.eu\/en\/wp-json\/wp\/v2\/product_cat?post=11719"},{"taxonomy":"product_tag","embeddable":true,"href":"https:\/\/obender.eu\/en\/wp-json\/wp\/v2\/product_tag?post=11719"}],"curies":[{"name":"wp","href":"https:\/\/api.w.org\/{rel}","templated":true}]}}