{"id":11732,"date":"2020-09-12T13:44:42","date_gmt":"2020-09-12T10:44:42","guid":{"rendered":"https:\/\/obender.eu\/toode\/bicycle-lamp-set-entac-2x05w-silicone-whitered\/"},"modified":"2026-04-20T02:00:53","modified_gmt":"2026-04-19T23:00:53","slug":"rattalamp-entac-2x05w-silikoon-valgepunane","status":"publish","type":"product","link":"https:\/\/obender.eu\/en\/toode\/rattalamp-entac-2x05w-silikoon-valgepunane\/","title":{"rendered":"Entac bicycle light set silicone 2x1W 50lm"},"content":{"rendered":"<p>Entac bicycle light set silicone body<\/p>\n<p>Front light white 1W 50lm, rear light red 1W 50lm<\/p>\n<p>Energy source: 2*CR2032 (included)<\/p>\n<p>IP65<\/p>\n<p>3 functions<\/p>\n<p>Run time max 160h<\/p>\n<p>EAN: 5999097901688<\/p>\n","protected":false},"excerpt":{"rendered":"<p>Entac bicycle light set silicone body Front light white 1W 50lm, rear light red 1W 50lm Energy source: 2*CR2032 (included)<\/p>\n","protected":false},"featured_media":14516,"template":"","meta":[],"product_brand":[],"product_cat":[306,335],"product_tag":[978,603,629],"class_list":{"0":"post-11732","1":"product","2":"type-product","3":"status-publish","4":"has-post-thumbnail","6":"product_cat-bicycle-lights","7":"product_cat-sports-and-leisure","8":"product_tag-bicycle-lamp-en","9":"product_tag-entac-en","10":"product_tag-rattalamp-en","12":"first","13":"instock","14":"taxable","15":"shipping-taxable","16":"purchasable","17":"product-type-simple"},"yoast_head":"<!-- This site is optimized with the Yoast SEO Premium plugin v20.0 (Yoast SEO v27.4) - https:\/\/yoast.com\/product\/yoast-seo-premium-wordpress\/ -->\n<title>Entac bicycle light set silicone 2x1W 50lm - Obender<\/title>\n<meta name=\"robots\" content=\"index, follow, max-snippet:-1, max-image-preview:large, max-video-preview:-1\" \/>\n<link rel=\"canonical\" href=\"https:\/\/obender.eu\/en\/toode\/rattalamp-entac-2x05w-silikoon-valgepunane\/\" \/>\n<meta property=\"og:locale\" content=\"en_US\" \/>\n<meta property=\"og:type\" content=\"article\" \/>\n<meta property=\"og:title\" content=\"Entac bicycle light set silicone 2x1W 50lm\" \/>\n<meta property=\"og:description\" content=\"Entac bicycle light set silicone body Front light white 1W 50lm, rear light red 1W 50lm Energy source: 2*CR2032 (included)\" \/>\n<meta property=\"og:url\" content=\"https:\/\/obender.eu\/en\/toode\/rattalamp-entac-2x05w-silikoon-valgepunane\/\" \/>\n<meta property=\"og:site_name\" content=\"Obender\" \/>\n<meta property=\"article:modified_time\" content=\"2026-04-19T23:00:53+00:00\" \/>\n<meta property=\"og:image\" content=\"https:\/\/www.obender.eu\/wp-content\/uploads\/2020\/09\/5999097901688-1.jpg\" \/>\n\t<meta property=\"og:image:width\" content=\"300\" \/>\n\t<meta property=\"og:image:height\" content=\"300\" \/>\n\t<meta property=\"og:image:type\" content=\"image\/jpeg\" \/>\n<meta name=\"twitter:card\" content=\"summary_large_image\" \/>\n<meta name=\"twitter:label1\" content=\"Est. reading time\" \/>\n\t<meta name=\"twitter:data1\" content=\"1 minute\" \/>\n<script type=\"application\/ld+json\" class=\"yoast-schema-graph\">{\"@context\":\"https:\\\/\\\/schema.org\",\"@graph\":[{\"@type\":\"WebPage\",\"@id\":\"https:\\\/\\\/obender.eu\\\/en\\\/toode\\\/rattalamp-entac-2x05w-silikoon-valgepunane\\\/\",\"url\":\"https:\\\/\\\/obender.eu\\\/en\\\/toode\\\/rattalamp-entac-2x05w-silikoon-valgepunane\\\/\",\"name\":\"Entac bicycle light set silicone 2x1W 50lm - Obender\",\"isPartOf\":{\"@id\":\"https:\\\/\\\/www.obender.eu\\\/#website\"},\"primaryImageOfPage\":{\"@id\":\"https:\\\/\\\/obender.eu\\\/en\\\/toode\\\/rattalamp-entac-2x05w-silikoon-valgepunane\\\/#primaryimage\"},\"image\":{\"@id\":\"https:\\\/\\\/obender.eu\\\/en\\\/toode\\\/rattalamp-entac-2x05w-silikoon-valgepunane\\\/#primaryimage\"},\"thumbnailUrl\":\"https:\\\/\\\/obender.eu\\\/wp-content\\\/uploads\\\/2020\\\/09\\\/5999097901688-1.jpg\",\"datePublished\":\"2020-09-12T10:44:42+00:00\",\"dateModified\":\"2026-04-19T23:00:53+00:00\",\"breadcrumb\":{\"@id\":\"https:\\\/\\\/obender.eu\\\/en\\\/toode\\\/rattalamp-entac-2x05w-silikoon-valgepunane\\\/#breadcrumb\"},\"inLanguage\":\"en-US\",\"potentialAction\":[{\"@type\":\"ReadAction\",\"target\":[\"https:\\\/\\\/obender.eu\\\/en\\\/toode\\\/rattalamp-entac-2x05w-silikoon-valgepunane\\\/\"]}]},{\"@type\":\"ImageObject\",\"inLanguage\":\"en-US\",\"@id\":\"https:\\\/\\\/obender.eu\\\/en\\\/toode\\\/rattalamp-entac-2x05w-silikoon-valgepunane\\\/#primaryimage\",\"url\":\"https:\\\/\\\/obender.eu\\\/wp-content\\\/uploads\\\/2020\\\/09\\\/5999097901688-1.jpg\",\"contentUrl\":\"https:\\\/\\\/obender.eu\\\/wp-content\\\/uploads\\\/2020\\\/09\\\/5999097901688-1.jpg\",\"width\":300,\"height\":300},{\"@type\":\"BreadcrumbList\",\"@id\":\"https:\\\/\\\/obender.eu\\\/en\\\/toode\\\/rattalamp-entac-2x05w-silikoon-valgepunane\\\/#breadcrumb\",\"itemListElement\":[{\"@type\":\"ListItem\",\"position\":1,\"name\":\"Home\",\"item\":\"https:\\\/\\\/obender.eu\\\/en\\\/\"},{\"@type\":\"ListItem\",\"position\":2,\"name\":\"Tooted\",\"item\":\"https:\\\/\\\/www.obender.eu\\\/tooted\\\/\"},{\"@type\":\"ListItem\",\"position\":3,\"name\":\"Entac bicycle light set silicone 2x1W 50lm\"}]},{\"@type\":\"WebSite\",\"@id\":\"https:\\\/\\\/www.obender.eu\\\/#website\",\"url\":\"https:\\\/\\\/www.obender.eu\\\/\",\"name\":\"Obender\",\"description\":\"T\u00f6\u00f6stuskaupade hulgim\u00fc\u00fck\",\"potentialAction\":[{\"@type\":\"SearchAction\",\"target\":{\"@type\":\"EntryPoint\",\"urlTemplate\":\"https:\\\/\\\/www.obender.eu\\\/?s={search_term_string}\"},\"query-input\":{\"@type\":\"PropertyValueSpecification\",\"valueRequired\":true,\"valueName\":\"search_term_string\"}}],\"inLanguage\":\"en-US\"}]}<\/script>\n<!-- \/ Yoast SEO Premium plugin. -->","yoast_head_json":{"title":"Entac bicycle light set silicone 2x1W 50lm - Obender","robots":{"index":"index","follow":"follow","max-snippet":"max-snippet:-1","max-image-preview":"max-image-preview:large","max-video-preview":"max-video-preview:-1"},"canonical":"https:\/\/obender.eu\/en\/toode\/rattalamp-entac-2x05w-silikoon-valgepunane\/","og_locale":"en_US","og_type":"article","og_title":"Entac bicycle light set silicone 2x1W 50lm","og_description":"Entac bicycle light set silicone body Front light white 1W 50lm, rear light red 1W 50lm Energy source: 2*CR2032 (included)","og_url":"https:\/\/obender.eu\/en\/toode\/rattalamp-entac-2x05w-silikoon-valgepunane\/","og_site_name":"Obender","article_modified_time":"2026-04-19T23:00:53+00:00","og_image":[{"width":300,"height":300,"url":"https:\/\/www.obender.eu\/wp-content\/uploads\/2020\/09\/5999097901688-1.jpg","type":"image\/jpeg"}],"twitter_card":"summary_large_image","twitter_misc":{"Est. reading time":"1 minute"},"schema":{"@context":"https:\/\/schema.org","@graph":[{"@type":"WebPage","@id":"https:\/\/obender.eu\/en\/toode\/rattalamp-entac-2x05w-silikoon-valgepunane\/","url":"https:\/\/obender.eu\/en\/toode\/rattalamp-entac-2x05w-silikoon-valgepunane\/","name":"Entac bicycle light set silicone 2x1W 50lm - Obender","isPartOf":{"@id":"https:\/\/www.obender.eu\/#website"},"primaryImageOfPage":{"@id":"https:\/\/obender.eu\/en\/toode\/rattalamp-entac-2x05w-silikoon-valgepunane\/#primaryimage"},"image":{"@id":"https:\/\/obender.eu\/en\/toode\/rattalamp-entac-2x05w-silikoon-valgepunane\/#primaryimage"},"thumbnailUrl":"https:\/\/obender.eu\/wp-content\/uploads\/2020\/09\/5999097901688-1.jpg","datePublished":"2020-09-12T10:44:42+00:00","dateModified":"2026-04-19T23:00:53+00:00","breadcrumb":{"@id":"https:\/\/obender.eu\/en\/toode\/rattalamp-entac-2x05w-silikoon-valgepunane\/#breadcrumb"},"inLanguage":"en-US","potentialAction":[{"@type":"ReadAction","target":["https:\/\/obender.eu\/en\/toode\/rattalamp-entac-2x05w-silikoon-valgepunane\/"]}]},{"@type":"ImageObject","inLanguage":"en-US","@id":"https:\/\/obender.eu\/en\/toode\/rattalamp-entac-2x05w-silikoon-valgepunane\/#primaryimage","url":"https:\/\/obender.eu\/wp-content\/uploads\/2020\/09\/5999097901688-1.jpg","contentUrl":"https:\/\/obender.eu\/wp-content\/uploads\/2020\/09\/5999097901688-1.jpg","width":300,"height":300},{"@type":"BreadcrumbList","@id":"https:\/\/obender.eu\/en\/toode\/rattalamp-entac-2x05w-silikoon-valgepunane\/#breadcrumb","itemListElement":[{"@type":"ListItem","position":1,"name":"Home","item":"https:\/\/obender.eu\/en\/"},{"@type":"ListItem","position":2,"name":"Tooted","item":"https:\/\/www.obender.eu\/tooted\/"},{"@type":"ListItem","position":3,"name":"Entac bicycle light set silicone 2x1W 50lm"}]},{"@type":"WebSite","@id":"https:\/\/www.obender.eu\/#website","url":"https:\/\/www.obender.eu\/","name":"Obender","description":"T\u00f6\u00f6stuskaupade hulgim\u00fc\u00fck","potentialAction":[{"@type":"SearchAction","target":{"@type":"EntryPoint","urlTemplate":"https:\/\/www.obender.eu\/?s={search_term_string}"},"query-input":{"@type":"PropertyValueSpecification","valueRequired":true,"valueName":"search_term_string"}}],"inLanguage":"en-US"}]}},"_links":{"self":[{"href":"https:\/\/obender.eu\/en\/wp-json\/wp\/v2\/product\/11732","targetHints":{"allow":["GET"]}}],"collection":[{"href":"https:\/\/obender.eu\/en\/wp-json\/wp\/v2\/product"}],"about":[{"href":"https:\/\/obender.eu\/en\/wp-json\/wp\/v2\/types\/product"}],"version-history":[{"count":2,"href":"https:\/\/obender.eu\/en\/wp-json\/wp\/v2\/product\/11732\/revisions"}],"predecessor-version":[{"id":25181,"href":"https:\/\/obender.eu\/en\/wp-json\/wp\/v2\/product\/11732\/revisions\/25181"}],"wp:featuredmedia":[{"embeddable":true,"href":"https:\/\/obender.eu\/en\/wp-json\/wp\/v2\/media\/14516"}],"wp:attachment":[{"href":"https:\/\/obender.eu\/en\/wp-json\/wp\/v2\/media?parent=11732"}],"wp:term":[{"taxonomy":"product_brand","embeddable":true,"href":"https:\/\/obender.eu\/en\/wp-json\/wp\/v2\/product_brand?post=11732"},{"taxonomy":"product_cat","embeddable":true,"href":"https:\/\/obender.eu\/en\/wp-json\/wp\/v2\/product_cat?post=11732"},{"taxonomy":"product_tag","embeddable":true,"href":"https:\/\/obender.eu\/en\/wp-json\/wp\/v2\/product_tag?post=11732"}],"curies":[{"name":"wp","href":"https:\/\/api.w.org\/{rel}","templated":true}]}}