{"id":11752,"date":"2020-09-12T14:23:56","date_gmt":"2020-09-12T11:23:56","guid":{"rendered":"https:\/\/obender.eu\/?post_type=product&#038;p=11752"},"modified":"2026-04-20T03:00:38","modified_gmt":"2026-04-20T00:00:38","slug":"bicycle-light-2w-cob-led-rechargeable","status":"publish","type":"product","link":"https:\/\/obender.eu\/en\/toode\/bicycle-light-2w-cob-led-rechargeable\/","title":{"rendered":"Entac bicycle helmet light COB 2W 100lm IP44 Li-ion"},"content":{"rendered":"<p>Entac bicycle helmet light COB 2W 100lm IP44 Li-ion<\/p>\n<p>EAN: 5999097977904<\/p>\n<p>Entac Bikelight Plastic COB Rechargeable<\/p>\n<p>Light source: 2W COB, 100lm<\/p>\n<p>Max run time 5h<\/p>\n<p>Range 10m<\/p>\n<p>Light size 85*12*22mm<\/p>\n","protected":false},"excerpt":{"rendered":"<p>Entac bicycle helmet light COB 2W 100lm IP44 Li-ion EAN: 5999097977904 Entac Bikelight Plastic COB Rechargeable Light source: 2W COB,<\/p>\n","protected":false},"featured_media":11730,"template":"","meta":[],"product_brand":[],"product_cat":[306,373,320,335,308],"product_tag":[583,603,939,1214,629],"class_list":{"0":"post-11752","1":"product","2":"type-product","3":"status-publish","4":"has-post-thumbnail","6":"product_cat-bicycle-lights","7":"product_cat-tooriistad-ja-ehitus","8":"product_cat-headlamps","9":"product_cat-sports-and-leisure","10":"product_cat-industrial-luminaires","11":"product_tag-bicycle-en","12":"product_tag-entac-en","13":"product_tag-helmet-en","14":"product_tag-kiivrilamp","15":"product_tag-rattalamp-en","17":"first","18":"instock","19":"taxable","20":"shipping-taxable","21":"purchasable","22":"product-type-simple"},"yoast_head":"<!-- This site is optimized with the Yoast SEO Premium plugin v20.0 (Yoast SEO v27.4) - https:\/\/yoast.com\/product\/yoast-seo-premium-wordpress\/ -->\n<title>Entac bicycle helmet light COB 2W 100lm IP44 Li-ion - Obender<\/title>\n<meta name=\"robots\" content=\"index, follow, max-snippet:-1, max-image-preview:large, max-video-preview:-1\" \/>\n<link rel=\"canonical\" href=\"https:\/\/obender.eu\/en\/toode\/bicycle-light-2w-cob-led-rechargeable\/\" \/>\n<meta property=\"og:locale\" content=\"en_US\" \/>\n<meta property=\"og:type\" content=\"article\" \/>\n<meta property=\"og:title\" content=\"Entac bicycle helmet light COB 2W 100lm IP44 Li-ion\" \/>\n<meta property=\"og:description\" content=\"Entac bicycle helmet light COB 2W 100lm IP44 Li-ion EAN: 5999097977904 Entac Bikelight Plastic COB Rechargeable Light source: 2W COB,\" \/>\n<meta property=\"og:url\" content=\"https:\/\/obender.eu\/en\/toode\/bicycle-light-2w-cob-led-rechargeable\/\" \/>\n<meta property=\"og:site_name\" content=\"Obender\" \/>\n<meta property=\"article:modified_time\" content=\"2026-04-20T00:00:38+00:00\" \/>\n<meta property=\"og:image\" content=\"https:\/\/www.obender.eu\/wp-content\/uploads\/2020\/09\/5999097977904.jpg\" \/>\n\t<meta property=\"og:image:width\" content=\"464\" \/>\n\t<meta property=\"og:image:height\" content=\"464\" \/>\n\t<meta property=\"og:image:type\" content=\"image\/jpeg\" \/>\n<meta name=\"twitter:card\" content=\"summary_large_image\" \/>\n<meta name=\"twitter:label1\" content=\"Est. reading time\" \/>\n\t<meta name=\"twitter:data1\" content=\"1 minute\" \/>\n<script type=\"application\/ld+json\" class=\"yoast-schema-graph\">{\"@context\":\"https:\\\/\\\/schema.org\",\"@graph\":[{\"@type\":\"WebPage\",\"@id\":\"https:\\\/\\\/obender.eu\\\/en\\\/toode\\\/bicycle-light-2w-cob-led-rechargeable\\\/\",\"url\":\"https:\\\/\\\/obender.eu\\\/en\\\/toode\\\/bicycle-light-2w-cob-led-rechargeable\\\/\",\"name\":\"Entac bicycle helmet light COB 2W 100lm IP44 Li-ion - Obender\",\"isPartOf\":{\"@id\":\"https:\\\/\\\/www.obender.eu\\\/#website\"},\"primaryImageOfPage\":{\"@id\":\"https:\\\/\\\/obender.eu\\\/en\\\/toode\\\/bicycle-light-2w-cob-led-rechargeable\\\/#primaryimage\"},\"image\":{\"@id\":\"https:\\\/\\\/obender.eu\\\/en\\\/toode\\\/bicycle-light-2w-cob-led-rechargeable\\\/#primaryimage\"},\"thumbnailUrl\":\"https:\\\/\\\/obender.eu\\\/wp-content\\\/uploads\\\/2020\\\/09\\\/5999097977904.jpg\",\"datePublished\":\"2020-09-12T11:23:56+00:00\",\"dateModified\":\"2026-04-20T00:00:38+00:00\",\"breadcrumb\":{\"@id\":\"https:\\\/\\\/obender.eu\\\/en\\\/toode\\\/bicycle-light-2w-cob-led-rechargeable\\\/#breadcrumb\"},\"inLanguage\":\"en-US\",\"potentialAction\":[{\"@type\":\"ReadAction\",\"target\":[\"https:\\\/\\\/obender.eu\\\/en\\\/toode\\\/bicycle-light-2w-cob-led-rechargeable\\\/\"]}]},{\"@type\":\"ImageObject\",\"inLanguage\":\"en-US\",\"@id\":\"https:\\\/\\\/obender.eu\\\/en\\\/toode\\\/bicycle-light-2w-cob-led-rechargeable\\\/#primaryimage\",\"url\":\"https:\\\/\\\/obender.eu\\\/wp-content\\\/uploads\\\/2020\\\/09\\\/5999097977904.jpg\",\"contentUrl\":\"https:\\\/\\\/obender.eu\\\/wp-content\\\/uploads\\\/2020\\\/09\\\/5999097977904.jpg\",\"width\":464,\"height\":464},{\"@type\":\"BreadcrumbList\",\"@id\":\"https:\\\/\\\/obender.eu\\\/en\\\/toode\\\/bicycle-light-2w-cob-led-rechargeable\\\/#breadcrumb\",\"itemListElement\":[{\"@type\":\"ListItem\",\"position\":1,\"name\":\"Home\",\"item\":\"https:\\\/\\\/obender.eu\\\/en\\\/\"},{\"@type\":\"ListItem\",\"position\":2,\"name\":\"Tooted\",\"item\":\"https:\\\/\\\/www.obender.eu\\\/tooted\\\/\"},{\"@type\":\"ListItem\",\"position\":3,\"name\":\"Entac bicycle helmet light COB 2W 100lm IP44 Li-ion\"}]},{\"@type\":\"WebSite\",\"@id\":\"https:\\\/\\\/www.obender.eu\\\/#website\",\"url\":\"https:\\\/\\\/www.obender.eu\\\/\",\"name\":\"Obender\",\"description\":\"T\u00f6\u00f6stuskaupade hulgim\u00fc\u00fck\",\"potentialAction\":[{\"@type\":\"SearchAction\",\"target\":{\"@type\":\"EntryPoint\",\"urlTemplate\":\"https:\\\/\\\/www.obender.eu\\\/?s={search_term_string}\"},\"query-input\":{\"@type\":\"PropertyValueSpecification\",\"valueRequired\":true,\"valueName\":\"search_term_string\"}}],\"inLanguage\":\"en-US\"}]}<\/script>\n<!-- \/ Yoast SEO Premium plugin. -->","yoast_head_json":{"title":"Entac bicycle helmet light COB 2W 100lm IP44 Li-ion - Obender","robots":{"index":"index","follow":"follow","max-snippet":"max-snippet:-1","max-image-preview":"max-image-preview:large","max-video-preview":"max-video-preview:-1"},"canonical":"https:\/\/obender.eu\/en\/toode\/bicycle-light-2w-cob-led-rechargeable\/","og_locale":"en_US","og_type":"article","og_title":"Entac bicycle helmet light COB 2W 100lm IP44 Li-ion","og_description":"Entac bicycle helmet light COB 2W 100lm IP44 Li-ion EAN: 5999097977904 Entac Bikelight Plastic COB Rechargeable Light source: 2W COB,","og_url":"https:\/\/obender.eu\/en\/toode\/bicycle-light-2w-cob-led-rechargeable\/","og_site_name":"Obender","article_modified_time":"2026-04-20T00:00:38+00:00","og_image":[{"width":464,"height":464,"url":"https:\/\/www.obender.eu\/wp-content\/uploads\/2020\/09\/5999097977904.jpg","type":"image\/jpeg"}],"twitter_card":"summary_large_image","twitter_misc":{"Est. reading time":"1 minute"},"schema":{"@context":"https:\/\/schema.org","@graph":[{"@type":"WebPage","@id":"https:\/\/obender.eu\/en\/toode\/bicycle-light-2w-cob-led-rechargeable\/","url":"https:\/\/obender.eu\/en\/toode\/bicycle-light-2w-cob-led-rechargeable\/","name":"Entac bicycle helmet light COB 2W 100lm IP44 Li-ion - Obender","isPartOf":{"@id":"https:\/\/www.obender.eu\/#website"},"primaryImageOfPage":{"@id":"https:\/\/obender.eu\/en\/toode\/bicycle-light-2w-cob-led-rechargeable\/#primaryimage"},"image":{"@id":"https:\/\/obender.eu\/en\/toode\/bicycle-light-2w-cob-led-rechargeable\/#primaryimage"},"thumbnailUrl":"https:\/\/obender.eu\/wp-content\/uploads\/2020\/09\/5999097977904.jpg","datePublished":"2020-09-12T11:23:56+00:00","dateModified":"2026-04-20T00:00:38+00:00","breadcrumb":{"@id":"https:\/\/obender.eu\/en\/toode\/bicycle-light-2w-cob-led-rechargeable\/#breadcrumb"},"inLanguage":"en-US","potentialAction":[{"@type":"ReadAction","target":["https:\/\/obender.eu\/en\/toode\/bicycle-light-2w-cob-led-rechargeable\/"]}]},{"@type":"ImageObject","inLanguage":"en-US","@id":"https:\/\/obender.eu\/en\/toode\/bicycle-light-2w-cob-led-rechargeable\/#primaryimage","url":"https:\/\/obender.eu\/wp-content\/uploads\/2020\/09\/5999097977904.jpg","contentUrl":"https:\/\/obender.eu\/wp-content\/uploads\/2020\/09\/5999097977904.jpg","width":464,"height":464},{"@type":"BreadcrumbList","@id":"https:\/\/obender.eu\/en\/toode\/bicycle-light-2w-cob-led-rechargeable\/#breadcrumb","itemListElement":[{"@type":"ListItem","position":1,"name":"Home","item":"https:\/\/obender.eu\/en\/"},{"@type":"ListItem","position":2,"name":"Tooted","item":"https:\/\/www.obender.eu\/tooted\/"},{"@type":"ListItem","position":3,"name":"Entac bicycle helmet light COB 2W 100lm IP44 Li-ion"}]},{"@type":"WebSite","@id":"https:\/\/www.obender.eu\/#website","url":"https:\/\/www.obender.eu\/","name":"Obender","description":"T\u00f6\u00f6stuskaupade hulgim\u00fc\u00fck","potentialAction":[{"@type":"SearchAction","target":{"@type":"EntryPoint","urlTemplate":"https:\/\/www.obender.eu\/?s={search_term_string}"},"query-input":{"@type":"PropertyValueSpecification","valueRequired":true,"valueName":"search_term_string"}}],"inLanguage":"en-US"}]}},"_links":{"self":[{"href":"https:\/\/obender.eu\/en\/wp-json\/wp\/v2\/product\/11752","targetHints":{"allow":["GET"]}}],"collection":[{"href":"https:\/\/obender.eu\/en\/wp-json\/wp\/v2\/product"}],"about":[{"href":"https:\/\/obender.eu\/en\/wp-json\/wp\/v2\/types\/product"}],"version-history":[{"count":5,"href":"https:\/\/obender.eu\/en\/wp-json\/wp\/v2\/product\/11752\/revisions"}],"predecessor-version":[{"id":25171,"href":"https:\/\/obender.eu\/en\/wp-json\/wp\/v2\/product\/11752\/revisions\/25171"}],"wp:featuredmedia":[{"embeddable":true,"href":"https:\/\/obender.eu\/en\/wp-json\/wp\/v2\/media\/11730"}],"wp:attachment":[{"href":"https:\/\/obender.eu\/en\/wp-json\/wp\/v2\/media?parent=11752"}],"wp:term":[{"taxonomy":"product_brand","embeddable":true,"href":"https:\/\/obender.eu\/en\/wp-json\/wp\/v2\/product_brand?post=11752"},{"taxonomy":"product_cat","embeddable":true,"href":"https:\/\/obender.eu\/en\/wp-json\/wp\/v2\/product_cat?post=11752"},{"taxonomy":"product_tag","embeddable":true,"href":"https:\/\/obender.eu\/en\/wp-json\/wp\/v2\/product_tag?post=11752"}],"curies":[{"name":"wp","href":"https:\/\/api.w.org\/{rel}","templated":true}]}}