{"id":11930,"date":"2020-09-15T23:29:46","date_gmt":"2020-09-15T20:29:46","guid":{"rendered":"https:\/\/obender.eu\/?post_type=product&#038;p=11930"},"modified":"2026-04-18T23:00:33","modified_gmt":"2026-04-18T20:00:33","slug":"cr2-varta-liitium","status":"publish","type":"product","link":"https:\/\/obender.eu\/en\/toode\/cr2-varta-liitium\/","title":{"rendered":"Battery Varta Lithium CR2 3,0V 920mAh"},"content":{"rendered":"<p>Battery Varta Lithium CR2 3,0V 920mAh<\/p>\n<p>SKU: 6206301401<\/p>\n<p>CR15H270<\/p>\n<p>EAN: 4008496537365<\/p>\n","protected":false},"excerpt":{"rendered":"<p>Battery Varta Lithium CR2 3,0V 920mAh SKU: 6206301401 CR15H270 EAN: 4008496537365<\/p>\n","protected":false},"featured_media":17443,"template":"","meta":[],"product_brand":[],"product_cat":[286,289],"product_tag":[873,1209,1189,1190,874,494],"class_list":{"0":"post-11930","1":"product","2":"type-product","3":"status-publish","4":"has-post-thumbnail","6":"product_cat-batteries","7":"product_cat-photo-lithium","8":"product_tag-battery-en","9":"product_tag-cr2-en","10":"product_tag-liitium-en","11":"product_tag-lithium-en","12":"product_tag-patarei-en","13":"product_tag-varta-en","15":"first","16":"instock","17":"taxable","18":"shipping-taxable","19":"purchasable","20":"product-type-simple"},"yoast_head":"<!-- This site is optimized with the Yoast SEO Premium plugin v20.0 (Yoast SEO v27.4) - https:\/\/yoast.com\/product\/yoast-seo-premium-wordpress\/ -->\n<title>Battery Varta Lithium CR2 3,0V 920mAh - Obender<\/title>\n<meta name=\"robots\" content=\"index, follow, max-snippet:-1, max-image-preview:large, max-video-preview:-1\" \/>\n<link rel=\"canonical\" href=\"https:\/\/obender.eu\/toode\/cr2-varta-liitium\/\" \/>\n<meta property=\"og:locale\" content=\"en_US\" \/>\n<meta property=\"og:type\" content=\"article\" \/>\n<meta property=\"og:title\" content=\"Battery Varta Lithium CR2 3,0V 920mAh\" \/>\n<meta property=\"og:description\" content=\"Battery Varta Lithium CR2 3,0V 920mAh SKU: 6206301401 CR15H270 EAN: 4008496537365\" \/>\n<meta property=\"og:url\" content=\"https:\/\/obender.eu\/toode\/cr2-varta-liitium\/\" \/>\n<meta property=\"og:site_name\" content=\"Obender\" \/>\n<meta property=\"article:modified_time\" content=\"2026-04-18T20:00:33+00:00\" \/>\n<meta property=\"og:image\" content=\"https:\/\/obender.eu\/wp-content\/uploads\/2020\/09\/4008496537365-1.jpg\" \/>\n\t<meta property=\"og:image:width\" content=\"601\" \/>\n\t<meta property=\"og:image:height\" content=\"600\" \/>\n\t<meta property=\"og:image:type\" content=\"image\/jpeg\" \/>\n<meta name=\"twitter:card\" content=\"summary_large_image\" \/>\n<meta name=\"twitter:label1\" content=\"Est. reading time\" \/>\n\t<meta name=\"twitter:data1\" content=\"1 minute\" \/>\n<script type=\"application\/ld+json\" class=\"yoast-schema-graph\">{\"@context\":\"https:\\\/\\\/schema.org\",\"@graph\":[{\"@type\":\"WebPage\",\"@id\":\"https:\\\/\\\/obender.eu\\\/toode\\\/cr2-varta-liitium\\\/\",\"url\":\"https:\\\/\\\/obender.eu\\\/toode\\\/cr2-varta-liitium\\\/\",\"name\":\"Battery Varta Lithium CR2 3,0V 920mAh - Obender\",\"isPartOf\":{\"@id\":\"https:\\\/\\\/www.obender.eu\\\/#website\"},\"primaryImageOfPage\":{\"@id\":\"https:\\\/\\\/obender.eu\\\/toode\\\/cr2-varta-liitium\\\/#primaryimage\"},\"image\":{\"@id\":\"https:\\\/\\\/obender.eu\\\/toode\\\/cr2-varta-liitium\\\/#primaryimage\"},\"thumbnailUrl\":\"https:\\\/\\\/obender.eu\\\/wp-content\\\/uploads\\\/2020\\\/09\\\/4008496537365-1.jpg\",\"datePublished\":\"2020-09-15T20:29:46+00:00\",\"dateModified\":\"2026-04-18T20:00:33+00:00\",\"breadcrumb\":{\"@id\":\"https:\\\/\\\/obender.eu\\\/toode\\\/cr2-varta-liitium\\\/#breadcrumb\"},\"inLanguage\":\"en-US\",\"potentialAction\":[{\"@type\":\"ReadAction\",\"target\":[\"https:\\\/\\\/obender.eu\\\/toode\\\/cr2-varta-liitium\\\/\"]}]},{\"@type\":\"ImageObject\",\"inLanguage\":\"en-US\",\"@id\":\"https:\\\/\\\/obender.eu\\\/toode\\\/cr2-varta-liitium\\\/#primaryimage\",\"url\":\"https:\\\/\\\/obender.eu\\\/wp-content\\\/uploads\\\/2020\\\/09\\\/4008496537365-1.jpg\",\"contentUrl\":\"https:\\\/\\\/obender.eu\\\/wp-content\\\/uploads\\\/2020\\\/09\\\/4008496537365-1.jpg\",\"width\":601,\"height\":600},{\"@type\":\"BreadcrumbList\",\"@id\":\"https:\\\/\\\/obender.eu\\\/toode\\\/cr2-varta-liitium\\\/#breadcrumb\",\"itemListElement\":[{\"@type\":\"ListItem\",\"position\":1,\"name\":\"Home\",\"item\":\"https:\\\/\\\/obender.eu\\\/en\\\/\"},{\"@type\":\"ListItem\",\"position\":2,\"name\":\"Tooted\",\"item\":\"https:\\\/\\\/www.obender.eu\\\/tooted\\\/\"},{\"@type\":\"ListItem\",\"position\":3,\"name\":\"Battery Varta Lithium CR2 3,0V 920mAh\"}]},{\"@type\":\"WebSite\",\"@id\":\"https:\\\/\\\/www.obender.eu\\\/#website\",\"url\":\"https:\\\/\\\/www.obender.eu\\\/\",\"name\":\"Obender\",\"description\":\"T\u00f6\u00f6stuskaupade hulgim\u00fc\u00fck\",\"potentialAction\":[{\"@type\":\"SearchAction\",\"target\":{\"@type\":\"EntryPoint\",\"urlTemplate\":\"https:\\\/\\\/www.obender.eu\\\/?s={search_term_string}\"},\"query-input\":{\"@type\":\"PropertyValueSpecification\",\"valueRequired\":true,\"valueName\":\"search_term_string\"}}],\"inLanguage\":\"en-US\"}]}<\/script>\n<!-- \/ Yoast SEO Premium plugin. -->","yoast_head_json":{"title":"Battery Varta Lithium CR2 3,0V 920mAh - Obender","robots":{"index":"index","follow":"follow","max-snippet":"max-snippet:-1","max-image-preview":"max-image-preview:large","max-video-preview":"max-video-preview:-1"},"canonical":"https:\/\/obender.eu\/toode\/cr2-varta-liitium\/","og_locale":"en_US","og_type":"article","og_title":"Battery Varta Lithium CR2 3,0V 920mAh","og_description":"Battery Varta Lithium CR2 3,0V 920mAh SKU: 6206301401 CR15H270 EAN: 4008496537365","og_url":"https:\/\/obender.eu\/toode\/cr2-varta-liitium\/","og_site_name":"Obender","article_modified_time":"2026-04-18T20:00:33+00:00","og_image":[{"width":601,"height":600,"url":"https:\/\/obender.eu\/wp-content\/uploads\/2020\/09\/4008496537365-1.jpg","type":"image\/jpeg"}],"twitter_card":"summary_large_image","twitter_misc":{"Est. reading time":"1 minute"},"schema":{"@context":"https:\/\/schema.org","@graph":[{"@type":"WebPage","@id":"https:\/\/obender.eu\/toode\/cr2-varta-liitium\/","url":"https:\/\/obender.eu\/toode\/cr2-varta-liitium\/","name":"Battery Varta Lithium CR2 3,0V 920mAh - Obender","isPartOf":{"@id":"https:\/\/www.obender.eu\/#website"},"primaryImageOfPage":{"@id":"https:\/\/obender.eu\/toode\/cr2-varta-liitium\/#primaryimage"},"image":{"@id":"https:\/\/obender.eu\/toode\/cr2-varta-liitium\/#primaryimage"},"thumbnailUrl":"https:\/\/obender.eu\/wp-content\/uploads\/2020\/09\/4008496537365-1.jpg","datePublished":"2020-09-15T20:29:46+00:00","dateModified":"2026-04-18T20:00:33+00:00","breadcrumb":{"@id":"https:\/\/obender.eu\/toode\/cr2-varta-liitium\/#breadcrumb"},"inLanguage":"en-US","potentialAction":[{"@type":"ReadAction","target":["https:\/\/obender.eu\/toode\/cr2-varta-liitium\/"]}]},{"@type":"ImageObject","inLanguage":"en-US","@id":"https:\/\/obender.eu\/toode\/cr2-varta-liitium\/#primaryimage","url":"https:\/\/obender.eu\/wp-content\/uploads\/2020\/09\/4008496537365-1.jpg","contentUrl":"https:\/\/obender.eu\/wp-content\/uploads\/2020\/09\/4008496537365-1.jpg","width":601,"height":600},{"@type":"BreadcrumbList","@id":"https:\/\/obender.eu\/toode\/cr2-varta-liitium\/#breadcrumb","itemListElement":[{"@type":"ListItem","position":1,"name":"Home","item":"https:\/\/obender.eu\/en\/"},{"@type":"ListItem","position":2,"name":"Tooted","item":"https:\/\/www.obender.eu\/tooted\/"},{"@type":"ListItem","position":3,"name":"Battery Varta Lithium CR2 3,0V 920mAh"}]},{"@type":"WebSite","@id":"https:\/\/www.obender.eu\/#website","url":"https:\/\/www.obender.eu\/","name":"Obender","description":"T\u00f6\u00f6stuskaupade hulgim\u00fc\u00fck","potentialAction":[{"@type":"SearchAction","target":{"@type":"EntryPoint","urlTemplate":"https:\/\/www.obender.eu\/?s={search_term_string}"},"query-input":{"@type":"PropertyValueSpecification","valueRequired":true,"valueName":"search_term_string"}}],"inLanguage":"en-US"}]}},"_links":{"self":[{"href":"https:\/\/obender.eu\/en\/wp-json\/wp\/v2\/product\/11930","targetHints":{"allow":["GET"]}}],"collection":[{"href":"https:\/\/obender.eu\/en\/wp-json\/wp\/v2\/product"}],"about":[{"href":"https:\/\/obender.eu\/en\/wp-json\/wp\/v2\/types\/product"}],"version-history":[{"count":5,"href":"https:\/\/obender.eu\/en\/wp-json\/wp\/v2\/product\/11930\/revisions"}],"predecessor-version":[{"id":27465,"href":"https:\/\/obender.eu\/en\/wp-json\/wp\/v2\/product\/11930\/revisions\/27465"}],"wp:featuredmedia":[{"embeddable":true,"href":"https:\/\/obender.eu\/en\/wp-json\/wp\/v2\/media\/17443"}],"wp:attachment":[{"href":"https:\/\/obender.eu\/en\/wp-json\/wp\/v2\/media?parent=11930"}],"wp:term":[{"taxonomy":"product_brand","embeddable":true,"href":"https:\/\/obender.eu\/en\/wp-json\/wp\/v2\/product_brand?post=11930"},{"taxonomy":"product_cat","embeddable":true,"href":"https:\/\/obender.eu\/en\/wp-json\/wp\/v2\/product_cat?post=11930"},{"taxonomy":"product_tag","embeddable":true,"href":"https:\/\/obender.eu\/en\/wp-json\/wp\/v2\/product_tag?post=11930"}],"curies":[{"name":"wp","href":"https:\/\/api.w.org\/{rel}","templated":true}]}}