{"id":12324,"date":"2020-09-16T23:24:12","date_gmt":"2020-09-16T20:24:12","guid":{"rendered":"https:\/\/obender.eu\/?post_type=product&#038;p=12324"},"modified":"2026-04-27T11:00:41","modified_gmt":"2026-04-27T08:00:41","slug":"varta-v27a-lr27-120v-alkaline","status":"publish","type":"product","link":"https:\/\/obender.eu\/en\/toode\/varta-v27a-lr27-120v-alkaline\/","title":{"rendered":"Varta V27A alkaline battery 19mAh 12,0V"},"content":{"rendered":"<p>Varta V27A alkaline battery<\/p>\n<p>MN27 A27 paristo<\/p>\n<p>19mAh 12,0V<\/p>\n<p>SKU: 4227101401<\/p>\n<p>EAN: 4008496747009<\/p>\n","protected":false},"excerpt":{"rendered":"<p>Varta V27A alkaline battery MN27 A27 paristo 19mAh 12,0V SKU: 4227101401 EAN: 4008496747009<\/p>\n","protected":false},"featured_media":17550,"template":"","meta":[],"product_brand":[],"product_cat":[330,286,288],"product_tag":[873,1162,874,1161,494],"class_list":{"0":"post-12324","1":"product","2":"type-product","3":"status-publish","4":"has-post-thumbnail","6":"product_cat-alkaline-lr-ag-button-cells","7":"product_cat-batteries","8":"product_cat-electronics-en","9":"product_tag-battery-en","10":"product_tag-mn27-en","11":"product_tag-patarei-en","12":"product_tag-v27a-en","13":"product_tag-varta-en","15":"first","16":"instock","17":"taxable","18":"shipping-taxable","19":"purchasable","20":"product-type-simple"},"yoast_head":"<!-- This site is optimized with the Yoast SEO Premium plugin v20.0 (Yoast SEO v27.4) - https:\/\/yoast.com\/product\/yoast-seo-premium-wordpress\/ -->\n<title>Varta V27A alkaline battery 19mAh 12,0V - Obender<\/title>\n<meta name=\"robots\" content=\"index, follow, max-snippet:-1, max-image-preview:large, max-video-preview:-1\" \/>\n<link rel=\"canonical\" href=\"https:\/\/obender.eu\/en\/toode\/varta-v27a-lr27-120v-alkaline\/\" \/>\n<meta property=\"og:locale\" content=\"en_US\" \/>\n<meta property=\"og:type\" content=\"article\" \/>\n<meta property=\"og:title\" content=\"Varta V27A alkaline battery 19mAh 12,0V\" \/>\n<meta property=\"og:description\" content=\"Varta V27A alkaline battery MN27 A27 paristo 19mAh 12,0V SKU: 4227101401 EAN: 4008496747009\" \/>\n<meta property=\"og:url\" content=\"https:\/\/obender.eu\/en\/toode\/varta-v27a-lr27-120v-alkaline\/\" \/>\n<meta property=\"og:site_name\" content=\"Obender\" \/>\n<meta property=\"article:modified_time\" content=\"2026-04-27T08:00:41+00:00\" \/>\n<meta property=\"og:image\" content=\"https:\/\/obender.eu\/wp-content\/uploads\/2022\/03\/4008496747009.jpg\" \/>\n\t<meta property=\"og:image:width\" content=\"600\" \/>\n\t<meta property=\"og:image:height\" content=\"600\" \/>\n\t<meta property=\"og:image:type\" content=\"image\/jpeg\" \/>\n<meta name=\"twitter:card\" content=\"summary_large_image\" \/>\n<meta name=\"twitter:label1\" content=\"Est. reading time\" \/>\n\t<meta name=\"twitter:data1\" content=\"1 minute\" \/>\n<script type=\"application\/ld+json\" class=\"yoast-schema-graph\">{\"@context\":\"https:\\\/\\\/schema.org\",\"@graph\":[{\"@type\":\"WebPage\",\"@id\":\"https:\\\/\\\/obender.eu\\\/en\\\/toode\\\/varta-v27a-lr27-120v-alkaline\\\/\",\"url\":\"https:\\\/\\\/obender.eu\\\/en\\\/toode\\\/varta-v27a-lr27-120v-alkaline\\\/\",\"name\":\"Varta V27A alkaline battery 19mAh 12,0V - Obender\",\"isPartOf\":{\"@id\":\"https:\\\/\\\/www.obender.eu\\\/#website\"},\"primaryImageOfPage\":{\"@id\":\"https:\\\/\\\/obender.eu\\\/en\\\/toode\\\/varta-v27a-lr27-120v-alkaline\\\/#primaryimage\"},\"image\":{\"@id\":\"https:\\\/\\\/obender.eu\\\/en\\\/toode\\\/varta-v27a-lr27-120v-alkaline\\\/#primaryimage\"},\"thumbnailUrl\":\"https:\\\/\\\/obender.eu\\\/wp-content\\\/uploads\\\/2022\\\/03\\\/4008496747009.jpg\",\"datePublished\":\"2020-09-16T20:24:12+00:00\",\"dateModified\":\"2026-04-27T08:00:41+00:00\",\"breadcrumb\":{\"@id\":\"https:\\\/\\\/obender.eu\\\/en\\\/toode\\\/varta-v27a-lr27-120v-alkaline\\\/#breadcrumb\"},\"inLanguage\":\"en-US\",\"potentialAction\":[{\"@type\":\"ReadAction\",\"target\":[\"https:\\\/\\\/obender.eu\\\/en\\\/toode\\\/varta-v27a-lr27-120v-alkaline\\\/\"]}]},{\"@type\":\"ImageObject\",\"inLanguage\":\"en-US\",\"@id\":\"https:\\\/\\\/obender.eu\\\/en\\\/toode\\\/varta-v27a-lr27-120v-alkaline\\\/#primaryimage\",\"url\":\"https:\\\/\\\/obender.eu\\\/wp-content\\\/uploads\\\/2022\\\/03\\\/4008496747009.jpg\",\"contentUrl\":\"https:\\\/\\\/obender.eu\\\/wp-content\\\/uploads\\\/2022\\\/03\\\/4008496747009.jpg\",\"width\":600,\"height\":600},{\"@type\":\"BreadcrumbList\",\"@id\":\"https:\\\/\\\/obender.eu\\\/en\\\/toode\\\/varta-v27a-lr27-120v-alkaline\\\/#breadcrumb\",\"itemListElement\":[{\"@type\":\"ListItem\",\"position\":1,\"name\":\"Home\",\"item\":\"https:\\\/\\\/obender.eu\\\/en\\\/\"},{\"@type\":\"ListItem\",\"position\":2,\"name\":\"Tooted\",\"item\":\"https:\\\/\\\/www.obender.eu\\\/tooted\\\/\"},{\"@type\":\"ListItem\",\"position\":3,\"name\":\"Varta V27A alkaline battery 19mAh 12,0V\"}]},{\"@type\":\"WebSite\",\"@id\":\"https:\\\/\\\/www.obender.eu\\\/#website\",\"url\":\"https:\\\/\\\/www.obender.eu\\\/\",\"name\":\"Obender\",\"description\":\"T\u00f6\u00f6stuskaupade hulgim\u00fc\u00fck\",\"potentialAction\":[{\"@type\":\"SearchAction\",\"target\":{\"@type\":\"EntryPoint\",\"urlTemplate\":\"https:\\\/\\\/www.obender.eu\\\/?s={search_term_string}\"},\"query-input\":{\"@type\":\"PropertyValueSpecification\",\"valueRequired\":true,\"valueName\":\"search_term_string\"}}],\"inLanguage\":\"en-US\"}]}<\/script>\n<!-- \/ Yoast SEO Premium plugin. -->","yoast_head_json":{"title":"Varta V27A alkaline battery 19mAh 12,0V - Obender","robots":{"index":"index","follow":"follow","max-snippet":"max-snippet:-1","max-image-preview":"max-image-preview:large","max-video-preview":"max-video-preview:-1"},"canonical":"https:\/\/obender.eu\/en\/toode\/varta-v27a-lr27-120v-alkaline\/","og_locale":"en_US","og_type":"article","og_title":"Varta V27A alkaline battery 19mAh 12,0V","og_description":"Varta V27A alkaline battery MN27 A27 paristo 19mAh 12,0V SKU: 4227101401 EAN: 4008496747009","og_url":"https:\/\/obender.eu\/en\/toode\/varta-v27a-lr27-120v-alkaline\/","og_site_name":"Obender","article_modified_time":"2026-04-27T08:00:41+00:00","og_image":[{"width":600,"height":600,"url":"https:\/\/obender.eu\/wp-content\/uploads\/2022\/03\/4008496747009.jpg","type":"image\/jpeg"}],"twitter_card":"summary_large_image","twitter_misc":{"Est. reading time":"1 minute"},"schema":{"@context":"https:\/\/schema.org","@graph":[{"@type":"WebPage","@id":"https:\/\/obender.eu\/en\/toode\/varta-v27a-lr27-120v-alkaline\/","url":"https:\/\/obender.eu\/en\/toode\/varta-v27a-lr27-120v-alkaline\/","name":"Varta V27A alkaline battery 19mAh 12,0V - Obender","isPartOf":{"@id":"https:\/\/www.obender.eu\/#website"},"primaryImageOfPage":{"@id":"https:\/\/obender.eu\/en\/toode\/varta-v27a-lr27-120v-alkaline\/#primaryimage"},"image":{"@id":"https:\/\/obender.eu\/en\/toode\/varta-v27a-lr27-120v-alkaline\/#primaryimage"},"thumbnailUrl":"https:\/\/obender.eu\/wp-content\/uploads\/2022\/03\/4008496747009.jpg","datePublished":"2020-09-16T20:24:12+00:00","dateModified":"2026-04-27T08:00:41+00:00","breadcrumb":{"@id":"https:\/\/obender.eu\/en\/toode\/varta-v27a-lr27-120v-alkaline\/#breadcrumb"},"inLanguage":"en-US","potentialAction":[{"@type":"ReadAction","target":["https:\/\/obender.eu\/en\/toode\/varta-v27a-lr27-120v-alkaline\/"]}]},{"@type":"ImageObject","inLanguage":"en-US","@id":"https:\/\/obender.eu\/en\/toode\/varta-v27a-lr27-120v-alkaline\/#primaryimage","url":"https:\/\/obender.eu\/wp-content\/uploads\/2022\/03\/4008496747009.jpg","contentUrl":"https:\/\/obender.eu\/wp-content\/uploads\/2022\/03\/4008496747009.jpg","width":600,"height":600},{"@type":"BreadcrumbList","@id":"https:\/\/obender.eu\/en\/toode\/varta-v27a-lr27-120v-alkaline\/#breadcrumb","itemListElement":[{"@type":"ListItem","position":1,"name":"Home","item":"https:\/\/obender.eu\/en\/"},{"@type":"ListItem","position":2,"name":"Tooted","item":"https:\/\/www.obender.eu\/tooted\/"},{"@type":"ListItem","position":3,"name":"Varta V27A alkaline battery 19mAh 12,0V"}]},{"@type":"WebSite","@id":"https:\/\/www.obender.eu\/#website","url":"https:\/\/www.obender.eu\/","name":"Obender","description":"T\u00f6\u00f6stuskaupade hulgim\u00fc\u00fck","potentialAction":[{"@type":"SearchAction","target":{"@type":"EntryPoint","urlTemplate":"https:\/\/www.obender.eu\/?s={search_term_string}"},"query-input":{"@type":"PropertyValueSpecification","valueRequired":true,"valueName":"search_term_string"}}],"inLanguage":"en-US"}]}},"_links":{"self":[{"href":"https:\/\/obender.eu\/en\/wp-json\/wp\/v2\/product\/12324","targetHints":{"allow":["GET"]}}],"collection":[{"href":"https:\/\/obender.eu\/en\/wp-json\/wp\/v2\/product"}],"about":[{"href":"https:\/\/obender.eu\/en\/wp-json\/wp\/v2\/types\/product"}],"version-history":[{"count":4,"href":"https:\/\/obender.eu\/en\/wp-json\/wp\/v2\/product\/12324\/revisions"}],"predecessor-version":[{"id":27822,"href":"https:\/\/obender.eu\/en\/wp-json\/wp\/v2\/product\/12324\/revisions\/27822"}],"wp:featuredmedia":[{"embeddable":true,"href":"https:\/\/obender.eu\/en\/wp-json\/wp\/v2\/media\/17550"}],"wp:attachment":[{"href":"https:\/\/obender.eu\/en\/wp-json\/wp\/v2\/media?parent=12324"}],"wp:term":[{"taxonomy":"product_brand","embeddable":true,"href":"https:\/\/obender.eu\/en\/wp-json\/wp\/v2\/product_brand?post=12324"},{"taxonomy":"product_cat","embeddable":true,"href":"https:\/\/obender.eu\/en\/wp-json\/wp\/v2\/product_cat?post=12324"},{"taxonomy":"product_tag","embeddable":true,"href":"https:\/\/obender.eu\/en\/wp-json\/wp\/v2\/product_tag?post=12324"}],"curies":[{"name":"wp","href":"https:\/\/api.w.org\/{rel}","templated":true}]}}