{"id":12420,"date":"2020-09-18T20:06:24","date_gmt":"2020-09-18T17:06:24","guid":{"rendered":"https:\/\/obender.eu\/?post_type=product&#038;p=12420"},"modified":"2026-04-14T18:00:48","modified_gmt":"2026-04-14T15:00:48","slug":"varta-cr2032-liitium-220mah-30v-bl2","status":"publish","type":"product","link":"https:\/\/obender.eu\/en\/toode\/varta-cr2032-liitium-220mah-30v-bl2\/","title":{"rendered":"Varta CR2032 Lithium battery 230mAh 3,0V BL2"},"content":{"rendered":"<p>Varta CR2032 Lithium battery<\/p>\n<p>230mAh 3,0V<\/p>\n<p>BL2<\/p>\n<p>EAN: 4008496746460<\/p>\n<p>paristo<\/p>\n","protected":false},"excerpt":{"rendered":"<p>Varta CR2032 Lithium battery 230mAh 3,0V BL2 EAN: 4008496746460 paristo<\/p>\n","protected":false},"featured_media":17583,"template":"","meta":[],"product_brand":[],"product_cat":[286,288,326],"product_tag":[873,857,1189,1190,1416,874,494],"class_list":{"0":"post-12420","1":"product","2":"type-product","3":"status-publish","4":"has-post-thumbnail","6":"product_cat-batteries","7":"product_cat-electronics-en","8":"product_cat-lithium-batteries","9":"product_tag-battery-en","10":"product_tag-cr2032-en","11":"product_tag-liitium-en","12":"product_tag-lithium-en","13":"product_tag-paristo-en","14":"product_tag-patarei-en","15":"product_tag-varta-en","17":"first","18":"instock","19":"taxable","20":"shipping-taxable","21":"purchasable","22":"product-type-simple"},"yoast_head":"<!-- This site is optimized with the Yoast SEO Premium plugin v20.0 (Yoast SEO v27.3) - https:\/\/yoast.com\/product\/yoast-seo-premium-wordpress\/ -->\n<title>Varta CR2032 Lithium battery 230mAh 3,0V BL2 - Obender<\/title>\n<meta name=\"robots\" content=\"index, follow, max-snippet:-1, max-image-preview:large, max-video-preview:-1\" \/>\n<link rel=\"canonical\" href=\"https:\/\/obender.eu\/en\/toode\/varta-cr2032-liitium-220mah-30v-bl2\/\" \/>\n<meta property=\"og:locale\" content=\"en_US\" \/>\n<meta property=\"og:type\" content=\"article\" \/>\n<meta property=\"og:title\" content=\"Varta CR2032 Lithium battery 230mAh 3,0V BL2\" \/>\n<meta property=\"og:description\" content=\"Varta CR2032 Lithium battery 230mAh 3,0V BL2 EAN: 4008496746460 paristo\" \/>\n<meta property=\"og:url\" content=\"https:\/\/obender.eu\/en\/toode\/varta-cr2032-liitium-220mah-30v-bl2\/\" \/>\n<meta property=\"og:site_name\" content=\"Obender\" \/>\n<meta property=\"article:modified_time\" content=\"2026-04-14T15:00:48+00:00\" \/>\n<meta property=\"og:image\" content=\"https:\/\/obender.eu\/wp-content\/uploads\/2022\/03\/4008496746460.jpg\" \/>\n\t<meta property=\"og:image:width\" content=\"600\" \/>\n\t<meta property=\"og:image:height\" content=\"600\" \/>\n\t<meta property=\"og:image:type\" content=\"image\/jpeg\" \/>\n<meta name=\"twitter:card\" content=\"summary_large_image\" \/>\n<meta name=\"twitter:label1\" content=\"Est. reading time\" \/>\n\t<meta name=\"twitter:data1\" content=\"1 minute\" \/>\n<script type=\"application\/ld+json\" class=\"yoast-schema-graph\">{\"@context\":\"https:\\\/\\\/schema.org\",\"@graph\":[{\"@type\":\"WebPage\",\"@id\":\"https:\\\/\\\/obender.eu\\\/en\\\/toode\\\/varta-cr2032-liitium-220mah-30v-bl2\\\/\",\"url\":\"https:\\\/\\\/obender.eu\\\/en\\\/toode\\\/varta-cr2032-liitium-220mah-30v-bl2\\\/\",\"name\":\"Varta CR2032 Lithium battery 230mAh 3,0V BL2 - Obender\",\"isPartOf\":{\"@id\":\"https:\\\/\\\/www.obender.eu\\\/#website\"},\"primaryImageOfPage\":{\"@id\":\"https:\\\/\\\/obender.eu\\\/en\\\/toode\\\/varta-cr2032-liitium-220mah-30v-bl2\\\/#primaryimage\"},\"image\":{\"@id\":\"https:\\\/\\\/obender.eu\\\/en\\\/toode\\\/varta-cr2032-liitium-220mah-30v-bl2\\\/#primaryimage\"},\"thumbnailUrl\":\"https:\\\/\\\/obender.eu\\\/wp-content\\\/uploads\\\/2022\\\/03\\\/4008496746460.jpg\",\"datePublished\":\"2020-09-18T17:06:24+00:00\",\"dateModified\":\"2026-04-14T15:00:48+00:00\",\"breadcrumb\":{\"@id\":\"https:\\\/\\\/obender.eu\\\/en\\\/toode\\\/varta-cr2032-liitium-220mah-30v-bl2\\\/#breadcrumb\"},\"inLanguage\":\"en-US\",\"potentialAction\":[{\"@type\":\"ReadAction\",\"target\":[\"https:\\\/\\\/obender.eu\\\/en\\\/toode\\\/varta-cr2032-liitium-220mah-30v-bl2\\\/\"]}]},{\"@type\":\"ImageObject\",\"inLanguage\":\"en-US\",\"@id\":\"https:\\\/\\\/obender.eu\\\/en\\\/toode\\\/varta-cr2032-liitium-220mah-30v-bl2\\\/#primaryimage\",\"url\":\"https:\\\/\\\/obender.eu\\\/wp-content\\\/uploads\\\/2022\\\/03\\\/4008496746460.jpg\",\"contentUrl\":\"https:\\\/\\\/obender.eu\\\/wp-content\\\/uploads\\\/2022\\\/03\\\/4008496746460.jpg\",\"width\":600,\"height\":600},{\"@type\":\"BreadcrumbList\",\"@id\":\"https:\\\/\\\/obender.eu\\\/en\\\/toode\\\/varta-cr2032-liitium-220mah-30v-bl2\\\/#breadcrumb\",\"itemListElement\":[{\"@type\":\"ListItem\",\"position\":1,\"name\":\"Home\",\"item\":\"https:\\\/\\\/obender.eu\\\/en\\\/\"},{\"@type\":\"ListItem\",\"position\":2,\"name\":\"Tooted\",\"item\":\"https:\\\/\\\/www.obender.eu\\\/tooted\\\/\"},{\"@type\":\"ListItem\",\"position\":3,\"name\":\"Varta CR2032 Lithium battery 230mAh 3,0V BL2\"}]},{\"@type\":\"WebSite\",\"@id\":\"https:\\\/\\\/www.obender.eu\\\/#website\",\"url\":\"https:\\\/\\\/www.obender.eu\\\/\",\"name\":\"Obender\",\"description\":\"T\u00f6\u00f6stuskaupade hulgim\u00fc\u00fck\",\"potentialAction\":[{\"@type\":\"SearchAction\",\"target\":{\"@type\":\"EntryPoint\",\"urlTemplate\":\"https:\\\/\\\/www.obender.eu\\\/?s={search_term_string}\"},\"query-input\":{\"@type\":\"PropertyValueSpecification\",\"valueRequired\":true,\"valueName\":\"search_term_string\"}}],\"inLanguage\":\"en-US\"}]}<\/script>\n<!-- \/ Yoast SEO Premium plugin. -->","yoast_head_json":{"title":"Varta CR2032 Lithium battery 230mAh 3,0V BL2 - Obender","robots":{"index":"index","follow":"follow","max-snippet":"max-snippet:-1","max-image-preview":"max-image-preview:large","max-video-preview":"max-video-preview:-1"},"canonical":"https:\/\/obender.eu\/en\/toode\/varta-cr2032-liitium-220mah-30v-bl2\/","og_locale":"en_US","og_type":"article","og_title":"Varta CR2032 Lithium battery 230mAh 3,0V BL2","og_description":"Varta CR2032 Lithium battery 230mAh 3,0V BL2 EAN: 4008496746460 paristo","og_url":"https:\/\/obender.eu\/en\/toode\/varta-cr2032-liitium-220mah-30v-bl2\/","og_site_name":"Obender","article_modified_time":"2026-04-14T15:00:48+00:00","og_image":[{"width":600,"height":600,"url":"https:\/\/obender.eu\/wp-content\/uploads\/2022\/03\/4008496746460.jpg","type":"image\/jpeg"}],"twitter_card":"summary_large_image","twitter_misc":{"Est. reading time":"1 minute"},"schema":{"@context":"https:\/\/schema.org","@graph":[{"@type":"WebPage","@id":"https:\/\/obender.eu\/en\/toode\/varta-cr2032-liitium-220mah-30v-bl2\/","url":"https:\/\/obender.eu\/en\/toode\/varta-cr2032-liitium-220mah-30v-bl2\/","name":"Varta CR2032 Lithium battery 230mAh 3,0V BL2 - Obender","isPartOf":{"@id":"https:\/\/www.obender.eu\/#website"},"primaryImageOfPage":{"@id":"https:\/\/obender.eu\/en\/toode\/varta-cr2032-liitium-220mah-30v-bl2\/#primaryimage"},"image":{"@id":"https:\/\/obender.eu\/en\/toode\/varta-cr2032-liitium-220mah-30v-bl2\/#primaryimage"},"thumbnailUrl":"https:\/\/obender.eu\/wp-content\/uploads\/2022\/03\/4008496746460.jpg","datePublished":"2020-09-18T17:06:24+00:00","dateModified":"2026-04-14T15:00:48+00:00","breadcrumb":{"@id":"https:\/\/obender.eu\/en\/toode\/varta-cr2032-liitium-220mah-30v-bl2\/#breadcrumb"},"inLanguage":"en-US","potentialAction":[{"@type":"ReadAction","target":["https:\/\/obender.eu\/en\/toode\/varta-cr2032-liitium-220mah-30v-bl2\/"]}]},{"@type":"ImageObject","inLanguage":"en-US","@id":"https:\/\/obender.eu\/en\/toode\/varta-cr2032-liitium-220mah-30v-bl2\/#primaryimage","url":"https:\/\/obender.eu\/wp-content\/uploads\/2022\/03\/4008496746460.jpg","contentUrl":"https:\/\/obender.eu\/wp-content\/uploads\/2022\/03\/4008496746460.jpg","width":600,"height":600},{"@type":"BreadcrumbList","@id":"https:\/\/obender.eu\/en\/toode\/varta-cr2032-liitium-220mah-30v-bl2\/#breadcrumb","itemListElement":[{"@type":"ListItem","position":1,"name":"Home","item":"https:\/\/obender.eu\/en\/"},{"@type":"ListItem","position":2,"name":"Tooted","item":"https:\/\/www.obender.eu\/tooted\/"},{"@type":"ListItem","position":3,"name":"Varta CR2032 Lithium battery 230mAh 3,0V BL2"}]},{"@type":"WebSite","@id":"https:\/\/www.obender.eu\/#website","url":"https:\/\/www.obender.eu\/","name":"Obender","description":"T\u00f6\u00f6stuskaupade hulgim\u00fc\u00fck","potentialAction":[{"@type":"SearchAction","target":{"@type":"EntryPoint","urlTemplate":"https:\/\/www.obender.eu\/?s={search_term_string}"},"query-input":{"@type":"PropertyValueSpecification","valueRequired":true,"valueName":"search_term_string"}}],"inLanguage":"en-US"}]}},"_links":{"self":[{"href":"https:\/\/obender.eu\/en\/wp-json\/wp\/v2\/product\/12420","targetHints":{"allow":["GET"]}}],"collection":[{"href":"https:\/\/obender.eu\/en\/wp-json\/wp\/v2\/product"}],"about":[{"href":"https:\/\/obender.eu\/en\/wp-json\/wp\/v2\/types\/product"}],"version-history":[{"count":3,"href":"https:\/\/obender.eu\/en\/wp-json\/wp\/v2\/product\/12420\/revisions"}],"predecessor-version":[{"id":29495,"href":"https:\/\/obender.eu\/en\/wp-json\/wp\/v2\/product\/12420\/revisions\/29495"}],"wp:featuredmedia":[{"embeddable":true,"href":"https:\/\/obender.eu\/en\/wp-json\/wp\/v2\/media\/17583"}],"wp:attachment":[{"href":"https:\/\/obender.eu\/en\/wp-json\/wp\/v2\/media?parent=12420"}],"wp:term":[{"taxonomy":"product_brand","embeddable":true,"href":"https:\/\/obender.eu\/en\/wp-json\/wp\/v2\/product_brand?post=12420"},{"taxonomy":"product_cat","embeddable":true,"href":"https:\/\/obender.eu\/en\/wp-json\/wp\/v2\/product_cat?post=12420"},{"taxonomy":"product_tag","embeddable":true,"href":"https:\/\/obender.eu\/en\/wp-json\/wp\/v2\/product_tag?post=12420"}],"curies":[{"name":"wp","href":"https:\/\/api.w.org\/{rel}","templated":true}]}}