{"id":12929,"date":"2020-09-25T21:04:27","date_gmt":"2020-09-25T18:04:27","guid":{"rendered":"https:\/\/obender.eu\/?post_type=product&#038;p=12929"},"modified":"2026-04-28T23:00:11","modified_gmt":"2026-04-28T20:00:11","slug":"varta-379-sr63-155v-15mah","status":"publish","type":"product","link":"https:\/\/obender.eu\/en\/toode\/varta-379-sr63-155v-15mah\/","title":{"rendered":"V379 Varta watch battery 1,55V"},"content":{"rendered":"<p>V379 Varta watch battery<\/p>\n<p>SR63. SR521, SR521SW<\/p>\n<p>1,55V 15mAh<\/p>\n<p>EAN: 4008496245949<\/p>\n<p>paristo<\/p>\n","protected":false},"excerpt":{"rendered":"<p>V379 Varta watch battery SR63. SR521, SR521SW 1,55V 15mAh EAN: 4008496245949 paristo<\/p>\n","protected":false},"featured_media":17617,"template":"","meta":[],"product_brand":[],"product_cat":[286,290],"product_tag":[1118,873,874,1727,494],"class_list":{"0":"post-12929","1":"product","2":"type-product","3":"status-publish","4":"has-post-thumbnail","6":"product_cat-batteries","7":"product_cat-watch-batteries","8":"product_tag-379-en","9":"product_tag-battery-en","10":"product_tag-patarei-en","11":"product_tag-sr63-en","12":"product_tag-varta-en","14":"first","15":"instock","16":"taxable","17":"shipping-taxable","18":"purchasable","19":"product-type-simple"},"yoast_head":"<!-- This site is optimized with the Yoast SEO Premium plugin v20.0 (Yoast SEO v27.5) - https:\/\/yoast.com\/product\/yoast-seo-premium-wordpress\/ -->\n<title>V379 Varta watch battery 1,55V - Obender<\/title>\n<meta name=\"robots\" content=\"index, follow, max-snippet:-1, max-image-preview:large, max-video-preview:-1\" \/>\n<link rel=\"canonical\" href=\"https:\/\/obender.eu\/toode\/varta-379-sr63-155v-15mah\/\" \/>\n<meta property=\"og:locale\" content=\"en_US\" \/>\n<meta property=\"og:type\" content=\"article\" \/>\n<meta property=\"og:title\" content=\"V379 Varta watch battery 1,55V\" \/>\n<meta property=\"og:description\" content=\"V379 Varta watch battery SR63. SR521, SR521SW 1,55V 15mAh EAN: 4008496245949 paristo\" \/>\n<meta property=\"og:url\" content=\"https:\/\/obender.eu\/toode\/varta-379-sr63-155v-15mah\/\" \/>\n<meta property=\"og:site_name\" content=\"Obender\" \/>\n<meta property=\"article:modified_time\" content=\"2026-04-28T20:00:11+00:00\" \/>\n<meta property=\"og:image\" content=\"https:\/\/obender.eu\/wp-content\/uploads\/2022\/03\/4008496245949.jpg\" \/>\n\t<meta property=\"og:image:width\" content=\"522\" \/>\n\t<meta property=\"og:image:height\" content=\"523\" \/>\n\t<meta property=\"og:image:type\" content=\"image\/jpeg\" \/>\n<meta name=\"twitter:card\" content=\"summary_large_image\" \/>\n<meta name=\"twitter:label1\" content=\"Est. reading time\" \/>\n\t<meta name=\"twitter:data1\" content=\"1 minute\" \/>\n<script type=\"application\/ld+json\" class=\"yoast-schema-graph\">{\"@context\":\"https:\\\/\\\/schema.org\",\"@graph\":[{\"@type\":\"WebPage\",\"@id\":\"https:\\\/\\\/obender.eu\\\/toode\\\/varta-379-sr63-155v-15mah\\\/\",\"url\":\"https:\\\/\\\/obender.eu\\\/toode\\\/varta-379-sr63-155v-15mah\\\/\",\"name\":\"V379 Varta watch battery 1,55V - Obender\",\"isPartOf\":{\"@id\":\"https:\\\/\\\/www.obender.eu\\\/#website\"},\"primaryImageOfPage\":{\"@id\":\"https:\\\/\\\/obender.eu\\\/toode\\\/varta-379-sr63-155v-15mah\\\/#primaryimage\"},\"image\":{\"@id\":\"https:\\\/\\\/obender.eu\\\/toode\\\/varta-379-sr63-155v-15mah\\\/#primaryimage\"},\"thumbnailUrl\":\"https:\\\/\\\/obender.eu\\\/wp-content\\\/uploads\\\/2022\\\/03\\\/4008496245949.jpg\",\"datePublished\":\"2020-09-25T18:04:27+00:00\",\"dateModified\":\"2026-04-28T20:00:11+00:00\",\"breadcrumb\":{\"@id\":\"https:\\\/\\\/obender.eu\\\/toode\\\/varta-379-sr63-155v-15mah\\\/#breadcrumb\"},\"inLanguage\":\"en-US\",\"potentialAction\":[{\"@type\":\"ReadAction\",\"target\":[\"https:\\\/\\\/obender.eu\\\/toode\\\/varta-379-sr63-155v-15mah\\\/\"]}]},{\"@type\":\"ImageObject\",\"inLanguage\":\"en-US\",\"@id\":\"https:\\\/\\\/obender.eu\\\/toode\\\/varta-379-sr63-155v-15mah\\\/#primaryimage\",\"url\":\"https:\\\/\\\/obender.eu\\\/wp-content\\\/uploads\\\/2022\\\/03\\\/4008496245949.jpg\",\"contentUrl\":\"https:\\\/\\\/obender.eu\\\/wp-content\\\/uploads\\\/2022\\\/03\\\/4008496245949.jpg\",\"width\":522,\"height\":523},{\"@type\":\"BreadcrumbList\",\"@id\":\"https:\\\/\\\/obender.eu\\\/toode\\\/varta-379-sr63-155v-15mah\\\/#breadcrumb\",\"itemListElement\":[{\"@type\":\"ListItem\",\"position\":1,\"name\":\"Home\",\"item\":\"https:\\\/\\\/obender.eu\\\/en\\\/\"},{\"@type\":\"ListItem\",\"position\":2,\"name\":\"Tooted\",\"item\":\"https:\\\/\\\/www.obender.eu\\\/tooted\\\/\"},{\"@type\":\"ListItem\",\"position\":3,\"name\":\"V379 Varta watch battery 1,55V\"}]},{\"@type\":\"WebSite\",\"@id\":\"https:\\\/\\\/www.obender.eu\\\/#website\",\"url\":\"https:\\\/\\\/www.obender.eu\\\/\",\"name\":\"Obender\",\"description\":\"T\u00f6\u00f6stuskaupade hulgim\u00fc\u00fck\",\"potentialAction\":[{\"@type\":\"SearchAction\",\"target\":{\"@type\":\"EntryPoint\",\"urlTemplate\":\"https:\\\/\\\/www.obender.eu\\\/?s={search_term_string}\"},\"query-input\":{\"@type\":\"PropertyValueSpecification\",\"valueRequired\":true,\"valueName\":\"search_term_string\"}}],\"inLanguage\":\"en-US\"}]}<\/script>\n<!-- \/ Yoast SEO Premium plugin. -->","yoast_head_json":{"title":"V379 Varta watch battery 1,55V - Obender","robots":{"index":"index","follow":"follow","max-snippet":"max-snippet:-1","max-image-preview":"max-image-preview:large","max-video-preview":"max-video-preview:-1"},"canonical":"https:\/\/obender.eu\/toode\/varta-379-sr63-155v-15mah\/","og_locale":"en_US","og_type":"article","og_title":"V379 Varta watch battery 1,55V","og_description":"V379 Varta watch battery SR63. SR521, SR521SW 1,55V 15mAh EAN: 4008496245949 paristo","og_url":"https:\/\/obender.eu\/toode\/varta-379-sr63-155v-15mah\/","og_site_name":"Obender","article_modified_time":"2026-04-28T20:00:11+00:00","og_image":[{"width":522,"height":523,"url":"https:\/\/obender.eu\/wp-content\/uploads\/2022\/03\/4008496245949.jpg","type":"image\/jpeg"}],"twitter_card":"summary_large_image","twitter_misc":{"Est. reading time":"1 minute"},"schema":{"@context":"https:\/\/schema.org","@graph":[{"@type":"WebPage","@id":"https:\/\/obender.eu\/toode\/varta-379-sr63-155v-15mah\/","url":"https:\/\/obender.eu\/toode\/varta-379-sr63-155v-15mah\/","name":"V379 Varta watch battery 1,55V - Obender","isPartOf":{"@id":"https:\/\/www.obender.eu\/#website"},"primaryImageOfPage":{"@id":"https:\/\/obender.eu\/toode\/varta-379-sr63-155v-15mah\/#primaryimage"},"image":{"@id":"https:\/\/obender.eu\/toode\/varta-379-sr63-155v-15mah\/#primaryimage"},"thumbnailUrl":"https:\/\/obender.eu\/wp-content\/uploads\/2022\/03\/4008496245949.jpg","datePublished":"2020-09-25T18:04:27+00:00","dateModified":"2026-04-28T20:00:11+00:00","breadcrumb":{"@id":"https:\/\/obender.eu\/toode\/varta-379-sr63-155v-15mah\/#breadcrumb"},"inLanguage":"en-US","potentialAction":[{"@type":"ReadAction","target":["https:\/\/obender.eu\/toode\/varta-379-sr63-155v-15mah\/"]}]},{"@type":"ImageObject","inLanguage":"en-US","@id":"https:\/\/obender.eu\/toode\/varta-379-sr63-155v-15mah\/#primaryimage","url":"https:\/\/obender.eu\/wp-content\/uploads\/2022\/03\/4008496245949.jpg","contentUrl":"https:\/\/obender.eu\/wp-content\/uploads\/2022\/03\/4008496245949.jpg","width":522,"height":523},{"@type":"BreadcrumbList","@id":"https:\/\/obender.eu\/toode\/varta-379-sr63-155v-15mah\/#breadcrumb","itemListElement":[{"@type":"ListItem","position":1,"name":"Home","item":"https:\/\/obender.eu\/en\/"},{"@type":"ListItem","position":2,"name":"Tooted","item":"https:\/\/www.obender.eu\/tooted\/"},{"@type":"ListItem","position":3,"name":"V379 Varta watch battery 1,55V"}]},{"@type":"WebSite","@id":"https:\/\/www.obender.eu\/#website","url":"https:\/\/www.obender.eu\/","name":"Obender","description":"T\u00f6\u00f6stuskaupade hulgim\u00fc\u00fck","potentialAction":[{"@type":"SearchAction","target":{"@type":"EntryPoint","urlTemplate":"https:\/\/www.obender.eu\/?s={search_term_string}"},"query-input":{"@type":"PropertyValueSpecification","valueRequired":true,"valueName":"search_term_string"}}],"inLanguage":"en-US"}]}},"_links":{"self":[{"href":"https:\/\/obender.eu\/en\/wp-json\/wp\/v2\/product\/12929","targetHints":{"allow":["GET"]}}],"collection":[{"href":"https:\/\/obender.eu\/en\/wp-json\/wp\/v2\/product"}],"about":[{"href":"https:\/\/obender.eu\/en\/wp-json\/wp\/v2\/types\/product"}],"version-history":[{"count":5,"href":"https:\/\/obender.eu\/en\/wp-json\/wp\/v2\/product\/12929\/revisions"}],"predecessor-version":[{"id":30948,"href":"https:\/\/obender.eu\/en\/wp-json\/wp\/v2\/product\/12929\/revisions\/30948"}],"wp:featuredmedia":[{"embeddable":true,"href":"https:\/\/obender.eu\/en\/wp-json\/wp\/v2\/media\/17617"}],"wp:attachment":[{"href":"https:\/\/obender.eu\/en\/wp-json\/wp\/v2\/media?parent=12929"}],"wp:term":[{"taxonomy":"product_brand","embeddable":true,"href":"https:\/\/obender.eu\/en\/wp-json\/wp\/v2\/product_brand?post=12929"},{"taxonomy":"product_cat","embeddable":true,"href":"https:\/\/obender.eu\/en\/wp-json\/wp\/v2\/product_cat?post=12929"},{"taxonomy":"product_tag","embeddable":true,"href":"https:\/\/obender.eu\/en\/wp-json\/wp\/v2\/product_tag?post=12929"}],"curies":[{"name":"wp","href":"https:\/\/api.w.org\/{rel}","templated":true}]}}