{"id":12980,"date":"2020-09-26T06:28:16","date_gmt":"2020-09-26T03:28:16","guid":{"rendered":"https:\/\/obender.eu\/?post_type=product&#038;p=12980"},"modified":"2026-04-18T23:00:29","modified_gmt":"2026-04-18T20:00:29","slug":"varta-akulaadija-57070-aa-aaa-12vusb","status":"publish","type":"product","link":"https:\/\/obender.eu\/en\/toode\/varta-akulaadija-57070-aa-aaa-12vusb\/","title":{"rendered":"Battery charger Varta 57070 AA\/AAA +12V+USB"},"content":{"rendered":"<p>Battery charger Varta 57070<\/p>\n<p>EAN: 4008496641352<\/p>\n<p>Voltage 100-240V, EURO plug<\/p>\n<p>Pairwise charging: 2\/4 AA or 2\/4 AAA<\/p>\n<p>LCD display shows charging level<\/p>\n<p>USB charging (via laptop, USB cable included)<\/p>\n<p>Incl. 12V car adapter<\/p>\n<p>Shut off features: timer, fully charged cells, alkaline or bad cell detection, temperature control.<\/p>\n<p>Charging time: 2h (4*AA 1600mAh)<\/p>\n<p>&nbsp;<\/p>\n","protected":false},"excerpt":{"rendered":"<p>Battery charger Varta 57070 EAN: 4008496641352 Voltage 100-240V, EURO plug Pairwise charging: 2\/4 AA or 2\/4 AAA LCD display shows<\/p>\n","protected":false},"featured_media":17643,"template":"","meta":[],"product_brand":[],"product_cat":[408,266],"product_tag":[493,637,494],"class_list":{"0":"post-12980","1":"product","2":"type-product","3":"status-publish","4":"has-post-thumbnail","6":"product_cat-nimh-chargers","7":"product_cat-batteries-chargers","8":"product_tag-charger","9":"product_tag-laadija-en","10":"product_tag-varta-en","12":"first","13":"instock","14":"taxable","15":"shipping-taxable","16":"purchasable","17":"product-type-simple"},"yoast_head":"<!-- This site is optimized with the Yoast SEO Premium plugin v20.0 (Yoast SEO v27.4) - https:\/\/yoast.com\/product\/yoast-seo-premium-wordpress\/ -->\n<title>Battery charger Varta 57070 AA\/AAA +12V+USB - Obender<\/title>\n<meta name=\"robots\" content=\"index, follow, max-snippet:-1, max-image-preview:large, max-video-preview:-1\" \/>\n<link rel=\"canonical\" href=\"https:\/\/obender.eu\/en\/toode\/varta-akulaadija-57070-aa-aaa-12vusb\/\" \/>\n<meta property=\"og:locale\" content=\"en_US\" \/>\n<meta property=\"og:type\" content=\"article\" \/>\n<meta property=\"og:title\" content=\"Battery charger Varta 57070 AA\/AAA +12V+USB\" \/>\n<meta property=\"og:description\" content=\"Battery charger Varta 57070 EAN: 4008496641352 Voltage 100-240V, EURO plug Pairwise charging: 2\/4 AA or 2\/4 AAA LCD display shows\" \/>\n<meta property=\"og:url\" content=\"https:\/\/obender.eu\/en\/toode\/varta-akulaadija-57070-aa-aaa-12vusb\/\" \/>\n<meta property=\"og:site_name\" content=\"Obender\" \/>\n<meta property=\"article:modified_time\" content=\"2026-04-18T20:00:29+00:00\" \/>\n<meta property=\"og:image\" content=\"https:\/\/www.obender.eu\/wp-content\/uploads\/2022\/03\/4008496641352.jpg\" \/>\n\t<meta property=\"og:image:width\" content=\"600\" \/>\n\t<meta property=\"og:image:height\" content=\"600\" \/>\n\t<meta property=\"og:image:type\" content=\"image\/jpeg\" \/>\n<meta name=\"twitter:card\" content=\"summary_large_image\" \/>\n<meta name=\"twitter:label1\" content=\"Est. reading time\" \/>\n\t<meta name=\"twitter:data1\" content=\"1 minute\" \/>\n<script type=\"application\/ld+json\" class=\"yoast-schema-graph\">{\"@context\":\"https:\\\/\\\/schema.org\",\"@graph\":[{\"@type\":\"WebPage\",\"@id\":\"https:\\\/\\\/obender.eu\\\/en\\\/toode\\\/varta-akulaadija-57070-aa-aaa-12vusb\\\/\",\"url\":\"https:\\\/\\\/obender.eu\\\/en\\\/toode\\\/varta-akulaadija-57070-aa-aaa-12vusb\\\/\",\"name\":\"Battery charger Varta 57070 AA\\\/AAA +12V+USB - Obender\",\"isPartOf\":{\"@id\":\"https:\\\/\\\/www.obender.eu\\\/#website\"},\"primaryImageOfPage\":{\"@id\":\"https:\\\/\\\/obender.eu\\\/en\\\/toode\\\/varta-akulaadija-57070-aa-aaa-12vusb\\\/#primaryimage\"},\"image\":{\"@id\":\"https:\\\/\\\/obender.eu\\\/en\\\/toode\\\/varta-akulaadija-57070-aa-aaa-12vusb\\\/#primaryimage\"},\"thumbnailUrl\":\"https:\\\/\\\/obender.eu\\\/wp-content\\\/uploads\\\/2022\\\/03\\\/4008496641352.jpg\",\"datePublished\":\"2020-09-26T03:28:16+00:00\",\"dateModified\":\"2026-04-18T20:00:29+00:00\",\"breadcrumb\":{\"@id\":\"https:\\\/\\\/obender.eu\\\/en\\\/toode\\\/varta-akulaadija-57070-aa-aaa-12vusb\\\/#breadcrumb\"},\"inLanguage\":\"en-US\",\"potentialAction\":[{\"@type\":\"ReadAction\",\"target\":[\"https:\\\/\\\/obender.eu\\\/en\\\/toode\\\/varta-akulaadija-57070-aa-aaa-12vusb\\\/\"]}]},{\"@type\":\"ImageObject\",\"inLanguage\":\"en-US\",\"@id\":\"https:\\\/\\\/obender.eu\\\/en\\\/toode\\\/varta-akulaadija-57070-aa-aaa-12vusb\\\/#primaryimage\",\"url\":\"https:\\\/\\\/obender.eu\\\/wp-content\\\/uploads\\\/2022\\\/03\\\/4008496641352.jpg\",\"contentUrl\":\"https:\\\/\\\/obender.eu\\\/wp-content\\\/uploads\\\/2022\\\/03\\\/4008496641352.jpg\",\"width\":600,\"height\":600},{\"@type\":\"BreadcrumbList\",\"@id\":\"https:\\\/\\\/obender.eu\\\/en\\\/toode\\\/varta-akulaadija-57070-aa-aaa-12vusb\\\/#breadcrumb\",\"itemListElement\":[{\"@type\":\"ListItem\",\"position\":1,\"name\":\"Home\",\"item\":\"https:\\\/\\\/obender.eu\\\/en\\\/\"},{\"@type\":\"ListItem\",\"position\":2,\"name\":\"Tooted\",\"item\":\"https:\\\/\\\/www.obender.eu\\\/tooted\\\/\"},{\"@type\":\"ListItem\",\"position\":3,\"name\":\"Battery charger Varta 57070 AA\\\/AAA +12V+USB\"}]},{\"@type\":\"WebSite\",\"@id\":\"https:\\\/\\\/www.obender.eu\\\/#website\",\"url\":\"https:\\\/\\\/www.obender.eu\\\/\",\"name\":\"Obender\",\"description\":\"T\u00f6\u00f6stuskaupade hulgim\u00fc\u00fck\",\"potentialAction\":[{\"@type\":\"SearchAction\",\"target\":{\"@type\":\"EntryPoint\",\"urlTemplate\":\"https:\\\/\\\/www.obender.eu\\\/?s={search_term_string}\"},\"query-input\":{\"@type\":\"PropertyValueSpecification\",\"valueRequired\":true,\"valueName\":\"search_term_string\"}}],\"inLanguage\":\"en-US\"}]}<\/script>\n<!-- \/ Yoast SEO Premium plugin. -->","yoast_head_json":{"title":"Battery charger Varta 57070 AA\/AAA +12V+USB - Obender","robots":{"index":"index","follow":"follow","max-snippet":"max-snippet:-1","max-image-preview":"max-image-preview:large","max-video-preview":"max-video-preview:-1"},"canonical":"https:\/\/obender.eu\/en\/toode\/varta-akulaadija-57070-aa-aaa-12vusb\/","og_locale":"en_US","og_type":"article","og_title":"Battery charger Varta 57070 AA\/AAA +12V+USB","og_description":"Battery charger Varta 57070 EAN: 4008496641352 Voltage 100-240V, EURO plug Pairwise charging: 2\/4 AA or 2\/4 AAA LCD display shows","og_url":"https:\/\/obender.eu\/en\/toode\/varta-akulaadija-57070-aa-aaa-12vusb\/","og_site_name":"Obender","article_modified_time":"2026-04-18T20:00:29+00:00","og_image":[{"width":600,"height":600,"url":"https:\/\/www.obender.eu\/wp-content\/uploads\/2022\/03\/4008496641352.jpg","type":"image\/jpeg"}],"twitter_card":"summary_large_image","twitter_misc":{"Est. reading time":"1 minute"},"schema":{"@context":"https:\/\/schema.org","@graph":[{"@type":"WebPage","@id":"https:\/\/obender.eu\/en\/toode\/varta-akulaadija-57070-aa-aaa-12vusb\/","url":"https:\/\/obender.eu\/en\/toode\/varta-akulaadija-57070-aa-aaa-12vusb\/","name":"Battery charger Varta 57070 AA\/AAA +12V+USB - Obender","isPartOf":{"@id":"https:\/\/www.obender.eu\/#website"},"primaryImageOfPage":{"@id":"https:\/\/obender.eu\/en\/toode\/varta-akulaadija-57070-aa-aaa-12vusb\/#primaryimage"},"image":{"@id":"https:\/\/obender.eu\/en\/toode\/varta-akulaadija-57070-aa-aaa-12vusb\/#primaryimage"},"thumbnailUrl":"https:\/\/obender.eu\/wp-content\/uploads\/2022\/03\/4008496641352.jpg","datePublished":"2020-09-26T03:28:16+00:00","dateModified":"2026-04-18T20:00:29+00:00","breadcrumb":{"@id":"https:\/\/obender.eu\/en\/toode\/varta-akulaadija-57070-aa-aaa-12vusb\/#breadcrumb"},"inLanguage":"en-US","potentialAction":[{"@type":"ReadAction","target":["https:\/\/obender.eu\/en\/toode\/varta-akulaadija-57070-aa-aaa-12vusb\/"]}]},{"@type":"ImageObject","inLanguage":"en-US","@id":"https:\/\/obender.eu\/en\/toode\/varta-akulaadija-57070-aa-aaa-12vusb\/#primaryimage","url":"https:\/\/obender.eu\/wp-content\/uploads\/2022\/03\/4008496641352.jpg","contentUrl":"https:\/\/obender.eu\/wp-content\/uploads\/2022\/03\/4008496641352.jpg","width":600,"height":600},{"@type":"BreadcrumbList","@id":"https:\/\/obender.eu\/en\/toode\/varta-akulaadija-57070-aa-aaa-12vusb\/#breadcrumb","itemListElement":[{"@type":"ListItem","position":1,"name":"Home","item":"https:\/\/obender.eu\/en\/"},{"@type":"ListItem","position":2,"name":"Tooted","item":"https:\/\/www.obender.eu\/tooted\/"},{"@type":"ListItem","position":3,"name":"Battery charger Varta 57070 AA\/AAA +12V+USB"}]},{"@type":"WebSite","@id":"https:\/\/www.obender.eu\/#website","url":"https:\/\/www.obender.eu\/","name":"Obender","description":"T\u00f6\u00f6stuskaupade hulgim\u00fc\u00fck","potentialAction":[{"@type":"SearchAction","target":{"@type":"EntryPoint","urlTemplate":"https:\/\/www.obender.eu\/?s={search_term_string}"},"query-input":{"@type":"PropertyValueSpecification","valueRequired":true,"valueName":"search_term_string"}}],"inLanguage":"en-US"}]}},"_links":{"self":[{"href":"https:\/\/obender.eu\/en\/wp-json\/wp\/v2\/product\/12980","targetHints":{"allow":["GET"]}}],"collection":[{"href":"https:\/\/obender.eu\/en\/wp-json\/wp\/v2\/product"}],"about":[{"href":"https:\/\/obender.eu\/en\/wp-json\/wp\/v2\/types\/product"}],"version-history":[{"count":4,"href":"https:\/\/obender.eu\/en\/wp-json\/wp\/v2\/product\/12980\/revisions"}],"predecessor-version":[{"id":24594,"href":"https:\/\/obender.eu\/en\/wp-json\/wp\/v2\/product\/12980\/revisions\/24594"}],"wp:featuredmedia":[{"embeddable":true,"href":"https:\/\/obender.eu\/en\/wp-json\/wp\/v2\/media\/17643"}],"wp:attachment":[{"href":"https:\/\/obender.eu\/en\/wp-json\/wp\/v2\/media?parent=12980"}],"wp:term":[{"taxonomy":"product_brand","embeddable":true,"href":"https:\/\/obender.eu\/en\/wp-json\/wp\/v2\/product_brand?post=12980"},{"taxonomy":"product_cat","embeddable":true,"href":"https:\/\/obender.eu\/en\/wp-json\/wp\/v2\/product_cat?post=12980"},{"taxonomy":"product_tag","embeddable":true,"href":"https:\/\/obender.eu\/en\/wp-json\/wp\/v2\/product_tag?post=12980"}],"curies":[{"name":"wp","href":"https:\/\/api.w.org\/{rel}","templated":true}]}}