{"id":12993,"date":"2020-09-26T07:00:56","date_gmt":"2020-09-26T04:00:56","guid":{"rendered":"https:\/\/obender.eu\/toode\/varta-akulaadija-57082-solar2aa-2100mahotsikud\/"},"modified":"2026-04-18T23:00:29","modified_gmt":"2026-04-18T20:00:29","slug":"varta-akulaadija-57082-solar2aa-2100mahotsikud","status":"publish","type":"product","link":"https:\/\/obender.eu\/en\/toode\/varta-akulaadija-57082-solar2aa-2100mahotsikud\/","title":{"rendered":"Varta charger 57082 Solar with adapters and new AA2100mAh batteries"},"content":{"rendered":"<p><strong>Varta Solar charger 57082101421<\/strong><\/p>\n<p>EAN: 4008496658954<\/p>\n<p>High quality solar charger with two solar panels and extensive charging options. Charges 2 traditional mignon batteries by means of sunlight or optional via USB from your PC or laptop. The USB out function supplies mobile devices such as mobile phones, PDAs, etc. again with new energy. This solar charger requires little space when folded and is therefore ideally suited as an emergency power supply for outdoor applications or when travelling.<\/p>\n<h3>Highlights &amp; Details<\/h3>\n<ul class=\"product-features list--unstyled\">\n<li class=\"product-features__item\">Incl. 2 x AA-battery 2100 mAh<\/li>\n<li class=\"product-features__item\">USB-IN &amp; USB-OUT Function<\/li>\n<li class=\"product-features__item\">Incl. 6 Adapter<\/li>\n<\/ul>\n<h3>Facts<\/h3>\n<ul class=\"product-features list--unstyled\">\n<li class=\"product-features__item\">Reverse polarity protection<\/li>\n<li class=\"product-features__item\">LED status indicator<\/li>\n<li class=\"product-features__item\">2 multi-crystalline solar panels.<\/li>\n<\/ul>\n<h3>Delivery<\/h3>\n<ul class=\"product-features list--unstyled\">\n<li class=\"product-features__item\">Solar charger<\/li>\n<li class=\"product-features__item\">USB charging cable<\/li>\n<li class=\"product-features__item\">6 adapters (LG, Samsung, Motorola Blackberry (Mini USB), Nokia (small), Micro USB<\/li>\n<li class=\"product-features__item\">2 Ready2Use mignon batteries 2100 mAh<\/li>\n<li class=\"product-features__item\">User manual.<\/li>\n<\/ul>\n","protected":false},"excerpt":{"rendered":"<p>Varta Solar charger 57082101421 EAN: 4008496658954 High quality solar charger with two solar panels and extensive charging options. Charges 2<\/p>\n","protected":false},"featured_media":14341,"template":"","meta":[],"product_brand":[],"product_cat":[408,266,299,390],"product_tag":[637,496,494],"class_list":{"0":"post-12993","1":"product","2":"type-product","3":"status-publish","4":"has-post-thumbnail","6":"product_cat-nimh-chargers","7":"product_cat-batteries-chargers","8":"product_cat-phone-holders-and-chargers","9":"product_cat-smartphone-chargers-12v-240v","10":"product_tag-laadija-en","11":"product_tag-solar-en","12":"product_tag-varta-en","14":"first","15":"instock","16":"taxable","17":"shipping-taxable","18":"purchasable","19":"product-type-simple"},"yoast_head":"<!-- This site is optimized with the Yoast SEO Premium plugin v20.0 (Yoast SEO v27.4) - https:\/\/yoast.com\/product\/yoast-seo-premium-wordpress\/ -->\n<title>Varta charger 57082 Solar with adapters and new AA2100mAh batteries - Obender<\/title>\n<meta name=\"robots\" content=\"index, follow, max-snippet:-1, max-image-preview:large, max-video-preview:-1\" \/>\n<link rel=\"canonical\" href=\"https:\/\/obender.eu\/en\/toode\/varta-akulaadija-57082-solar2aa-2100mahotsikud\/\" \/>\n<meta property=\"og:locale\" content=\"en_US\" \/>\n<meta property=\"og:type\" content=\"article\" \/>\n<meta property=\"og:title\" content=\"Varta charger 57082 Solar with adapters and new AA2100mAh batteries\" \/>\n<meta property=\"og:description\" content=\"Varta Solar charger 57082101421 EAN: 4008496658954 High quality solar charger with two solar panels and extensive charging options. Charges 2\" \/>\n<meta property=\"og:url\" content=\"https:\/\/obender.eu\/en\/toode\/varta-akulaadija-57082-solar2aa-2100mahotsikud\/\" \/>\n<meta property=\"og:site_name\" content=\"Obender\" \/>\n<meta property=\"article:modified_time\" content=\"2026-04-18T20:00:29+00:00\" \/>\n<meta property=\"og:image\" content=\"https:\/\/www.obender.eu\/wp-content\/uploads\/2020\/09\/57082-1.jpg\" \/>\n\t<meta property=\"og:image:width\" content=\"600\" \/>\n\t<meta property=\"og:image:height\" content=\"600\" \/>\n\t<meta property=\"og:image:type\" content=\"image\/jpeg\" \/>\n<meta name=\"twitter:card\" content=\"summary_large_image\" \/>\n<meta name=\"twitter:label1\" content=\"Est. reading time\" \/>\n\t<meta name=\"twitter:data1\" content=\"1 minute\" \/>\n<script type=\"application\/ld+json\" class=\"yoast-schema-graph\">{\"@context\":\"https:\\\/\\\/schema.org\",\"@graph\":[{\"@type\":\"WebPage\",\"@id\":\"https:\\\/\\\/obender.eu\\\/en\\\/toode\\\/varta-akulaadija-57082-solar2aa-2100mahotsikud\\\/\",\"url\":\"https:\\\/\\\/obender.eu\\\/en\\\/toode\\\/varta-akulaadija-57082-solar2aa-2100mahotsikud\\\/\",\"name\":\"Varta charger 57082 Solar with adapters and new AA2100mAh batteries - Obender\",\"isPartOf\":{\"@id\":\"https:\\\/\\\/www.obender.eu\\\/#website\"},\"primaryImageOfPage\":{\"@id\":\"https:\\\/\\\/obender.eu\\\/en\\\/toode\\\/varta-akulaadija-57082-solar2aa-2100mahotsikud\\\/#primaryimage\"},\"image\":{\"@id\":\"https:\\\/\\\/obender.eu\\\/en\\\/toode\\\/varta-akulaadija-57082-solar2aa-2100mahotsikud\\\/#primaryimage\"},\"thumbnailUrl\":\"https:\\\/\\\/obender.eu\\\/wp-content\\\/uploads\\\/2020\\\/09\\\/57082-1.jpg\",\"datePublished\":\"2020-09-26T04:00:56+00:00\",\"dateModified\":\"2026-04-18T20:00:29+00:00\",\"breadcrumb\":{\"@id\":\"https:\\\/\\\/obender.eu\\\/en\\\/toode\\\/varta-akulaadija-57082-solar2aa-2100mahotsikud\\\/#breadcrumb\"},\"inLanguage\":\"en-US\",\"potentialAction\":[{\"@type\":\"ReadAction\",\"target\":[\"https:\\\/\\\/obender.eu\\\/en\\\/toode\\\/varta-akulaadija-57082-solar2aa-2100mahotsikud\\\/\"]}]},{\"@type\":\"ImageObject\",\"inLanguage\":\"en-US\",\"@id\":\"https:\\\/\\\/obender.eu\\\/en\\\/toode\\\/varta-akulaadija-57082-solar2aa-2100mahotsikud\\\/#primaryimage\",\"url\":\"https:\\\/\\\/obender.eu\\\/wp-content\\\/uploads\\\/2020\\\/09\\\/57082-1.jpg\",\"contentUrl\":\"https:\\\/\\\/obender.eu\\\/wp-content\\\/uploads\\\/2020\\\/09\\\/57082-1.jpg\",\"width\":600,\"height\":600},{\"@type\":\"BreadcrumbList\",\"@id\":\"https:\\\/\\\/obender.eu\\\/en\\\/toode\\\/varta-akulaadija-57082-solar2aa-2100mahotsikud\\\/#breadcrumb\",\"itemListElement\":[{\"@type\":\"ListItem\",\"position\":1,\"name\":\"Home\",\"item\":\"https:\\\/\\\/obender.eu\\\/en\\\/\"},{\"@type\":\"ListItem\",\"position\":2,\"name\":\"Tooted\",\"item\":\"https:\\\/\\\/www.obender.eu\\\/tooted\\\/\"},{\"@type\":\"ListItem\",\"position\":3,\"name\":\"Varta charger 57082 Solar with adapters and new AA2100mAh batteries\"}]},{\"@type\":\"WebSite\",\"@id\":\"https:\\\/\\\/www.obender.eu\\\/#website\",\"url\":\"https:\\\/\\\/www.obender.eu\\\/\",\"name\":\"Obender\",\"description\":\"T\u00f6\u00f6stuskaupade hulgim\u00fc\u00fck\",\"potentialAction\":[{\"@type\":\"SearchAction\",\"target\":{\"@type\":\"EntryPoint\",\"urlTemplate\":\"https:\\\/\\\/www.obender.eu\\\/?s={search_term_string}\"},\"query-input\":{\"@type\":\"PropertyValueSpecification\",\"valueRequired\":true,\"valueName\":\"search_term_string\"}}],\"inLanguage\":\"en-US\"}]}<\/script>\n<!-- \/ Yoast SEO Premium plugin. -->","yoast_head_json":{"title":"Varta charger 57082 Solar with adapters and new AA2100mAh batteries - Obender","robots":{"index":"index","follow":"follow","max-snippet":"max-snippet:-1","max-image-preview":"max-image-preview:large","max-video-preview":"max-video-preview:-1"},"canonical":"https:\/\/obender.eu\/en\/toode\/varta-akulaadija-57082-solar2aa-2100mahotsikud\/","og_locale":"en_US","og_type":"article","og_title":"Varta charger 57082 Solar with adapters and new AA2100mAh batteries","og_description":"Varta Solar charger 57082101421 EAN: 4008496658954 High quality solar charger with two solar panels and extensive charging options. Charges 2","og_url":"https:\/\/obender.eu\/en\/toode\/varta-akulaadija-57082-solar2aa-2100mahotsikud\/","og_site_name":"Obender","article_modified_time":"2026-04-18T20:00:29+00:00","og_image":[{"width":600,"height":600,"url":"https:\/\/www.obender.eu\/wp-content\/uploads\/2020\/09\/57082-1.jpg","type":"image\/jpeg"}],"twitter_card":"summary_large_image","twitter_misc":{"Est. reading time":"1 minute"},"schema":{"@context":"https:\/\/schema.org","@graph":[{"@type":"WebPage","@id":"https:\/\/obender.eu\/en\/toode\/varta-akulaadija-57082-solar2aa-2100mahotsikud\/","url":"https:\/\/obender.eu\/en\/toode\/varta-akulaadija-57082-solar2aa-2100mahotsikud\/","name":"Varta charger 57082 Solar with adapters and new AA2100mAh batteries - Obender","isPartOf":{"@id":"https:\/\/www.obender.eu\/#website"},"primaryImageOfPage":{"@id":"https:\/\/obender.eu\/en\/toode\/varta-akulaadija-57082-solar2aa-2100mahotsikud\/#primaryimage"},"image":{"@id":"https:\/\/obender.eu\/en\/toode\/varta-akulaadija-57082-solar2aa-2100mahotsikud\/#primaryimage"},"thumbnailUrl":"https:\/\/obender.eu\/wp-content\/uploads\/2020\/09\/57082-1.jpg","datePublished":"2020-09-26T04:00:56+00:00","dateModified":"2026-04-18T20:00:29+00:00","breadcrumb":{"@id":"https:\/\/obender.eu\/en\/toode\/varta-akulaadija-57082-solar2aa-2100mahotsikud\/#breadcrumb"},"inLanguage":"en-US","potentialAction":[{"@type":"ReadAction","target":["https:\/\/obender.eu\/en\/toode\/varta-akulaadija-57082-solar2aa-2100mahotsikud\/"]}]},{"@type":"ImageObject","inLanguage":"en-US","@id":"https:\/\/obender.eu\/en\/toode\/varta-akulaadija-57082-solar2aa-2100mahotsikud\/#primaryimage","url":"https:\/\/obender.eu\/wp-content\/uploads\/2020\/09\/57082-1.jpg","contentUrl":"https:\/\/obender.eu\/wp-content\/uploads\/2020\/09\/57082-1.jpg","width":600,"height":600},{"@type":"BreadcrumbList","@id":"https:\/\/obender.eu\/en\/toode\/varta-akulaadija-57082-solar2aa-2100mahotsikud\/#breadcrumb","itemListElement":[{"@type":"ListItem","position":1,"name":"Home","item":"https:\/\/obender.eu\/en\/"},{"@type":"ListItem","position":2,"name":"Tooted","item":"https:\/\/www.obender.eu\/tooted\/"},{"@type":"ListItem","position":3,"name":"Varta charger 57082 Solar with adapters and new AA2100mAh batteries"}]},{"@type":"WebSite","@id":"https:\/\/www.obender.eu\/#website","url":"https:\/\/www.obender.eu\/","name":"Obender","description":"T\u00f6\u00f6stuskaupade hulgim\u00fc\u00fck","potentialAction":[{"@type":"SearchAction","target":{"@type":"EntryPoint","urlTemplate":"https:\/\/www.obender.eu\/?s={search_term_string}"},"query-input":{"@type":"PropertyValueSpecification","valueRequired":true,"valueName":"search_term_string"}}],"inLanguage":"en-US"}]}},"_links":{"self":[{"href":"https:\/\/obender.eu\/en\/wp-json\/wp\/v2\/product\/12993","targetHints":{"allow":["GET"]}}],"collection":[{"href":"https:\/\/obender.eu\/en\/wp-json\/wp\/v2\/product"}],"about":[{"href":"https:\/\/obender.eu\/en\/wp-json\/wp\/v2\/types\/product"}],"version-history":[{"count":4,"href":"https:\/\/obender.eu\/en\/wp-json\/wp\/v2\/product\/12993\/revisions"}],"predecessor-version":[{"id":24589,"href":"https:\/\/obender.eu\/en\/wp-json\/wp\/v2\/product\/12993\/revisions\/24589"}],"wp:featuredmedia":[{"embeddable":true,"href":"https:\/\/obender.eu\/en\/wp-json\/wp\/v2\/media\/14341"}],"wp:attachment":[{"href":"https:\/\/obender.eu\/en\/wp-json\/wp\/v2\/media?parent=12993"}],"wp:term":[{"taxonomy":"product_brand","embeddable":true,"href":"https:\/\/obender.eu\/en\/wp-json\/wp\/v2\/product_brand?post=12993"},{"taxonomy":"product_cat","embeddable":true,"href":"https:\/\/obender.eu\/en\/wp-json\/wp\/v2\/product_cat?post=12993"},{"taxonomy":"product_tag","embeddable":true,"href":"https:\/\/obender.eu\/en\/wp-json\/wp\/v2\/product_tag?post=12993"}],"curies":[{"name":"wp","href":"https:\/\/api.w.org\/{rel}","templated":true}]}}