{"id":13010,"date":"2020-09-26T07:53:30","date_gmt":"2020-09-26T04:53:30","guid":{"rendered":"https:\/\/obender.eu\/?post_type=product&#038;p=13010"},"modified":"2026-04-18T23:00:29","modified_gmt":"2026-04-18T20:00:29","slug":"varta-akulaadija-57674-aa-aaa4aa-2100mah-kopeeri","status":"publish","type":"product","link":"https:\/\/obender.eu\/en\/toode\/varta-akulaadija-57674-aa-aaa4aa-2100mah-kopeeri\/","title":{"rendered":"Battery charger Varta 57675 AA\/AAA+4*AA 2500mAh"},"content":{"rendered":"<p>Battery charger Varta 57675<\/p>\n<p>EAN: 4008496773480<\/p>\n<p><b><big>LCD ULTRA FAST CHARGER 57675 Processor charger<\/big><\/b><br \/>\n<b>4 Independent charging channel<\/b><\/p>\n<p><b>Charger Description:<\/b><br \/>\nVery good price\/quality ratio<br \/>\n4 functions: Charging, unloading, capacity test and refreshing<br \/>\nSingle charge up to 4 AA\/AAA<br \/>\nCharging time 15 minutes (4*AA 1600mAh)<br \/>\nGlobal voltage-for worldwide use (100-240V) and 12V car adapter<br \/>\n3-Year Warranty<br \/>\nAvailable with 4x AA 2500 mAh Ready To Use Batteries<\/p>\n<p><b>Maintenance charge<\/b><br \/>\n-Prevents the natural self-discharge of rechargeable batteries.<\/p>\n<p><b>Minus Delta V method<\/b><br \/>\nA method using the fact that the voltage on the loaded cell is lowered slightly (-Delta V) as soon as it is fully charged and the charging process is completed.<\/p>\n<p><b>Detecting alkaline batteries and broken batteries<\/b><br \/>\n-Includes criteria for switching off the charger to prevent the charging of primary batteries, defective battery packs with reverse poloryzation.<\/p>\n<p><b>Timer<\/b><br \/>\n-The Timer turns off the device after a certain period of time, regardless of the charging status.<\/p>\n","protected":false},"excerpt":{"rendered":"<p>Battery charger Varta 57675 EAN: 4008496773480 LCD ULTRA FAST CHARGER 57675 Processor charger 4 Independent charging channel Charger Description: Very<\/p>\n","protected":false},"featured_media":17777,"template":"","meta":[],"product_brand":[],"product_cat":[408,266],"product_tag":[493,637,494],"class_list":{"0":"post-13010","1":"product","2":"type-product","3":"status-publish","4":"has-post-thumbnail","6":"product_cat-nimh-chargers","7":"product_cat-batteries-chargers","8":"product_tag-charger","9":"product_tag-laadija-en","10":"product_tag-varta-en","12":"first","13":"instock","14":"taxable","15":"shipping-taxable","16":"purchasable","17":"product-type-simple"},"yoast_head":"<!-- This site is optimized with the Yoast SEO Premium plugin v20.0 (Yoast SEO v27.4) - https:\/\/yoast.com\/product\/yoast-seo-premium-wordpress\/ -->\n<title>Battery charger Varta 57675 AA\/AAA+4*AA 2500mAh - Obender<\/title>\n<meta name=\"robots\" content=\"index, follow, max-snippet:-1, max-image-preview:large, max-video-preview:-1\" \/>\n<link rel=\"canonical\" href=\"https:\/\/obender.eu\/en\/toode\/varta-akulaadija-57674-aa-aaa4aa-2100mah-kopeeri\/\" \/>\n<meta property=\"og:locale\" content=\"en_US\" \/>\n<meta property=\"og:type\" content=\"article\" \/>\n<meta property=\"og:title\" content=\"Battery charger Varta 57675 AA\/AAA+4*AA 2500mAh\" \/>\n<meta property=\"og:description\" content=\"Battery charger Varta 57675 EAN: 4008496773480 LCD ULTRA FAST CHARGER 57675 Processor charger 4 Independent charging channel Charger Description: Very\" \/>\n<meta property=\"og:url\" content=\"https:\/\/obender.eu\/en\/toode\/varta-akulaadija-57674-aa-aaa4aa-2100mah-kopeeri\/\" \/>\n<meta property=\"og:site_name\" content=\"Obender\" \/>\n<meta property=\"article:modified_time\" content=\"2026-04-18T20:00:29+00:00\" \/>\n<meta property=\"og:image\" content=\"https:\/\/www.obender.eu\/wp-content\/uploads\/2020\/09\/4008496773480-2.jpg\" \/>\n\t<meta property=\"og:image:width\" content=\"800\" \/>\n\t<meta property=\"og:image:height\" content=\"800\" \/>\n\t<meta property=\"og:image:type\" content=\"image\/jpeg\" \/>\n<meta name=\"twitter:card\" content=\"summary_large_image\" \/>\n<meta name=\"twitter:label1\" content=\"Est. reading time\" \/>\n\t<meta name=\"twitter:data1\" content=\"1 minute\" \/>\n<script type=\"application\/ld+json\" class=\"yoast-schema-graph\">{\"@context\":\"https:\\\/\\\/schema.org\",\"@graph\":[{\"@type\":\"WebPage\",\"@id\":\"https:\\\/\\\/obender.eu\\\/en\\\/toode\\\/varta-akulaadija-57674-aa-aaa4aa-2100mah-kopeeri\\\/\",\"url\":\"https:\\\/\\\/obender.eu\\\/en\\\/toode\\\/varta-akulaadija-57674-aa-aaa4aa-2100mah-kopeeri\\\/\",\"name\":\"Battery charger Varta 57675 AA\\\/AAA+4*AA 2500mAh - Obender\",\"isPartOf\":{\"@id\":\"https:\\\/\\\/www.obender.eu\\\/#website\"},\"primaryImageOfPage\":{\"@id\":\"https:\\\/\\\/obender.eu\\\/en\\\/toode\\\/varta-akulaadija-57674-aa-aaa4aa-2100mah-kopeeri\\\/#primaryimage\"},\"image\":{\"@id\":\"https:\\\/\\\/obender.eu\\\/en\\\/toode\\\/varta-akulaadija-57674-aa-aaa4aa-2100mah-kopeeri\\\/#primaryimage\"},\"thumbnailUrl\":\"https:\\\/\\\/obender.eu\\\/wp-content\\\/uploads\\\/2020\\\/09\\\/4008496773480-2.jpg\",\"datePublished\":\"2020-09-26T04:53:30+00:00\",\"dateModified\":\"2026-04-18T20:00:29+00:00\",\"breadcrumb\":{\"@id\":\"https:\\\/\\\/obender.eu\\\/en\\\/toode\\\/varta-akulaadija-57674-aa-aaa4aa-2100mah-kopeeri\\\/#breadcrumb\"},\"inLanguage\":\"en-US\",\"potentialAction\":[{\"@type\":\"ReadAction\",\"target\":[\"https:\\\/\\\/obender.eu\\\/en\\\/toode\\\/varta-akulaadija-57674-aa-aaa4aa-2100mah-kopeeri\\\/\"]}]},{\"@type\":\"ImageObject\",\"inLanguage\":\"en-US\",\"@id\":\"https:\\\/\\\/obender.eu\\\/en\\\/toode\\\/varta-akulaadija-57674-aa-aaa4aa-2100mah-kopeeri\\\/#primaryimage\",\"url\":\"https:\\\/\\\/obender.eu\\\/wp-content\\\/uploads\\\/2020\\\/09\\\/4008496773480-2.jpg\",\"contentUrl\":\"https:\\\/\\\/obender.eu\\\/wp-content\\\/uploads\\\/2020\\\/09\\\/4008496773480-2.jpg\",\"width\":800,\"height\":800},{\"@type\":\"BreadcrumbList\",\"@id\":\"https:\\\/\\\/obender.eu\\\/en\\\/toode\\\/varta-akulaadija-57674-aa-aaa4aa-2100mah-kopeeri\\\/#breadcrumb\",\"itemListElement\":[{\"@type\":\"ListItem\",\"position\":1,\"name\":\"Home\",\"item\":\"https:\\\/\\\/obender.eu\\\/en\\\/\"},{\"@type\":\"ListItem\",\"position\":2,\"name\":\"Tooted\",\"item\":\"https:\\\/\\\/www.obender.eu\\\/tooted\\\/\"},{\"@type\":\"ListItem\",\"position\":3,\"name\":\"Battery charger Varta 57675 AA\\\/AAA+4*AA 2500mAh\"}]},{\"@type\":\"WebSite\",\"@id\":\"https:\\\/\\\/www.obender.eu\\\/#website\",\"url\":\"https:\\\/\\\/www.obender.eu\\\/\",\"name\":\"Obender\",\"description\":\"T\u00f6\u00f6stuskaupade hulgim\u00fc\u00fck\",\"potentialAction\":[{\"@type\":\"SearchAction\",\"target\":{\"@type\":\"EntryPoint\",\"urlTemplate\":\"https:\\\/\\\/www.obender.eu\\\/?s={search_term_string}\"},\"query-input\":{\"@type\":\"PropertyValueSpecification\",\"valueRequired\":true,\"valueName\":\"search_term_string\"}}],\"inLanguage\":\"en-US\"}]}<\/script>\n<!-- \/ Yoast SEO Premium plugin. -->","yoast_head_json":{"title":"Battery charger Varta 57675 AA\/AAA+4*AA 2500mAh - Obender","robots":{"index":"index","follow":"follow","max-snippet":"max-snippet:-1","max-image-preview":"max-image-preview:large","max-video-preview":"max-video-preview:-1"},"canonical":"https:\/\/obender.eu\/en\/toode\/varta-akulaadija-57674-aa-aaa4aa-2100mah-kopeeri\/","og_locale":"en_US","og_type":"article","og_title":"Battery charger Varta 57675 AA\/AAA+4*AA 2500mAh","og_description":"Battery charger Varta 57675 EAN: 4008496773480 LCD ULTRA FAST CHARGER 57675 Processor charger 4 Independent charging channel Charger Description: Very","og_url":"https:\/\/obender.eu\/en\/toode\/varta-akulaadija-57674-aa-aaa4aa-2100mah-kopeeri\/","og_site_name":"Obender","article_modified_time":"2026-04-18T20:00:29+00:00","og_image":[{"width":800,"height":800,"url":"https:\/\/www.obender.eu\/wp-content\/uploads\/2020\/09\/4008496773480-2.jpg","type":"image\/jpeg"}],"twitter_card":"summary_large_image","twitter_misc":{"Est. reading time":"1 minute"},"schema":{"@context":"https:\/\/schema.org","@graph":[{"@type":"WebPage","@id":"https:\/\/obender.eu\/en\/toode\/varta-akulaadija-57674-aa-aaa4aa-2100mah-kopeeri\/","url":"https:\/\/obender.eu\/en\/toode\/varta-akulaadija-57674-aa-aaa4aa-2100mah-kopeeri\/","name":"Battery charger Varta 57675 AA\/AAA+4*AA 2500mAh - Obender","isPartOf":{"@id":"https:\/\/www.obender.eu\/#website"},"primaryImageOfPage":{"@id":"https:\/\/obender.eu\/en\/toode\/varta-akulaadija-57674-aa-aaa4aa-2100mah-kopeeri\/#primaryimage"},"image":{"@id":"https:\/\/obender.eu\/en\/toode\/varta-akulaadija-57674-aa-aaa4aa-2100mah-kopeeri\/#primaryimage"},"thumbnailUrl":"https:\/\/obender.eu\/wp-content\/uploads\/2020\/09\/4008496773480-2.jpg","datePublished":"2020-09-26T04:53:30+00:00","dateModified":"2026-04-18T20:00:29+00:00","breadcrumb":{"@id":"https:\/\/obender.eu\/en\/toode\/varta-akulaadija-57674-aa-aaa4aa-2100mah-kopeeri\/#breadcrumb"},"inLanguage":"en-US","potentialAction":[{"@type":"ReadAction","target":["https:\/\/obender.eu\/en\/toode\/varta-akulaadija-57674-aa-aaa4aa-2100mah-kopeeri\/"]}]},{"@type":"ImageObject","inLanguage":"en-US","@id":"https:\/\/obender.eu\/en\/toode\/varta-akulaadija-57674-aa-aaa4aa-2100mah-kopeeri\/#primaryimage","url":"https:\/\/obender.eu\/wp-content\/uploads\/2020\/09\/4008496773480-2.jpg","contentUrl":"https:\/\/obender.eu\/wp-content\/uploads\/2020\/09\/4008496773480-2.jpg","width":800,"height":800},{"@type":"BreadcrumbList","@id":"https:\/\/obender.eu\/en\/toode\/varta-akulaadija-57674-aa-aaa4aa-2100mah-kopeeri\/#breadcrumb","itemListElement":[{"@type":"ListItem","position":1,"name":"Home","item":"https:\/\/obender.eu\/en\/"},{"@type":"ListItem","position":2,"name":"Tooted","item":"https:\/\/www.obender.eu\/tooted\/"},{"@type":"ListItem","position":3,"name":"Battery charger Varta 57675 AA\/AAA+4*AA 2500mAh"}]},{"@type":"WebSite","@id":"https:\/\/www.obender.eu\/#website","url":"https:\/\/www.obender.eu\/","name":"Obender","description":"T\u00f6\u00f6stuskaupade hulgim\u00fc\u00fck","potentialAction":[{"@type":"SearchAction","target":{"@type":"EntryPoint","urlTemplate":"https:\/\/www.obender.eu\/?s={search_term_string}"},"query-input":{"@type":"PropertyValueSpecification","valueRequired":true,"valueName":"search_term_string"}}],"inLanguage":"en-US"}]}},"_links":{"self":[{"href":"https:\/\/obender.eu\/en\/wp-json\/wp\/v2\/product\/13010","targetHints":{"allow":["GET"]}}],"collection":[{"href":"https:\/\/obender.eu\/en\/wp-json\/wp\/v2\/product"}],"about":[{"href":"https:\/\/obender.eu\/en\/wp-json\/wp\/v2\/types\/product"}],"version-history":[{"count":5,"href":"https:\/\/obender.eu\/en\/wp-json\/wp\/v2\/product\/13010\/revisions"}],"predecessor-version":[{"id":24451,"href":"https:\/\/obender.eu\/en\/wp-json\/wp\/v2\/product\/13010\/revisions\/24451"}],"wp:featuredmedia":[{"embeddable":true,"href":"https:\/\/obender.eu\/en\/wp-json\/wp\/v2\/media\/17777"}],"wp:attachment":[{"href":"https:\/\/obender.eu\/en\/wp-json\/wp\/v2\/media?parent=13010"}],"wp:term":[{"taxonomy":"product_brand","embeddable":true,"href":"https:\/\/obender.eu\/en\/wp-json\/wp\/v2\/product_brand?post=13010"},{"taxonomy":"product_cat","embeddable":true,"href":"https:\/\/obender.eu\/en\/wp-json\/wp\/v2\/product_cat?post=13010"},{"taxonomy":"product_tag","embeddable":true,"href":"https:\/\/obender.eu\/en\/wp-json\/wp\/v2\/product_tag?post=13010"}],"curies":[{"name":"wp","href":"https:\/\/api.w.org\/{rel}","templated":true}]}}