{"id":13014,"date":"2020-09-26T08:07:44","date_gmt":"2020-09-26T05:07:45","guid":{"rendered":"https:\/\/obender.eu\/?post_type=product&#038;p=13014"},"modified":"2026-04-20T07:00:45","modified_gmt":"2026-04-20T04:00:45","slug":"varta-akulaadija-57676-aa-aaa-dual-tech-li-ionnimh","status":"publish","type":"product","link":"https:\/\/obender.eu\/en\/toode\/varta-akulaadija-57676-aa-aaa-dual-tech-li-ionnimh\/","title":{"rendered":"Varta LCD Dual Tech charger 57676 AA\/AAA Li-Ion+NiMH"},"content":{"rendered":"<p><b><big>VARTA DUAL TECH CHARGER 57676 Processor charger<\/big><\/b><br \/>\n<big><b>Charger for Ni-MH and Li-Ion rechargeable batteries<\/b><\/big><br \/>\n<big><b>4 Independent charging channels<\/b><\/big><\/p>\n<p>EAN: 4008496928910<\/p>\n<p><b>Charger Description:<\/b><br \/>\nAdvanced four-channel battery charger with capacity measurement<br \/>\nThe channels are independent which enables simultaneous charging of Ni-MH and Li-Ion cells, in any number of 1, 2, 3 or 4 cells<br \/>\nCompatible with Ni-MH cells: AA and AAA<br \/>\nCompatible with Li-lon cells: 18650, 18490, 18350, 17670, 17500, RCR123A\/17335\/16340, 14500, 10440<br \/>\nCharging current: NiMH 500 mA, Li Ion 500-1000 mA, 5V USB 1000 mA<br \/>\nSafety functions: Delta V Negative method, temperature control and short circuit protection<br \/>\n4 operating modes: charging, unloading, capacity test and refreshing (refresh only for NiMH)<br \/>\nDisplayed data: Voltage (V), Capacity (mAh) and time<br \/>\n3-Year Warranty<\/p>\n<p><b>Advantages of the Charger:<\/b><\/p>\n<p><b>Minus Delta V Method:<\/b><br \/>\nA method using the fact that the voltage on the loaded cell is lowered slightly (-Delta V) as soon as it is fully charged and the charging process is completed.<\/p>\n<p><b>Maintenance charge:<\/b><br \/>\nPrevents the natural self-discharge of rechargeable batteries.<\/p>\n<p><b>Temperature control:<\/b><br \/>\nThe temperature of the rechargeable batteries is measured during charging. If it rises above a certain level, the charger will turn off automatically.<\/p>\n<p><b>Automatic Li-lon detection:<\/b><br \/>\nDetects the cell type (Li-Ion\/NiMH) and charges Li-Ion batteries with a voltage of 4.2 V. Allows charging current up to 1000 mA for high capacity cells (&gt; = 1000 mAh).<\/p>\n","protected":false},"excerpt":{"rendered":"<p>VARTA DUAL TECH CHARGER 57676 Processor charger Charger for Ni-MH and Li-Ion rechargeable batteries 4 Independent charging channels EAN: 4008496928910<\/p>\n","protected":false},"featured_media":14315,"template":"","meta":[],"product_brand":[],"product_cat":[268,408,266],"product_tag":[637,481,494],"class_list":{"0":"post-13014","1":"product","2":"type-product","3":"status-publish","4":"has-post-thumbnail","6":"product_cat-li-ion-batteries-chargers","7":"product_cat-nimh-chargers","8":"product_cat-batteries-chargers","9":"product_tag-laadija-en","10":"product_tag-li-ion-en","11":"product_tag-varta-en","13":"first","14":"instock","15":"taxable","16":"shipping-taxable","17":"purchasable","18":"product-type-simple"},"yoast_head":"<!-- This site is optimized with the Yoast SEO Premium plugin v20.0 (Yoast SEO v27.4) - https:\/\/yoast.com\/product\/yoast-seo-premium-wordpress\/ -->\n<title>Varta LCD Dual Tech charger 57676 AA\/AAA Li-Ion+NiMH - Obender<\/title>\n<meta name=\"robots\" content=\"index, follow, max-snippet:-1, max-image-preview:large, max-video-preview:-1\" \/>\n<link rel=\"canonical\" href=\"https:\/\/obender.eu\/en\/toode\/varta-akulaadija-57676-aa-aaa-dual-tech-li-ionnimh\/\" \/>\n<meta property=\"og:locale\" content=\"en_US\" \/>\n<meta property=\"og:type\" content=\"article\" \/>\n<meta property=\"og:title\" content=\"Varta LCD Dual Tech charger 57676 AA\/AAA Li-Ion+NiMH\" \/>\n<meta property=\"og:description\" content=\"VARTA DUAL TECH CHARGER 57676 Processor charger Charger for Ni-MH and Li-Ion rechargeable batteries 4 Independent charging channels EAN: 4008496928910\" \/>\n<meta property=\"og:url\" content=\"https:\/\/obender.eu\/en\/toode\/varta-akulaadija-57676-aa-aaa-dual-tech-li-ionnimh\/\" \/>\n<meta property=\"og:site_name\" content=\"Obender\" \/>\n<meta property=\"article:modified_time\" content=\"2026-04-20T04:00:45+00:00\" \/>\n<meta property=\"og:image\" content=\"https:\/\/www.obender.eu\/wp-content\/uploads\/2020\/09\/4008496928910-1.jpg\" \/>\n\t<meta property=\"og:image:width\" content=\"333\" \/>\n\t<meta property=\"og:image:height\" content=\"334\" \/>\n\t<meta property=\"og:image:type\" content=\"image\/jpeg\" \/>\n<meta name=\"twitter:card\" content=\"summary_large_image\" \/>\n<meta name=\"twitter:label1\" content=\"Est. reading time\" \/>\n\t<meta name=\"twitter:data1\" content=\"2 minutes\" \/>\n<script type=\"application\/ld+json\" class=\"yoast-schema-graph\">{\"@context\":\"https:\\\/\\\/schema.org\",\"@graph\":[{\"@type\":\"WebPage\",\"@id\":\"https:\\\/\\\/obender.eu\\\/en\\\/toode\\\/varta-akulaadija-57676-aa-aaa-dual-tech-li-ionnimh\\\/\",\"url\":\"https:\\\/\\\/obender.eu\\\/en\\\/toode\\\/varta-akulaadija-57676-aa-aaa-dual-tech-li-ionnimh\\\/\",\"name\":\"Varta LCD Dual Tech charger 57676 AA\\\/AAA Li-Ion+NiMH - Obender\",\"isPartOf\":{\"@id\":\"https:\\\/\\\/www.obender.eu\\\/#website\"},\"primaryImageOfPage\":{\"@id\":\"https:\\\/\\\/obender.eu\\\/en\\\/toode\\\/varta-akulaadija-57676-aa-aaa-dual-tech-li-ionnimh\\\/#primaryimage\"},\"image\":{\"@id\":\"https:\\\/\\\/obender.eu\\\/en\\\/toode\\\/varta-akulaadija-57676-aa-aaa-dual-tech-li-ionnimh\\\/#primaryimage\"},\"thumbnailUrl\":\"https:\\\/\\\/obender.eu\\\/wp-content\\\/uploads\\\/2020\\\/09\\\/4008496928910-1.jpg\",\"datePublished\":\"2020-09-26T05:07:45+00:00\",\"dateModified\":\"2026-04-20T04:00:45+00:00\",\"breadcrumb\":{\"@id\":\"https:\\\/\\\/obender.eu\\\/en\\\/toode\\\/varta-akulaadija-57676-aa-aaa-dual-tech-li-ionnimh\\\/#breadcrumb\"},\"inLanguage\":\"en-US\",\"potentialAction\":[{\"@type\":\"ReadAction\",\"target\":[\"https:\\\/\\\/obender.eu\\\/en\\\/toode\\\/varta-akulaadija-57676-aa-aaa-dual-tech-li-ionnimh\\\/\"]}]},{\"@type\":\"ImageObject\",\"inLanguage\":\"en-US\",\"@id\":\"https:\\\/\\\/obender.eu\\\/en\\\/toode\\\/varta-akulaadija-57676-aa-aaa-dual-tech-li-ionnimh\\\/#primaryimage\",\"url\":\"https:\\\/\\\/obender.eu\\\/wp-content\\\/uploads\\\/2020\\\/09\\\/4008496928910-1.jpg\",\"contentUrl\":\"https:\\\/\\\/obender.eu\\\/wp-content\\\/uploads\\\/2020\\\/09\\\/4008496928910-1.jpg\",\"width\":333,\"height\":334},{\"@type\":\"BreadcrumbList\",\"@id\":\"https:\\\/\\\/obender.eu\\\/en\\\/toode\\\/varta-akulaadija-57676-aa-aaa-dual-tech-li-ionnimh\\\/#breadcrumb\",\"itemListElement\":[{\"@type\":\"ListItem\",\"position\":1,\"name\":\"Home\",\"item\":\"https:\\\/\\\/obender.eu\\\/en\\\/\"},{\"@type\":\"ListItem\",\"position\":2,\"name\":\"Tooted\",\"item\":\"https:\\\/\\\/www.obender.eu\\\/tooted\\\/\"},{\"@type\":\"ListItem\",\"position\":3,\"name\":\"Varta LCD Dual Tech charger 57676 AA\\\/AAA Li-Ion+NiMH\"}]},{\"@type\":\"WebSite\",\"@id\":\"https:\\\/\\\/www.obender.eu\\\/#website\",\"url\":\"https:\\\/\\\/www.obender.eu\\\/\",\"name\":\"Obender\",\"description\":\"T\u00f6\u00f6stuskaupade hulgim\u00fc\u00fck\",\"potentialAction\":[{\"@type\":\"SearchAction\",\"target\":{\"@type\":\"EntryPoint\",\"urlTemplate\":\"https:\\\/\\\/www.obender.eu\\\/?s={search_term_string}\"},\"query-input\":{\"@type\":\"PropertyValueSpecification\",\"valueRequired\":true,\"valueName\":\"search_term_string\"}}],\"inLanguage\":\"en-US\"}]}<\/script>\n<!-- \/ Yoast SEO Premium plugin. -->","yoast_head_json":{"title":"Varta LCD Dual Tech charger 57676 AA\/AAA Li-Ion+NiMH - Obender","robots":{"index":"index","follow":"follow","max-snippet":"max-snippet:-1","max-image-preview":"max-image-preview:large","max-video-preview":"max-video-preview:-1"},"canonical":"https:\/\/obender.eu\/en\/toode\/varta-akulaadija-57676-aa-aaa-dual-tech-li-ionnimh\/","og_locale":"en_US","og_type":"article","og_title":"Varta LCD Dual Tech charger 57676 AA\/AAA Li-Ion+NiMH","og_description":"VARTA DUAL TECH CHARGER 57676 Processor charger Charger for Ni-MH and Li-Ion rechargeable batteries 4 Independent charging channels EAN: 4008496928910","og_url":"https:\/\/obender.eu\/en\/toode\/varta-akulaadija-57676-aa-aaa-dual-tech-li-ionnimh\/","og_site_name":"Obender","article_modified_time":"2026-04-20T04:00:45+00:00","og_image":[{"width":333,"height":334,"url":"https:\/\/www.obender.eu\/wp-content\/uploads\/2020\/09\/4008496928910-1.jpg","type":"image\/jpeg"}],"twitter_card":"summary_large_image","twitter_misc":{"Est. reading time":"2 minutes"},"schema":{"@context":"https:\/\/schema.org","@graph":[{"@type":"WebPage","@id":"https:\/\/obender.eu\/en\/toode\/varta-akulaadija-57676-aa-aaa-dual-tech-li-ionnimh\/","url":"https:\/\/obender.eu\/en\/toode\/varta-akulaadija-57676-aa-aaa-dual-tech-li-ionnimh\/","name":"Varta LCD Dual Tech charger 57676 AA\/AAA Li-Ion+NiMH - Obender","isPartOf":{"@id":"https:\/\/www.obender.eu\/#website"},"primaryImageOfPage":{"@id":"https:\/\/obender.eu\/en\/toode\/varta-akulaadija-57676-aa-aaa-dual-tech-li-ionnimh\/#primaryimage"},"image":{"@id":"https:\/\/obender.eu\/en\/toode\/varta-akulaadija-57676-aa-aaa-dual-tech-li-ionnimh\/#primaryimage"},"thumbnailUrl":"https:\/\/obender.eu\/wp-content\/uploads\/2020\/09\/4008496928910-1.jpg","datePublished":"2020-09-26T05:07:45+00:00","dateModified":"2026-04-20T04:00:45+00:00","breadcrumb":{"@id":"https:\/\/obender.eu\/en\/toode\/varta-akulaadija-57676-aa-aaa-dual-tech-li-ionnimh\/#breadcrumb"},"inLanguage":"en-US","potentialAction":[{"@type":"ReadAction","target":["https:\/\/obender.eu\/en\/toode\/varta-akulaadija-57676-aa-aaa-dual-tech-li-ionnimh\/"]}]},{"@type":"ImageObject","inLanguage":"en-US","@id":"https:\/\/obender.eu\/en\/toode\/varta-akulaadija-57676-aa-aaa-dual-tech-li-ionnimh\/#primaryimage","url":"https:\/\/obender.eu\/wp-content\/uploads\/2020\/09\/4008496928910-1.jpg","contentUrl":"https:\/\/obender.eu\/wp-content\/uploads\/2020\/09\/4008496928910-1.jpg","width":333,"height":334},{"@type":"BreadcrumbList","@id":"https:\/\/obender.eu\/en\/toode\/varta-akulaadija-57676-aa-aaa-dual-tech-li-ionnimh\/#breadcrumb","itemListElement":[{"@type":"ListItem","position":1,"name":"Home","item":"https:\/\/obender.eu\/en\/"},{"@type":"ListItem","position":2,"name":"Tooted","item":"https:\/\/www.obender.eu\/tooted\/"},{"@type":"ListItem","position":3,"name":"Varta LCD Dual Tech charger 57676 AA\/AAA Li-Ion+NiMH"}]},{"@type":"WebSite","@id":"https:\/\/www.obender.eu\/#website","url":"https:\/\/www.obender.eu\/","name":"Obender","description":"T\u00f6\u00f6stuskaupade hulgim\u00fc\u00fck","potentialAction":[{"@type":"SearchAction","target":{"@type":"EntryPoint","urlTemplate":"https:\/\/www.obender.eu\/?s={search_term_string}"},"query-input":{"@type":"PropertyValueSpecification","valueRequired":true,"valueName":"search_term_string"}}],"inLanguage":"en-US"}]}},"_links":{"self":[{"href":"https:\/\/obender.eu\/en\/wp-json\/wp\/v2\/product\/13014","targetHints":{"allow":["GET"]}}],"collection":[{"href":"https:\/\/obender.eu\/en\/wp-json\/wp\/v2\/product"}],"about":[{"href":"https:\/\/obender.eu\/en\/wp-json\/wp\/v2\/types\/product"}],"version-history":[{"count":5,"href":"https:\/\/obender.eu\/en\/wp-json\/wp\/v2\/product\/13014\/revisions"}],"predecessor-version":[{"id":24585,"href":"https:\/\/obender.eu\/en\/wp-json\/wp\/v2\/product\/13014\/revisions\/24585"}],"wp:featuredmedia":[{"embeddable":true,"href":"https:\/\/obender.eu\/en\/wp-json\/wp\/v2\/media\/14315"}],"wp:attachment":[{"href":"https:\/\/obender.eu\/en\/wp-json\/wp\/v2\/media?parent=13014"}],"wp:term":[{"taxonomy":"product_brand","embeddable":true,"href":"https:\/\/obender.eu\/en\/wp-json\/wp\/v2\/product_brand?post=13014"},{"taxonomy":"product_cat","embeddable":true,"href":"https:\/\/obender.eu\/en\/wp-json\/wp\/v2\/product_cat?post=13014"},{"taxonomy":"product_tag","embeddable":true,"href":"https:\/\/obender.eu\/en\/wp-json\/wp\/v2\/product_tag?post=13014"}],"curies":[{"name":"wp","href":"https:\/\/api.w.org\/{rel}","templated":true}]}}