{"id":13064,"date":"2020-09-26T11:07:53","date_gmt":"2020-09-26T08:07:53","guid":{"rendered":"https:\/\/obender.eu\/toode\/varta-5716-aku-aa-nimh-12v-2600mah-ready2use-bl2\/"},"modified":"2026-04-20T07:00:44","modified_gmt":"2026-04-20T04:00:44","slug":"varta-5716-aku-aa-nimh-12v-2600mah-ready2use-bl2","status":"publish","type":"product","link":"https:\/\/obender.eu\/en\/toode\/varta-5716-aku-aa-nimh-12v-2600mah-ready2use-bl2\/","title":{"rendered":"NiMH accu Varta 5716 AA 2600mAh BL2"},"content":{"rendered":"<p>NiMH accu Varta 5716 Ready 2 Use<\/p>\n<p>pre-charged battery with low discharge<\/p>\n<p>AA 2600mAh 1,2V BL2<\/p>\n<p>EAN: 4008496745937<\/p>\n","protected":false},"excerpt":{"rendered":"<p>NiMH accu Varta 5716 Ready 2 Use pre-charged battery with low discharge AA 2600mAh 1,2V BL2 EAN: 4008496745937<\/p>\n","protected":false},"featured_media":17836,"template":"","meta":[],"product_brand":[],"product_cat":[269,266],"product_tag":[638,494],"class_list":{"0":"post-13064","1":"product","2":"type-product","3":"status-publish","4":"has-post-thumbnail","6":"product_cat-nimh-rechargeable-batteries","7":"product_cat-batteries-chargers","8":"product_tag-nimh-en","9":"product_tag-varta-en","11":"first","12":"instock","13":"taxable","14":"shipping-taxable","15":"purchasable","16":"product-type-simple"},"yoast_head":"<!-- This site is optimized with the Yoast SEO Premium plugin v20.0 (Yoast SEO v27.4) - https:\/\/yoast.com\/product\/yoast-seo-premium-wordpress\/ -->\n<title>NiMH accu Varta 5716 AA 2600mAh BL2 - Obender<\/title>\n<meta name=\"robots\" content=\"index, follow, max-snippet:-1, max-image-preview:large, max-video-preview:-1\" \/>\n<link rel=\"canonical\" href=\"https:\/\/obender.eu\/en\/toode\/varta-5716-aku-aa-nimh-12v-2600mah-ready2use-bl2\/\" \/>\n<meta property=\"og:locale\" content=\"en_US\" \/>\n<meta property=\"og:type\" content=\"article\" \/>\n<meta property=\"og:title\" content=\"NiMH accu Varta 5716 AA 2600mAh BL2\" \/>\n<meta property=\"og:description\" content=\"NiMH accu Varta 5716 Ready 2 Use pre-charged battery with low discharge AA 2600mAh 1,2V BL2 EAN: 4008496745937\" \/>\n<meta property=\"og:url\" content=\"https:\/\/obender.eu\/en\/toode\/varta-5716-aku-aa-nimh-12v-2600mah-ready2use-bl2\/\" \/>\n<meta property=\"og:site_name\" content=\"Obender\" \/>\n<meta property=\"article:modified_time\" content=\"2026-04-20T04:00:44+00:00\" \/>\n<meta property=\"og:image\" content=\"https:\/\/obender.eu\/wp-content\/uploads\/2022\/03\/4008496745937.jpg\" \/>\n\t<meta property=\"og:image:width\" content=\"600\" \/>\n\t<meta property=\"og:image:height\" content=\"600\" \/>\n\t<meta property=\"og:image:type\" content=\"image\/jpeg\" \/>\n<meta name=\"twitter:card\" content=\"summary_large_image\" \/>\n<meta name=\"twitter:label1\" content=\"Est. reading time\" \/>\n\t<meta name=\"twitter:data1\" content=\"1 minute\" \/>\n<script type=\"application\/ld+json\" class=\"yoast-schema-graph\">{\"@context\":\"https:\\\/\\\/schema.org\",\"@graph\":[{\"@type\":\"WebPage\",\"@id\":\"https:\\\/\\\/obender.eu\\\/en\\\/toode\\\/varta-5716-aku-aa-nimh-12v-2600mah-ready2use-bl2\\\/\",\"url\":\"https:\\\/\\\/obender.eu\\\/en\\\/toode\\\/varta-5716-aku-aa-nimh-12v-2600mah-ready2use-bl2\\\/\",\"name\":\"NiMH accu Varta 5716 AA 2600mAh BL2 - Obender\",\"isPartOf\":{\"@id\":\"https:\\\/\\\/www.obender.eu\\\/#website\"},\"primaryImageOfPage\":{\"@id\":\"https:\\\/\\\/obender.eu\\\/en\\\/toode\\\/varta-5716-aku-aa-nimh-12v-2600mah-ready2use-bl2\\\/#primaryimage\"},\"image\":{\"@id\":\"https:\\\/\\\/obender.eu\\\/en\\\/toode\\\/varta-5716-aku-aa-nimh-12v-2600mah-ready2use-bl2\\\/#primaryimage\"},\"thumbnailUrl\":\"https:\\\/\\\/obender.eu\\\/wp-content\\\/uploads\\\/2022\\\/03\\\/4008496745937.jpg\",\"datePublished\":\"2020-09-26T08:07:53+00:00\",\"dateModified\":\"2026-04-20T04:00:44+00:00\",\"breadcrumb\":{\"@id\":\"https:\\\/\\\/obender.eu\\\/en\\\/toode\\\/varta-5716-aku-aa-nimh-12v-2600mah-ready2use-bl2\\\/#breadcrumb\"},\"inLanguage\":\"en-US\",\"potentialAction\":[{\"@type\":\"ReadAction\",\"target\":[\"https:\\\/\\\/obender.eu\\\/en\\\/toode\\\/varta-5716-aku-aa-nimh-12v-2600mah-ready2use-bl2\\\/\"]}]},{\"@type\":\"ImageObject\",\"inLanguage\":\"en-US\",\"@id\":\"https:\\\/\\\/obender.eu\\\/en\\\/toode\\\/varta-5716-aku-aa-nimh-12v-2600mah-ready2use-bl2\\\/#primaryimage\",\"url\":\"https:\\\/\\\/obender.eu\\\/wp-content\\\/uploads\\\/2022\\\/03\\\/4008496745937.jpg\",\"contentUrl\":\"https:\\\/\\\/obender.eu\\\/wp-content\\\/uploads\\\/2022\\\/03\\\/4008496745937.jpg\",\"width\":600,\"height\":600},{\"@type\":\"BreadcrumbList\",\"@id\":\"https:\\\/\\\/obender.eu\\\/en\\\/toode\\\/varta-5716-aku-aa-nimh-12v-2600mah-ready2use-bl2\\\/#breadcrumb\",\"itemListElement\":[{\"@type\":\"ListItem\",\"position\":1,\"name\":\"Home\",\"item\":\"https:\\\/\\\/obender.eu\\\/en\\\/\"},{\"@type\":\"ListItem\",\"position\":2,\"name\":\"Tooted\",\"item\":\"https:\\\/\\\/www.obender.eu\\\/tooted\\\/\"},{\"@type\":\"ListItem\",\"position\":3,\"name\":\"NiMH accu Varta 5716 AA 2600mAh BL2\"}]},{\"@type\":\"WebSite\",\"@id\":\"https:\\\/\\\/www.obender.eu\\\/#website\",\"url\":\"https:\\\/\\\/www.obender.eu\\\/\",\"name\":\"Obender\",\"description\":\"T\u00f6\u00f6stuskaupade hulgim\u00fc\u00fck\",\"potentialAction\":[{\"@type\":\"SearchAction\",\"target\":{\"@type\":\"EntryPoint\",\"urlTemplate\":\"https:\\\/\\\/www.obender.eu\\\/?s={search_term_string}\"},\"query-input\":{\"@type\":\"PropertyValueSpecification\",\"valueRequired\":true,\"valueName\":\"search_term_string\"}}],\"inLanguage\":\"en-US\"}]}<\/script>\n<!-- \/ Yoast SEO Premium plugin. -->","yoast_head_json":{"title":"NiMH accu Varta 5716 AA 2600mAh BL2 - Obender","robots":{"index":"index","follow":"follow","max-snippet":"max-snippet:-1","max-image-preview":"max-image-preview:large","max-video-preview":"max-video-preview:-1"},"canonical":"https:\/\/obender.eu\/en\/toode\/varta-5716-aku-aa-nimh-12v-2600mah-ready2use-bl2\/","og_locale":"en_US","og_type":"article","og_title":"NiMH accu Varta 5716 AA 2600mAh BL2","og_description":"NiMH accu Varta 5716 Ready 2 Use pre-charged battery with low discharge AA 2600mAh 1,2V BL2 EAN: 4008496745937","og_url":"https:\/\/obender.eu\/en\/toode\/varta-5716-aku-aa-nimh-12v-2600mah-ready2use-bl2\/","og_site_name":"Obender","article_modified_time":"2026-04-20T04:00:44+00:00","og_image":[{"width":600,"height":600,"url":"https:\/\/obender.eu\/wp-content\/uploads\/2022\/03\/4008496745937.jpg","type":"image\/jpeg"}],"twitter_card":"summary_large_image","twitter_misc":{"Est. reading time":"1 minute"},"schema":{"@context":"https:\/\/schema.org","@graph":[{"@type":"WebPage","@id":"https:\/\/obender.eu\/en\/toode\/varta-5716-aku-aa-nimh-12v-2600mah-ready2use-bl2\/","url":"https:\/\/obender.eu\/en\/toode\/varta-5716-aku-aa-nimh-12v-2600mah-ready2use-bl2\/","name":"NiMH accu Varta 5716 AA 2600mAh BL2 - Obender","isPartOf":{"@id":"https:\/\/www.obender.eu\/#website"},"primaryImageOfPage":{"@id":"https:\/\/obender.eu\/en\/toode\/varta-5716-aku-aa-nimh-12v-2600mah-ready2use-bl2\/#primaryimage"},"image":{"@id":"https:\/\/obender.eu\/en\/toode\/varta-5716-aku-aa-nimh-12v-2600mah-ready2use-bl2\/#primaryimage"},"thumbnailUrl":"https:\/\/obender.eu\/wp-content\/uploads\/2022\/03\/4008496745937.jpg","datePublished":"2020-09-26T08:07:53+00:00","dateModified":"2026-04-20T04:00:44+00:00","breadcrumb":{"@id":"https:\/\/obender.eu\/en\/toode\/varta-5716-aku-aa-nimh-12v-2600mah-ready2use-bl2\/#breadcrumb"},"inLanguage":"en-US","potentialAction":[{"@type":"ReadAction","target":["https:\/\/obender.eu\/en\/toode\/varta-5716-aku-aa-nimh-12v-2600mah-ready2use-bl2\/"]}]},{"@type":"ImageObject","inLanguage":"en-US","@id":"https:\/\/obender.eu\/en\/toode\/varta-5716-aku-aa-nimh-12v-2600mah-ready2use-bl2\/#primaryimage","url":"https:\/\/obender.eu\/wp-content\/uploads\/2022\/03\/4008496745937.jpg","contentUrl":"https:\/\/obender.eu\/wp-content\/uploads\/2022\/03\/4008496745937.jpg","width":600,"height":600},{"@type":"BreadcrumbList","@id":"https:\/\/obender.eu\/en\/toode\/varta-5716-aku-aa-nimh-12v-2600mah-ready2use-bl2\/#breadcrumb","itemListElement":[{"@type":"ListItem","position":1,"name":"Home","item":"https:\/\/obender.eu\/en\/"},{"@type":"ListItem","position":2,"name":"Tooted","item":"https:\/\/www.obender.eu\/tooted\/"},{"@type":"ListItem","position":3,"name":"NiMH accu Varta 5716 AA 2600mAh BL2"}]},{"@type":"WebSite","@id":"https:\/\/www.obender.eu\/#website","url":"https:\/\/www.obender.eu\/","name":"Obender","description":"T\u00f6\u00f6stuskaupade hulgim\u00fc\u00fck","potentialAction":[{"@type":"SearchAction","target":{"@type":"EntryPoint","urlTemplate":"https:\/\/www.obender.eu\/?s={search_term_string}"},"query-input":{"@type":"PropertyValueSpecification","valueRequired":true,"valueName":"search_term_string"}}],"inLanguage":"en-US"}]}},"_links":{"self":[{"href":"https:\/\/obender.eu\/en\/wp-json\/wp\/v2\/product\/13064","targetHints":{"allow":["GET"]}}],"collection":[{"href":"https:\/\/obender.eu\/en\/wp-json\/wp\/v2\/product"}],"about":[{"href":"https:\/\/obender.eu\/en\/wp-json\/wp\/v2\/types\/product"}],"version-history":[{"count":3,"href":"https:\/\/obender.eu\/en\/wp-json\/wp\/v2\/product\/13064\/revisions"}],"predecessor-version":[{"id":24577,"href":"https:\/\/obender.eu\/en\/wp-json\/wp\/v2\/product\/13064\/revisions\/24577"}],"wp:featuredmedia":[{"embeddable":true,"href":"https:\/\/obender.eu\/en\/wp-json\/wp\/v2\/media\/17836"}],"wp:attachment":[{"href":"https:\/\/obender.eu\/en\/wp-json\/wp\/v2\/media?parent=13064"}],"wp:term":[{"taxonomy":"product_brand","embeddable":true,"href":"https:\/\/obender.eu\/en\/wp-json\/wp\/v2\/product_brand?post=13064"},{"taxonomy":"product_cat","embeddable":true,"href":"https:\/\/obender.eu\/en\/wp-json\/wp\/v2\/product_cat?post=13064"},{"taxonomy":"product_tag","embeddable":true,"href":"https:\/\/obender.eu\/en\/wp-json\/wp\/v2\/product_tag?post=13064"}],"curies":[{"name":"wp","href":"https:\/\/api.w.org\/{rel}","templated":true}]}}