{"id":13479,"date":"2020-10-03T12:01:28","date_gmt":"2020-10-03T09:01:28","guid":{"rendered":"https:\/\/obender.eu\/?post_type=product&#038;p=13479"},"modified":"2026-04-20T03:00:17","modified_gmt":"2026-04-20T00:00:17","slug":"varta-flashlight-17634-premium-05w-led-3aaa-kopeeri-2","status":"publish","type":"product","link":"https:\/\/obender.eu\/en\/toode\/varta-flashlight-17634-premium-05w-led-3aaa-kopeeri-2\/","title":{"rendered":"Flashlight Varta 17647 Work flex pocket light 1,5W LED magnet 3AAA"},"content":{"rendered":"<p>Flashlight Varta 17647 Work flex pocket light<\/p>\n<p>EAN: 4008496977925<\/p>\n<p>Housing: ABS plastic, PC, TPR IPX4, triangular not-rolling shape<\/p>\n<p>Item measures: 23*31*173mm, 56g<\/p>\n<p>Light source: 1,5W COB LED+SMT LED<\/p>\n<p>Luminous intensity: 110lm<\/p>\n<p>Beam range: 40m<\/p>\n<p>Runtime: 6h<\/p>\n<p>Batteries included: 3xAAA Longlife Power<\/p>\n","protected":false},"excerpt":{"rendered":"<p>Flashlight Varta 17647 Work flex pocket light EAN: 4008496977925 Housing: ABS plastic, PC, TPR IPX4, triangular not-rolling shape Item measures:<\/p>\n","protected":false},"featured_media":17888,"template":"","meta":[],"product_brand":[],"product_cat":[373,307,335,308],"product_tag":[605,604,783,494,1026],"class_list":{"0":"post-13479","1":"product","2":"type-product","3":"status-publish","4":"has-post-thumbnail","6":"product_cat-tooriistad-ja-ehitus","7":"product_cat-flashlights","8":"product_cat-sports-and-leisure","9":"product_cat-industrial-luminaires","10":"product_tag-flashlight-en","11":"product_tag-taskulamp-en","12":"product_tag-toolamp-en","13":"product_tag-varta-en","14":"product_tag-work-light-en","16":"first","17":"instock","18":"taxable","19":"shipping-taxable","20":"purchasable","21":"product-type-simple"},"yoast_head":"<!-- This site is optimized with the Yoast SEO Premium plugin v20.0 (Yoast SEO v27.4) - https:\/\/yoast.com\/product\/yoast-seo-premium-wordpress\/ -->\n<title>Flashlight Varta 17647 Work flex pocket light 1,5W LED magnet 3AAA - Obender<\/title>\n<meta name=\"robots\" content=\"index, follow, max-snippet:-1, max-image-preview:large, max-video-preview:-1\" \/>\n<link rel=\"canonical\" href=\"https:\/\/obender.eu\/en\/toode\/varta-flashlight-17634-premium-05w-led-3aaa-kopeeri-2\/\" \/>\n<meta property=\"og:locale\" content=\"en_US\" \/>\n<meta property=\"og:type\" content=\"article\" \/>\n<meta property=\"og:title\" content=\"Flashlight Varta 17647 Work flex pocket light 1,5W LED magnet 3AAA\" \/>\n<meta property=\"og:description\" content=\"Flashlight Varta 17647 Work flex pocket light EAN: 4008496977925 Housing: ABS plastic, PC, TPR IPX4, triangular not-rolling shape Item measures:\" \/>\n<meta property=\"og:url\" content=\"https:\/\/obender.eu\/en\/toode\/varta-flashlight-17634-premium-05w-led-3aaa-kopeeri-2\/\" \/>\n<meta property=\"og:site_name\" content=\"Obender\" \/>\n<meta property=\"article:modified_time\" content=\"2026-04-20T00:00:17+00:00\" \/>\n<meta property=\"og:image\" content=\"https:\/\/obender.eu\/wp-content\/uploads\/2022\/03\/4008496977925.jpg\" \/>\n\t<meta property=\"og:image:width\" content=\"800\" \/>\n\t<meta property=\"og:image:height\" content=\"800\" \/>\n\t<meta property=\"og:image:type\" content=\"image\/jpeg\" \/>\n<meta name=\"twitter:card\" content=\"summary_large_image\" \/>\n<meta name=\"twitter:label1\" content=\"Est. reading time\" \/>\n\t<meta name=\"twitter:data1\" content=\"1 minute\" \/>\n<script type=\"application\/ld+json\" class=\"yoast-schema-graph\">{\"@context\":\"https:\\\/\\\/schema.org\",\"@graph\":[{\"@type\":\"WebPage\",\"@id\":\"https:\\\/\\\/obender.eu\\\/en\\\/toode\\\/varta-flashlight-17634-premium-05w-led-3aaa-kopeeri-2\\\/\",\"url\":\"https:\\\/\\\/obender.eu\\\/en\\\/toode\\\/varta-flashlight-17634-premium-05w-led-3aaa-kopeeri-2\\\/\",\"name\":\"Flashlight Varta 17647 Work flex pocket light 1,5W LED magnet 3AAA - Obender\",\"isPartOf\":{\"@id\":\"https:\\\/\\\/www.obender.eu\\\/#website\"},\"primaryImageOfPage\":{\"@id\":\"https:\\\/\\\/obender.eu\\\/en\\\/toode\\\/varta-flashlight-17634-premium-05w-led-3aaa-kopeeri-2\\\/#primaryimage\"},\"image\":{\"@id\":\"https:\\\/\\\/obender.eu\\\/en\\\/toode\\\/varta-flashlight-17634-premium-05w-led-3aaa-kopeeri-2\\\/#primaryimage\"},\"thumbnailUrl\":\"https:\\\/\\\/obender.eu\\\/wp-content\\\/uploads\\\/2022\\\/03\\\/4008496977925.jpg\",\"datePublished\":\"2020-10-03T09:01:28+00:00\",\"dateModified\":\"2026-04-20T00:00:17+00:00\",\"breadcrumb\":{\"@id\":\"https:\\\/\\\/obender.eu\\\/en\\\/toode\\\/varta-flashlight-17634-premium-05w-led-3aaa-kopeeri-2\\\/#breadcrumb\"},\"inLanguage\":\"en-US\",\"potentialAction\":[{\"@type\":\"ReadAction\",\"target\":[\"https:\\\/\\\/obender.eu\\\/en\\\/toode\\\/varta-flashlight-17634-premium-05w-led-3aaa-kopeeri-2\\\/\"]}]},{\"@type\":\"ImageObject\",\"inLanguage\":\"en-US\",\"@id\":\"https:\\\/\\\/obender.eu\\\/en\\\/toode\\\/varta-flashlight-17634-premium-05w-led-3aaa-kopeeri-2\\\/#primaryimage\",\"url\":\"https:\\\/\\\/obender.eu\\\/wp-content\\\/uploads\\\/2022\\\/03\\\/4008496977925.jpg\",\"contentUrl\":\"https:\\\/\\\/obender.eu\\\/wp-content\\\/uploads\\\/2022\\\/03\\\/4008496977925.jpg\",\"width\":800,\"height\":800},{\"@type\":\"BreadcrumbList\",\"@id\":\"https:\\\/\\\/obender.eu\\\/en\\\/toode\\\/varta-flashlight-17634-premium-05w-led-3aaa-kopeeri-2\\\/#breadcrumb\",\"itemListElement\":[{\"@type\":\"ListItem\",\"position\":1,\"name\":\"Home\",\"item\":\"https:\\\/\\\/obender.eu\\\/en\\\/\"},{\"@type\":\"ListItem\",\"position\":2,\"name\":\"Tooted\",\"item\":\"https:\\\/\\\/www.obender.eu\\\/tooted\\\/\"},{\"@type\":\"ListItem\",\"position\":3,\"name\":\"Flashlight Varta 17647 Work flex pocket light 1,5W LED magnet 3AAA\"}]},{\"@type\":\"WebSite\",\"@id\":\"https:\\\/\\\/www.obender.eu\\\/#website\",\"url\":\"https:\\\/\\\/www.obender.eu\\\/\",\"name\":\"Obender\",\"description\":\"T\u00f6\u00f6stuskaupade hulgim\u00fc\u00fck\",\"potentialAction\":[{\"@type\":\"SearchAction\",\"target\":{\"@type\":\"EntryPoint\",\"urlTemplate\":\"https:\\\/\\\/www.obender.eu\\\/?s={search_term_string}\"},\"query-input\":{\"@type\":\"PropertyValueSpecification\",\"valueRequired\":true,\"valueName\":\"search_term_string\"}}],\"inLanguage\":\"en-US\"}]}<\/script>\n<!-- \/ Yoast SEO Premium plugin. -->","yoast_head_json":{"title":"Flashlight Varta 17647 Work flex pocket light 1,5W LED magnet 3AAA - Obender","robots":{"index":"index","follow":"follow","max-snippet":"max-snippet:-1","max-image-preview":"max-image-preview:large","max-video-preview":"max-video-preview:-1"},"canonical":"https:\/\/obender.eu\/en\/toode\/varta-flashlight-17634-premium-05w-led-3aaa-kopeeri-2\/","og_locale":"en_US","og_type":"article","og_title":"Flashlight Varta 17647 Work flex pocket light 1,5W LED magnet 3AAA","og_description":"Flashlight Varta 17647 Work flex pocket light EAN: 4008496977925 Housing: ABS plastic, PC, TPR IPX4, triangular not-rolling shape Item measures:","og_url":"https:\/\/obender.eu\/en\/toode\/varta-flashlight-17634-premium-05w-led-3aaa-kopeeri-2\/","og_site_name":"Obender","article_modified_time":"2026-04-20T00:00:17+00:00","og_image":[{"width":800,"height":800,"url":"https:\/\/obender.eu\/wp-content\/uploads\/2022\/03\/4008496977925.jpg","type":"image\/jpeg"}],"twitter_card":"summary_large_image","twitter_misc":{"Est. reading time":"1 minute"},"schema":{"@context":"https:\/\/schema.org","@graph":[{"@type":"WebPage","@id":"https:\/\/obender.eu\/en\/toode\/varta-flashlight-17634-premium-05w-led-3aaa-kopeeri-2\/","url":"https:\/\/obender.eu\/en\/toode\/varta-flashlight-17634-premium-05w-led-3aaa-kopeeri-2\/","name":"Flashlight Varta 17647 Work flex pocket light 1,5W LED magnet 3AAA - Obender","isPartOf":{"@id":"https:\/\/www.obender.eu\/#website"},"primaryImageOfPage":{"@id":"https:\/\/obender.eu\/en\/toode\/varta-flashlight-17634-premium-05w-led-3aaa-kopeeri-2\/#primaryimage"},"image":{"@id":"https:\/\/obender.eu\/en\/toode\/varta-flashlight-17634-premium-05w-led-3aaa-kopeeri-2\/#primaryimage"},"thumbnailUrl":"https:\/\/obender.eu\/wp-content\/uploads\/2022\/03\/4008496977925.jpg","datePublished":"2020-10-03T09:01:28+00:00","dateModified":"2026-04-20T00:00:17+00:00","breadcrumb":{"@id":"https:\/\/obender.eu\/en\/toode\/varta-flashlight-17634-premium-05w-led-3aaa-kopeeri-2\/#breadcrumb"},"inLanguage":"en-US","potentialAction":[{"@type":"ReadAction","target":["https:\/\/obender.eu\/en\/toode\/varta-flashlight-17634-premium-05w-led-3aaa-kopeeri-2\/"]}]},{"@type":"ImageObject","inLanguage":"en-US","@id":"https:\/\/obender.eu\/en\/toode\/varta-flashlight-17634-premium-05w-led-3aaa-kopeeri-2\/#primaryimage","url":"https:\/\/obender.eu\/wp-content\/uploads\/2022\/03\/4008496977925.jpg","contentUrl":"https:\/\/obender.eu\/wp-content\/uploads\/2022\/03\/4008496977925.jpg","width":800,"height":800},{"@type":"BreadcrumbList","@id":"https:\/\/obender.eu\/en\/toode\/varta-flashlight-17634-premium-05w-led-3aaa-kopeeri-2\/#breadcrumb","itemListElement":[{"@type":"ListItem","position":1,"name":"Home","item":"https:\/\/obender.eu\/en\/"},{"@type":"ListItem","position":2,"name":"Tooted","item":"https:\/\/www.obender.eu\/tooted\/"},{"@type":"ListItem","position":3,"name":"Flashlight Varta 17647 Work flex pocket light 1,5W LED magnet 3AAA"}]},{"@type":"WebSite","@id":"https:\/\/www.obender.eu\/#website","url":"https:\/\/www.obender.eu\/","name":"Obender","description":"T\u00f6\u00f6stuskaupade hulgim\u00fc\u00fck","potentialAction":[{"@type":"SearchAction","target":{"@type":"EntryPoint","urlTemplate":"https:\/\/www.obender.eu\/?s={search_term_string}"},"query-input":{"@type":"PropertyValueSpecification","valueRequired":true,"valueName":"search_term_string"}}],"inLanguage":"en-US"}]}},"_links":{"self":[{"href":"https:\/\/obender.eu\/en\/wp-json\/wp\/v2\/product\/13479","targetHints":{"allow":["GET"]}}],"collection":[{"href":"https:\/\/obender.eu\/en\/wp-json\/wp\/v2\/product"}],"about":[{"href":"https:\/\/obender.eu\/en\/wp-json\/wp\/v2\/types\/product"}],"version-history":[{"count":3,"href":"https:\/\/obender.eu\/en\/wp-json\/wp\/v2\/product\/13479\/revisions"}],"predecessor-version":[{"id":24489,"href":"https:\/\/obender.eu\/en\/wp-json\/wp\/v2\/product\/13479\/revisions\/24489"}],"wp:featuredmedia":[{"embeddable":true,"href":"https:\/\/obender.eu\/en\/wp-json\/wp\/v2\/media\/17888"}],"wp:attachment":[{"href":"https:\/\/obender.eu\/en\/wp-json\/wp\/v2\/media?parent=13479"}],"wp:term":[{"taxonomy":"product_brand","embeddable":true,"href":"https:\/\/obender.eu\/en\/wp-json\/wp\/v2\/product_brand?post=13479"},{"taxonomy":"product_cat","embeddable":true,"href":"https:\/\/obender.eu\/en\/wp-json\/wp\/v2\/product_cat?post=13479"},{"taxonomy":"product_tag","embeddable":true,"href":"https:\/\/obender.eu\/en\/wp-json\/wp\/v2\/product_tag?post=13479"}],"curies":[{"name":"wp","href":"https:\/\/api.w.org\/{rel}","templated":true}]}}