{"id":13567,"date":"2020-10-04T13:42:45","date_gmt":"2020-10-04T10:42:45","guid":{"rendered":"https:\/\/obender.eu\/?post_type=product&#038;p=13567"},"modified":"2026-04-20T04:02:34","modified_gmt":"2026-04-20T01:02:34","slug":"varta-kandelamp-18760-5w-led-purunematu-ipx4-3d","status":"publish","type":"product","link":"https:\/\/obender.eu\/en\/toode\/varta-kandelamp-18760-5w-led-purunematu-ipx4-3d\/","title":{"rendered":"Camping lantern Varta L30 Pro 18761 6AA"},"content":{"rendered":"<p>Camping lantern Varta L30 Pro 18761 6AA<\/p>\n<p>EAN: 4008496987146<\/p>\n<p>Body: ABS plastic, PC, TPE rubber<\/p>\n<p>Resistance class IP67, shockproof 4m, <span class=\"fontstyle0\">Impact resistant rating IK08 (IEC 62262)<\/span><\/p>\n<p>Size: 98*107*215mm, 615g<\/p>\n<p>Light source: 6W LED<\/p>\n<p>4 light modes: high, med, low, night light<\/p>\n<p><span class=\"fontstyle0\">Night light mode to be activated by double click<\/span><\/p>\n<p>Beam range: 20m<\/p>\n<p>Maximum runtime 360h<\/p>\n<p>Batteries not included, 6xAA (alkaline recommended)<\/p>\n","protected":false},"excerpt":{"rendered":"<p>Camping lantern Varta L30 Pro 18761 6AA EAN: 4008496987146 Body: ABS plastic, PC, TPE rubber Resistance class IP67, shockproof 4m,<\/p>\n","protected":false},"featured_media":17860,"template":"","meta":[],"product_brand":[],"product_cat":[402,373,335,308],"product_tag":[559,560,561,494],"class_list":{"0":"post-13567","1":"product","2":"type-product","3":"status-publish","4":"has-post-thumbnail","6":"product_cat-camping-lights","7":"product_cat-tooriistad-ja-ehitus","8":"product_cat-sports-and-leisure","9":"product_cat-industrial-luminaires","10":"product_tag-camping-en","11":"product_tag-lantern-en","12":"product_tag-matkalamp-en","13":"product_tag-varta-en","15":"first","16":"instock","17":"taxable","18":"shipping-taxable","19":"purchasable","20":"product-type-simple"},"yoast_head":"<!-- This site is optimized with the Yoast SEO Premium plugin v20.0 (Yoast SEO v27.4) - https:\/\/yoast.com\/product\/yoast-seo-premium-wordpress\/ -->\n<title>Camping lantern Varta L30 Pro 18761 6AA - Obender<\/title>\n<meta name=\"robots\" content=\"index, follow, max-snippet:-1, max-image-preview:large, max-video-preview:-1\" \/>\n<link rel=\"canonical\" href=\"https:\/\/obender.eu\/en\/toode\/varta-kandelamp-18760-5w-led-purunematu-ipx4-3d\/\" \/>\n<meta property=\"og:locale\" content=\"en_US\" \/>\n<meta property=\"og:type\" content=\"article\" \/>\n<meta property=\"og:title\" content=\"Camping lantern Varta L30 Pro 18761 6AA\" \/>\n<meta property=\"og:description\" content=\"Camping lantern Varta L30 Pro 18761 6AA EAN: 4008496987146 Body: ABS plastic, PC, TPE rubber Resistance class IP67, shockproof 4m,\" \/>\n<meta property=\"og:url\" content=\"https:\/\/obender.eu\/en\/toode\/varta-kandelamp-18760-5w-led-purunematu-ipx4-3d\/\" \/>\n<meta property=\"og:site_name\" content=\"Obender\" \/>\n<meta property=\"article:modified_time\" content=\"2026-04-20T01:02:34+00:00\" \/>\n<meta property=\"og:image\" content=\"https:\/\/www.obender.eu\/wp-content\/uploads\/2022\/03\/4008496987146.jpg\" \/>\n\t<meta property=\"og:image:width\" content=\"800\" \/>\n\t<meta property=\"og:image:height\" content=\"800\" \/>\n\t<meta property=\"og:image:type\" content=\"image\/jpeg\" \/>\n<meta name=\"twitter:card\" content=\"summary_large_image\" \/>\n<meta name=\"twitter:label1\" content=\"Est. reading time\" \/>\n\t<meta name=\"twitter:data1\" content=\"1 minute\" \/>\n<script type=\"application\/ld+json\" class=\"yoast-schema-graph\">{\"@context\":\"https:\\\/\\\/schema.org\",\"@graph\":[{\"@type\":\"WebPage\",\"@id\":\"https:\\\/\\\/obender.eu\\\/en\\\/toode\\\/varta-kandelamp-18760-5w-led-purunematu-ipx4-3d\\\/\",\"url\":\"https:\\\/\\\/obender.eu\\\/en\\\/toode\\\/varta-kandelamp-18760-5w-led-purunematu-ipx4-3d\\\/\",\"name\":\"Camping lantern Varta L30 Pro 18761 6AA - Obender\",\"isPartOf\":{\"@id\":\"https:\\\/\\\/www.obender.eu\\\/#website\"},\"primaryImageOfPage\":{\"@id\":\"https:\\\/\\\/obender.eu\\\/en\\\/toode\\\/varta-kandelamp-18760-5w-led-purunematu-ipx4-3d\\\/#primaryimage\"},\"image\":{\"@id\":\"https:\\\/\\\/obender.eu\\\/en\\\/toode\\\/varta-kandelamp-18760-5w-led-purunematu-ipx4-3d\\\/#primaryimage\"},\"thumbnailUrl\":\"https:\\\/\\\/obender.eu\\\/wp-content\\\/uploads\\\/2022\\\/03\\\/4008496987146.jpg\",\"datePublished\":\"2020-10-04T10:42:45+00:00\",\"dateModified\":\"2026-04-20T01:02:34+00:00\",\"breadcrumb\":{\"@id\":\"https:\\\/\\\/obender.eu\\\/en\\\/toode\\\/varta-kandelamp-18760-5w-led-purunematu-ipx4-3d\\\/#breadcrumb\"},\"inLanguage\":\"en-US\",\"potentialAction\":[{\"@type\":\"ReadAction\",\"target\":[\"https:\\\/\\\/obender.eu\\\/en\\\/toode\\\/varta-kandelamp-18760-5w-led-purunematu-ipx4-3d\\\/\"]}]},{\"@type\":\"ImageObject\",\"inLanguage\":\"en-US\",\"@id\":\"https:\\\/\\\/obender.eu\\\/en\\\/toode\\\/varta-kandelamp-18760-5w-led-purunematu-ipx4-3d\\\/#primaryimage\",\"url\":\"https:\\\/\\\/obender.eu\\\/wp-content\\\/uploads\\\/2022\\\/03\\\/4008496987146.jpg\",\"contentUrl\":\"https:\\\/\\\/obender.eu\\\/wp-content\\\/uploads\\\/2022\\\/03\\\/4008496987146.jpg\",\"width\":800,\"height\":800},{\"@type\":\"BreadcrumbList\",\"@id\":\"https:\\\/\\\/obender.eu\\\/en\\\/toode\\\/varta-kandelamp-18760-5w-led-purunematu-ipx4-3d\\\/#breadcrumb\",\"itemListElement\":[{\"@type\":\"ListItem\",\"position\":1,\"name\":\"Home\",\"item\":\"https:\\\/\\\/obender.eu\\\/en\\\/\"},{\"@type\":\"ListItem\",\"position\":2,\"name\":\"Tooted\",\"item\":\"https:\\\/\\\/www.obender.eu\\\/tooted\\\/\"},{\"@type\":\"ListItem\",\"position\":3,\"name\":\"Camping lantern Varta L30 Pro 18761 6AA\"}]},{\"@type\":\"WebSite\",\"@id\":\"https:\\\/\\\/www.obender.eu\\\/#website\",\"url\":\"https:\\\/\\\/www.obender.eu\\\/\",\"name\":\"Obender\",\"description\":\"T\u00f6\u00f6stuskaupade hulgim\u00fc\u00fck\",\"potentialAction\":[{\"@type\":\"SearchAction\",\"target\":{\"@type\":\"EntryPoint\",\"urlTemplate\":\"https:\\\/\\\/www.obender.eu\\\/?s={search_term_string}\"},\"query-input\":{\"@type\":\"PropertyValueSpecification\",\"valueRequired\":true,\"valueName\":\"search_term_string\"}}],\"inLanguage\":\"en-US\"}]}<\/script>\n<!-- \/ Yoast SEO Premium plugin. -->","yoast_head_json":{"title":"Camping lantern Varta L30 Pro 18761 6AA - Obender","robots":{"index":"index","follow":"follow","max-snippet":"max-snippet:-1","max-image-preview":"max-image-preview:large","max-video-preview":"max-video-preview:-1"},"canonical":"https:\/\/obender.eu\/en\/toode\/varta-kandelamp-18760-5w-led-purunematu-ipx4-3d\/","og_locale":"en_US","og_type":"article","og_title":"Camping lantern Varta L30 Pro 18761 6AA","og_description":"Camping lantern Varta L30 Pro 18761 6AA EAN: 4008496987146 Body: ABS plastic, PC, TPE rubber Resistance class IP67, shockproof 4m,","og_url":"https:\/\/obender.eu\/en\/toode\/varta-kandelamp-18760-5w-led-purunematu-ipx4-3d\/","og_site_name":"Obender","article_modified_time":"2026-04-20T01:02:34+00:00","og_image":[{"width":800,"height":800,"url":"https:\/\/www.obender.eu\/wp-content\/uploads\/2022\/03\/4008496987146.jpg","type":"image\/jpeg"}],"twitter_card":"summary_large_image","twitter_misc":{"Est. reading time":"1 minute"},"schema":{"@context":"https:\/\/schema.org","@graph":[{"@type":"WebPage","@id":"https:\/\/obender.eu\/en\/toode\/varta-kandelamp-18760-5w-led-purunematu-ipx4-3d\/","url":"https:\/\/obender.eu\/en\/toode\/varta-kandelamp-18760-5w-led-purunematu-ipx4-3d\/","name":"Camping lantern Varta L30 Pro 18761 6AA - Obender","isPartOf":{"@id":"https:\/\/www.obender.eu\/#website"},"primaryImageOfPage":{"@id":"https:\/\/obender.eu\/en\/toode\/varta-kandelamp-18760-5w-led-purunematu-ipx4-3d\/#primaryimage"},"image":{"@id":"https:\/\/obender.eu\/en\/toode\/varta-kandelamp-18760-5w-led-purunematu-ipx4-3d\/#primaryimage"},"thumbnailUrl":"https:\/\/obender.eu\/wp-content\/uploads\/2022\/03\/4008496987146.jpg","datePublished":"2020-10-04T10:42:45+00:00","dateModified":"2026-04-20T01:02:34+00:00","breadcrumb":{"@id":"https:\/\/obender.eu\/en\/toode\/varta-kandelamp-18760-5w-led-purunematu-ipx4-3d\/#breadcrumb"},"inLanguage":"en-US","potentialAction":[{"@type":"ReadAction","target":["https:\/\/obender.eu\/en\/toode\/varta-kandelamp-18760-5w-led-purunematu-ipx4-3d\/"]}]},{"@type":"ImageObject","inLanguage":"en-US","@id":"https:\/\/obender.eu\/en\/toode\/varta-kandelamp-18760-5w-led-purunematu-ipx4-3d\/#primaryimage","url":"https:\/\/obender.eu\/wp-content\/uploads\/2022\/03\/4008496987146.jpg","contentUrl":"https:\/\/obender.eu\/wp-content\/uploads\/2022\/03\/4008496987146.jpg","width":800,"height":800},{"@type":"BreadcrumbList","@id":"https:\/\/obender.eu\/en\/toode\/varta-kandelamp-18760-5w-led-purunematu-ipx4-3d\/#breadcrumb","itemListElement":[{"@type":"ListItem","position":1,"name":"Home","item":"https:\/\/obender.eu\/en\/"},{"@type":"ListItem","position":2,"name":"Tooted","item":"https:\/\/www.obender.eu\/tooted\/"},{"@type":"ListItem","position":3,"name":"Camping lantern Varta L30 Pro 18761 6AA"}]},{"@type":"WebSite","@id":"https:\/\/www.obender.eu\/#website","url":"https:\/\/www.obender.eu\/","name":"Obender","description":"T\u00f6\u00f6stuskaupade hulgim\u00fc\u00fck","potentialAction":[{"@type":"SearchAction","target":{"@type":"EntryPoint","urlTemplate":"https:\/\/www.obender.eu\/?s={search_term_string}"},"query-input":{"@type":"PropertyValueSpecification","valueRequired":true,"valueName":"search_term_string"}}],"inLanguage":"en-US"}]}},"_links":{"self":[{"href":"https:\/\/obender.eu\/en\/wp-json\/wp\/v2\/product\/13567","targetHints":{"allow":["GET"]}}],"collection":[{"href":"https:\/\/obender.eu\/en\/wp-json\/wp\/v2\/product"}],"about":[{"href":"https:\/\/obender.eu\/en\/wp-json\/wp\/v2\/types\/product"}],"version-history":[{"count":5,"href":"https:\/\/obender.eu\/en\/wp-json\/wp\/v2\/product\/13567\/revisions"}],"predecessor-version":[{"id":24466,"href":"https:\/\/obender.eu\/en\/wp-json\/wp\/v2\/product\/13567\/revisions\/24466"}],"wp:featuredmedia":[{"embeddable":true,"href":"https:\/\/obender.eu\/en\/wp-json\/wp\/v2\/media\/17860"}],"wp:attachment":[{"href":"https:\/\/obender.eu\/en\/wp-json\/wp\/v2\/media?parent=13567"}],"wp:term":[{"taxonomy":"product_brand","embeddable":true,"href":"https:\/\/obender.eu\/en\/wp-json\/wp\/v2\/product_brand?post=13567"},{"taxonomy":"product_cat","embeddable":true,"href":"https:\/\/obender.eu\/en\/wp-json\/wp\/v2\/product_cat?post=13567"},{"taxonomy":"product_tag","embeddable":true,"href":"https:\/\/obender.eu\/en\/wp-json\/wp\/v2\/product_tag?post=13567"}],"curies":[{"name":"wp","href":"https:\/\/api.w.org\/{rel}","templated":true}]}}