{"id":13721,"date":"2020-10-07T00:16:22","date_gmt":"2020-10-06T21:16:22","guid":{"rendered":"https:\/\/obender.eu\/?post_type=product&#038;p=13721"},"modified":"2026-04-19T09:00:20","modified_gmt":"2026-04-19T06:00:20","slug":"akupank-arcas-s60-solar-6000mah-li-po-2usb","status":"publish","type":"product","link":"https:\/\/obender.eu\/en\/toode\/akupank-arcas-s60-solar-6000mah-li-po-2usb\/","title":{"rendered":"Power Bank Arcas S60 Solar 6000mAh Li-Po 2*USB"},"content":{"rendered":"<p>Power bank Arcas S60 Solar<\/p>\n<p>6000mAh Li-Po 2*USB<\/p>\n<h3>Product features<\/h3>\n<div class=\"csc-textpic-text\">\n<ul>\n<li>Safe and highly efficient lithium polymer battery pack 6,000mAh<\/li>\n<li>Torch function via 12 SMD LEDs on the back<\/li>\n<li>2 USB output ports and 1 micro USB input port<\/li>\n<li>Charging the power bank via a micro USB charger<\/li>\n<li>Extension of the battery life through the solar charging function<\/li>\n<li>Solar panel made of polycrystals with DC 5V max.\u00a050mA (with optimal solar radiation)<\/li>\n<li>Powerbank can deliver 1200mAh in 24 hours via the solar panel under suitable conditions<\/li>\n<li>Microprocessor-controlled protection:<\/li>\n<\/ul>\n<ol>\n<li>Overvoltage protection (cut off at 4.2V when charging)<\/li>\n<li>Undervoltage protection (cut off at 2.8V when discharging)<\/li>\n<li>Short circuit protection<\/li>\n<\/ol>\n<ul>\n<li>Reliable power supply for on the go:<br \/>\nfor smartphones and other USB chargeable devices<\/li>\n<li>Sporty, compact design<\/li>\n<li>Covered USB and Micro USB outputs<\/li>\n<li>Splash-proof and dust-proof<\/li>\n<li>Incl.\u00a0Micro USB charging cable and carabiner hook<\/li>\n<\/ul>\n<\/div>\n<p>EAN: 4260030256747<\/p>\n","protected":false},"excerpt":{"rendered":"<p>Power bank Arcas S60 Solar 6000mAh Li-Po 2*USB Product features Safe and highly efficient lithium polymer battery pack 6,000mAh Torch<\/p>\n","protected":false},"featured_media":13715,"template":"","meta":[],"product_brand":[],"product_cat":[391,299],"product_tag":[787,633,788],"class_list":{"0":"post-13721","1":"product","2":"type-product","3":"status-publish","4":"has-post-thumbnail","6":"product_cat-power-banks","7":"product_cat-phone-holders-and-chargers","8":"product_tag-akupank-en","9":"product_tag-arcas","10":"product_tag-power-bank-en","12":"first","13":"instock","14":"taxable","15":"shipping-taxable","16":"purchasable","17":"product-type-simple"},"yoast_head":"<!-- This site is optimized with the Yoast SEO Premium plugin v20.0 (Yoast SEO v27.4) - https:\/\/yoast.com\/product\/yoast-seo-premium-wordpress\/ -->\n<title>Power Bank Arcas S60 Solar 6000mAh Li-Po 2*USB - Obender<\/title>\n<meta name=\"robots\" content=\"index, follow, max-snippet:-1, max-image-preview:large, max-video-preview:-1\" \/>\n<link rel=\"canonical\" href=\"https:\/\/obender.eu\/en\/toode\/akupank-arcas-s60-solar-6000mah-li-po-2usb\/\" \/>\n<meta property=\"og:locale\" content=\"en_US\" \/>\n<meta property=\"og:type\" content=\"article\" \/>\n<meta property=\"og:title\" content=\"Power Bank Arcas S60 Solar 6000mAh Li-Po 2*USB\" \/>\n<meta property=\"og:description\" content=\"Power bank Arcas S60 Solar 6000mAh Li-Po 2*USB Product features Safe and highly efficient lithium polymer battery pack 6,000mAh Torch\" \/>\n<meta property=\"og:url\" content=\"https:\/\/obender.eu\/en\/toode\/akupank-arcas-s60-solar-6000mah-li-po-2usb\/\" \/>\n<meta property=\"og:site_name\" content=\"Obender\" \/>\n<meta property=\"article:modified_time\" content=\"2026-04-19T06:00:20+00:00\" \/>\n<meta property=\"og:image\" content=\"https:\/\/obender.eu\/wp-content\/uploads\/2020\/10\/20730025-1.jpg\" \/>\n\t<meta property=\"og:image:width\" content=\"553\" \/>\n\t<meta property=\"og:image:height\" content=\"450\" \/>\n\t<meta property=\"og:image:type\" content=\"image\/jpeg\" \/>\n<meta name=\"twitter:card\" content=\"summary_large_image\" \/>\n<meta name=\"twitter:label1\" content=\"Est. reading time\" \/>\n\t<meta name=\"twitter:data1\" content=\"1 minute\" \/>\n<script type=\"application\/ld+json\" class=\"yoast-schema-graph\">{\"@context\":\"https:\\\/\\\/schema.org\",\"@graph\":[{\"@type\":\"WebPage\",\"@id\":\"https:\\\/\\\/obender.eu\\\/en\\\/toode\\\/akupank-arcas-s60-solar-6000mah-li-po-2usb\\\/\",\"url\":\"https:\\\/\\\/obender.eu\\\/en\\\/toode\\\/akupank-arcas-s60-solar-6000mah-li-po-2usb\\\/\",\"name\":\"Power Bank Arcas S60 Solar 6000mAh Li-Po 2*USB - Obender\",\"isPartOf\":{\"@id\":\"https:\\\/\\\/www.obender.eu\\\/#website\"},\"primaryImageOfPage\":{\"@id\":\"https:\\\/\\\/obender.eu\\\/en\\\/toode\\\/akupank-arcas-s60-solar-6000mah-li-po-2usb\\\/#primaryimage\"},\"image\":{\"@id\":\"https:\\\/\\\/obender.eu\\\/en\\\/toode\\\/akupank-arcas-s60-solar-6000mah-li-po-2usb\\\/#primaryimage\"},\"thumbnailUrl\":\"https:\\\/\\\/obender.eu\\\/wp-content\\\/uploads\\\/2020\\\/10\\\/20730025-1.jpg\",\"datePublished\":\"2020-10-06T21:16:22+00:00\",\"dateModified\":\"2026-04-19T06:00:20+00:00\",\"breadcrumb\":{\"@id\":\"https:\\\/\\\/obender.eu\\\/en\\\/toode\\\/akupank-arcas-s60-solar-6000mah-li-po-2usb\\\/#breadcrumb\"},\"inLanguage\":\"en-US\",\"potentialAction\":[{\"@type\":\"ReadAction\",\"target\":[\"https:\\\/\\\/obender.eu\\\/en\\\/toode\\\/akupank-arcas-s60-solar-6000mah-li-po-2usb\\\/\"]}]},{\"@type\":\"ImageObject\",\"inLanguage\":\"en-US\",\"@id\":\"https:\\\/\\\/obender.eu\\\/en\\\/toode\\\/akupank-arcas-s60-solar-6000mah-li-po-2usb\\\/#primaryimage\",\"url\":\"https:\\\/\\\/obender.eu\\\/wp-content\\\/uploads\\\/2020\\\/10\\\/20730025-1.jpg\",\"contentUrl\":\"https:\\\/\\\/obender.eu\\\/wp-content\\\/uploads\\\/2020\\\/10\\\/20730025-1.jpg\",\"width\":553,\"height\":450},{\"@type\":\"BreadcrumbList\",\"@id\":\"https:\\\/\\\/obender.eu\\\/en\\\/toode\\\/akupank-arcas-s60-solar-6000mah-li-po-2usb\\\/#breadcrumb\",\"itemListElement\":[{\"@type\":\"ListItem\",\"position\":1,\"name\":\"Home\",\"item\":\"https:\\\/\\\/obender.eu\\\/en\\\/\"},{\"@type\":\"ListItem\",\"position\":2,\"name\":\"Tooted\",\"item\":\"https:\\\/\\\/www.obender.eu\\\/tooted\\\/\"},{\"@type\":\"ListItem\",\"position\":3,\"name\":\"Power Bank Arcas S60 Solar 6000mAh Li-Po 2*USB\"}]},{\"@type\":\"WebSite\",\"@id\":\"https:\\\/\\\/www.obender.eu\\\/#website\",\"url\":\"https:\\\/\\\/www.obender.eu\\\/\",\"name\":\"Obender\",\"description\":\"T\u00f6\u00f6stuskaupade hulgim\u00fc\u00fck\",\"potentialAction\":[{\"@type\":\"SearchAction\",\"target\":{\"@type\":\"EntryPoint\",\"urlTemplate\":\"https:\\\/\\\/www.obender.eu\\\/?s={search_term_string}\"},\"query-input\":{\"@type\":\"PropertyValueSpecification\",\"valueRequired\":true,\"valueName\":\"search_term_string\"}}],\"inLanguage\":\"en-US\"}]}<\/script>\n<!-- \/ Yoast SEO Premium plugin. -->","yoast_head_json":{"title":"Power Bank Arcas S60 Solar 6000mAh Li-Po 2*USB - Obender","robots":{"index":"index","follow":"follow","max-snippet":"max-snippet:-1","max-image-preview":"max-image-preview:large","max-video-preview":"max-video-preview:-1"},"canonical":"https:\/\/obender.eu\/en\/toode\/akupank-arcas-s60-solar-6000mah-li-po-2usb\/","og_locale":"en_US","og_type":"article","og_title":"Power Bank Arcas S60 Solar 6000mAh Li-Po 2*USB","og_description":"Power bank Arcas S60 Solar 6000mAh Li-Po 2*USB Product features Safe and highly efficient lithium polymer battery pack 6,000mAh Torch","og_url":"https:\/\/obender.eu\/en\/toode\/akupank-arcas-s60-solar-6000mah-li-po-2usb\/","og_site_name":"Obender","article_modified_time":"2026-04-19T06:00:20+00:00","og_image":[{"width":553,"height":450,"url":"https:\/\/obender.eu\/wp-content\/uploads\/2020\/10\/20730025-1.jpg","type":"image\/jpeg"}],"twitter_card":"summary_large_image","twitter_misc":{"Est. reading time":"1 minute"},"schema":{"@context":"https:\/\/schema.org","@graph":[{"@type":"WebPage","@id":"https:\/\/obender.eu\/en\/toode\/akupank-arcas-s60-solar-6000mah-li-po-2usb\/","url":"https:\/\/obender.eu\/en\/toode\/akupank-arcas-s60-solar-6000mah-li-po-2usb\/","name":"Power Bank Arcas S60 Solar 6000mAh Li-Po 2*USB - Obender","isPartOf":{"@id":"https:\/\/www.obender.eu\/#website"},"primaryImageOfPage":{"@id":"https:\/\/obender.eu\/en\/toode\/akupank-arcas-s60-solar-6000mah-li-po-2usb\/#primaryimage"},"image":{"@id":"https:\/\/obender.eu\/en\/toode\/akupank-arcas-s60-solar-6000mah-li-po-2usb\/#primaryimage"},"thumbnailUrl":"https:\/\/obender.eu\/wp-content\/uploads\/2020\/10\/20730025-1.jpg","datePublished":"2020-10-06T21:16:22+00:00","dateModified":"2026-04-19T06:00:20+00:00","breadcrumb":{"@id":"https:\/\/obender.eu\/en\/toode\/akupank-arcas-s60-solar-6000mah-li-po-2usb\/#breadcrumb"},"inLanguage":"en-US","potentialAction":[{"@type":"ReadAction","target":["https:\/\/obender.eu\/en\/toode\/akupank-arcas-s60-solar-6000mah-li-po-2usb\/"]}]},{"@type":"ImageObject","inLanguage":"en-US","@id":"https:\/\/obender.eu\/en\/toode\/akupank-arcas-s60-solar-6000mah-li-po-2usb\/#primaryimage","url":"https:\/\/obender.eu\/wp-content\/uploads\/2020\/10\/20730025-1.jpg","contentUrl":"https:\/\/obender.eu\/wp-content\/uploads\/2020\/10\/20730025-1.jpg","width":553,"height":450},{"@type":"BreadcrumbList","@id":"https:\/\/obender.eu\/en\/toode\/akupank-arcas-s60-solar-6000mah-li-po-2usb\/#breadcrumb","itemListElement":[{"@type":"ListItem","position":1,"name":"Home","item":"https:\/\/obender.eu\/en\/"},{"@type":"ListItem","position":2,"name":"Tooted","item":"https:\/\/www.obender.eu\/tooted\/"},{"@type":"ListItem","position":3,"name":"Power Bank Arcas S60 Solar 6000mAh Li-Po 2*USB"}]},{"@type":"WebSite","@id":"https:\/\/www.obender.eu\/#website","url":"https:\/\/www.obender.eu\/","name":"Obender","description":"T\u00f6\u00f6stuskaupade hulgim\u00fc\u00fck","potentialAction":[{"@type":"SearchAction","target":{"@type":"EntryPoint","urlTemplate":"https:\/\/www.obender.eu\/?s={search_term_string}"},"query-input":{"@type":"PropertyValueSpecification","valueRequired":true,"valueName":"search_term_string"}}],"inLanguage":"en-US"}]}},"_links":{"self":[{"href":"https:\/\/obender.eu\/en\/wp-json\/wp\/v2\/product\/13721","targetHints":{"allow":["GET"]}}],"collection":[{"href":"https:\/\/obender.eu\/en\/wp-json\/wp\/v2\/product"}],"about":[{"href":"https:\/\/obender.eu\/en\/wp-json\/wp\/v2\/types\/product"}],"version-history":[{"count":3,"href":"https:\/\/obender.eu\/en\/wp-json\/wp\/v2\/product\/13721\/revisions"}],"predecessor-version":[{"id":25626,"href":"https:\/\/obender.eu\/en\/wp-json\/wp\/v2\/product\/13721\/revisions\/25626"}],"wp:featuredmedia":[{"embeddable":true,"href":"https:\/\/obender.eu\/en\/wp-json\/wp\/v2\/media\/13715"}],"wp:attachment":[{"href":"https:\/\/obender.eu\/en\/wp-json\/wp\/v2\/media?parent=13721"}],"wp:term":[{"taxonomy":"product_brand","embeddable":true,"href":"https:\/\/obender.eu\/en\/wp-json\/wp\/v2\/product_brand?post=13721"},{"taxonomy":"product_cat","embeddable":true,"href":"https:\/\/obender.eu\/en\/wp-json\/wp\/v2\/product_cat?post=13721"},{"taxonomy":"product_tag","embeddable":true,"href":"https:\/\/obender.eu\/en\/wp-json\/wp\/v2\/product_tag?post=13721"}],"curies":[{"name":"wp","href":"https:\/\/api.w.org\/{rel}","templated":true}]}}