{"id":13796,"date":"2020-10-07T11:43:45","date_gmt":"2020-10-07T08:43:45","guid":{"rendered":"https:\/\/obender.eu\/toode\/koogikaal-laica-bx9240-elektrooniline-5kg-kausiga\/"},"modified":"2026-04-20T06:00:51","modified_gmt":"2026-04-20T03:00:51","slug":"koogikaal-laica-bx9240-elektrooniline-5kg-kausiga","status":"publish","type":"product","link":"https:\/\/obender.eu\/en\/toode\/koogikaal-laica-bx9240-elektrooniline-5kg-kausiga\/","title":{"rendered":"Kitchen scale Laica BX9240 electronic 5kg with bowl"},"content":{"rendered":"<p>Kitchen scale Laica BX9240<\/p>\n<p>electronic 5kg<\/p>\n<p>with bowl<\/p>\n<p>LCD display 35*15mm<\/p>\n<p>Energy source CR2032<\/p>\n<p>Maximum weight 5kg, 1g division<\/p>\n<p>Bowl material ABS plastic.<\/p>\n<p>EAN: 8013240300986<\/p>\n","protected":false},"excerpt":{"rendered":"<p>Kitchen scale Laica BX9240 electronic 5kg with bowl LCD display 35*15mm Energy source CR2032 Maximum weight 5kg, 1g division Bowl<\/p>\n","protected":false},"featured_media":13794,"template":"","meta":[],"product_brand":[],"product_cat":[380,383],"product_tag":[660,659,656],"class_list":{"0":"post-13796","1":"product","2":"type-product","3":"status-publish","4":"has-post-thumbnail","6":"product_cat-home-and-office-equipment","7":"product_cat-kitchen-scales","8":"product_tag-kitchen-scale-en","9":"product_tag-koogikaal-en","10":"product_tag-laica-en","12":"first","13":"instock","14":"taxable","15":"shipping-taxable","16":"purchasable","17":"product-type-simple"},"yoast_head":"<!-- This site is optimized with the Yoast SEO Premium plugin v20.0 (Yoast SEO v27.4) - https:\/\/yoast.com\/product\/yoast-seo-premium-wordpress\/ -->\n<title>Kitchen scale Laica BX9240 electronic 5kg with bowl - Obender<\/title>\n<meta name=\"robots\" content=\"index, follow, max-snippet:-1, max-image-preview:large, max-video-preview:-1\" \/>\n<link rel=\"canonical\" href=\"https:\/\/obender.eu\/en\/toode\/koogikaal-laica-bx9240-elektrooniline-5kg-kausiga\/\" \/>\n<meta property=\"og:locale\" content=\"en_US\" \/>\n<meta property=\"og:type\" content=\"article\" \/>\n<meta property=\"og:title\" content=\"Kitchen scale Laica BX9240 electronic 5kg with bowl\" \/>\n<meta property=\"og:description\" content=\"Kitchen scale Laica BX9240 electronic 5kg with bowl LCD display 35*15mm Energy source CR2032 Maximum weight 5kg, 1g division Bowl\" \/>\n<meta property=\"og:url\" content=\"https:\/\/obender.eu\/en\/toode\/koogikaal-laica-bx9240-elektrooniline-5kg-kausiga\/\" \/>\n<meta property=\"og:site_name\" content=\"Obender\" \/>\n<meta property=\"article:modified_time\" content=\"2026-04-20T03:00:51+00:00\" \/>\n<meta property=\"og:image\" content=\"https:\/\/www.obender.eu\/wp-content\/uploads\/2020\/10\/BX9240.jpg\" \/>\n\t<meta property=\"og:image:width\" content=\"1200\" \/>\n\t<meta property=\"og:image:height\" content=\"900\" \/>\n\t<meta property=\"og:image:type\" content=\"image\/jpeg\" \/>\n<meta name=\"twitter:card\" content=\"summary_large_image\" \/>\n<meta name=\"twitter:label1\" content=\"Est. reading time\" \/>\n\t<meta name=\"twitter:data1\" content=\"1 minute\" \/>\n<script type=\"application\/ld+json\" class=\"yoast-schema-graph\">{\"@context\":\"https:\\\/\\\/schema.org\",\"@graph\":[{\"@type\":\"WebPage\",\"@id\":\"https:\\\/\\\/obender.eu\\\/en\\\/toode\\\/koogikaal-laica-bx9240-elektrooniline-5kg-kausiga\\\/\",\"url\":\"https:\\\/\\\/obender.eu\\\/en\\\/toode\\\/koogikaal-laica-bx9240-elektrooniline-5kg-kausiga\\\/\",\"name\":\"Kitchen scale Laica BX9240 electronic 5kg with bowl - Obender\",\"isPartOf\":{\"@id\":\"https:\\\/\\\/www.obender.eu\\\/#website\"},\"primaryImageOfPage\":{\"@id\":\"https:\\\/\\\/obender.eu\\\/en\\\/toode\\\/koogikaal-laica-bx9240-elektrooniline-5kg-kausiga\\\/#primaryimage\"},\"image\":{\"@id\":\"https:\\\/\\\/obender.eu\\\/en\\\/toode\\\/koogikaal-laica-bx9240-elektrooniline-5kg-kausiga\\\/#primaryimage\"},\"thumbnailUrl\":\"https:\\\/\\\/obender.eu\\\/wp-content\\\/uploads\\\/2020\\\/10\\\/BX9240.jpg\",\"datePublished\":\"2020-10-07T08:43:45+00:00\",\"dateModified\":\"2026-04-20T03:00:51+00:00\",\"breadcrumb\":{\"@id\":\"https:\\\/\\\/obender.eu\\\/en\\\/toode\\\/koogikaal-laica-bx9240-elektrooniline-5kg-kausiga\\\/#breadcrumb\"},\"inLanguage\":\"en-US\",\"potentialAction\":[{\"@type\":\"ReadAction\",\"target\":[\"https:\\\/\\\/obender.eu\\\/en\\\/toode\\\/koogikaal-laica-bx9240-elektrooniline-5kg-kausiga\\\/\"]}]},{\"@type\":\"ImageObject\",\"inLanguage\":\"en-US\",\"@id\":\"https:\\\/\\\/obender.eu\\\/en\\\/toode\\\/koogikaal-laica-bx9240-elektrooniline-5kg-kausiga\\\/#primaryimage\",\"url\":\"https:\\\/\\\/obender.eu\\\/wp-content\\\/uploads\\\/2020\\\/10\\\/BX9240.jpg\",\"contentUrl\":\"https:\\\/\\\/obender.eu\\\/wp-content\\\/uploads\\\/2020\\\/10\\\/BX9240.jpg\",\"width\":1200,\"height\":900},{\"@type\":\"BreadcrumbList\",\"@id\":\"https:\\\/\\\/obender.eu\\\/en\\\/toode\\\/koogikaal-laica-bx9240-elektrooniline-5kg-kausiga\\\/#breadcrumb\",\"itemListElement\":[{\"@type\":\"ListItem\",\"position\":1,\"name\":\"Home\",\"item\":\"https:\\\/\\\/obender.eu\\\/en\\\/\"},{\"@type\":\"ListItem\",\"position\":2,\"name\":\"Tooted\",\"item\":\"https:\\\/\\\/www.obender.eu\\\/tooted\\\/\"},{\"@type\":\"ListItem\",\"position\":3,\"name\":\"Kitchen scale Laica BX9240 electronic 5kg with bowl\"}]},{\"@type\":\"WebSite\",\"@id\":\"https:\\\/\\\/www.obender.eu\\\/#website\",\"url\":\"https:\\\/\\\/www.obender.eu\\\/\",\"name\":\"Obender\",\"description\":\"T\u00f6\u00f6stuskaupade hulgim\u00fc\u00fck\",\"potentialAction\":[{\"@type\":\"SearchAction\",\"target\":{\"@type\":\"EntryPoint\",\"urlTemplate\":\"https:\\\/\\\/www.obender.eu\\\/?s={search_term_string}\"},\"query-input\":{\"@type\":\"PropertyValueSpecification\",\"valueRequired\":true,\"valueName\":\"search_term_string\"}}],\"inLanguage\":\"en-US\"}]}<\/script>\n<!-- \/ Yoast SEO Premium plugin. -->","yoast_head_json":{"title":"Kitchen scale Laica BX9240 electronic 5kg with bowl - Obender","robots":{"index":"index","follow":"follow","max-snippet":"max-snippet:-1","max-image-preview":"max-image-preview:large","max-video-preview":"max-video-preview:-1"},"canonical":"https:\/\/obender.eu\/en\/toode\/koogikaal-laica-bx9240-elektrooniline-5kg-kausiga\/","og_locale":"en_US","og_type":"article","og_title":"Kitchen scale Laica BX9240 electronic 5kg with bowl","og_description":"Kitchen scale Laica BX9240 electronic 5kg with bowl LCD display 35*15mm Energy source CR2032 Maximum weight 5kg, 1g division Bowl","og_url":"https:\/\/obender.eu\/en\/toode\/koogikaal-laica-bx9240-elektrooniline-5kg-kausiga\/","og_site_name":"Obender","article_modified_time":"2026-04-20T03:00:51+00:00","og_image":[{"width":1200,"height":900,"url":"https:\/\/www.obender.eu\/wp-content\/uploads\/2020\/10\/BX9240.jpg","type":"image\/jpeg"}],"twitter_card":"summary_large_image","twitter_misc":{"Est. reading time":"1 minute"},"schema":{"@context":"https:\/\/schema.org","@graph":[{"@type":"WebPage","@id":"https:\/\/obender.eu\/en\/toode\/koogikaal-laica-bx9240-elektrooniline-5kg-kausiga\/","url":"https:\/\/obender.eu\/en\/toode\/koogikaal-laica-bx9240-elektrooniline-5kg-kausiga\/","name":"Kitchen scale Laica BX9240 electronic 5kg with bowl - Obender","isPartOf":{"@id":"https:\/\/www.obender.eu\/#website"},"primaryImageOfPage":{"@id":"https:\/\/obender.eu\/en\/toode\/koogikaal-laica-bx9240-elektrooniline-5kg-kausiga\/#primaryimage"},"image":{"@id":"https:\/\/obender.eu\/en\/toode\/koogikaal-laica-bx9240-elektrooniline-5kg-kausiga\/#primaryimage"},"thumbnailUrl":"https:\/\/obender.eu\/wp-content\/uploads\/2020\/10\/BX9240.jpg","datePublished":"2020-10-07T08:43:45+00:00","dateModified":"2026-04-20T03:00:51+00:00","breadcrumb":{"@id":"https:\/\/obender.eu\/en\/toode\/koogikaal-laica-bx9240-elektrooniline-5kg-kausiga\/#breadcrumb"},"inLanguage":"en-US","potentialAction":[{"@type":"ReadAction","target":["https:\/\/obender.eu\/en\/toode\/koogikaal-laica-bx9240-elektrooniline-5kg-kausiga\/"]}]},{"@type":"ImageObject","inLanguage":"en-US","@id":"https:\/\/obender.eu\/en\/toode\/koogikaal-laica-bx9240-elektrooniline-5kg-kausiga\/#primaryimage","url":"https:\/\/obender.eu\/wp-content\/uploads\/2020\/10\/BX9240.jpg","contentUrl":"https:\/\/obender.eu\/wp-content\/uploads\/2020\/10\/BX9240.jpg","width":1200,"height":900},{"@type":"BreadcrumbList","@id":"https:\/\/obender.eu\/en\/toode\/koogikaal-laica-bx9240-elektrooniline-5kg-kausiga\/#breadcrumb","itemListElement":[{"@type":"ListItem","position":1,"name":"Home","item":"https:\/\/obender.eu\/en\/"},{"@type":"ListItem","position":2,"name":"Tooted","item":"https:\/\/www.obender.eu\/tooted\/"},{"@type":"ListItem","position":3,"name":"Kitchen scale Laica BX9240 electronic 5kg with bowl"}]},{"@type":"WebSite","@id":"https:\/\/www.obender.eu\/#website","url":"https:\/\/www.obender.eu\/","name":"Obender","description":"T\u00f6\u00f6stuskaupade hulgim\u00fc\u00fck","potentialAction":[{"@type":"SearchAction","target":{"@type":"EntryPoint","urlTemplate":"https:\/\/www.obender.eu\/?s={search_term_string}"},"query-input":{"@type":"PropertyValueSpecification","valueRequired":true,"valueName":"search_term_string"}}],"inLanguage":"en-US"}]}},"_links":{"self":[{"href":"https:\/\/obender.eu\/en\/wp-json\/wp\/v2\/product\/13796","targetHints":{"allow":["GET"]}}],"collection":[{"href":"https:\/\/obender.eu\/en\/wp-json\/wp\/v2\/product"}],"about":[{"href":"https:\/\/obender.eu\/en\/wp-json\/wp\/v2\/types\/product"}],"version-history":[{"count":3,"href":"https:\/\/obender.eu\/en\/wp-json\/wp\/v2\/product\/13796\/revisions"}],"predecessor-version":[{"id":25538,"href":"https:\/\/obender.eu\/en\/wp-json\/wp\/v2\/product\/13796\/revisions\/25538"}],"wp:featuredmedia":[{"embeddable":true,"href":"https:\/\/obender.eu\/en\/wp-json\/wp\/v2\/media\/13794"}],"wp:attachment":[{"href":"https:\/\/obender.eu\/en\/wp-json\/wp\/v2\/media?parent=13796"}],"wp:term":[{"taxonomy":"product_brand","embeddable":true,"href":"https:\/\/obender.eu\/en\/wp-json\/wp\/v2\/product_brand?post=13796"},{"taxonomy":"product_cat","embeddable":true,"href":"https:\/\/obender.eu\/en\/wp-json\/wp\/v2\/product_cat?post=13796"},{"taxonomy":"product_tag","embeddable":true,"href":"https:\/\/obender.eu\/en\/wp-json\/wp\/v2\/product_tag?post=13796"}],"curies":[{"name":"wp","href":"https:\/\/api.w.org\/{rel}","templated":true}]}}