{"id":13847,"date":"2020-10-07T22:42:54","date_gmt":"2020-10-07T19:42:54","guid":{"rendered":"https:\/\/obender.eu\/?post_type=product&#038;p=13847"},"modified":"2026-04-19T13:01:07","modified_gmt":"2026-04-19T10:01:07","slug":"universal-smartphone-bike-holder-fiesta-biker-fuchsb-black-kopeeri-2","status":"publish","type":"product","link":"https:\/\/obender.eu\/en\/toode\/universal-smartphone-bike-holder-fiesta-biker-fuchsb-black-kopeeri-2\/","title":{"rendered":"Phone holder Fiesta Ring FUCHR, black"},"content":{"rendered":"<p>Phone holder Fiesta Ring FUCHR, black<\/p>\n<p>Features:<br \/>\n&#8211; Available Mobile size : for GPS and iPhone ~ Galaxy note (3,5&#8243;-5,3&#8243;)<br \/>\n&#8211; Innovative suction solution works correctly on uneven surface<br \/>\n&#8211; For both windshield and dashboard<br \/>\n&#8211; 360 degree rotation ball<\/p>\n<p>EAN: 5907595417198<\/p>\n","protected":false},"excerpt":{"rendered":"<p>Phone holder Fiesta Ring FUCHR, black Features: &#8211; Available Mobile size : for GPS and iPhone ~ Galaxy note (3,5&#8243;-5,3&#8243;)<\/p>\n","protected":false},"featured_media":13772,"template":"","meta":[],"product_brand":[],"product_cat":[299,394],"product_tag":[767,769],"class_list":{"0":"post-13847","1":"product","2":"type-product","3":"status-publish","4":"has-post-thumbnail","6":"product_cat-phone-holders-and-chargers","7":"product_cat-smartphone-holders","8":"product_tag-hoidik-en","9":"product_tag-holder-en","11":"first","12":"instock","13":"taxable","14":"shipping-taxable","15":"purchasable","16":"product-type-simple"},"yoast_head":"<!-- This site is optimized with the Yoast SEO Premium plugin v20.0 (Yoast SEO v27.4) - https:\/\/yoast.com\/product\/yoast-seo-premium-wordpress\/ -->\n<title>Phone holder Fiesta Ring FUCHR, black - Obender<\/title>\n<meta name=\"robots\" content=\"index, follow, max-snippet:-1, max-image-preview:large, max-video-preview:-1\" \/>\n<link rel=\"canonical\" href=\"https:\/\/obender.eu\/en\/toode\/universal-smartphone-bike-holder-fiesta-biker-fuchsb-black-kopeeri-2\/\" \/>\n<meta property=\"og:locale\" content=\"en_US\" \/>\n<meta property=\"og:type\" content=\"article\" \/>\n<meta property=\"og:title\" content=\"Phone holder Fiesta Ring FUCHR, black\" \/>\n<meta property=\"og:description\" content=\"Phone holder Fiesta Ring FUCHR, black Features: &#8211; Available Mobile size : for GPS and iPhone ~ Galaxy note (3,5&#8243;-5,3&#8243;)\" \/>\n<meta property=\"og:url\" content=\"https:\/\/obender.eu\/en\/toode\/universal-smartphone-bike-holder-fiesta-biker-fuchsb-black-kopeeri-2\/\" \/>\n<meta property=\"og:site_name\" content=\"Obender\" \/>\n<meta property=\"article:modified_time\" content=\"2026-04-19T10:01:07+00:00\" \/>\n<meta property=\"og:image\" content=\"https:\/\/obender.eu\/wp-content\/uploads\/2020\/10\/FUCHR.jpg\" \/>\n\t<meta property=\"og:image:width\" content=\"300\" \/>\n\t<meta property=\"og:image:height\" content=\"314\" \/>\n\t<meta property=\"og:image:type\" content=\"image\/jpeg\" \/>\n<meta name=\"twitter:card\" content=\"summary_large_image\" \/>\n<meta name=\"twitter:label1\" content=\"Est. reading time\" \/>\n\t<meta name=\"twitter:data1\" content=\"1 minute\" \/>\n<script type=\"application\/ld+json\" class=\"yoast-schema-graph\">{\"@context\":\"https:\\\/\\\/schema.org\",\"@graph\":[{\"@type\":\"WebPage\",\"@id\":\"https:\\\/\\\/obender.eu\\\/en\\\/toode\\\/universal-smartphone-bike-holder-fiesta-biker-fuchsb-black-kopeeri-2\\\/\",\"url\":\"https:\\\/\\\/obender.eu\\\/en\\\/toode\\\/universal-smartphone-bike-holder-fiesta-biker-fuchsb-black-kopeeri-2\\\/\",\"name\":\"Phone holder Fiesta Ring FUCHR, black - Obender\",\"isPartOf\":{\"@id\":\"https:\\\/\\\/www.obender.eu\\\/#website\"},\"primaryImageOfPage\":{\"@id\":\"https:\\\/\\\/obender.eu\\\/en\\\/toode\\\/universal-smartphone-bike-holder-fiesta-biker-fuchsb-black-kopeeri-2\\\/#primaryimage\"},\"image\":{\"@id\":\"https:\\\/\\\/obender.eu\\\/en\\\/toode\\\/universal-smartphone-bike-holder-fiesta-biker-fuchsb-black-kopeeri-2\\\/#primaryimage\"},\"thumbnailUrl\":\"https:\\\/\\\/obender.eu\\\/wp-content\\\/uploads\\\/2020\\\/10\\\/FUCHR.jpg\",\"datePublished\":\"2020-10-07T19:42:54+00:00\",\"dateModified\":\"2026-04-19T10:01:07+00:00\",\"breadcrumb\":{\"@id\":\"https:\\\/\\\/obender.eu\\\/en\\\/toode\\\/universal-smartphone-bike-holder-fiesta-biker-fuchsb-black-kopeeri-2\\\/#breadcrumb\"},\"inLanguage\":\"en-US\",\"potentialAction\":[{\"@type\":\"ReadAction\",\"target\":[\"https:\\\/\\\/obender.eu\\\/en\\\/toode\\\/universal-smartphone-bike-holder-fiesta-biker-fuchsb-black-kopeeri-2\\\/\"]}]},{\"@type\":\"ImageObject\",\"inLanguage\":\"en-US\",\"@id\":\"https:\\\/\\\/obender.eu\\\/en\\\/toode\\\/universal-smartphone-bike-holder-fiesta-biker-fuchsb-black-kopeeri-2\\\/#primaryimage\",\"url\":\"https:\\\/\\\/obender.eu\\\/wp-content\\\/uploads\\\/2020\\\/10\\\/FUCHR.jpg\",\"contentUrl\":\"https:\\\/\\\/obender.eu\\\/wp-content\\\/uploads\\\/2020\\\/10\\\/FUCHR.jpg\",\"width\":300,\"height\":314},{\"@type\":\"BreadcrumbList\",\"@id\":\"https:\\\/\\\/obender.eu\\\/en\\\/toode\\\/universal-smartphone-bike-holder-fiesta-biker-fuchsb-black-kopeeri-2\\\/#breadcrumb\",\"itemListElement\":[{\"@type\":\"ListItem\",\"position\":1,\"name\":\"Home\",\"item\":\"https:\\\/\\\/obender.eu\\\/en\\\/\"},{\"@type\":\"ListItem\",\"position\":2,\"name\":\"Tooted\",\"item\":\"https:\\\/\\\/www.obender.eu\\\/tooted\\\/\"},{\"@type\":\"ListItem\",\"position\":3,\"name\":\"Phone holder Fiesta Ring FUCHR, black\"}]},{\"@type\":\"WebSite\",\"@id\":\"https:\\\/\\\/www.obender.eu\\\/#website\",\"url\":\"https:\\\/\\\/www.obender.eu\\\/\",\"name\":\"Obender\",\"description\":\"T\u00f6\u00f6stuskaupade hulgim\u00fc\u00fck\",\"potentialAction\":[{\"@type\":\"SearchAction\",\"target\":{\"@type\":\"EntryPoint\",\"urlTemplate\":\"https:\\\/\\\/www.obender.eu\\\/?s={search_term_string}\"},\"query-input\":{\"@type\":\"PropertyValueSpecification\",\"valueRequired\":true,\"valueName\":\"search_term_string\"}}],\"inLanguage\":\"en-US\"}]}<\/script>\n<!-- \/ Yoast SEO Premium plugin. -->","yoast_head_json":{"title":"Phone holder Fiesta Ring FUCHR, black - Obender","robots":{"index":"index","follow":"follow","max-snippet":"max-snippet:-1","max-image-preview":"max-image-preview:large","max-video-preview":"max-video-preview:-1"},"canonical":"https:\/\/obender.eu\/en\/toode\/universal-smartphone-bike-holder-fiesta-biker-fuchsb-black-kopeeri-2\/","og_locale":"en_US","og_type":"article","og_title":"Phone holder Fiesta Ring FUCHR, black","og_description":"Phone holder Fiesta Ring FUCHR, black Features: &#8211; Available Mobile size : for GPS and iPhone ~ Galaxy note (3,5&#8243;-5,3&#8243;)","og_url":"https:\/\/obender.eu\/en\/toode\/universal-smartphone-bike-holder-fiesta-biker-fuchsb-black-kopeeri-2\/","og_site_name":"Obender","article_modified_time":"2026-04-19T10:01:07+00:00","og_image":[{"width":300,"height":314,"url":"https:\/\/obender.eu\/wp-content\/uploads\/2020\/10\/FUCHR.jpg","type":"image\/jpeg"}],"twitter_card":"summary_large_image","twitter_misc":{"Est. reading time":"1 minute"},"schema":{"@context":"https:\/\/schema.org","@graph":[{"@type":"WebPage","@id":"https:\/\/obender.eu\/en\/toode\/universal-smartphone-bike-holder-fiesta-biker-fuchsb-black-kopeeri-2\/","url":"https:\/\/obender.eu\/en\/toode\/universal-smartphone-bike-holder-fiesta-biker-fuchsb-black-kopeeri-2\/","name":"Phone holder Fiesta Ring FUCHR, black - Obender","isPartOf":{"@id":"https:\/\/www.obender.eu\/#website"},"primaryImageOfPage":{"@id":"https:\/\/obender.eu\/en\/toode\/universal-smartphone-bike-holder-fiesta-biker-fuchsb-black-kopeeri-2\/#primaryimage"},"image":{"@id":"https:\/\/obender.eu\/en\/toode\/universal-smartphone-bike-holder-fiesta-biker-fuchsb-black-kopeeri-2\/#primaryimage"},"thumbnailUrl":"https:\/\/obender.eu\/wp-content\/uploads\/2020\/10\/FUCHR.jpg","datePublished":"2020-10-07T19:42:54+00:00","dateModified":"2026-04-19T10:01:07+00:00","breadcrumb":{"@id":"https:\/\/obender.eu\/en\/toode\/universal-smartphone-bike-holder-fiesta-biker-fuchsb-black-kopeeri-2\/#breadcrumb"},"inLanguage":"en-US","potentialAction":[{"@type":"ReadAction","target":["https:\/\/obender.eu\/en\/toode\/universal-smartphone-bike-holder-fiesta-biker-fuchsb-black-kopeeri-2\/"]}]},{"@type":"ImageObject","inLanguage":"en-US","@id":"https:\/\/obender.eu\/en\/toode\/universal-smartphone-bike-holder-fiesta-biker-fuchsb-black-kopeeri-2\/#primaryimage","url":"https:\/\/obender.eu\/wp-content\/uploads\/2020\/10\/FUCHR.jpg","contentUrl":"https:\/\/obender.eu\/wp-content\/uploads\/2020\/10\/FUCHR.jpg","width":300,"height":314},{"@type":"BreadcrumbList","@id":"https:\/\/obender.eu\/en\/toode\/universal-smartphone-bike-holder-fiesta-biker-fuchsb-black-kopeeri-2\/#breadcrumb","itemListElement":[{"@type":"ListItem","position":1,"name":"Home","item":"https:\/\/obender.eu\/en\/"},{"@type":"ListItem","position":2,"name":"Tooted","item":"https:\/\/www.obender.eu\/tooted\/"},{"@type":"ListItem","position":3,"name":"Phone holder Fiesta Ring FUCHR, black"}]},{"@type":"WebSite","@id":"https:\/\/www.obender.eu\/#website","url":"https:\/\/www.obender.eu\/","name":"Obender","description":"T\u00f6\u00f6stuskaupade hulgim\u00fc\u00fck","potentialAction":[{"@type":"SearchAction","target":{"@type":"EntryPoint","urlTemplate":"https:\/\/www.obender.eu\/?s={search_term_string}"},"query-input":{"@type":"PropertyValueSpecification","valueRequired":true,"valueName":"search_term_string"}}],"inLanguage":"en-US"}]}},"_links":{"self":[{"href":"https:\/\/obender.eu\/en\/wp-json\/wp\/v2\/product\/13847","targetHints":{"allow":["GET"]}}],"collection":[{"href":"https:\/\/obender.eu\/en\/wp-json\/wp\/v2\/product"}],"about":[{"href":"https:\/\/obender.eu\/en\/wp-json\/wp\/v2\/types\/product"}],"version-history":[{"count":4,"href":"https:\/\/obender.eu\/en\/wp-json\/wp\/v2\/product\/13847\/revisions"}],"predecessor-version":[{"id":25596,"href":"https:\/\/obender.eu\/en\/wp-json\/wp\/v2\/product\/13847\/revisions\/25596"}],"wp:featuredmedia":[{"embeddable":true,"href":"https:\/\/obender.eu\/en\/wp-json\/wp\/v2\/media\/13772"}],"wp:attachment":[{"href":"https:\/\/obender.eu\/en\/wp-json\/wp\/v2\/media?parent=13847"}],"wp:term":[{"taxonomy":"product_brand","embeddable":true,"href":"https:\/\/obender.eu\/en\/wp-json\/wp\/v2\/product_brand?post=13847"},{"taxonomy":"product_cat","embeddable":true,"href":"https:\/\/obender.eu\/en\/wp-json\/wp\/v2\/product_cat?post=13847"},{"taxonomy":"product_tag","embeddable":true,"href":"https:\/\/obender.eu\/en\/wp-json\/wp\/v2\/product_tag?post=13847"}],"curies":[{"name":"wp","href":"https:\/\/api.w.org\/{rel}","templated":true}]}}