{"id":14035,"date":"2020-10-09T10:10:48","date_gmt":"2020-10-09T07:10:48","guid":{"rendered":"https:\/\/obender.eu\/toode\/sportlik-telefoni-kaed-vabad-komplekt-sinine\/"},"modified":"2026-04-18T23:00:58","modified_gmt":"2026-04-18T20:00:58","slug":"sportlik-telefoni-kaed-vabad-komplekt-sinine","status":"publish","type":"product","link":"https:\/\/obender.eu\/en\/toode\/sportlik-telefoni-kaed-vabad-komplekt-sinine\/","title":{"rendered":"Phone hands free set, blue"},"content":{"rendered":"<p>Phone hands free set, PM1075BL<\/p>\n<p>Set for active people: universal protective sports armband + high quality wireless (Bluetooth) sport earset with micorphone.<br \/>\nUniversal protective sports armband to fit up to 5&#8243; smartphone. Good protection for your device during sport activities like running, cycling or walking. Slimline and lightweight product. Velcro closure, flexible neoprene material with adjustable band and wide range of regulations provide the highest comfort. Reflective material is perfect for the dark and night.<\/p>\n<p>Techhnical parameters:<br \/>\n\u2022 BT Version: V4.2<br \/>\n\u2022 Range: 33FT\/10M<br \/>\n\u2022 Battery: 80mAh<br \/>\n\u2022 Voltage: 3.7V<br \/>\n\u2022 Talking time: appr. 4H<br \/>\n\u2022 Charging time: 1-2H<br \/>\n\u2022 Charging way: USB 5V<\/p>\n<p>EAN: 5907595436762<\/p>\n<p>&nbsp;<\/p>\n","protected":false},"excerpt":{"rendered":"<p>Phone hands free set, PM1075BL Set for active people: universal protective sports armband + high quality wireless (Bluetooth) sport earset<\/p>\n","protected":false},"featured_media":14033,"template":"","meta":[],"product_brand":[],"product_cat":[392,299,394],"product_tag":[1241],"class_list":{"0":"post-14035","1":"product","2":"type-product","3":"status-publish","4":"has-post-thumbnail","6":"product_cat-earphones-en","7":"product_cat-phone-holders-and-chargers","8":"product_cat-smartphone-holders","9":"product_tag-hands-free-en","11":"first","12":"instock","13":"sale","14":"taxable","15":"shipping-taxable","16":"purchasable","17":"product-type-simple"},"yoast_head":"<!-- This site is optimized with the Yoast SEO Premium plugin v20.0 (Yoast SEO v27.4) - https:\/\/yoast.com\/product\/yoast-seo-premium-wordpress\/ -->\n<title>Phone hands free set, blue - Obender<\/title>\n<meta name=\"robots\" content=\"index, follow, max-snippet:-1, max-image-preview:large, max-video-preview:-1\" \/>\n<link rel=\"canonical\" href=\"https:\/\/obender.eu\/en\/toode\/sportlik-telefoni-kaed-vabad-komplekt-sinine\/\" \/>\n<meta property=\"og:locale\" content=\"en_US\" \/>\n<meta property=\"og:type\" content=\"article\" \/>\n<meta property=\"og:title\" content=\"Phone hands free set, blue\" \/>\n<meta property=\"og:description\" content=\"Phone hands free set, PM1075BL Set for active people: universal protective sports armband + high quality wireless (Bluetooth) sport earset\" \/>\n<meta property=\"og:url\" content=\"https:\/\/obender.eu\/en\/toode\/sportlik-telefoni-kaed-vabad-komplekt-sinine\/\" \/>\n<meta property=\"og:site_name\" content=\"Obender\" \/>\n<meta property=\"article:modified_time\" content=\"2026-04-18T20:00:58+00:00\" \/>\n<meta property=\"og:image\" content=\"https:\/\/obender.eu\/wp-content\/uploads\/2020\/10\/PM1075BL.jpg\" \/>\n\t<meta property=\"og:image:width\" content=\"500\" \/>\n\t<meta property=\"og:image:height\" content=\"500\" \/>\n\t<meta property=\"og:image:type\" content=\"image\/jpeg\" \/>\n<meta name=\"twitter:card\" content=\"summary_large_image\" \/>\n<meta name=\"twitter:label1\" content=\"Est. reading time\" \/>\n\t<meta name=\"twitter:data1\" content=\"1 minute\" \/>\n<script type=\"application\/ld+json\" class=\"yoast-schema-graph\">{\"@context\":\"https:\\\/\\\/schema.org\",\"@graph\":[{\"@type\":\"WebPage\",\"@id\":\"https:\\\/\\\/obender.eu\\\/en\\\/toode\\\/sportlik-telefoni-kaed-vabad-komplekt-sinine\\\/\",\"url\":\"https:\\\/\\\/obender.eu\\\/en\\\/toode\\\/sportlik-telefoni-kaed-vabad-komplekt-sinine\\\/\",\"name\":\"Phone hands free set, blue - Obender\",\"isPartOf\":{\"@id\":\"https:\\\/\\\/www.obender.eu\\\/#website\"},\"primaryImageOfPage\":{\"@id\":\"https:\\\/\\\/obender.eu\\\/en\\\/toode\\\/sportlik-telefoni-kaed-vabad-komplekt-sinine\\\/#primaryimage\"},\"image\":{\"@id\":\"https:\\\/\\\/obender.eu\\\/en\\\/toode\\\/sportlik-telefoni-kaed-vabad-komplekt-sinine\\\/#primaryimage\"},\"thumbnailUrl\":\"https:\\\/\\\/obender.eu\\\/wp-content\\\/uploads\\\/2020\\\/10\\\/PM1075BL.jpg\",\"datePublished\":\"2020-10-09T07:10:48+00:00\",\"dateModified\":\"2026-04-18T20:00:58+00:00\",\"breadcrumb\":{\"@id\":\"https:\\\/\\\/obender.eu\\\/en\\\/toode\\\/sportlik-telefoni-kaed-vabad-komplekt-sinine\\\/#breadcrumb\"},\"inLanguage\":\"en-US\",\"potentialAction\":[{\"@type\":\"ReadAction\",\"target\":[\"https:\\\/\\\/obender.eu\\\/en\\\/toode\\\/sportlik-telefoni-kaed-vabad-komplekt-sinine\\\/\"]}]},{\"@type\":\"ImageObject\",\"inLanguage\":\"en-US\",\"@id\":\"https:\\\/\\\/obender.eu\\\/en\\\/toode\\\/sportlik-telefoni-kaed-vabad-komplekt-sinine\\\/#primaryimage\",\"url\":\"https:\\\/\\\/obender.eu\\\/wp-content\\\/uploads\\\/2020\\\/10\\\/PM1075BL.jpg\",\"contentUrl\":\"https:\\\/\\\/obender.eu\\\/wp-content\\\/uploads\\\/2020\\\/10\\\/PM1075BL.jpg\",\"width\":500,\"height\":500},{\"@type\":\"BreadcrumbList\",\"@id\":\"https:\\\/\\\/obender.eu\\\/en\\\/toode\\\/sportlik-telefoni-kaed-vabad-komplekt-sinine\\\/#breadcrumb\",\"itemListElement\":[{\"@type\":\"ListItem\",\"position\":1,\"name\":\"Home\",\"item\":\"https:\\\/\\\/obender.eu\\\/en\\\/\"},{\"@type\":\"ListItem\",\"position\":2,\"name\":\"Tooted\",\"item\":\"https:\\\/\\\/www.obender.eu\\\/tooted\\\/\"},{\"@type\":\"ListItem\",\"position\":3,\"name\":\"Phone hands free set, blue\"}]},{\"@type\":\"WebSite\",\"@id\":\"https:\\\/\\\/www.obender.eu\\\/#website\",\"url\":\"https:\\\/\\\/www.obender.eu\\\/\",\"name\":\"Obender\",\"description\":\"T\u00f6\u00f6stuskaupade hulgim\u00fc\u00fck\",\"potentialAction\":[{\"@type\":\"SearchAction\",\"target\":{\"@type\":\"EntryPoint\",\"urlTemplate\":\"https:\\\/\\\/www.obender.eu\\\/?s={search_term_string}\"},\"query-input\":{\"@type\":\"PropertyValueSpecification\",\"valueRequired\":true,\"valueName\":\"search_term_string\"}}],\"inLanguage\":\"en-US\"}]}<\/script>\n<!-- \/ Yoast SEO Premium plugin. -->","yoast_head_json":{"title":"Phone hands free set, blue - Obender","robots":{"index":"index","follow":"follow","max-snippet":"max-snippet:-1","max-image-preview":"max-image-preview:large","max-video-preview":"max-video-preview:-1"},"canonical":"https:\/\/obender.eu\/en\/toode\/sportlik-telefoni-kaed-vabad-komplekt-sinine\/","og_locale":"en_US","og_type":"article","og_title":"Phone hands free set, blue","og_description":"Phone hands free set, PM1075BL Set for active people: universal protective sports armband + high quality wireless (Bluetooth) sport earset","og_url":"https:\/\/obender.eu\/en\/toode\/sportlik-telefoni-kaed-vabad-komplekt-sinine\/","og_site_name":"Obender","article_modified_time":"2026-04-18T20:00:58+00:00","og_image":[{"width":500,"height":500,"url":"https:\/\/obender.eu\/wp-content\/uploads\/2020\/10\/PM1075BL.jpg","type":"image\/jpeg"}],"twitter_card":"summary_large_image","twitter_misc":{"Est. reading time":"1 minute"},"schema":{"@context":"https:\/\/schema.org","@graph":[{"@type":"WebPage","@id":"https:\/\/obender.eu\/en\/toode\/sportlik-telefoni-kaed-vabad-komplekt-sinine\/","url":"https:\/\/obender.eu\/en\/toode\/sportlik-telefoni-kaed-vabad-komplekt-sinine\/","name":"Phone hands free set, blue - Obender","isPartOf":{"@id":"https:\/\/www.obender.eu\/#website"},"primaryImageOfPage":{"@id":"https:\/\/obender.eu\/en\/toode\/sportlik-telefoni-kaed-vabad-komplekt-sinine\/#primaryimage"},"image":{"@id":"https:\/\/obender.eu\/en\/toode\/sportlik-telefoni-kaed-vabad-komplekt-sinine\/#primaryimage"},"thumbnailUrl":"https:\/\/obender.eu\/wp-content\/uploads\/2020\/10\/PM1075BL.jpg","datePublished":"2020-10-09T07:10:48+00:00","dateModified":"2026-04-18T20:00:58+00:00","breadcrumb":{"@id":"https:\/\/obender.eu\/en\/toode\/sportlik-telefoni-kaed-vabad-komplekt-sinine\/#breadcrumb"},"inLanguage":"en-US","potentialAction":[{"@type":"ReadAction","target":["https:\/\/obender.eu\/en\/toode\/sportlik-telefoni-kaed-vabad-komplekt-sinine\/"]}]},{"@type":"ImageObject","inLanguage":"en-US","@id":"https:\/\/obender.eu\/en\/toode\/sportlik-telefoni-kaed-vabad-komplekt-sinine\/#primaryimage","url":"https:\/\/obender.eu\/wp-content\/uploads\/2020\/10\/PM1075BL.jpg","contentUrl":"https:\/\/obender.eu\/wp-content\/uploads\/2020\/10\/PM1075BL.jpg","width":500,"height":500},{"@type":"BreadcrumbList","@id":"https:\/\/obender.eu\/en\/toode\/sportlik-telefoni-kaed-vabad-komplekt-sinine\/#breadcrumb","itemListElement":[{"@type":"ListItem","position":1,"name":"Home","item":"https:\/\/obender.eu\/en\/"},{"@type":"ListItem","position":2,"name":"Tooted","item":"https:\/\/www.obender.eu\/tooted\/"},{"@type":"ListItem","position":3,"name":"Phone hands free set, blue"}]},{"@type":"WebSite","@id":"https:\/\/www.obender.eu\/#website","url":"https:\/\/www.obender.eu\/","name":"Obender","description":"T\u00f6\u00f6stuskaupade hulgim\u00fc\u00fck","potentialAction":[{"@type":"SearchAction","target":{"@type":"EntryPoint","urlTemplate":"https:\/\/www.obender.eu\/?s={search_term_string}"},"query-input":{"@type":"PropertyValueSpecification","valueRequired":true,"valueName":"search_term_string"}}],"inLanguage":"en-US"}]}},"_links":{"self":[{"href":"https:\/\/obender.eu\/en\/wp-json\/wp\/v2\/product\/14035","targetHints":{"allow":["GET"]}}],"collection":[{"href":"https:\/\/obender.eu\/en\/wp-json\/wp\/v2\/product"}],"about":[{"href":"https:\/\/obender.eu\/en\/wp-json\/wp\/v2\/types\/product"}],"version-history":[{"count":5,"href":"https:\/\/obender.eu\/en\/wp-json\/wp\/v2\/product\/14035\/revisions"}],"predecessor-version":[{"id":25661,"href":"https:\/\/obender.eu\/en\/wp-json\/wp\/v2\/product\/14035\/revisions\/25661"}],"wp:featuredmedia":[{"embeddable":true,"href":"https:\/\/obender.eu\/en\/wp-json\/wp\/v2\/media\/14033"}],"wp:attachment":[{"href":"https:\/\/obender.eu\/en\/wp-json\/wp\/v2\/media?parent=14035"}],"wp:term":[{"taxonomy":"product_brand","embeddable":true,"href":"https:\/\/obender.eu\/en\/wp-json\/wp\/v2\/product_brand?post=14035"},{"taxonomy":"product_cat","embeddable":true,"href":"https:\/\/obender.eu\/en\/wp-json\/wp\/v2\/product_cat?post=14035"},{"taxonomy":"product_tag","embeddable":true,"href":"https:\/\/obender.eu\/en\/wp-json\/wp\/v2\/product_tag?post=14035"}],"curies":[{"name":"wp","href":"https:\/\/api.w.org\/{rel}","templated":true}]}}