{"id":14204,"date":"2020-10-09T23:20:04","date_gmt":"2020-10-09T20:20:04","guid":{"rendered":"https:\/\/obender.eu\/?post_type=product&#038;p=14204"},"modified":"2026-04-19T13:00:26","modified_gmt":"2026-04-19T10:00:26","slug":"flashlight-camelion-travlite-hp7011-05w-led-3aaa-kopeeri","status":"publish","type":"product","link":"https:\/\/obender.eu\/en\/toode\/flashlight-camelion-travlite-hp7011-05w-led-3aaa-kopeeri\/","title":{"rendered":"Household sensor light Camelion SL7018 LED 3AA"},"content":{"rendered":"<p>Household sensor light Camelion SL7018 LED 3AA<\/p>\n<p>EAN: 4260216456312<\/p>\n<h2>Main Features<\/h2>\n<div class=\"csc-textpic-text\">\n<ul>\n<li>\n<div id=\"gt-res-p\">\n<div id=\"gt-res-data\">\n<div id=\"gt-res-wrap\">\n<div id=\"gt-res-content\">\n<div id=\"gt-res-dir-ctr\" class=\"trans-verified-button-small\" dir=\"ltr\">\n<p><span id=\"result_box\" lang=\"en\">Comfortable, indirect lighting<\/span><\/p>\n<\/div>\n<\/div>\n<\/div>\n<\/div>\n<\/div>\n<\/li>\n<li>\n<div>\n<div>\n<div>\n<div>\n<div class=\"trans-verified-button-small\" dir=\"ltr\">\n<p>Soft light with 25 lumens<\/p>\n<\/div>\n<\/div>\n<\/div>\n<\/div>\n<\/div>\n<\/li>\n<li>\n<div>\n<div>\n<div>\n<div>\n<div class=\"trans-verified-button-small\" dir=\"ltr\">\n<p>Individual mounting with 3M double-sided tape or screws<\/p>\n<\/div>\n<\/div>\n<\/div>\n<\/div>\n<\/div>\n<\/li>\n<li>\n<div>\n<div>\n<div>\n<div>\n<div class=\"trans-verified-button-small\" dir=\"ltr\">\n<p>Sensory distance up to 4 meters<\/p>\n<\/div>\n<\/div>\n<\/div>\n<\/div>\n<\/div>\n<\/li>\n<li>\n<div>\n<div>\n<div>\n<div>\n<div class=\"trans-verified-button-small\" dir=\"ltr\">\n<p>Sensory angle up to 120 degrees<\/p>\n<\/div>\n<\/div>\n<\/div>\n<\/div>\n<\/div>\n<\/li>\n<li>\n<div>\n<div>\n<div>\n<div>\n<div class=\"trans-verified-button-small\" dir=\"ltr\">\n<p>Continuous light up to 25h<\/p>\n<\/div>\n<\/div>\n<\/div>\n<\/div>\n<\/div>\n<\/li>\n<li>\n<div>\n<div>\n<div>\n<div>\n<div class=\"trans-verified-button-small\" dir=\"ltr\">\n<p>Operation with 3 x AA batteries (incl.)<\/p>\n<\/div>\n<\/div>\n<\/div>\n<\/div>\n<\/div>\n<\/li>\n<li>\n<div>\n<div>\n<div>\n<div>\n<div class=\"trans-verified-button-small\" dir=\"ltr\">\n<p>Convenient for cupboard, kitchen, workshop, stairs &#8230;<\/p>\n<\/div>\n<\/div>\n<\/div>\n<\/div>\n<\/div>\n<\/li>\n<\/ul>\n<\/div>\n","protected":false},"excerpt":{"rendered":"<p>Household sensor light Camelion SL7018 LED 3AA EAN: 4260216456312 Main Features Comfortable, indirect lighting Soft light with 25 lumens Individual<\/p>\n","protected":false},"featured_media":14206,"template":"","meta":[],"product_brand":[],"product_cat":[304,381,380,302],"product_tag":[631,1098,1100],"class_list":{"0":"post-14204","1":"product","2":"type-product","3":"status-publish","4":"has-post-thumbnail","6":"product_cat-ceiling-and-wall-lamps","7":"product_cat-home-and-office","8":"product_cat-home-and-office-equipment","9":"product_cat-lighting","10":"product_tag-camelion-en","11":"product_tag-garderoob-en","12":"product_tag-wardrobe-en","14":"first","15":"instock","16":"taxable","17":"shipping-taxable","18":"purchasable","19":"product-type-simple"},"yoast_head":"<!-- This site is optimized with the Yoast SEO Premium plugin v20.0 (Yoast SEO v27.4) - https:\/\/yoast.com\/product\/yoast-seo-premium-wordpress\/ -->\n<title>Household sensor light Camelion SL7018 LED 3AA - Obender<\/title>\n<meta name=\"robots\" content=\"index, follow, max-snippet:-1, max-image-preview:large, max-video-preview:-1\" \/>\n<link rel=\"canonical\" href=\"https:\/\/obender.eu\/en\/toode\/flashlight-camelion-travlite-hp7011-05w-led-3aaa-kopeeri\/\" \/>\n<meta property=\"og:locale\" content=\"en_US\" \/>\n<meta property=\"og:type\" content=\"article\" \/>\n<meta property=\"og:title\" content=\"Household sensor light Camelion SL7018 LED 3AA\" \/>\n<meta property=\"og:description\" content=\"Household sensor light Camelion SL7018 LED 3AA EAN: 4260216456312 Main Features Comfortable, indirect lighting Soft light with 25 lumens Individual\" \/>\n<meta property=\"og:url\" content=\"https:\/\/obender.eu\/en\/toode\/flashlight-camelion-travlite-hp7011-05w-led-3aaa-kopeeri\/\" \/>\n<meta property=\"og:site_name\" content=\"Obender\" \/>\n<meta property=\"article:modified_time\" content=\"2026-04-19T10:00:26+00:00\" \/>\n<meta property=\"og:image\" content=\"https:\/\/obender.eu\/wp-content\/uploads\/2020\/10\/30200050.jpg\" \/>\n\t<meta property=\"og:image:width\" content=\"554\" \/>\n\t<meta property=\"og:image:height\" content=\"553\" \/>\n\t<meta property=\"og:image:type\" content=\"image\/jpeg\" \/>\n<meta name=\"twitter:card\" content=\"summary_large_image\" \/>\n<meta name=\"twitter:label1\" content=\"Est. reading time\" \/>\n\t<meta name=\"twitter:data1\" content=\"1 minute\" \/>\n<script type=\"application\/ld+json\" class=\"yoast-schema-graph\">{\"@context\":\"https:\\\/\\\/schema.org\",\"@graph\":[{\"@type\":\"WebPage\",\"@id\":\"https:\\\/\\\/obender.eu\\\/en\\\/toode\\\/flashlight-camelion-travlite-hp7011-05w-led-3aaa-kopeeri\\\/\",\"url\":\"https:\\\/\\\/obender.eu\\\/en\\\/toode\\\/flashlight-camelion-travlite-hp7011-05w-led-3aaa-kopeeri\\\/\",\"name\":\"Household sensor light Camelion SL7018 LED 3AA - Obender\",\"isPartOf\":{\"@id\":\"https:\\\/\\\/www.obender.eu\\\/#website\"},\"primaryImageOfPage\":{\"@id\":\"https:\\\/\\\/obender.eu\\\/en\\\/toode\\\/flashlight-camelion-travlite-hp7011-05w-led-3aaa-kopeeri\\\/#primaryimage\"},\"image\":{\"@id\":\"https:\\\/\\\/obender.eu\\\/en\\\/toode\\\/flashlight-camelion-travlite-hp7011-05w-led-3aaa-kopeeri\\\/#primaryimage\"},\"thumbnailUrl\":\"https:\\\/\\\/obender.eu\\\/wp-content\\\/uploads\\\/2020\\\/10\\\/30200050.jpg\",\"datePublished\":\"2020-10-09T20:20:04+00:00\",\"dateModified\":\"2026-04-19T10:00:26+00:00\",\"breadcrumb\":{\"@id\":\"https:\\\/\\\/obender.eu\\\/en\\\/toode\\\/flashlight-camelion-travlite-hp7011-05w-led-3aaa-kopeeri\\\/#breadcrumb\"},\"inLanguage\":\"en-US\",\"potentialAction\":[{\"@type\":\"ReadAction\",\"target\":[\"https:\\\/\\\/obender.eu\\\/en\\\/toode\\\/flashlight-camelion-travlite-hp7011-05w-led-3aaa-kopeeri\\\/\"]}]},{\"@type\":\"ImageObject\",\"inLanguage\":\"en-US\",\"@id\":\"https:\\\/\\\/obender.eu\\\/en\\\/toode\\\/flashlight-camelion-travlite-hp7011-05w-led-3aaa-kopeeri\\\/#primaryimage\",\"url\":\"https:\\\/\\\/obender.eu\\\/wp-content\\\/uploads\\\/2020\\\/10\\\/30200050.jpg\",\"contentUrl\":\"https:\\\/\\\/obender.eu\\\/wp-content\\\/uploads\\\/2020\\\/10\\\/30200050.jpg\",\"width\":554,\"height\":553},{\"@type\":\"BreadcrumbList\",\"@id\":\"https:\\\/\\\/obender.eu\\\/en\\\/toode\\\/flashlight-camelion-travlite-hp7011-05w-led-3aaa-kopeeri\\\/#breadcrumb\",\"itemListElement\":[{\"@type\":\"ListItem\",\"position\":1,\"name\":\"Home\",\"item\":\"https:\\\/\\\/obender.eu\\\/en\\\/\"},{\"@type\":\"ListItem\",\"position\":2,\"name\":\"Tooted\",\"item\":\"https:\\\/\\\/www.obender.eu\\\/tooted\\\/\"},{\"@type\":\"ListItem\",\"position\":3,\"name\":\"Household sensor light Camelion SL7018 LED 3AA\"}]},{\"@type\":\"WebSite\",\"@id\":\"https:\\\/\\\/www.obender.eu\\\/#website\",\"url\":\"https:\\\/\\\/www.obender.eu\\\/\",\"name\":\"Obender\",\"description\":\"T\u00f6\u00f6stuskaupade hulgim\u00fc\u00fck\",\"potentialAction\":[{\"@type\":\"SearchAction\",\"target\":{\"@type\":\"EntryPoint\",\"urlTemplate\":\"https:\\\/\\\/www.obender.eu\\\/?s={search_term_string}\"},\"query-input\":{\"@type\":\"PropertyValueSpecification\",\"valueRequired\":true,\"valueName\":\"search_term_string\"}}],\"inLanguage\":\"en-US\"}]}<\/script>\n<!-- \/ Yoast SEO Premium plugin. -->","yoast_head_json":{"title":"Household sensor light Camelion SL7018 LED 3AA - Obender","robots":{"index":"index","follow":"follow","max-snippet":"max-snippet:-1","max-image-preview":"max-image-preview:large","max-video-preview":"max-video-preview:-1"},"canonical":"https:\/\/obender.eu\/en\/toode\/flashlight-camelion-travlite-hp7011-05w-led-3aaa-kopeeri\/","og_locale":"en_US","og_type":"article","og_title":"Household sensor light Camelion SL7018 LED 3AA","og_description":"Household sensor light Camelion SL7018 LED 3AA EAN: 4260216456312 Main Features Comfortable, indirect lighting Soft light with 25 lumens Individual","og_url":"https:\/\/obender.eu\/en\/toode\/flashlight-camelion-travlite-hp7011-05w-led-3aaa-kopeeri\/","og_site_name":"Obender","article_modified_time":"2026-04-19T10:00:26+00:00","og_image":[{"width":554,"height":553,"url":"https:\/\/obender.eu\/wp-content\/uploads\/2020\/10\/30200050.jpg","type":"image\/jpeg"}],"twitter_card":"summary_large_image","twitter_misc":{"Est. reading time":"1 minute"},"schema":{"@context":"https:\/\/schema.org","@graph":[{"@type":"WebPage","@id":"https:\/\/obender.eu\/en\/toode\/flashlight-camelion-travlite-hp7011-05w-led-3aaa-kopeeri\/","url":"https:\/\/obender.eu\/en\/toode\/flashlight-camelion-travlite-hp7011-05w-led-3aaa-kopeeri\/","name":"Household sensor light Camelion SL7018 LED 3AA - Obender","isPartOf":{"@id":"https:\/\/www.obender.eu\/#website"},"primaryImageOfPage":{"@id":"https:\/\/obender.eu\/en\/toode\/flashlight-camelion-travlite-hp7011-05w-led-3aaa-kopeeri\/#primaryimage"},"image":{"@id":"https:\/\/obender.eu\/en\/toode\/flashlight-camelion-travlite-hp7011-05w-led-3aaa-kopeeri\/#primaryimage"},"thumbnailUrl":"https:\/\/obender.eu\/wp-content\/uploads\/2020\/10\/30200050.jpg","datePublished":"2020-10-09T20:20:04+00:00","dateModified":"2026-04-19T10:00:26+00:00","breadcrumb":{"@id":"https:\/\/obender.eu\/en\/toode\/flashlight-camelion-travlite-hp7011-05w-led-3aaa-kopeeri\/#breadcrumb"},"inLanguage":"en-US","potentialAction":[{"@type":"ReadAction","target":["https:\/\/obender.eu\/en\/toode\/flashlight-camelion-travlite-hp7011-05w-led-3aaa-kopeeri\/"]}]},{"@type":"ImageObject","inLanguage":"en-US","@id":"https:\/\/obender.eu\/en\/toode\/flashlight-camelion-travlite-hp7011-05w-led-3aaa-kopeeri\/#primaryimage","url":"https:\/\/obender.eu\/wp-content\/uploads\/2020\/10\/30200050.jpg","contentUrl":"https:\/\/obender.eu\/wp-content\/uploads\/2020\/10\/30200050.jpg","width":554,"height":553},{"@type":"BreadcrumbList","@id":"https:\/\/obender.eu\/en\/toode\/flashlight-camelion-travlite-hp7011-05w-led-3aaa-kopeeri\/#breadcrumb","itemListElement":[{"@type":"ListItem","position":1,"name":"Home","item":"https:\/\/obender.eu\/en\/"},{"@type":"ListItem","position":2,"name":"Tooted","item":"https:\/\/www.obender.eu\/tooted\/"},{"@type":"ListItem","position":3,"name":"Household sensor light Camelion SL7018 LED 3AA"}]},{"@type":"WebSite","@id":"https:\/\/www.obender.eu\/#website","url":"https:\/\/www.obender.eu\/","name":"Obender","description":"T\u00f6\u00f6stuskaupade hulgim\u00fc\u00fck","potentialAction":[{"@type":"SearchAction","target":{"@type":"EntryPoint","urlTemplate":"https:\/\/www.obender.eu\/?s={search_term_string}"},"query-input":{"@type":"PropertyValueSpecification","valueRequired":true,"valueName":"search_term_string"}}],"inLanguage":"en-US"}]}},"_links":{"self":[{"href":"https:\/\/obender.eu\/en\/wp-json\/wp\/v2\/product\/14204","targetHints":{"allow":["GET"]}}],"collection":[{"href":"https:\/\/obender.eu\/en\/wp-json\/wp\/v2\/product"}],"about":[{"href":"https:\/\/obender.eu\/en\/wp-json\/wp\/v2\/types\/product"}],"version-history":[{"count":3,"href":"https:\/\/obender.eu\/en\/wp-json\/wp\/v2\/product\/14204\/revisions"}],"predecessor-version":[{"id":24427,"href":"https:\/\/obender.eu\/en\/wp-json\/wp\/v2\/product\/14204\/revisions\/24427"}],"wp:featuredmedia":[{"embeddable":true,"href":"https:\/\/obender.eu\/en\/wp-json\/wp\/v2\/media\/14206"}],"wp:attachment":[{"href":"https:\/\/obender.eu\/en\/wp-json\/wp\/v2\/media?parent=14204"}],"wp:term":[{"taxonomy":"product_brand","embeddable":true,"href":"https:\/\/obender.eu\/en\/wp-json\/wp\/v2\/product_brand?post=14204"},{"taxonomy":"product_cat","embeddable":true,"href":"https:\/\/obender.eu\/en\/wp-json\/wp\/v2\/product_cat?post=14204"},{"taxonomy":"product_tag","embeddable":true,"href":"https:\/\/obender.eu\/en\/wp-json\/wp\/v2\/product_tag?post=14204"}],"curies":[{"name":"wp","href":"https:\/\/api.w.org\/{rel}","templated":true}]}}