{"id":14298,"date":"2020-10-10T01:45:46","date_gmt":"2020-10-09T22:45:46","guid":{"rendered":"https:\/\/obender.eu\/?post_type=product&#038;p=14298"},"modified":"2026-04-19T08:00:21","modified_gmt":"2026-04-19T05:00:21","slug":"work-light-arcas-10w-led-li-ion-battery-ip44-kopeeri","status":"publish","type":"product","link":"https:\/\/obender.eu\/en\/toode\/work-light-arcas-10w-led-li-ion-battery-ip44-kopeeri\/","title":{"rendered":"Work light Arcas 8W LED Li-ion battery IP44"},"content":{"rendered":"<p>Work light Arcas 8W LED<\/p>\n<p>Floodlight<\/p>\n<p>Li-ion battery IP44<\/p>\n<p>EAN: 4260030255221<\/p>\n<h3>Product features<\/h3>\n<div class=\"csc-textpic-text\">\n<ul>\n<li>high quality aluminum housing<\/li>\n<li>non-slip handle<\/li>\n<li>splash-proof IP44<\/li>\n<li>Adjustable angle of inclination<\/li>\n<li>energy-saving LED chips with 600 lumens<\/li>\n<li>Built-in Li-Ion battery<\/li>\n<li>Battery capacity: 2400mAh \/ 3,7V<\/li>\n<li>Charging time approx. 6 hours, lighting time approx. 3 hours<\/li>\n<li>available in green<\/li>\n<li>Suitable for leisure, hobby and work<\/li>\n<li>Accessories: AC adapter, car adapter<\/li>\n<\/ul>\n<\/div>\n<h3>Technical characteristics<\/h3>\n<div class=\"csc-textpic-text\">\n<table class=\"contenttable\" summary=\"\">\n<tbody>\n<tr>\n<th rowspan=\"1\" scope=\"row\">Number of LEDs<\/th>\n<td rowspan=\"1\">20<\/td>\n<\/tr>\n<tr>\n<th rowspan=\"1\" scope=\"row\">Type LED<\/th>\n<td rowspan=\"1\">SMD<\/td>\n<\/tr>\n<tr>\n<th rowspan=\"1\" scope=\"row\">brightness<\/th>\n<td rowspan=\"1\">600 lumens<\/td>\n<\/tr>\n<tr>\n<th rowspan=\"1\" scope=\"row\">Color temperature<\/th>\n<td rowspan=\"1\">6500-7000K<\/td>\n<\/tr>\n<tr>\n<th scope=\"row\">Length (mm)<\/th>\n<td>160.0<\/td>\n<\/tr>\n<tr>\n<th scope=\"row\">Width (mm)<\/th>\n<td>140.0<\/td>\n<\/tr>\n<tr>\n<th rowspan=\"1\" scope=\"row\">Height (mm)<\/th>\n<td rowspan=\"1\">220.0<\/td>\n<\/tr>\n<tr>\n<th scope=\"row\">Weight (g)<\/th>\n<td>950<\/td>\n<\/tr>\n<tr>\n<th scope=\"row\">built-in battery<\/th>\n<td>Li-Ion 2400mAh \/ 3,7V<\/td>\n<\/tr>\n<tr>\n<th rowspan=\"1\" scope=\"row\">Battery weight (g)<\/th>\n<td rowspan=\"1\">150.0<\/td>\n<\/tr>\n<tr>\n<th rowspan=\"1\" scope=\"row\">Charging time (hours)<\/th>\n<td rowspan=\"1\">6h<\/td>\n<\/tr>\n<tr>\n<th rowspan=\"1\" scope=\"row\">Burn time (hours)<\/th>\n<td rowspan=\"1\">3h<\/td>\n<\/tr>\n<tr>\n<th scope=\"row\">casing<\/th>\n<td>aluminum<\/td>\n<\/tr>\n<tr>\n<th rowspan=\"1\" scope=\"row\">Protection class<\/th>\n<td rowspan=\"1\">splash-proof IP44<\/td>\n<\/tr>\n<\/tbody>\n<\/table>\n<p>&nbsp;<\/p>\n<\/div>\n","protected":false},"excerpt":{"rendered":"<p>Work light Arcas 8W LED Floodlight Li-ion battery IP44 EAN: 4260030255221 Product features high quality aluminum housing non-slip handle splash-proof<\/p>\n","protected":false},"featured_media":14300,"template":"","meta":[],"product_brand":[],"product_cat":[373,285,308],"product_tag":[633,481,783,1026],"class_list":{"0":"post-14298","1":"product","2":"type-product","3":"status-publish","4":"has-post-thumbnail","6":"product_cat-tooriistad-ja-ehitus","7":"product_cat-sell-out","8":"product_cat-industrial-luminaires","9":"product_tag-arcas","10":"product_tag-li-ion-en","11":"product_tag-toolamp-en","12":"product_tag-work-light-en","14":"first","15":"instock","16":"sale","17":"taxable","18":"shipping-taxable","19":"purchasable","20":"product-type-simple"},"yoast_head":"<!-- This site is optimized with the Yoast SEO Premium plugin v20.0 (Yoast SEO v27.4) - https:\/\/yoast.com\/product\/yoast-seo-premium-wordpress\/ -->\n<title>Work light Arcas 8W LED Li-ion battery IP44 - Obender<\/title>\n<meta name=\"robots\" content=\"index, follow, max-snippet:-1, max-image-preview:large, max-video-preview:-1\" \/>\n<link rel=\"canonical\" href=\"https:\/\/obender.eu\/en\/toode\/work-light-arcas-10w-led-li-ion-battery-ip44-kopeeri\/\" \/>\n<meta property=\"og:locale\" content=\"en_US\" \/>\n<meta property=\"og:type\" content=\"article\" \/>\n<meta property=\"og:title\" content=\"Work light Arcas 8W LED Li-ion battery IP44\" \/>\n<meta property=\"og:description\" content=\"Work light Arcas 8W LED Floodlight Li-ion battery IP44 EAN: 4260030255221 Product features high quality aluminum housing non-slip handle splash-proof\" \/>\n<meta property=\"og:url\" content=\"https:\/\/obender.eu\/en\/toode\/work-light-arcas-10w-led-li-ion-battery-ip44-kopeeri\/\" \/>\n<meta property=\"og:site_name\" content=\"Obender\" \/>\n<meta property=\"article:modified_time\" content=\"2026-04-19T05:00:21+00:00\" \/>\n<meta property=\"og:image\" content=\"https:\/\/www.obender.eu\/wp-content\/uploads\/2020\/10\/30700028.jpg\" \/>\n\t<meta property=\"og:image:width\" content=\"600\" \/>\n\t<meta property=\"og:image:height\" content=\"601\" \/>\n\t<meta property=\"og:image:type\" content=\"image\/jpeg\" \/>\n<meta name=\"twitter:card\" content=\"summary_large_image\" \/>\n<meta name=\"twitter:label1\" content=\"Est. reading time\" \/>\n\t<meta name=\"twitter:data1\" content=\"1 minute\" \/>\n<script type=\"application\/ld+json\" class=\"yoast-schema-graph\">{\"@context\":\"https:\\\/\\\/schema.org\",\"@graph\":[{\"@type\":\"WebPage\",\"@id\":\"https:\\\/\\\/obender.eu\\\/en\\\/toode\\\/work-light-arcas-10w-led-li-ion-battery-ip44-kopeeri\\\/\",\"url\":\"https:\\\/\\\/obender.eu\\\/en\\\/toode\\\/work-light-arcas-10w-led-li-ion-battery-ip44-kopeeri\\\/\",\"name\":\"Work light Arcas 8W LED Li-ion battery IP44 - Obender\",\"isPartOf\":{\"@id\":\"https:\\\/\\\/www.obender.eu\\\/#website\"},\"primaryImageOfPage\":{\"@id\":\"https:\\\/\\\/obender.eu\\\/en\\\/toode\\\/work-light-arcas-10w-led-li-ion-battery-ip44-kopeeri\\\/#primaryimage\"},\"image\":{\"@id\":\"https:\\\/\\\/obender.eu\\\/en\\\/toode\\\/work-light-arcas-10w-led-li-ion-battery-ip44-kopeeri\\\/#primaryimage\"},\"thumbnailUrl\":\"https:\\\/\\\/obender.eu\\\/wp-content\\\/uploads\\\/2020\\\/10\\\/30700028.jpg\",\"datePublished\":\"2020-10-09T22:45:46+00:00\",\"dateModified\":\"2026-04-19T05:00:21+00:00\",\"breadcrumb\":{\"@id\":\"https:\\\/\\\/obender.eu\\\/en\\\/toode\\\/work-light-arcas-10w-led-li-ion-battery-ip44-kopeeri\\\/#breadcrumb\"},\"inLanguage\":\"en-US\",\"potentialAction\":[{\"@type\":\"ReadAction\",\"target\":[\"https:\\\/\\\/obender.eu\\\/en\\\/toode\\\/work-light-arcas-10w-led-li-ion-battery-ip44-kopeeri\\\/\"]}]},{\"@type\":\"ImageObject\",\"inLanguage\":\"en-US\",\"@id\":\"https:\\\/\\\/obender.eu\\\/en\\\/toode\\\/work-light-arcas-10w-led-li-ion-battery-ip44-kopeeri\\\/#primaryimage\",\"url\":\"https:\\\/\\\/obender.eu\\\/wp-content\\\/uploads\\\/2020\\\/10\\\/30700028.jpg\",\"contentUrl\":\"https:\\\/\\\/obender.eu\\\/wp-content\\\/uploads\\\/2020\\\/10\\\/30700028.jpg\",\"width\":600,\"height\":601},{\"@type\":\"BreadcrumbList\",\"@id\":\"https:\\\/\\\/obender.eu\\\/en\\\/toode\\\/work-light-arcas-10w-led-li-ion-battery-ip44-kopeeri\\\/#breadcrumb\",\"itemListElement\":[{\"@type\":\"ListItem\",\"position\":1,\"name\":\"Home\",\"item\":\"https:\\\/\\\/obender.eu\\\/en\\\/\"},{\"@type\":\"ListItem\",\"position\":2,\"name\":\"Tooted\",\"item\":\"https:\\\/\\\/www.obender.eu\\\/tooted\\\/\"},{\"@type\":\"ListItem\",\"position\":3,\"name\":\"Work light Arcas 8W LED Li-ion battery IP44\"}]},{\"@type\":\"WebSite\",\"@id\":\"https:\\\/\\\/www.obender.eu\\\/#website\",\"url\":\"https:\\\/\\\/www.obender.eu\\\/\",\"name\":\"Obender\",\"description\":\"T\u00f6\u00f6stuskaupade hulgim\u00fc\u00fck\",\"potentialAction\":[{\"@type\":\"SearchAction\",\"target\":{\"@type\":\"EntryPoint\",\"urlTemplate\":\"https:\\\/\\\/www.obender.eu\\\/?s={search_term_string}\"},\"query-input\":{\"@type\":\"PropertyValueSpecification\",\"valueRequired\":true,\"valueName\":\"search_term_string\"}}],\"inLanguage\":\"en-US\"}]}<\/script>\n<!-- \/ Yoast SEO Premium plugin. -->","yoast_head_json":{"title":"Work light Arcas 8W LED Li-ion battery IP44 - Obender","robots":{"index":"index","follow":"follow","max-snippet":"max-snippet:-1","max-image-preview":"max-image-preview:large","max-video-preview":"max-video-preview:-1"},"canonical":"https:\/\/obender.eu\/en\/toode\/work-light-arcas-10w-led-li-ion-battery-ip44-kopeeri\/","og_locale":"en_US","og_type":"article","og_title":"Work light Arcas 8W LED Li-ion battery IP44","og_description":"Work light Arcas 8W LED Floodlight Li-ion battery IP44 EAN: 4260030255221 Product features high quality aluminum housing non-slip handle splash-proof","og_url":"https:\/\/obender.eu\/en\/toode\/work-light-arcas-10w-led-li-ion-battery-ip44-kopeeri\/","og_site_name":"Obender","article_modified_time":"2026-04-19T05:00:21+00:00","og_image":[{"width":600,"height":601,"url":"https:\/\/www.obender.eu\/wp-content\/uploads\/2020\/10\/30700028.jpg","type":"image\/jpeg"}],"twitter_card":"summary_large_image","twitter_misc":{"Est. reading time":"1 minute"},"schema":{"@context":"https:\/\/schema.org","@graph":[{"@type":"WebPage","@id":"https:\/\/obender.eu\/en\/toode\/work-light-arcas-10w-led-li-ion-battery-ip44-kopeeri\/","url":"https:\/\/obender.eu\/en\/toode\/work-light-arcas-10w-led-li-ion-battery-ip44-kopeeri\/","name":"Work light Arcas 8W LED Li-ion battery IP44 - Obender","isPartOf":{"@id":"https:\/\/www.obender.eu\/#website"},"primaryImageOfPage":{"@id":"https:\/\/obender.eu\/en\/toode\/work-light-arcas-10w-led-li-ion-battery-ip44-kopeeri\/#primaryimage"},"image":{"@id":"https:\/\/obender.eu\/en\/toode\/work-light-arcas-10w-led-li-ion-battery-ip44-kopeeri\/#primaryimage"},"thumbnailUrl":"https:\/\/obender.eu\/wp-content\/uploads\/2020\/10\/30700028.jpg","datePublished":"2020-10-09T22:45:46+00:00","dateModified":"2026-04-19T05:00:21+00:00","breadcrumb":{"@id":"https:\/\/obender.eu\/en\/toode\/work-light-arcas-10w-led-li-ion-battery-ip44-kopeeri\/#breadcrumb"},"inLanguage":"en-US","potentialAction":[{"@type":"ReadAction","target":["https:\/\/obender.eu\/en\/toode\/work-light-arcas-10w-led-li-ion-battery-ip44-kopeeri\/"]}]},{"@type":"ImageObject","inLanguage":"en-US","@id":"https:\/\/obender.eu\/en\/toode\/work-light-arcas-10w-led-li-ion-battery-ip44-kopeeri\/#primaryimage","url":"https:\/\/obender.eu\/wp-content\/uploads\/2020\/10\/30700028.jpg","contentUrl":"https:\/\/obender.eu\/wp-content\/uploads\/2020\/10\/30700028.jpg","width":600,"height":601},{"@type":"BreadcrumbList","@id":"https:\/\/obender.eu\/en\/toode\/work-light-arcas-10w-led-li-ion-battery-ip44-kopeeri\/#breadcrumb","itemListElement":[{"@type":"ListItem","position":1,"name":"Home","item":"https:\/\/obender.eu\/en\/"},{"@type":"ListItem","position":2,"name":"Tooted","item":"https:\/\/www.obender.eu\/tooted\/"},{"@type":"ListItem","position":3,"name":"Work light Arcas 8W LED Li-ion battery IP44"}]},{"@type":"WebSite","@id":"https:\/\/www.obender.eu\/#website","url":"https:\/\/www.obender.eu\/","name":"Obender","description":"T\u00f6\u00f6stuskaupade hulgim\u00fc\u00fck","potentialAction":[{"@type":"SearchAction","target":{"@type":"EntryPoint","urlTemplate":"https:\/\/www.obender.eu\/?s={search_term_string}"},"query-input":{"@type":"PropertyValueSpecification","valueRequired":true,"valueName":"search_term_string"}}],"inLanguage":"en-US"}]}},"_links":{"self":[{"href":"https:\/\/obender.eu\/en\/wp-json\/wp\/v2\/product\/14298","targetHints":{"allow":["GET"]}}],"collection":[{"href":"https:\/\/obender.eu\/en\/wp-json\/wp\/v2\/product"}],"about":[{"href":"https:\/\/obender.eu\/en\/wp-json\/wp\/v2\/types\/product"}],"version-history":[{"count":5,"href":"https:\/\/obender.eu\/en\/wp-json\/wp\/v2\/product\/14298\/revisions"}],"predecessor-version":[{"id":26548,"href":"https:\/\/obender.eu\/en\/wp-json\/wp\/v2\/product\/14298\/revisions\/26548"}],"wp:featuredmedia":[{"embeddable":true,"href":"https:\/\/obender.eu\/en\/wp-json\/wp\/v2\/media\/14300"}],"wp:attachment":[{"href":"https:\/\/obender.eu\/en\/wp-json\/wp\/v2\/media?parent=14298"}],"wp:term":[{"taxonomy":"product_brand","embeddable":true,"href":"https:\/\/obender.eu\/en\/wp-json\/wp\/v2\/product_brand?post=14298"},{"taxonomy":"product_cat","embeddable":true,"href":"https:\/\/obender.eu\/en\/wp-json\/wp\/v2\/product_cat?post=14298"},{"taxonomy":"product_tag","embeddable":true,"href":"https:\/\/obender.eu\/en\/wp-json\/wp\/v2\/product_tag?post=14298"}],"curies":[{"name":"wp","href":"https:\/\/api.w.org\/{rel}","templated":true}]}}