{"id":14423,"date":"2020-10-10T17:15:58","date_gmt":"2020-10-10T14:15:58","guid":{"rendered":"https:\/\/obender.eu\/?post_type=product&#038;p=14423"},"modified":"2026-04-20T08:00:20","modified_gmt":"2026-04-20T05:00:20","slug":"camelion-akulaadija-lbc-312-nimh-li-ion","status":"publish","type":"product","link":"https:\/\/obender.eu\/en\/toode\/camelion-akulaadija-lbc-312-nimh-li-ion\/","title":{"rendered":"Battery charger Camelion LBC-312 NiMH\/Li-Ion"},"content":{"rendered":"<h2>Battery charger Camelion LBC-312 NiMH\/Li-Ion<\/h2>\n<p>EAN: 4260216452994<\/p>\n<h2>Main Features<\/h2>\n<p><strong>\u2022 Supports Many Devices<\/strong>\u00a0Compatible with almost all 3,7V and 7,4V Li-Ion, 1,2V Ni-MH and Ni-Cd batteries for such devices as Digital Cameras, Camcorders, Mobile Phones, MP3 \/ MP4 Players, Game Players and more<br \/>\n<strong>\u2022 Automatic Voltage\/Polarity Selection<\/strong><br \/>\n<strong>\u2022 Safe<\/strong>\u00a0Faulty battery detection; 5 hours safety timer for Ni-MH\/Ni-Cd and 10 hours safety timer for Li-Ion<br \/>\n<strong>\u2022 Convenient Design<\/strong><br \/>\n<strong>\u2022 USB Output Port<\/strong>\u00a0for iPhone, iPod, Android Smartphone, MP3 \/ MP4 Players, GPS devices and more<\/p>\n<h2>Specifications<\/h2>\n<table class=\"contenttable\" summary=\"\">\n<thead>\n<tr>\n<th scope=\"col\">Charger<\/th>\n<th scope=\"col\">Charging Current<\/th>\n<\/tr>\n<\/thead>\n<tbody>\n<tr>\n<td><em>Input:<\/em><br \/>\n100-240V ~\u00a050\/60 Hz<br \/>\nMax. 12W<\/td>\n<td><em>Li-Ion batteries:<\/em><br \/>\n3,6\/3,7V 0,8A (Max)<br \/>\n7,2\/7,4V 0,6A (Max )<em>Ni-MH\/Ni-Cd batteries:<\/em><br \/>\n2 x DC 1,4V, 0,7A (Max)<em>USB output:<\/em><br \/>\nDC 5V, 0,5A<\/td>\n<\/tr>\n<\/tbody>\n<\/table>\n<h2>Charging Times<\/h2>\n<table class=\"contenttable\" summary=\"\">\n<thead>\n<tr>\n<th colspan=\"1\" rowspan=\"2\" scope=\"col\">Type of Battery<\/th>\n<th colspan=\"2\" rowspan=\"1\" scope=\"col\">Charging Times (appr.)<\/th>\n<\/tr>\n<\/thead>\n<tbody>\n<tr>\n<td rowspan=\"1\">AA Ni-MH 2700mAh<\/td>\n<td rowspan=\"1\">4,5 Hours<\/td>\n<\/tr>\n<tr>\n<td rowspan=\"1\">AA Ni-MH 2000mAh<\/td>\n<td rowspan=\"1\">4\u00a0Hours<\/td>\n<\/tr>\n<tr>\n<td rowspan=\"1\">AA Ni-MH 1500mAh<\/td>\n<td rowspan=\"1\">2,5 Hours<\/td>\n<\/tr>\n<tr>\n<td>AAA\u00a0Ni-MH 800mAh<\/td>\n<td>90 Minutes<\/td>\n<\/tr>\n<\/tbody>\n<\/table>\n","protected":false},"excerpt":{"rendered":"<p>Battery charger Camelion LBC-312 NiMH\/Li-Ion EAN: 4260216452994 Main Features \u2022 Supports Many Devices\u00a0Compatible with almost all 3,7V and 7,4V Li-Ion,<\/p>\n","protected":false},"featured_media":14425,"template":"","meta":[],"product_brand":[],"product_cat":[268,408,266],"product_tag":[1088,631,493,481,638],"class_list":{"0":"post-14423","1":"product","2":"type-product","3":"status-publish","4":"has-post-thumbnail","6":"product_cat-li-ion-batteries-chargers","7":"product_cat-nimh-chargers","8":"product_cat-batteries-chargers","9":"product_tag-battery-charger","10":"product_tag-camelion-en","11":"product_tag-charger","12":"product_tag-li-ion-en","13":"product_tag-nimh-en","15":"first","16":"instock","17":"taxable","18":"shipping-taxable","19":"purchasable","20":"product-type-simple"},"yoast_head":"<!-- This site is optimized with the Yoast SEO Premium plugin v20.0 (Yoast SEO v27.4) - https:\/\/yoast.com\/product\/yoast-seo-premium-wordpress\/ -->\n<title>Battery charger Camelion LBC-312 NiMH\/Li-Ion - Obender<\/title>\n<meta name=\"robots\" content=\"index, follow, max-snippet:-1, max-image-preview:large, max-video-preview:-1\" \/>\n<link rel=\"canonical\" href=\"https:\/\/obender.eu\/en\/toode\/camelion-akulaadija-lbc-312-nimh-li-ion\/\" \/>\n<meta property=\"og:locale\" content=\"en_US\" \/>\n<meta property=\"og:type\" content=\"article\" \/>\n<meta property=\"og:title\" content=\"Battery charger Camelion LBC-312 NiMH\/Li-Ion\" \/>\n<meta property=\"og:description\" content=\"Battery charger Camelion LBC-312 NiMH\/Li-Ion EAN: 4260216452994 Main Features \u2022 Supports Many Devices\u00a0Compatible with almost all 3,7V and 7,4V Li-Ion,\" \/>\n<meta property=\"og:url\" content=\"https:\/\/obender.eu\/en\/toode\/camelion-akulaadija-lbc-312-nimh-li-ion\/\" \/>\n<meta property=\"og:site_name\" content=\"Obender\" \/>\n<meta property=\"article:modified_time\" content=\"2026-04-20T05:00:20+00:00\" \/>\n<meta property=\"og:image\" content=\"https:\/\/obender.eu\/wp-content\/uploads\/2020\/10\/20000312.jpg\" \/>\n\t<meta property=\"og:image:width\" content=\"450\" \/>\n\t<meta property=\"og:image:height\" content=\"450\" \/>\n\t<meta property=\"og:image:type\" content=\"image\/jpeg\" \/>\n<meta name=\"twitter:card\" content=\"summary_large_image\" \/>\n<meta name=\"twitter:label1\" content=\"Est. reading time\" \/>\n\t<meta name=\"twitter:data1\" content=\"1 minute\" \/>\n<script type=\"application\/ld+json\" class=\"yoast-schema-graph\">{\"@context\":\"https:\\\/\\\/schema.org\",\"@graph\":[{\"@type\":\"WebPage\",\"@id\":\"https:\\\/\\\/obender.eu\\\/en\\\/toode\\\/camelion-akulaadija-lbc-312-nimh-li-ion\\\/\",\"url\":\"https:\\\/\\\/obender.eu\\\/en\\\/toode\\\/camelion-akulaadija-lbc-312-nimh-li-ion\\\/\",\"name\":\"Battery charger Camelion LBC-312 NiMH\\\/Li-Ion - Obender\",\"isPartOf\":{\"@id\":\"https:\\\/\\\/www.obender.eu\\\/#website\"},\"primaryImageOfPage\":{\"@id\":\"https:\\\/\\\/obender.eu\\\/en\\\/toode\\\/camelion-akulaadija-lbc-312-nimh-li-ion\\\/#primaryimage\"},\"image\":{\"@id\":\"https:\\\/\\\/obender.eu\\\/en\\\/toode\\\/camelion-akulaadija-lbc-312-nimh-li-ion\\\/#primaryimage\"},\"thumbnailUrl\":\"https:\\\/\\\/obender.eu\\\/wp-content\\\/uploads\\\/2020\\\/10\\\/20000312.jpg\",\"datePublished\":\"2020-10-10T14:15:58+00:00\",\"dateModified\":\"2026-04-20T05:00:20+00:00\",\"breadcrumb\":{\"@id\":\"https:\\\/\\\/obender.eu\\\/en\\\/toode\\\/camelion-akulaadija-lbc-312-nimh-li-ion\\\/#breadcrumb\"},\"inLanguage\":\"en-US\",\"potentialAction\":[{\"@type\":\"ReadAction\",\"target\":[\"https:\\\/\\\/obender.eu\\\/en\\\/toode\\\/camelion-akulaadija-lbc-312-nimh-li-ion\\\/\"]}]},{\"@type\":\"ImageObject\",\"inLanguage\":\"en-US\",\"@id\":\"https:\\\/\\\/obender.eu\\\/en\\\/toode\\\/camelion-akulaadija-lbc-312-nimh-li-ion\\\/#primaryimage\",\"url\":\"https:\\\/\\\/obender.eu\\\/wp-content\\\/uploads\\\/2020\\\/10\\\/20000312.jpg\",\"contentUrl\":\"https:\\\/\\\/obender.eu\\\/wp-content\\\/uploads\\\/2020\\\/10\\\/20000312.jpg\",\"width\":450,\"height\":450},{\"@type\":\"BreadcrumbList\",\"@id\":\"https:\\\/\\\/obender.eu\\\/en\\\/toode\\\/camelion-akulaadija-lbc-312-nimh-li-ion\\\/#breadcrumb\",\"itemListElement\":[{\"@type\":\"ListItem\",\"position\":1,\"name\":\"Home\",\"item\":\"https:\\\/\\\/obender.eu\\\/en\\\/\"},{\"@type\":\"ListItem\",\"position\":2,\"name\":\"Tooted\",\"item\":\"https:\\\/\\\/www.obender.eu\\\/tooted\\\/\"},{\"@type\":\"ListItem\",\"position\":3,\"name\":\"Battery charger Camelion LBC-312 NiMH\\\/Li-Ion\"}]},{\"@type\":\"WebSite\",\"@id\":\"https:\\\/\\\/www.obender.eu\\\/#website\",\"url\":\"https:\\\/\\\/www.obender.eu\\\/\",\"name\":\"Obender\",\"description\":\"T\u00f6\u00f6stuskaupade hulgim\u00fc\u00fck\",\"potentialAction\":[{\"@type\":\"SearchAction\",\"target\":{\"@type\":\"EntryPoint\",\"urlTemplate\":\"https:\\\/\\\/www.obender.eu\\\/?s={search_term_string}\"},\"query-input\":{\"@type\":\"PropertyValueSpecification\",\"valueRequired\":true,\"valueName\":\"search_term_string\"}}],\"inLanguage\":\"en-US\"}]}<\/script>\n<!-- \/ Yoast SEO Premium plugin. -->","yoast_head_json":{"title":"Battery charger Camelion LBC-312 NiMH\/Li-Ion - Obender","robots":{"index":"index","follow":"follow","max-snippet":"max-snippet:-1","max-image-preview":"max-image-preview:large","max-video-preview":"max-video-preview:-1"},"canonical":"https:\/\/obender.eu\/en\/toode\/camelion-akulaadija-lbc-312-nimh-li-ion\/","og_locale":"en_US","og_type":"article","og_title":"Battery charger Camelion LBC-312 NiMH\/Li-Ion","og_description":"Battery charger Camelion LBC-312 NiMH\/Li-Ion EAN: 4260216452994 Main Features \u2022 Supports Many Devices\u00a0Compatible with almost all 3,7V and 7,4V Li-Ion,","og_url":"https:\/\/obender.eu\/en\/toode\/camelion-akulaadija-lbc-312-nimh-li-ion\/","og_site_name":"Obender","article_modified_time":"2026-04-20T05:00:20+00:00","og_image":[{"width":450,"height":450,"url":"https:\/\/obender.eu\/wp-content\/uploads\/2020\/10\/20000312.jpg","type":"image\/jpeg"}],"twitter_card":"summary_large_image","twitter_misc":{"Est. reading time":"1 minute"},"schema":{"@context":"https:\/\/schema.org","@graph":[{"@type":"WebPage","@id":"https:\/\/obender.eu\/en\/toode\/camelion-akulaadija-lbc-312-nimh-li-ion\/","url":"https:\/\/obender.eu\/en\/toode\/camelion-akulaadija-lbc-312-nimh-li-ion\/","name":"Battery charger Camelion LBC-312 NiMH\/Li-Ion - Obender","isPartOf":{"@id":"https:\/\/www.obender.eu\/#website"},"primaryImageOfPage":{"@id":"https:\/\/obender.eu\/en\/toode\/camelion-akulaadija-lbc-312-nimh-li-ion\/#primaryimage"},"image":{"@id":"https:\/\/obender.eu\/en\/toode\/camelion-akulaadija-lbc-312-nimh-li-ion\/#primaryimage"},"thumbnailUrl":"https:\/\/obender.eu\/wp-content\/uploads\/2020\/10\/20000312.jpg","datePublished":"2020-10-10T14:15:58+00:00","dateModified":"2026-04-20T05:00:20+00:00","breadcrumb":{"@id":"https:\/\/obender.eu\/en\/toode\/camelion-akulaadija-lbc-312-nimh-li-ion\/#breadcrumb"},"inLanguage":"en-US","potentialAction":[{"@type":"ReadAction","target":["https:\/\/obender.eu\/en\/toode\/camelion-akulaadija-lbc-312-nimh-li-ion\/"]}]},{"@type":"ImageObject","inLanguage":"en-US","@id":"https:\/\/obender.eu\/en\/toode\/camelion-akulaadija-lbc-312-nimh-li-ion\/#primaryimage","url":"https:\/\/obender.eu\/wp-content\/uploads\/2020\/10\/20000312.jpg","contentUrl":"https:\/\/obender.eu\/wp-content\/uploads\/2020\/10\/20000312.jpg","width":450,"height":450},{"@type":"BreadcrumbList","@id":"https:\/\/obender.eu\/en\/toode\/camelion-akulaadija-lbc-312-nimh-li-ion\/#breadcrumb","itemListElement":[{"@type":"ListItem","position":1,"name":"Home","item":"https:\/\/obender.eu\/en\/"},{"@type":"ListItem","position":2,"name":"Tooted","item":"https:\/\/www.obender.eu\/tooted\/"},{"@type":"ListItem","position":3,"name":"Battery charger Camelion LBC-312 NiMH\/Li-Ion"}]},{"@type":"WebSite","@id":"https:\/\/www.obender.eu\/#website","url":"https:\/\/www.obender.eu\/","name":"Obender","description":"T\u00f6\u00f6stuskaupade hulgim\u00fc\u00fck","potentialAction":[{"@type":"SearchAction","target":{"@type":"EntryPoint","urlTemplate":"https:\/\/www.obender.eu\/?s={search_term_string}"},"query-input":{"@type":"PropertyValueSpecification","valueRequired":true,"valueName":"search_term_string"}}],"inLanguage":"en-US"}]}},"_links":{"self":[{"href":"https:\/\/obender.eu\/en\/wp-json\/wp\/v2\/product\/14423","targetHints":{"allow":["GET"]}}],"collection":[{"href":"https:\/\/obender.eu\/en\/wp-json\/wp\/v2\/product"}],"about":[{"href":"https:\/\/obender.eu\/en\/wp-json\/wp\/v2\/types\/product"}],"version-history":[{"count":5,"href":"https:\/\/obender.eu\/en\/wp-json\/wp\/v2\/product\/14423\/revisions"}],"predecessor-version":[{"id":24347,"href":"https:\/\/obender.eu\/en\/wp-json\/wp\/v2\/product\/14423\/revisions\/24347"}],"wp:featuredmedia":[{"embeddable":true,"href":"https:\/\/obender.eu\/en\/wp-json\/wp\/v2\/media\/14425"}],"wp:attachment":[{"href":"https:\/\/obender.eu\/en\/wp-json\/wp\/v2\/media?parent=14423"}],"wp:term":[{"taxonomy":"product_brand","embeddable":true,"href":"https:\/\/obender.eu\/en\/wp-json\/wp\/v2\/product_brand?post=14423"},{"taxonomy":"product_cat","embeddable":true,"href":"https:\/\/obender.eu\/en\/wp-json\/wp\/v2\/product_cat?post=14423"},{"taxonomy":"product_tag","embeddable":true,"href":"https:\/\/obender.eu\/en\/wp-json\/wp\/v2\/product_tag?post=14423"}],"curies":[{"name":"wp","href":"https:\/\/api.w.org\/{rel}","templated":true}]}}