{"id":14460,"date":"2020-10-10T22:45:33","date_gmt":"2020-10-10T19:45:33","guid":{"rendered":"https:\/\/obender.eu\/?post_type=product&#038;p=14460"},"modified":"2026-04-20T10:00:21","modified_gmt":"2026-04-20T07:00:21","slug":"camelion-akulaadija-bc-0908-aa-aaa-4xaa-2100mah-akud","status":"publish","type":"product","link":"https:\/\/obender.eu\/en\/toode\/camelion-akulaadija-bc-0908-aa-aaa-4xaa-2100mah-akud\/","title":{"rendered":"Battery charger Camelion BC-0908 with NiMH batteries"},"content":{"rendered":"<p>Battery charger Camelion BC-0908<\/p>\n<p>4x AA 2300mAh Always Ready precharged batteries included<\/p>\n<p>EAN: 4260033159465<\/p>\n<h3>Main Features<\/h3>\n<p>\u2022 Charges up to 4 AA\/AAA Ni-MH Batteries<br \/>\n\u2022 Multi-band LCD-Monitor (for easy to read status of the charger)<br \/>\n\u2022 4 Independent Charging Channels<br \/>\n\u2022 Reverse Polarity Protection<br \/>\n\u2022 Micro Control Unit (MCU)\u00a0(\u25b3V &#8211; Cut-Off)<br \/>\n\u2022 Over Current Protection<br \/>\n\u2022 Short Circuit Protection<br \/>\n\u2022 Timer Control\u00a0(1 &#8211; 2 batteries 6 hours), (3 batteries 9 hours), (4 batteries 12 hours)<\/p>\n<h2>Specifications<\/h2>\n<table class=\"contenttable\" summary=\"\">\n<tbody>\n<tr>\n<td><strong>Input<\/strong><\/td>\n<td colspan=\"2\" rowspan=\"1\" scope=\"\">100 -240V ~ 50\/60 Hz 5W<\/td>\n<\/tr>\n<tr>\n<td colspan=\"1\" rowspan=\"3\"><strong>Output<\/strong><\/td>\n<td colspan=\"2\" rowspan=\"1\">DC 1,4V<\/td>\n<\/tr>\n<tr>\n<td>AA<\/td>\n<td>400 mA (1~2 pcs); 260 mA (3 pcs); 200 mA (4 pcs)<\/td>\n<\/tr>\n<tr>\n<td rowspan=\"1\">AAA<\/td>\n<td>200 mA (1~2 pcs); 130 mA (3 pcs); 100 mA (4 pcs)<\/td>\n<\/tr>\n<\/tbody>\n<\/table>\n<p>&nbsp;<\/p>\n","protected":false},"excerpt":{"rendered":"<p>Battery charger Camelion BC-0908 4x AA 2300mAh Always Ready precharged batteries included EAN: 4260033159465 Main Features \u2022 Charges up to<\/p>\n","protected":false},"featured_media":14462,"template":"","meta":[],"product_brand":[],"product_cat":[408,266],"product_tag":[1088,631,493,637,638],"class_list":{"0":"post-14460","1":"product","2":"type-product","3":"status-publish","4":"has-post-thumbnail","6":"product_cat-nimh-chargers","7":"product_cat-batteries-chargers","8":"product_tag-battery-charger","9":"product_tag-camelion-en","10":"product_tag-charger","11":"product_tag-laadija-en","12":"product_tag-nimh-en","14":"first","15":"instock","16":"taxable","17":"shipping-taxable","18":"purchasable","19":"product-type-simple"},"yoast_head":"<!-- This site is optimized with the Yoast SEO Premium plugin v20.0 (Yoast SEO v27.4) - https:\/\/yoast.com\/product\/yoast-seo-premium-wordpress\/ -->\n<title>Battery charger Camelion BC-0908 with NiMH batteries - Obender<\/title>\n<meta name=\"robots\" content=\"index, follow, max-snippet:-1, max-image-preview:large, max-video-preview:-1\" \/>\n<link rel=\"canonical\" href=\"https:\/\/obender.eu\/en\/toode\/camelion-akulaadija-bc-0908-aa-aaa-4xaa-2100mah-akud\/\" \/>\n<meta property=\"og:locale\" content=\"en_US\" \/>\n<meta property=\"og:type\" content=\"article\" \/>\n<meta property=\"og:title\" content=\"Battery charger Camelion BC-0908 with NiMH batteries\" \/>\n<meta property=\"og:description\" content=\"Battery charger Camelion BC-0908 4x AA 2300mAh Always Ready precharged batteries included EAN: 4260033159465 Main Features \u2022 Charges up to\" \/>\n<meta property=\"og:url\" content=\"https:\/\/obender.eu\/en\/toode\/camelion-akulaadija-bc-0908-aa-aaa-4xaa-2100mah-akud\/\" \/>\n<meta property=\"og:site_name\" content=\"Obender\" \/>\n<meta property=\"article:modified_time\" content=\"2026-04-20T07:00:21+00:00\" \/>\n<meta property=\"og:image\" content=\"https:\/\/obender.eu\/wp-content\/uploads\/2020\/10\/20100908-1.jpg\" \/>\n\t<meta property=\"og:image:width\" content=\"530\" \/>\n\t<meta property=\"og:image:height\" content=\"530\" \/>\n\t<meta property=\"og:image:type\" content=\"image\/jpeg\" \/>\n<meta name=\"twitter:card\" content=\"summary_large_image\" \/>\n<meta name=\"twitter:label1\" content=\"Est. reading time\" \/>\n\t<meta name=\"twitter:data1\" content=\"1 minute\" \/>\n<script type=\"application\/ld+json\" class=\"yoast-schema-graph\">{\"@context\":\"https:\\\/\\\/schema.org\",\"@graph\":[{\"@type\":\"WebPage\",\"@id\":\"https:\\\/\\\/obender.eu\\\/en\\\/toode\\\/camelion-akulaadija-bc-0908-aa-aaa-4xaa-2100mah-akud\\\/\",\"url\":\"https:\\\/\\\/obender.eu\\\/en\\\/toode\\\/camelion-akulaadija-bc-0908-aa-aaa-4xaa-2100mah-akud\\\/\",\"name\":\"Battery charger Camelion BC-0908 with NiMH batteries - Obender\",\"isPartOf\":{\"@id\":\"https:\\\/\\\/www.obender.eu\\\/#website\"},\"primaryImageOfPage\":{\"@id\":\"https:\\\/\\\/obender.eu\\\/en\\\/toode\\\/camelion-akulaadija-bc-0908-aa-aaa-4xaa-2100mah-akud\\\/#primaryimage\"},\"image\":{\"@id\":\"https:\\\/\\\/obender.eu\\\/en\\\/toode\\\/camelion-akulaadija-bc-0908-aa-aaa-4xaa-2100mah-akud\\\/#primaryimage\"},\"thumbnailUrl\":\"https:\\\/\\\/obender.eu\\\/wp-content\\\/uploads\\\/2020\\\/10\\\/20100908-1.jpg\",\"datePublished\":\"2020-10-10T19:45:33+00:00\",\"dateModified\":\"2026-04-20T07:00:21+00:00\",\"breadcrumb\":{\"@id\":\"https:\\\/\\\/obender.eu\\\/en\\\/toode\\\/camelion-akulaadija-bc-0908-aa-aaa-4xaa-2100mah-akud\\\/#breadcrumb\"},\"inLanguage\":\"en-US\",\"potentialAction\":[{\"@type\":\"ReadAction\",\"target\":[\"https:\\\/\\\/obender.eu\\\/en\\\/toode\\\/camelion-akulaadija-bc-0908-aa-aaa-4xaa-2100mah-akud\\\/\"]}]},{\"@type\":\"ImageObject\",\"inLanguage\":\"en-US\",\"@id\":\"https:\\\/\\\/obender.eu\\\/en\\\/toode\\\/camelion-akulaadija-bc-0908-aa-aaa-4xaa-2100mah-akud\\\/#primaryimage\",\"url\":\"https:\\\/\\\/obender.eu\\\/wp-content\\\/uploads\\\/2020\\\/10\\\/20100908-1.jpg\",\"contentUrl\":\"https:\\\/\\\/obender.eu\\\/wp-content\\\/uploads\\\/2020\\\/10\\\/20100908-1.jpg\",\"width\":530,\"height\":530},{\"@type\":\"BreadcrumbList\",\"@id\":\"https:\\\/\\\/obender.eu\\\/en\\\/toode\\\/camelion-akulaadija-bc-0908-aa-aaa-4xaa-2100mah-akud\\\/#breadcrumb\",\"itemListElement\":[{\"@type\":\"ListItem\",\"position\":1,\"name\":\"Home\",\"item\":\"https:\\\/\\\/obender.eu\\\/en\\\/\"},{\"@type\":\"ListItem\",\"position\":2,\"name\":\"Tooted\",\"item\":\"https:\\\/\\\/www.obender.eu\\\/tooted\\\/\"},{\"@type\":\"ListItem\",\"position\":3,\"name\":\"Battery charger Camelion BC-0908 with NiMH batteries\"}]},{\"@type\":\"WebSite\",\"@id\":\"https:\\\/\\\/www.obender.eu\\\/#website\",\"url\":\"https:\\\/\\\/www.obender.eu\\\/\",\"name\":\"Obender\",\"description\":\"T\u00f6\u00f6stuskaupade hulgim\u00fc\u00fck\",\"potentialAction\":[{\"@type\":\"SearchAction\",\"target\":{\"@type\":\"EntryPoint\",\"urlTemplate\":\"https:\\\/\\\/www.obender.eu\\\/?s={search_term_string}\"},\"query-input\":{\"@type\":\"PropertyValueSpecification\",\"valueRequired\":true,\"valueName\":\"search_term_string\"}}],\"inLanguage\":\"en-US\"}]}<\/script>\n<!-- \/ Yoast SEO Premium plugin. -->","yoast_head_json":{"title":"Battery charger Camelion BC-0908 with NiMH batteries - Obender","robots":{"index":"index","follow":"follow","max-snippet":"max-snippet:-1","max-image-preview":"max-image-preview:large","max-video-preview":"max-video-preview:-1"},"canonical":"https:\/\/obender.eu\/en\/toode\/camelion-akulaadija-bc-0908-aa-aaa-4xaa-2100mah-akud\/","og_locale":"en_US","og_type":"article","og_title":"Battery charger Camelion BC-0908 with NiMH batteries","og_description":"Battery charger Camelion BC-0908 4x AA 2300mAh Always Ready precharged batteries included EAN: 4260033159465 Main Features \u2022 Charges up to","og_url":"https:\/\/obender.eu\/en\/toode\/camelion-akulaadija-bc-0908-aa-aaa-4xaa-2100mah-akud\/","og_site_name":"Obender","article_modified_time":"2026-04-20T07:00:21+00:00","og_image":[{"width":530,"height":530,"url":"https:\/\/obender.eu\/wp-content\/uploads\/2020\/10\/20100908-1.jpg","type":"image\/jpeg"}],"twitter_card":"summary_large_image","twitter_misc":{"Est. reading time":"1 minute"},"schema":{"@context":"https:\/\/schema.org","@graph":[{"@type":"WebPage","@id":"https:\/\/obender.eu\/en\/toode\/camelion-akulaadija-bc-0908-aa-aaa-4xaa-2100mah-akud\/","url":"https:\/\/obender.eu\/en\/toode\/camelion-akulaadija-bc-0908-aa-aaa-4xaa-2100mah-akud\/","name":"Battery charger Camelion BC-0908 with NiMH batteries - Obender","isPartOf":{"@id":"https:\/\/www.obender.eu\/#website"},"primaryImageOfPage":{"@id":"https:\/\/obender.eu\/en\/toode\/camelion-akulaadija-bc-0908-aa-aaa-4xaa-2100mah-akud\/#primaryimage"},"image":{"@id":"https:\/\/obender.eu\/en\/toode\/camelion-akulaadija-bc-0908-aa-aaa-4xaa-2100mah-akud\/#primaryimage"},"thumbnailUrl":"https:\/\/obender.eu\/wp-content\/uploads\/2020\/10\/20100908-1.jpg","datePublished":"2020-10-10T19:45:33+00:00","dateModified":"2026-04-20T07:00:21+00:00","breadcrumb":{"@id":"https:\/\/obender.eu\/en\/toode\/camelion-akulaadija-bc-0908-aa-aaa-4xaa-2100mah-akud\/#breadcrumb"},"inLanguage":"en-US","potentialAction":[{"@type":"ReadAction","target":["https:\/\/obender.eu\/en\/toode\/camelion-akulaadija-bc-0908-aa-aaa-4xaa-2100mah-akud\/"]}]},{"@type":"ImageObject","inLanguage":"en-US","@id":"https:\/\/obender.eu\/en\/toode\/camelion-akulaadija-bc-0908-aa-aaa-4xaa-2100mah-akud\/#primaryimage","url":"https:\/\/obender.eu\/wp-content\/uploads\/2020\/10\/20100908-1.jpg","contentUrl":"https:\/\/obender.eu\/wp-content\/uploads\/2020\/10\/20100908-1.jpg","width":530,"height":530},{"@type":"BreadcrumbList","@id":"https:\/\/obender.eu\/en\/toode\/camelion-akulaadija-bc-0908-aa-aaa-4xaa-2100mah-akud\/#breadcrumb","itemListElement":[{"@type":"ListItem","position":1,"name":"Home","item":"https:\/\/obender.eu\/en\/"},{"@type":"ListItem","position":2,"name":"Tooted","item":"https:\/\/www.obender.eu\/tooted\/"},{"@type":"ListItem","position":3,"name":"Battery charger Camelion BC-0908 with NiMH batteries"}]},{"@type":"WebSite","@id":"https:\/\/www.obender.eu\/#website","url":"https:\/\/www.obender.eu\/","name":"Obender","description":"T\u00f6\u00f6stuskaupade hulgim\u00fc\u00fck","potentialAction":[{"@type":"SearchAction","target":{"@type":"EntryPoint","urlTemplate":"https:\/\/www.obender.eu\/?s={search_term_string}"},"query-input":{"@type":"PropertyValueSpecification","valueRequired":true,"valueName":"search_term_string"}}],"inLanguage":"en-US"}]}},"_links":{"self":[{"href":"https:\/\/obender.eu\/en\/wp-json\/wp\/v2\/product\/14460","targetHints":{"allow":["GET"]}}],"collection":[{"href":"https:\/\/obender.eu\/en\/wp-json\/wp\/v2\/product"}],"about":[{"href":"https:\/\/obender.eu\/en\/wp-json\/wp\/v2\/types\/product"}],"version-history":[{"count":3,"href":"https:\/\/obender.eu\/en\/wp-json\/wp\/v2\/product\/14460\/revisions"}],"predecessor-version":[{"id":24340,"href":"https:\/\/obender.eu\/en\/wp-json\/wp\/v2\/product\/14460\/revisions\/24340"}],"wp:featuredmedia":[{"embeddable":true,"href":"https:\/\/obender.eu\/en\/wp-json\/wp\/v2\/media\/14462"}],"wp:attachment":[{"href":"https:\/\/obender.eu\/en\/wp-json\/wp\/v2\/media?parent=14460"}],"wp:term":[{"taxonomy":"product_brand","embeddable":true,"href":"https:\/\/obender.eu\/en\/wp-json\/wp\/v2\/product_brand?post=14460"},{"taxonomy":"product_cat","embeddable":true,"href":"https:\/\/obender.eu\/en\/wp-json\/wp\/v2\/product_cat?post=14460"},{"taxonomy":"product_tag","embeddable":true,"href":"https:\/\/obender.eu\/en\/wp-json\/wp\/v2\/product_tag?post=14460"}],"curies":[{"name":"wp","href":"https:\/\/api.w.org\/{rel}","templated":true}]}}