{"id":14645,"date":"2020-10-11T01:17:25","date_gmt":"2020-10-10T22:17:25","guid":{"rendered":"https:\/\/obender.eu\/?post_type=product&#038;p=14645"},"modified":"2026-04-20T03:00:38","modified_gmt":"2026-04-20T00:00:38","slug":"flashlight-entac-8w-led-zoom-alu-ip68-kopeeri__trashed","status":"publish","type":"product","link":"https:\/\/obender.eu\/en\/toode\/flashlight-entac-8w-led-zoom-alu-ip68-kopeeri__trashed\/","title":{"rendered":"Work light Entac 3W LED+1W COB IP20 Li-ion"},"content":{"rendered":"<p>Work light Entac<\/p>\n<p>3W LED 250lm +1W COB IP20 Li-ion 18650 battery<\/p>\n<p>USB cable included<\/p>\n<p>Magnet+hook<\/p>\n<p>EAN: 5999097977768 old EWL-1W-COB-R<\/p>\n<p>EAN: 5999097994321 new EWL-1W-XPE-R<\/p>\n","protected":false},"excerpt":{"rendered":"<p>Work light Entac 3W LED 250lm +1W COB IP20 Li-ion 18650 battery USB cable included Magnet+hook EAN: 5999097977768 old EWL-1W-COB-R<\/p>\n","protected":false},"featured_media":14647,"template":"","meta":[],"product_brand":[],"product_cat":[373,307,335,308],"product_tag":[603,783,1026],"class_list":{"0":"post-14645","1":"product","2":"type-product","3":"status-publish","4":"has-post-thumbnail","6":"product_cat-tooriistad-ja-ehitus","7":"product_cat-flashlights","8":"product_cat-sports-and-leisure","9":"product_cat-industrial-luminaires","10":"product_tag-entac-en","11":"product_tag-toolamp-en","12":"product_tag-work-light-en","14":"first","15":"instock","16":"taxable","17":"shipping-taxable","18":"purchasable","19":"product-type-simple"},"yoast_head":"<!-- This site is optimized with the Yoast SEO Premium plugin v20.0 (Yoast SEO v27.4) - https:\/\/yoast.com\/product\/yoast-seo-premium-wordpress\/ -->\n<title>Work light Entac 3W LED+1W COB IP20 Li-ion - Obender<\/title>\n<meta name=\"robots\" content=\"index, follow, max-snippet:-1, max-image-preview:large, max-video-preview:-1\" \/>\n<link rel=\"canonical\" href=\"https:\/\/obender.eu\/en\/toode\/flashlight-entac-8w-led-zoom-alu-ip68-kopeeri__trashed\/\" \/>\n<meta property=\"og:locale\" content=\"en_US\" \/>\n<meta property=\"og:type\" content=\"article\" \/>\n<meta property=\"og:title\" content=\"Work light Entac 3W LED+1W COB IP20 Li-ion\" \/>\n<meta property=\"og:description\" content=\"Work light Entac 3W LED 250lm +1W COB IP20 Li-ion 18650 battery USB cable included Magnet+hook EAN: 5999097977768 old EWL-1W-COB-R\" \/>\n<meta property=\"og:url\" content=\"https:\/\/obender.eu\/en\/toode\/flashlight-entac-8w-led-zoom-alu-ip68-kopeeri__trashed\/\" \/>\n<meta property=\"og:site_name\" content=\"Obender\" \/>\n<meta property=\"article:modified_time\" content=\"2026-04-20T00:00:38+00:00\" \/>\n<meta property=\"og:image\" content=\"https:\/\/obender.eu\/wp-content\/uploads\/2020\/10\/5999097977768.jpg\" \/>\n\t<meta property=\"og:image:width\" content=\"500\" \/>\n\t<meta property=\"og:image:height\" content=\"500\" \/>\n\t<meta property=\"og:image:type\" content=\"image\/jpeg\" \/>\n<meta name=\"twitter:card\" content=\"summary_large_image\" \/>\n<meta name=\"twitter:label1\" content=\"Est. reading time\" \/>\n\t<meta name=\"twitter:data1\" content=\"1 minute\" \/>\n<script type=\"application\/ld+json\" class=\"yoast-schema-graph\">{\"@context\":\"https:\\\/\\\/schema.org\",\"@graph\":[{\"@type\":\"WebPage\",\"@id\":\"https:\\\/\\\/obender.eu\\\/en\\\/toode\\\/flashlight-entac-8w-led-zoom-alu-ip68-kopeeri__trashed\\\/\",\"url\":\"https:\\\/\\\/obender.eu\\\/en\\\/toode\\\/flashlight-entac-8w-led-zoom-alu-ip68-kopeeri__trashed\\\/\",\"name\":\"Work light Entac 3W LED+1W COB IP20 Li-ion - Obender\",\"isPartOf\":{\"@id\":\"https:\\\/\\\/www.obender.eu\\\/#website\"},\"primaryImageOfPage\":{\"@id\":\"https:\\\/\\\/obender.eu\\\/en\\\/toode\\\/flashlight-entac-8w-led-zoom-alu-ip68-kopeeri__trashed\\\/#primaryimage\"},\"image\":{\"@id\":\"https:\\\/\\\/obender.eu\\\/en\\\/toode\\\/flashlight-entac-8w-led-zoom-alu-ip68-kopeeri__trashed\\\/#primaryimage\"},\"thumbnailUrl\":\"https:\\\/\\\/obender.eu\\\/wp-content\\\/uploads\\\/2020\\\/10\\\/5999097977768.jpg\",\"datePublished\":\"2020-10-10T22:17:25+00:00\",\"dateModified\":\"2026-04-20T00:00:38+00:00\",\"breadcrumb\":{\"@id\":\"https:\\\/\\\/obender.eu\\\/en\\\/toode\\\/flashlight-entac-8w-led-zoom-alu-ip68-kopeeri__trashed\\\/#breadcrumb\"},\"inLanguage\":\"en-US\",\"potentialAction\":[{\"@type\":\"ReadAction\",\"target\":[\"https:\\\/\\\/obender.eu\\\/en\\\/toode\\\/flashlight-entac-8w-led-zoom-alu-ip68-kopeeri__trashed\\\/\"]}]},{\"@type\":\"ImageObject\",\"inLanguage\":\"en-US\",\"@id\":\"https:\\\/\\\/obender.eu\\\/en\\\/toode\\\/flashlight-entac-8w-led-zoom-alu-ip68-kopeeri__trashed\\\/#primaryimage\",\"url\":\"https:\\\/\\\/obender.eu\\\/wp-content\\\/uploads\\\/2020\\\/10\\\/5999097977768.jpg\",\"contentUrl\":\"https:\\\/\\\/obender.eu\\\/wp-content\\\/uploads\\\/2020\\\/10\\\/5999097977768.jpg\",\"width\":500,\"height\":500},{\"@type\":\"BreadcrumbList\",\"@id\":\"https:\\\/\\\/obender.eu\\\/en\\\/toode\\\/flashlight-entac-8w-led-zoom-alu-ip68-kopeeri__trashed\\\/#breadcrumb\",\"itemListElement\":[{\"@type\":\"ListItem\",\"position\":1,\"name\":\"Home\",\"item\":\"https:\\\/\\\/obender.eu\\\/en\\\/\"},{\"@type\":\"ListItem\",\"position\":2,\"name\":\"Tooted\",\"item\":\"https:\\\/\\\/www.obender.eu\\\/tooted\\\/\"},{\"@type\":\"ListItem\",\"position\":3,\"name\":\"Work light Entac 3W LED+1W COB IP20 Li-ion\"}]},{\"@type\":\"WebSite\",\"@id\":\"https:\\\/\\\/www.obender.eu\\\/#website\",\"url\":\"https:\\\/\\\/www.obender.eu\\\/\",\"name\":\"Obender\",\"description\":\"T\u00f6\u00f6stuskaupade hulgim\u00fc\u00fck\",\"potentialAction\":[{\"@type\":\"SearchAction\",\"target\":{\"@type\":\"EntryPoint\",\"urlTemplate\":\"https:\\\/\\\/www.obender.eu\\\/?s={search_term_string}\"},\"query-input\":{\"@type\":\"PropertyValueSpecification\",\"valueRequired\":true,\"valueName\":\"search_term_string\"}}],\"inLanguage\":\"en-US\"}]}<\/script>\n<!-- \/ Yoast SEO Premium plugin. -->","yoast_head_json":{"title":"Work light Entac 3W LED+1W COB IP20 Li-ion - Obender","robots":{"index":"index","follow":"follow","max-snippet":"max-snippet:-1","max-image-preview":"max-image-preview:large","max-video-preview":"max-video-preview:-1"},"canonical":"https:\/\/obender.eu\/en\/toode\/flashlight-entac-8w-led-zoom-alu-ip68-kopeeri__trashed\/","og_locale":"en_US","og_type":"article","og_title":"Work light Entac 3W LED+1W COB IP20 Li-ion","og_description":"Work light Entac 3W LED 250lm +1W COB IP20 Li-ion 18650 battery USB cable included Magnet+hook EAN: 5999097977768 old EWL-1W-COB-R","og_url":"https:\/\/obender.eu\/en\/toode\/flashlight-entac-8w-led-zoom-alu-ip68-kopeeri__trashed\/","og_site_name":"Obender","article_modified_time":"2026-04-20T00:00:38+00:00","og_image":[{"width":500,"height":500,"url":"https:\/\/obender.eu\/wp-content\/uploads\/2020\/10\/5999097977768.jpg","type":"image\/jpeg"}],"twitter_card":"summary_large_image","twitter_misc":{"Est. reading time":"1 minute"},"schema":{"@context":"https:\/\/schema.org","@graph":[{"@type":"WebPage","@id":"https:\/\/obender.eu\/en\/toode\/flashlight-entac-8w-led-zoom-alu-ip68-kopeeri__trashed\/","url":"https:\/\/obender.eu\/en\/toode\/flashlight-entac-8w-led-zoom-alu-ip68-kopeeri__trashed\/","name":"Work light Entac 3W LED+1W COB IP20 Li-ion - Obender","isPartOf":{"@id":"https:\/\/www.obender.eu\/#website"},"primaryImageOfPage":{"@id":"https:\/\/obender.eu\/en\/toode\/flashlight-entac-8w-led-zoom-alu-ip68-kopeeri__trashed\/#primaryimage"},"image":{"@id":"https:\/\/obender.eu\/en\/toode\/flashlight-entac-8w-led-zoom-alu-ip68-kopeeri__trashed\/#primaryimage"},"thumbnailUrl":"https:\/\/obender.eu\/wp-content\/uploads\/2020\/10\/5999097977768.jpg","datePublished":"2020-10-10T22:17:25+00:00","dateModified":"2026-04-20T00:00:38+00:00","breadcrumb":{"@id":"https:\/\/obender.eu\/en\/toode\/flashlight-entac-8w-led-zoom-alu-ip68-kopeeri__trashed\/#breadcrumb"},"inLanguage":"en-US","potentialAction":[{"@type":"ReadAction","target":["https:\/\/obender.eu\/en\/toode\/flashlight-entac-8w-led-zoom-alu-ip68-kopeeri__trashed\/"]}]},{"@type":"ImageObject","inLanguage":"en-US","@id":"https:\/\/obender.eu\/en\/toode\/flashlight-entac-8w-led-zoom-alu-ip68-kopeeri__trashed\/#primaryimage","url":"https:\/\/obender.eu\/wp-content\/uploads\/2020\/10\/5999097977768.jpg","contentUrl":"https:\/\/obender.eu\/wp-content\/uploads\/2020\/10\/5999097977768.jpg","width":500,"height":500},{"@type":"BreadcrumbList","@id":"https:\/\/obender.eu\/en\/toode\/flashlight-entac-8w-led-zoom-alu-ip68-kopeeri__trashed\/#breadcrumb","itemListElement":[{"@type":"ListItem","position":1,"name":"Home","item":"https:\/\/obender.eu\/en\/"},{"@type":"ListItem","position":2,"name":"Tooted","item":"https:\/\/www.obender.eu\/tooted\/"},{"@type":"ListItem","position":3,"name":"Work light Entac 3W LED+1W COB IP20 Li-ion"}]},{"@type":"WebSite","@id":"https:\/\/www.obender.eu\/#website","url":"https:\/\/www.obender.eu\/","name":"Obender","description":"T\u00f6\u00f6stuskaupade hulgim\u00fc\u00fck","potentialAction":[{"@type":"SearchAction","target":{"@type":"EntryPoint","urlTemplate":"https:\/\/www.obender.eu\/?s={search_term_string}"},"query-input":{"@type":"PropertyValueSpecification","valueRequired":true,"valueName":"search_term_string"}}],"inLanguage":"en-US"}]}},"_links":{"self":[{"href":"https:\/\/obender.eu\/en\/wp-json\/wp\/v2\/product\/14645","targetHints":{"allow":["GET"]}}],"collection":[{"href":"https:\/\/obender.eu\/en\/wp-json\/wp\/v2\/product"}],"about":[{"href":"https:\/\/obender.eu\/en\/wp-json\/wp\/v2\/types\/product"}],"version-history":[{"count":5,"href":"https:\/\/obender.eu\/en\/wp-json\/wp\/v2\/product\/14645\/revisions"}],"predecessor-version":[{"id":27898,"href":"https:\/\/obender.eu\/en\/wp-json\/wp\/v2\/product\/14645\/revisions\/27898"}],"wp:featuredmedia":[{"embeddable":true,"href":"https:\/\/obender.eu\/en\/wp-json\/wp\/v2\/media\/14647"}],"wp:attachment":[{"href":"https:\/\/obender.eu\/en\/wp-json\/wp\/v2\/media?parent=14645"}],"wp:term":[{"taxonomy":"product_brand","embeddable":true,"href":"https:\/\/obender.eu\/en\/wp-json\/wp\/v2\/product_brand?post=14645"},{"taxonomy":"product_cat","embeddable":true,"href":"https:\/\/obender.eu\/en\/wp-json\/wp\/v2\/product_cat?post=14645"},{"taxonomy":"product_tag","embeddable":true,"href":"https:\/\/obender.eu\/en\/wp-json\/wp\/v2\/product_tag?post=14645"}],"curies":[{"name":"wp","href":"https:\/\/api.w.org\/{rel}","templated":true}]}}