{"id":14658,"date":"2020-10-11T01:32:16","date_gmt":"2020-10-10T22:32:16","guid":{"rendered":"https:\/\/obender.eu\/?post_type=product&#038;p=14658"},"modified":"2026-04-20T04:09:36","modified_gmt":"2026-04-20T01:09:36","slug":"kiirliim-entac-liquid-123g","status":"publish","type":"product","link":"https:\/\/obender.eu\/en\/toode\/kiirliim-entac-liquid-123g\/","title":{"rendered":"Super glue Entac Liquid 12*3g"},"content":{"rendered":"<p>Super glue Entac Liquid 12*3g<\/p>\n<p>EAN: 5999097982304<\/p>\n<p>Instant glue. Glues plastic, metal, rubber, porcelain, wood, leather, cardboard and glass. Instructions for use: the surfaces to be glued must be dry, clean, free of dust and grease and compatible with each other. Cover only one surface with a thin layer of glue. Connect the surfaces immediately and press them together within 5-60 seconds. Clean the tube opening immediately after use and close the tube properly. After 2-5 minutes of drying, the item is usable. Stains are difficult to remove. Use acetone. Safety: Contains cyanoacrylate and methyl methacrylate. Dangerous, in contact with skin and eyes, they stick together within seconds. Keep out of the reach of children. Do not inhale the vapour. Use only in well-ventilated areas.<\/p>\n","protected":false},"excerpt":{"rendered":"<p>Super glue Entac Liquid 12*3g EAN: 5999097982304 Instant glue. Glues plastic, metal, rubber, porcelain, wood, leather, cardboard and glass. Instructions<\/p>\n","protected":false},"featured_media":14660,"template":"","meta":[],"product_brand":[],"product_cat":[275,270],"product_tag":[603,566,565],"class_list":{"0":"post-14658","1":"product","2":"type-product","3":"status-publish","4":"has-post-thumbnail","6":"product_cat-adhesives","7":"product_cat-chemical-products","8":"product_tag-entac-en","9":"product_tag-kiirliim-en","10":"product_tag-superglue-en","12":"first","13":"instock","14":"taxable","15":"shipping-taxable","16":"purchasable","17":"product-type-simple"},"yoast_head":"<!-- This site is optimized with the Yoast SEO Premium plugin v20.0 (Yoast SEO v27.4) - https:\/\/yoast.com\/product\/yoast-seo-premium-wordpress\/ -->\n<title>Super glue Entac Liquid 12*3g - Obender<\/title>\n<meta name=\"robots\" content=\"index, follow, max-snippet:-1, max-image-preview:large, max-video-preview:-1\" \/>\n<link rel=\"canonical\" href=\"https:\/\/OBENDER.EU\/en\/toode\/kiirliim-entac-liquid-123g\/\" \/>\n<meta property=\"og:locale\" content=\"en_US\" \/>\n<meta property=\"og:type\" content=\"article\" \/>\n<meta property=\"og:title\" content=\"Super glue Entac Liquid 12*3g\" \/>\n<meta property=\"og:description\" content=\"Super glue Entac Liquid 12*3g EAN: 5999097982304 Instant glue. Glues plastic, metal, rubber, porcelain, wood, leather, cardboard and glass. Instructions\" \/>\n<meta property=\"og:url\" content=\"https:\/\/OBENDER.EU\/en\/toode\/kiirliim-entac-liquid-123g\/\" \/>\n<meta property=\"og:site_name\" content=\"Obender\" \/>\n<meta property=\"article:modified_time\" content=\"2026-04-20T01:09:36+00:00\" \/>\n<meta property=\"og:image\" content=\"https:\/\/OBENDER.EU\/wp-content\/uploads\/2020\/10\/5999097905105-Entac.jpg\" \/>\n\t<meta property=\"og:image:width\" content=\"500\" \/>\n\t<meta property=\"og:image:height\" content=\"500\" \/>\n\t<meta property=\"og:image:type\" content=\"image\/jpeg\" \/>\n<meta name=\"twitter:card\" content=\"summary_large_image\" \/>\n<meta name=\"twitter:label1\" content=\"Est. reading time\" \/>\n\t<meta name=\"twitter:data1\" content=\"1 minute\" \/>\n<script type=\"application\/ld+json\" class=\"yoast-schema-graph\">{\"@context\":\"https:\\\/\\\/schema.org\",\"@graph\":[{\"@type\":\"WebPage\",\"@id\":\"https:\\\/\\\/OBENDER.EU\\\/en\\\/toode\\\/kiirliim-entac-liquid-123g\\\/\",\"url\":\"https:\\\/\\\/OBENDER.EU\\\/en\\\/toode\\\/kiirliim-entac-liquid-123g\\\/\",\"name\":\"Super glue Entac Liquid 12*3g - Obender\",\"isPartOf\":{\"@id\":\"https:\\\/\\\/www.obender.eu\\\/#website\"},\"primaryImageOfPage\":{\"@id\":\"https:\\\/\\\/OBENDER.EU\\\/en\\\/toode\\\/kiirliim-entac-liquid-123g\\\/#primaryimage\"},\"image\":{\"@id\":\"https:\\\/\\\/OBENDER.EU\\\/en\\\/toode\\\/kiirliim-entac-liquid-123g\\\/#primaryimage\"},\"thumbnailUrl\":\"https:\\\/\\\/obender.eu\\\/wp-content\\\/uploads\\\/2020\\\/10\\\/5999097905105-Entac.jpg\",\"datePublished\":\"2020-10-10T22:32:16+00:00\",\"dateModified\":\"2026-04-20T01:09:36+00:00\",\"breadcrumb\":{\"@id\":\"https:\\\/\\\/OBENDER.EU\\\/en\\\/toode\\\/kiirliim-entac-liquid-123g\\\/#breadcrumb\"},\"inLanguage\":\"en-US\",\"potentialAction\":[{\"@type\":\"ReadAction\",\"target\":[\"https:\\\/\\\/OBENDER.EU\\\/en\\\/toode\\\/kiirliim-entac-liquid-123g\\\/\"]}]},{\"@type\":\"ImageObject\",\"inLanguage\":\"en-US\",\"@id\":\"https:\\\/\\\/OBENDER.EU\\\/en\\\/toode\\\/kiirliim-entac-liquid-123g\\\/#primaryimage\",\"url\":\"https:\\\/\\\/obender.eu\\\/wp-content\\\/uploads\\\/2020\\\/10\\\/5999097905105-Entac.jpg\",\"contentUrl\":\"https:\\\/\\\/obender.eu\\\/wp-content\\\/uploads\\\/2020\\\/10\\\/5999097905105-Entac.jpg\",\"width\":500,\"height\":500},{\"@type\":\"BreadcrumbList\",\"@id\":\"https:\\\/\\\/OBENDER.EU\\\/en\\\/toode\\\/kiirliim-entac-liquid-123g\\\/#breadcrumb\",\"itemListElement\":[{\"@type\":\"ListItem\",\"position\":1,\"name\":\"Home\",\"item\":\"https:\\\/\\\/obender.eu\\\/en\\\/\"},{\"@type\":\"ListItem\",\"position\":2,\"name\":\"Tooted\",\"item\":\"https:\\\/\\\/www.obender.eu\\\/tooted\\\/\"},{\"@type\":\"ListItem\",\"position\":3,\"name\":\"Super glue Entac Liquid 12*3g\"}]},{\"@type\":\"WebSite\",\"@id\":\"https:\\\/\\\/www.obender.eu\\\/#website\",\"url\":\"https:\\\/\\\/www.obender.eu\\\/\",\"name\":\"Obender\",\"description\":\"T\u00f6\u00f6stuskaupade hulgim\u00fc\u00fck\",\"potentialAction\":[{\"@type\":\"SearchAction\",\"target\":{\"@type\":\"EntryPoint\",\"urlTemplate\":\"https:\\\/\\\/www.obender.eu\\\/?s={search_term_string}\"},\"query-input\":{\"@type\":\"PropertyValueSpecification\",\"valueRequired\":true,\"valueName\":\"search_term_string\"}}],\"inLanguage\":\"en-US\"}]}<\/script>\n<!-- \/ Yoast SEO Premium plugin. -->","yoast_head_json":{"title":"Super glue Entac Liquid 12*3g - Obender","robots":{"index":"index","follow":"follow","max-snippet":"max-snippet:-1","max-image-preview":"max-image-preview:large","max-video-preview":"max-video-preview:-1"},"canonical":"https:\/\/OBENDER.EU\/en\/toode\/kiirliim-entac-liquid-123g\/","og_locale":"en_US","og_type":"article","og_title":"Super glue Entac Liquid 12*3g","og_description":"Super glue Entac Liquid 12*3g EAN: 5999097982304 Instant glue. Glues plastic, metal, rubber, porcelain, wood, leather, cardboard and glass. Instructions","og_url":"https:\/\/OBENDER.EU\/en\/toode\/kiirliim-entac-liquid-123g\/","og_site_name":"Obender","article_modified_time":"2026-04-20T01:09:36+00:00","og_image":[{"width":500,"height":500,"url":"https:\/\/OBENDER.EU\/wp-content\/uploads\/2020\/10\/5999097905105-Entac.jpg","type":"image\/jpeg"}],"twitter_card":"summary_large_image","twitter_misc":{"Est. reading time":"1 minute"},"schema":{"@context":"https:\/\/schema.org","@graph":[{"@type":"WebPage","@id":"https:\/\/OBENDER.EU\/en\/toode\/kiirliim-entac-liquid-123g\/","url":"https:\/\/OBENDER.EU\/en\/toode\/kiirliim-entac-liquid-123g\/","name":"Super glue Entac Liquid 12*3g - Obender","isPartOf":{"@id":"https:\/\/www.obender.eu\/#website"},"primaryImageOfPage":{"@id":"https:\/\/OBENDER.EU\/en\/toode\/kiirliim-entac-liquid-123g\/#primaryimage"},"image":{"@id":"https:\/\/OBENDER.EU\/en\/toode\/kiirliim-entac-liquid-123g\/#primaryimage"},"thumbnailUrl":"https:\/\/obender.eu\/wp-content\/uploads\/2020\/10\/5999097905105-Entac.jpg","datePublished":"2020-10-10T22:32:16+00:00","dateModified":"2026-04-20T01:09:36+00:00","breadcrumb":{"@id":"https:\/\/OBENDER.EU\/en\/toode\/kiirliim-entac-liquid-123g\/#breadcrumb"},"inLanguage":"en-US","potentialAction":[{"@type":"ReadAction","target":["https:\/\/OBENDER.EU\/en\/toode\/kiirliim-entac-liquid-123g\/"]}]},{"@type":"ImageObject","inLanguage":"en-US","@id":"https:\/\/OBENDER.EU\/en\/toode\/kiirliim-entac-liquid-123g\/#primaryimage","url":"https:\/\/obender.eu\/wp-content\/uploads\/2020\/10\/5999097905105-Entac.jpg","contentUrl":"https:\/\/obender.eu\/wp-content\/uploads\/2020\/10\/5999097905105-Entac.jpg","width":500,"height":500},{"@type":"BreadcrumbList","@id":"https:\/\/OBENDER.EU\/en\/toode\/kiirliim-entac-liquid-123g\/#breadcrumb","itemListElement":[{"@type":"ListItem","position":1,"name":"Home","item":"https:\/\/obender.eu\/en\/"},{"@type":"ListItem","position":2,"name":"Tooted","item":"https:\/\/www.obender.eu\/tooted\/"},{"@type":"ListItem","position":3,"name":"Super glue Entac Liquid 12*3g"}]},{"@type":"WebSite","@id":"https:\/\/www.obender.eu\/#website","url":"https:\/\/www.obender.eu\/","name":"Obender","description":"T\u00f6\u00f6stuskaupade hulgim\u00fc\u00fck","potentialAction":[{"@type":"SearchAction","target":{"@type":"EntryPoint","urlTemplate":"https:\/\/www.obender.eu\/?s={search_term_string}"},"query-input":{"@type":"PropertyValueSpecification","valueRequired":true,"valueName":"search_term_string"}}],"inLanguage":"en-US"}]}},"_links":{"self":[{"href":"https:\/\/obender.eu\/en\/wp-json\/wp\/v2\/product\/14658","targetHints":{"allow":["GET"]}}],"collection":[{"href":"https:\/\/obender.eu\/en\/wp-json\/wp\/v2\/product"}],"about":[{"href":"https:\/\/obender.eu\/en\/wp-json\/wp\/v2\/types\/product"}],"version-history":[{"count":2,"href":"https:\/\/obender.eu\/en\/wp-json\/wp\/v2\/product\/14658\/revisions"}],"predecessor-version":[{"id":24306,"href":"https:\/\/obender.eu\/en\/wp-json\/wp\/v2\/product\/14658\/revisions\/24306"}],"wp:featuredmedia":[{"embeddable":true,"href":"https:\/\/obender.eu\/en\/wp-json\/wp\/v2\/media\/14660"}],"wp:attachment":[{"href":"https:\/\/obender.eu\/en\/wp-json\/wp\/v2\/media?parent=14658"}],"wp:term":[{"taxonomy":"product_brand","embeddable":true,"href":"https:\/\/obender.eu\/en\/wp-json\/wp\/v2\/product_brand?post=14658"},{"taxonomy":"product_cat","embeddable":true,"href":"https:\/\/obender.eu\/en\/wp-json\/wp\/v2\/product_cat?post=14658"},{"taxonomy":"product_tag","embeddable":true,"href":"https:\/\/obender.eu\/en\/wp-json\/wp\/v2\/product_tag?post=14658"}],"curies":[{"name":"wp","href":"https:\/\/api.w.org\/{rel}","templated":true}]}}