{"id":15116,"date":"2020-10-13T23:27:09","date_gmt":"2020-10-13T20:27:09","guid":{"rendered":"https:\/\/obender.eu\/?post_type=product&#038;p=15116"},"modified":"2026-04-18T18:01:02","modified_gmt":"2026-04-18T15:01:02","slug":"wall-clock-platinet-evening-pzevnc-kopeeri","status":"publish","type":"product","link":"https:\/\/obender.eu\/en\/toode\/wall-clock-platinet-evening-pzevnc-kopeeri\/","title":{"rendered":"Wall clock Platinet Family 33cm"},"content":{"rendered":"<p>Wall clock Platinet Family PZFC 33cm<\/p>\n<p>Body: plastic<\/p>\n<p>1xAA battery (not included)<\/p>\n<p>330*330*35mm<\/p>\n<p>EAN: 5907595425681<\/p>\n","protected":false},"excerpt":{"rendered":"<p>Wall clock Platinet Family PZFC 33cm Body: plastic 1xAA battery (not included) 330*330*35mm EAN: 5907595425681<\/p>\n","protected":false},"featured_media":15118,"template":"","meta":[],"product_brand":[],"product_cat":[380,387],"product_tag":[468,462,463],"class_list":{"0":"post-15116","1":"product","2":"type-product","3":"status-publish","4":"has-post-thumbnail","6":"product_cat-home-and-office-equipment","7":"product_cat-wall-clocks","8":"product_tag-platinet-en","9":"product_tag-seinakell-en","10":"product_tag-wall-clock","12":"first","13":"instock","14":"taxable","15":"shipping-taxable","16":"purchasable","17":"product-type-simple"},"yoast_head":"<!-- This site is optimized with the Yoast SEO Premium plugin v20.0 (Yoast SEO v27.4) - https:\/\/yoast.com\/product\/yoast-seo-premium-wordpress\/ -->\n<title>Wall clock Platinet Family 33cm - Obender<\/title>\n<meta name=\"robots\" content=\"index, follow, max-snippet:-1, max-image-preview:large, max-video-preview:-1\" \/>\n<link rel=\"canonical\" href=\"https:\/\/obender.eu\/en\/toode\/wall-clock-platinet-evening-pzevnc-kopeeri\/\" \/>\n<meta property=\"og:locale\" content=\"en_US\" \/>\n<meta property=\"og:type\" content=\"article\" \/>\n<meta property=\"og:title\" content=\"Wall clock Platinet Family 33cm\" \/>\n<meta property=\"og:description\" content=\"Wall clock Platinet Family PZFC 33cm Body: plastic 1xAA battery (not included) 330*330*35mm EAN: 5907595425681\" \/>\n<meta property=\"og:url\" content=\"https:\/\/obender.eu\/en\/toode\/wall-clock-platinet-evening-pzevnc-kopeeri\/\" \/>\n<meta property=\"og:site_name\" content=\"Obender\" \/>\n<meta property=\"article:modified_time\" content=\"2026-04-18T15:01:02+00:00\" \/>\n<meta property=\"og:image\" content=\"https:\/\/www.obender.eu\/wp-content\/uploads\/2020\/10\/PZFC.jpg\" \/>\n\t<meta property=\"og:image:width\" content=\"500\" \/>\n\t<meta property=\"og:image:height\" content=\"500\" \/>\n\t<meta property=\"og:image:type\" content=\"image\/jpeg\" \/>\n<meta name=\"twitter:card\" content=\"summary_large_image\" \/>\n<meta name=\"twitter:label1\" content=\"Est. reading time\" \/>\n\t<meta name=\"twitter:data1\" content=\"1 minute\" \/>\n<script type=\"application\/ld+json\" class=\"yoast-schema-graph\">{\"@context\":\"https:\\\/\\\/schema.org\",\"@graph\":[{\"@type\":\"WebPage\",\"@id\":\"https:\\\/\\\/obender.eu\\\/en\\\/toode\\\/wall-clock-platinet-evening-pzevnc-kopeeri\\\/\",\"url\":\"https:\\\/\\\/obender.eu\\\/en\\\/toode\\\/wall-clock-platinet-evening-pzevnc-kopeeri\\\/\",\"name\":\"Wall clock Platinet Family 33cm - Obender\",\"isPartOf\":{\"@id\":\"https:\\\/\\\/www.obender.eu\\\/#website\"},\"primaryImageOfPage\":{\"@id\":\"https:\\\/\\\/obender.eu\\\/en\\\/toode\\\/wall-clock-platinet-evening-pzevnc-kopeeri\\\/#primaryimage\"},\"image\":{\"@id\":\"https:\\\/\\\/obender.eu\\\/en\\\/toode\\\/wall-clock-platinet-evening-pzevnc-kopeeri\\\/#primaryimage\"},\"thumbnailUrl\":\"https:\\\/\\\/obender.eu\\\/wp-content\\\/uploads\\\/2020\\\/10\\\/PZFC.jpg\",\"datePublished\":\"2020-10-13T20:27:09+00:00\",\"dateModified\":\"2026-04-18T15:01:02+00:00\",\"breadcrumb\":{\"@id\":\"https:\\\/\\\/obender.eu\\\/en\\\/toode\\\/wall-clock-platinet-evening-pzevnc-kopeeri\\\/#breadcrumb\"},\"inLanguage\":\"en-US\",\"potentialAction\":[{\"@type\":\"ReadAction\",\"target\":[\"https:\\\/\\\/obender.eu\\\/en\\\/toode\\\/wall-clock-platinet-evening-pzevnc-kopeeri\\\/\"]}]},{\"@type\":\"ImageObject\",\"inLanguage\":\"en-US\",\"@id\":\"https:\\\/\\\/obender.eu\\\/en\\\/toode\\\/wall-clock-platinet-evening-pzevnc-kopeeri\\\/#primaryimage\",\"url\":\"https:\\\/\\\/obender.eu\\\/wp-content\\\/uploads\\\/2020\\\/10\\\/PZFC.jpg\",\"contentUrl\":\"https:\\\/\\\/obender.eu\\\/wp-content\\\/uploads\\\/2020\\\/10\\\/PZFC.jpg\",\"width\":500,\"height\":500},{\"@type\":\"BreadcrumbList\",\"@id\":\"https:\\\/\\\/obender.eu\\\/en\\\/toode\\\/wall-clock-platinet-evening-pzevnc-kopeeri\\\/#breadcrumb\",\"itemListElement\":[{\"@type\":\"ListItem\",\"position\":1,\"name\":\"Home\",\"item\":\"https:\\\/\\\/obender.eu\\\/en\\\/\"},{\"@type\":\"ListItem\",\"position\":2,\"name\":\"Tooted\",\"item\":\"https:\\\/\\\/www.obender.eu\\\/tooted\\\/\"},{\"@type\":\"ListItem\",\"position\":3,\"name\":\"Wall clock Platinet Family 33cm\"}]},{\"@type\":\"WebSite\",\"@id\":\"https:\\\/\\\/www.obender.eu\\\/#website\",\"url\":\"https:\\\/\\\/www.obender.eu\\\/\",\"name\":\"Obender\",\"description\":\"T\u00f6\u00f6stuskaupade hulgim\u00fc\u00fck\",\"potentialAction\":[{\"@type\":\"SearchAction\",\"target\":{\"@type\":\"EntryPoint\",\"urlTemplate\":\"https:\\\/\\\/www.obender.eu\\\/?s={search_term_string}\"},\"query-input\":{\"@type\":\"PropertyValueSpecification\",\"valueRequired\":true,\"valueName\":\"search_term_string\"}}],\"inLanguage\":\"en-US\"}]}<\/script>\n<!-- \/ Yoast SEO Premium plugin. -->","yoast_head_json":{"title":"Wall clock Platinet Family 33cm - Obender","robots":{"index":"index","follow":"follow","max-snippet":"max-snippet:-1","max-image-preview":"max-image-preview:large","max-video-preview":"max-video-preview:-1"},"canonical":"https:\/\/obender.eu\/en\/toode\/wall-clock-platinet-evening-pzevnc-kopeeri\/","og_locale":"en_US","og_type":"article","og_title":"Wall clock Platinet Family 33cm","og_description":"Wall clock Platinet Family PZFC 33cm Body: plastic 1xAA battery (not included) 330*330*35mm EAN: 5907595425681","og_url":"https:\/\/obender.eu\/en\/toode\/wall-clock-platinet-evening-pzevnc-kopeeri\/","og_site_name":"Obender","article_modified_time":"2026-04-18T15:01:02+00:00","og_image":[{"width":500,"height":500,"url":"https:\/\/www.obender.eu\/wp-content\/uploads\/2020\/10\/PZFC.jpg","type":"image\/jpeg"}],"twitter_card":"summary_large_image","twitter_misc":{"Est. reading time":"1 minute"},"schema":{"@context":"https:\/\/schema.org","@graph":[{"@type":"WebPage","@id":"https:\/\/obender.eu\/en\/toode\/wall-clock-platinet-evening-pzevnc-kopeeri\/","url":"https:\/\/obender.eu\/en\/toode\/wall-clock-platinet-evening-pzevnc-kopeeri\/","name":"Wall clock Platinet Family 33cm - Obender","isPartOf":{"@id":"https:\/\/www.obender.eu\/#website"},"primaryImageOfPage":{"@id":"https:\/\/obender.eu\/en\/toode\/wall-clock-platinet-evening-pzevnc-kopeeri\/#primaryimage"},"image":{"@id":"https:\/\/obender.eu\/en\/toode\/wall-clock-platinet-evening-pzevnc-kopeeri\/#primaryimage"},"thumbnailUrl":"https:\/\/obender.eu\/wp-content\/uploads\/2020\/10\/PZFC.jpg","datePublished":"2020-10-13T20:27:09+00:00","dateModified":"2026-04-18T15:01:02+00:00","breadcrumb":{"@id":"https:\/\/obender.eu\/en\/toode\/wall-clock-platinet-evening-pzevnc-kopeeri\/#breadcrumb"},"inLanguage":"en-US","potentialAction":[{"@type":"ReadAction","target":["https:\/\/obender.eu\/en\/toode\/wall-clock-platinet-evening-pzevnc-kopeeri\/"]}]},{"@type":"ImageObject","inLanguage":"en-US","@id":"https:\/\/obender.eu\/en\/toode\/wall-clock-platinet-evening-pzevnc-kopeeri\/#primaryimage","url":"https:\/\/obender.eu\/wp-content\/uploads\/2020\/10\/PZFC.jpg","contentUrl":"https:\/\/obender.eu\/wp-content\/uploads\/2020\/10\/PZFC.jpg","width":500,"height":500},{"@type":"BreadcrumbList","@id":"https:\/\/obender.eu\/en\/toode\/wall-clock-platinet-evening-pzevnc-kopeeri\/#breadcrumb","itemListElement":[{"@type":"ListItem","position":1,"name":"Home","item":"https:\/\/obender.eu\/en\/"},{"@type":"ListItem","position":2,"name":"Tooted","item":"https:\/\/www.obender.eu\/tooted\/"},{"@type":"ListItem","position":3,"name":"Wall clock Platinet Family 33cm"}]},{"@type":"WebSite","@id":"https:\/\/www.obender.eu\/#website","url":"https:\/\/www.obender.eu\/","name":"Obender","description":"T\u00f6\u00f6stuskaupade hulgim\u00fc\u00fck","potentialAction":[{"@type":"SearchAction","target":{"@type":"EntryPoint","urlTemplate":"https:\/\/www.obender.eu\/?s={search_term_string}"},"query-input":{"@type":"PropertyValueSpecification","valueRequired":true,"valueName":"search_term_string"}}],"inLanguage":"en-US"}]}},"_links":{"self":[{"href":"https:\/\/obender.eu\/en\/wp-json\/wp\/v2\/product\/15116","targetHints":{"allow":["GET"]}}],"collection":[{"href":"https:\/\/obender.eu\/en\/wp-json\/wp\/v2\/product"}],"about":[{"href":"https:\/\/obender.eu\/en\/wp-json\/wp\/v2\/types\/product"}],"version-history":[{"count":4,"href":"https:\/\/obender.eu\/en\/wp-json\/wp\/v2\/product\/15116\/revisions"}],"predecessor-version":[{"id":24123,"href":"https:\/\/obender.eu\/en\/wp-json\/wp\/v2\/product\/15116\/revisions\/24123"}],"wp:featuredmedia":[{"embeddable":true,"href":"https:\/\/obender.eu\/en\/wp-json\/wp\/v2\/media\/15118"}],"wp:attachment":[{"href":"https:\/\/obender.eu\/en\/wp-json\/wp\/v2\/media?parent=15116"}],"wp:term":[{"taxonomy":"product_brand","embeddable":true,"href":"https:\/\/obender.eu\/en\/wp-json\/wp\/v2\/product_brand?post=15116"},{"taxonomy":"product_cat","embeddable":true,"href":"https:\/\/obender.eu\/en\/wp-json\/wp\/v2\/product_cat?post=15116"},{"taxonomy":"product_tag","embeddable":true,"href":"https:\/\/obender.eu\/en\/wp-json\/wp\/v2\/product_tag?post=15116"}],"curies":[{"name":"wp","href":"https:\/\/api.w.org\/{rel}","templated":true}]}}