{"id":15467,"date":"2020-10-18T17:52:28","date_gmt":"2020-10-18T14:52:28","guid":{"rendered":"https:\/\/obender.eu\/toode\/lesta-xtra-musta-varvi-armatuuri-taastamisvahend-500ml\/"},"modified":"2026-04-20T05:01:02","modified_gmt":"2026-04-20T02:01:02","slug":"lesta-xtra-musta-varvi-armatuuri-taastamisvahend-500ml","status":"publish","type":"product","link":"https:\/\/obender.eu\/en\/toode\/lesta-xtra-musta-varvi-armatuuri-taastamisvahend-500ml\/","title":{"rendered":"Lesta Xtra Black Trim Restorer 500ml"},"content":{"rendered":"<p>Lesta black colored dashboard restorer 500ml<\/p>\n<p>EAN: 4770202393908<\/p>\n<p>A product containing black pigment that gives a new look to all plastic, vinyl and rubber surfaces. Contains a black pigment that retains a beautiful surface appearance and provides long-lasting protection against fading and cracking. Thick gel for refreshing of tires, outer rubber and plastic parts. Provides shine. Gets absorbed into the surfaces, restores their appearance and provides protection from the environment.<br \/>\nUsage: Shake before use. Apply the gel on the surface in circular motions and rub the product into the surface. Apply sparingly to avoid streaks. Leave on for 3-5 minutes to get absorbed. Gently wipe off excess product with a clean dry cloth and allow to dry naturally. Wear protective gloves.<\/p>\n","protected":false},"excerpt":{"rendered":"<p>Lesta black colored dashboard restorer 500ml EAN: 4770202393908 A product containing black pigment that gives a new look to all<\/p>\n","protected":false},"featured_media":15466,"template":"","meta":[],"product_brand":[],"product_cat":[270,274],"product_tag":[905],"class_list":{"0":"post-15467","1":"product","2":"type-product","3":"status-publish","4":"has-post-thumbnail","6":"product_cat-chemical-products","7":"product_cat-lesta-cleaners","8":"product_tag-lesta-en","10":"first","11":"instock","12":"taxable","13":"shipping-taxable","14":"purchasable","15":"product-type-simple"},"yoast_head":"<!-- This site is optimized with the Yoast SEO Premium plugin v20.0 (Yoast SEO v27.4) - https:\/\/yoast.com\/product\/yoast-seo-premium-wordpress\/ -->\n<title>Lesta Xtra Black Trim Restorer 500ml - Obender<\/title>\n<meta name=\"robots\" content=\"index, follow, max-snippet:-1, max-image-preview:large, max-video-preview:-1\" \/>\n<link rel=\"canonical\" href=\"https:\/\/obender.eu\/en\/toode\/lesta-xtra-musta-varvi-armatuuri-taastamisvahend-500ml\/\" \/>\n<meta property=\"og:locale\" content=\"en_US\" \/>\n<meta property=\"og:type\" content=\"article\" \/>\n<meta property=\"og:title\" content=\"Lesta Xtra Black Trim Restorer 500ml\" \/>\n<meta property=\"og:description\" content=\"Lesta black colored dashboard restorer 500ml EAN: 4770202393908 A product containing black pigment that gives a new look to all\" \/>\n<meta property=\"og:url\" content=\"https:\/\/obender.eu\/en\/toode\/lesta-xtra-musta-varvi-armatuuri-taastamisvahend-500ml\/\" \/>\n<meta property=\"og:site_name\" content=\"Obender\" \/>\n<meta property=\"article:modified_time\" content=\"2026-04-20T02:01:02+00:00\" \/>\n<meta property=\"og:image\" content=\"https:\/\/obender.eu\/wp-content\/uploads\/2020\/10\/les-akl-xblac_0.5.jpg\" \/>\n\t<meta property=\"og:image:width\" content=\"498\" \/>\n\t<meta property=\"og:image:height\" content=\"500\" \/>\n\t<meta property=\"og:image:type\" content=\"image\/jpeg\" \/>\n<meta name=\"twitter:card\" content=\"summary_large_image\" \/>\n<meta name=\"twitter:label1\" content=\"Est. reading time\" \/>\n\t<meta name=\"twitter:data1\" content=\"1 minute\" \/>\n<script type=\"application\/ld+json\" class=\"yoast-schema-graph\">{\"@context\":\"https:\\\/\\\/schema.org\",\"@graph\":[{\"@type\":\"WebPage\",\"@id\":\"https:\\\/\\\/obender.eu\\\/en\\\/toode\\\/lesta-xtra-musta-varvi-armatuuri-taastamisvahend-500ml\\\/\",\"url\":\"https:\\\/\\\/obender.eu\\\/en\\\/toode\\\/lesta-xtra-musta-varvi-armatuuri-taastamisvahend-500ml\\\/\",\"name\":\"Lesta Xtra Black Trim Restorer 500ml - Obender\",\"isPartOf\":{\"@id\":\"https:\\\/\\\/www.obender.eu\\\/#website\"},\"primaryImageOfPage\":{\"@id\":\"https:\\\/\\\/obender.eu\\\/en\\\/toode\\\/lesta-xtra-musta-varvi-armatuuri-taastamisvahend-500ml\\\/#primaryimage\"},\"image\":{\"@id\":\"https:\\\/\\\/obender.eu\\\/en\\\/toode\\\/lesta-xtra-musta-varvi-armatuuri-taastamisvahend-500ml\\\/#primaryimage\"},\"thumbnailUrl\":\"https:\\\/\\\/obender.eu\\\/wp-content\\\/uploads\\\/2020\\\/10\\\/les-akl-xblac_0.5.jpg\",\"datePublished\":\"2020-10-18T14:52:28+00:00\",\"dateModified\":\"2026-04-20T02:01:02+00:00\",\"breadcrumb\":{\"@id\":\"https:\\\/\\\/obender.eu\\\/en\\\/toode\\\/lesta-xtra-musta-varvi-armatuuri-taastamisvahend-500ml\\\/#breadcrumb\"},\"inLanguage\":\"en-US\",\"potentialAction\":[{\"@type\":\"ReadAction\",\"target\":[\"https:\\\/\\\/obender.eu\\\/en\\\/toode\\\/lesta-xtra-musta-varvi-armatuuri-taastamisvahend-500ml\\\/\"]}]},{\"@type\":\"ImageObject\",\"inLanguage\":\"en-US\",\"@id\":\"https:\\\/\\\/obender.eu\\\/en\\\/toode\\\/lesta-xtra-musta-varvi-armatuuri-taastamisvahend-500ml\\\/#primaryimage\",\"url\":\"https:\\\/\\\/obender.eu\\\/wp-content\\\/uploads\\\/2020\\\/10\\\/les-akl-xblac_0.5.jpg\",\"contentUrl\":\"https:\\\/\\\/obender.eu\\\/wp-content\\\/uploads\\\/2020\\\/10\\\/les-akl-xblac_0.5.jpg\",\"width\":498,\"height\":500},{\"@type\":\"BreadcrumbList\",\"@id\":\"https:\\\/\\\/obender.eu\\\/en\\\/toode\\\/lesta-xtra-musta-varvi-armatuuri-taastamisvahend-500ml\\\/#breadcrumb\",\"itemListElement\":[{\"@type\":\"ListItem\",\"position\":1,\"name\":\"Home\",\"item\":\"https:\\\/\\\/obender.eu\\\/en\\\/\"},{\"@type\":\"ListItem\",\"position\":2,\"name\":\"Tooted\",\"item\":\"https:\\\/\\\/www.obender.eu\\\/tooted\\\/\"},{\"@type\":\"ListItem\",\"position\":3,\"name\":\"Lesta Xtra Black Trim Restorer 500ml\"}]},{\"@type\":\"WebSite\",\"@id\":\"https:\\\/\\\/www.obender.eu\\\/#website\",\"url\":\"https:\\\/\\\/www.obender.eu\\\/\",\"name\":\"Obender\",\"description\":\"T\u00f6\u00f6stuskaupade hulgim\u00fc\u00fck\",\"potentialAction\":[{\"@type\":\"SearchAction\",\"target\":{\"@type\":\"EntryPoint\",\"urlTemplate\":\"https:\\\/\\\/www.obender.eu\\\/?s={search_term_string}\"},\"query-input\":{\"@type\":\"PropertyValueSpecification\",\"valueRequired\":true,\"valueName\":\"search_term_string\"}}],\"inLanguage\":\"en-US\"}]}<\/script>\n<!-- \/ Yoast SEO Premium plugin. -->","yoast_head_json":{"title":"Lesta Xtra Black Trim Restorer 500ml - Obender","robots":{"index":"index","follow":"follow","max-snippet":"max-snippet:-1","max-image-preview":"max-image-preview:large","max-video-preview":"max-video-preview:-1"},"canonical":"https:\/\/obender.eu\/en\/toode\/lesta-xtra-musta-varvi-armatuuri-taastamisvahend-500ml\/","og_locale":"en_US","og_type":"article","og_title":"Lesta Xtra Black Trim Restorer 500ml","og_description":"Lesta black colored dashboard restorer 500ml EAN: 4770202393908 A product containing black pigment that gives a new look to all","og_url":"https:\/\/obender.eu\/en\/toode\/lesta-xtra-musta-varvi-armatuuri-taastamisvahend-500ml\/","og_site_name":"Obender","article_modified_time":"2026-04-20T02:01:02+00:00","og_image":[{"width":498,"height":500,"url":"https:\/\/obender.eu\/wp-content\/uploads\/2020\/10\/les-akl-xblac_0.5.jpg","type":"image\/jpeg"}],"twitter_card":"summary_large_image","twitter_misc":{"Est. reading time":"1 minute"},"schema":{"@context":"https:\/\/schema.org","@graph":[{"@type":"WebPage","@id":"https:\/\/obender.eu\/en\/toode\/lesta-xtra-musta-varvi-armatuuri-taastamisvahend-500ml\/","url":"https:\/\/obender.eu\/en\/toode\/lesta-xtra-musta-varvi-armatuuri-taastamisvahend-500ml\/","name":"Lesta Xtra Black Trim Restorer 500ml - Obender","isPartOf":{"@id":"https:\/\/www.obender.eu\/#website"},"primaryImageOfPage":{"@id":"https:\/\/obender.eu\/en\/toode\/lesta-xtra-musta-varvi-armatuuri-taastamisvahend-500ml\/#primaryimage"},"image":{"@id":"https:\/\/obender.eu\/en\/toode\/lesta-xtra-musta-varvi-armatuuri-taastamisvahend-500ml\/#primaryimage"},"thumbnailUrl":"https:\/\/obender.eu\/wp-content\/uploads\/2020\/10\/les-akl-xblac_0.5.jpg","datePublished":"2020-10-18T14:52:28+00:00","dateModified":"2026-04-20T02:01:02+00:00","breadcrumb":{"@id":"https:\/\/obender.eu\/en\/toode\/lesta-xtra-musta-varvi-armatuuri-taastamisvahend-500ml\/#breadcrumb"},"inLanguage":"en-US","potentialAction":[{"@type":"ReadAction","target":["https:\/\/obender.eu\/en\/toode\/lesta-xtra-musta-varvi-armatuuri-taastamisvahend-500ml\/"]}]},{"@type":"ImageObject","inLanguage":"en-US","@id":"https:\/\/obender.eu\/en\/toode\/lesta-xtra-musta-varvi-armatuuri-taastamisvahend-500ml\/#primaryimage","url":"https:\/\/obender.eu\/wp-content\/uploads\/2020\/10\/les-akl-xblac_0.5.jpg","contentUrl":"https:\/\/obender.eu\/wp-content\/uploads\/2020\/10\/les-akl-xblac_0.5.jpg","width":498,"height":500},{"@type":"BreadcrumbList","@id":"https:\/\/obender.eu\/en\/toode\/lesta-xtra-musta-varvi-armatuuri-taastamisvahend-500ml\/#breadcrumb","itemListElement":[{"@type":"ListItem","position":1,"name":"Home","item":"https:\/\/obender.eu\/en\/"},{"@type":"ListItem","position":2,"name":"Tooted","item":"https:\/\/www.obender.eu\/tooted\/"},{"@type":"ListItem","position":3,"name":"Lesta Xtra Black Trim Restorer 500ml"}]},{"@type":"WebSite","@id":"https:\/\/www.obender.eu\/#website","url":"https:\/\/www.obender.eu\/","name":"Obender","description":"T\u00f6\u00f6stuskaupade hulgim\u00fc\u00fck","potentialAction":[{"@type":"SearchAction","target":{"@type":"EntryPoint","urlTemplate":"https:\/\/www.obender.eu\/?s={search_term_string}"},"query-input":{"@type":"PropertyValueSpecification","valueRequired":true,"valueName":"search_term_string"}}],"inLanguage":"en-US"}]}},"_links":{"self":[{"href":"https:\/\/obender.eu\/en\/wp-json\/wp\/v2\/product\/15467","targetHints":{"allow":["GET"]}}],"collection":[{"href":"https:\/\/obender.eu\/en\/wp-json\/wp\/v2\/product"}],"about":[{"href":"https:\/\/obender.eu\/en\/wp-json\/wp\/v2\/types\/product"}],"version-history":[{"count":2,"href":"https:\/\/obender.eu\/en\/wp-json\/wp\/v2\/product\/15467\/revisions"}],"predecessor-version":[{"id":23404,"href":"https:\/\/obender.eu\/en\/wp-json\/wp\/v2\/product\/15467\/revisions\/23404"}],"wp:featuredmedia":[{"embeddable":true,"href":"https:\/\/obender.eu\/en\/wp-json\/wp\/v2\/media\/15466"}],"wp:attachment":[{"href":"https:\/\/obender.eu\/en\/wp-json\/wp\/v2\/media?parent=15467"}],"wp:term":[{"taxonomy":"product_brand","embeddable":true,"href":"https:\/\/obender.eu\/en\/wp-json\/wp\/v2\/product_brand?post=15467"},{"taxonomy":"product_cat","embeddable":true,"href":"https:\/\/obender.eu\/en\/wp-json\/wp\/v2\/product_cat?post=15467"},{"taxonomy":"product_tag","embeddable":true,"href":"https:\/\/obender.eu\/en\/wp-json\/wp\/v2\/product_tag?post=15467"}],"curies":[{"name":"wp","href":"https:\/\/api.w.org\/{rel}","templated":true}]}}