{"id":15548,"date":"2020-10-18T19:11:52","date_gmt":"2020-10-18T16:11:52","guid":{"rendered":"https:\/\/obender.eu\/?post_type=product&#038;p=15548"},"modified":"2026-04-20T07:01:19","modified_gmt":"2026-04-20T04:01:19","slug":"epoksiidliim-pulsar-epoxy-2k-5min-24ml","status":"publish","type":"product","link":"https:\/\/obender.eu\/en\/toode\/epoksiidliim-pulsar-epoxy-2k-5min-24ml\/","title":{"rendered":"Pulsar Epoxy 2-component adhesive 5min 24ml"},"content":{"rendered":"<p>Pulsar Epoxy glue 2K 5min 24ml<\/p>\n<p>SKU: KPEX<\/p>\n<p>EAN: 5905722050317<\/p>\n<p><strong>Pulsar Epoxy 5 minutes.<\/strong> The two-component colorless epoxy resin is suitable for gluing metal, glass, porcelain, steel, aluminum, bronze, brass, crystal, plastic, wood, laminate and filling holes-cracks. Also improves unsealed and leaking areas and connections. The repaired place is completely colorless, resistant to chemicals, boiling water and vibration. The kit contains 12 ml of resin, 12 ml of hardener, shovel and base.<\/p>\n","protected":false},"excerpt":{"rendered":"<p>Pulsar Epoxy glue 2K 5min 24ml SKU: KPEX EAN: 5905722050317 Pulsar Epoxy 5 minutes. The two-component colorless epoxy resin is<\/p>\n","protected":false},"featured_media":15550,"template":"","meta":[],"product_brand":[],"product_cat":[275,270],"product_tag":[646],"class_list":{"0":"post-15548","1":"product","2":"type-product","3":"status-publish","4":"has-post-thumbnail","6":"product_cat-adhesives","7":"product_cat-chemical-products","8":"product_tag-pulsar-en","10":"first","11":"instock","12":"taxable","13":"shipping-taxable","14":"purchasable","15":"product-type-simple"},"yoast_head":"<!-- This site is optimized with the Yoast SEO Premium plugin v20.0 (Yoast SEO v27.4) - https:\/\/yoast.com\/product\/yoast-seo-premium-wordpress\/ -->\n<title>Pulsar Epoxy 2-component adhesive 5min 24ml - Obender<\/title>\n<meta name=\"robots\" content=\"index, follow, max-snippet:-1, max-image-preview:large, max-video-preview:-1\" \/>\n<link rel=\"canonical\" href=\"https:\/\/obender.eu\/en\/toode\/epoksiidliim-pulsar-epoxy-2k-5min-24ml\/\" \/>\n<meta property=\"og:locale\" content=\"en_US\" \/>\n<meta property=\"og:type\" content=\"article\" \/>\n<meta property=\"og:title\" content=\"Pulsar Epoxy 2-component adhesive 5min 24ml\" \/>\n<meta property=\"og:description\" content=\"Pulsar Epoxy glue 2K 5min 24ml SKU: KPEX EAN: 5905722050317 Pulsar Epoxy 5 minutes. The two-component colorless epoxy resin is\" \/>\n<meta property=\"og:url\" content=\"https:\/\/obender.eu\/en\/toode\/epoksiidliim-pulsar-epoxy-2k-5min-24ml\/\" \/>\n<meta property=\"og:site_name\" content=\"Obender\" \/>\n<meta property=\"article:modified_time\" content=\"2026-04-20T04:01:19+00:00\" \/>\n<meta property=\"og:image\" content=\"https:\/\/obender.eu\/wp-content\/uploads\/2020\/10\/10456_Zdjecie_Akt_2018-06-13_Dod_2018-06-18_13-02-15.png\" \/>\n\t<meta property=\"og:image:width\" content=\"499\" \/>\n\t<meta property=\"og:image:height\" content=\"500\" \/>\n\t<meta property=\"og:image:type\" content=\"image\/png\" \/>\n<meta name=\"twitter:card\" content=\"summary_large_image\" \/>\n<meta name=\"twitter:label1\" content=\"Est. reading time\" \/>\n\t<meta name=\"twitter:data1\" content=\"1 minute\" \/>\n<script type=\"application\/ld+json\" class=\"yoast-schema-graph\">{\"@context\":\"https:\\\/\\\/schema.org\",\"@graph\":[{\"@type\":\"WebPage\",\"@id\":\"https:\\\/\\\/obender.eu\\\/en\\\/toode\\\/epoksiidliim-pulsar-epoxy-2k-5min-24ml\\\/\",\"url\":\"https:\\\/\\\/obender.eu\\\/en\\\/toode\\\/epoksiidliim-pulsar-epoxy-2k-5min-24ml\\\/\",\"name\":\"Pulsar Epoxy 2-component adhesive 5min 24ml - Obender\",\"isPartOf\":{\"@id\":\"https:\\\/\\\/www.obender.eu\\\/#website\"},\"primaryImageOfPage\":{\"@id\":\"https:\\\/\\\/obender.eu\\\/en\\\/toode\\\/epoksiidliim-pulsar-epoxy-2k-5min-24ml\\\/#primaryimage\"},\"image\":{\"@id\":\"https:\\\/\\\/obender.eu\\\/en\\\/toode\\\/epoksiidliim-pulsar-epoxy-2k-5min-24ml\\\/#primaryimage\"},\"thumbnailUrl\":\"https:\\\/\\\/obender.eu\\\/wp-content\\\/uploads\\\/2020\\\/10\\\/10456_Zdjecie_Akt_2018-06-13_Dod_2018-06-18_13-02-15.png\",\"datePublished\":\"2020-10-18T16:11:52+00:00\",\"dateModified\":\"2026-04-20T04:01:19+00:00\",\"breadcrumb\":{\"@id\":\"https:\\\/\\\/obender.eu\\\/en\\\/toode\\\/epoksiidliim-pulsar-epoxy-2k-5min-24ml\\\/#breadcrumb\"},\"inLanguage\":\"en-US\",\"potentialAction\":[{\"@type\":\"ReadAction\",\"target\":[\"https:\\\/\\\/obender.eu\\\/en\\\/toode\\\/epoksiidliim-pulsar-epoxy-2k-5min-24ml\\\/\"]}]},{\"@type\":\"ImageObject\",\"inLanguage\":\"en-US\",\"@id\":\"https:\\\/\\\/obender.eu\\\/en\\\/toode\\\/epoksiidliim-pulsar-epoxy-2k-5min-24ml\\\/#primaryimage\",\"url\":\"https:\\\/\\\/obender.eu\\\/wp-content\\\/uploads\\\/2020\\\/10\\\/10456_Zdjecie_Akt_2018-06-13_Dod_2018-06-18_13-02-15.png\",\"contentUrl\":\"https:\\\/\\\/obender.eu\\\/wp-content\\\/uploads\\\/2020\\\/10\\\/10456_Zdjecie_Akt_2018-06-13_Dod_2018-06-18_13-02-15.png\",\"width\":499,\"height\":500},{\"@type\":\"BreadcrumbList\",\"@id\":\"https:\\\/\\\/obender.eu\\\/en\\\/toode\\\/epoksiidliim-pulsar-epoxy-2k-5min-24ml\\\/#breadcrumb\",\"itemListElement\":[{\"@type\":\"ListItem\",\"position\":1,\"name\":\"Home\",\"item\":\"https:\\\/\\\/obender.eu\\\/en\\\/\"},{\"@type\":\"ListItem\",\"position\":2,\"name\":\"Tooted\",\"item\":\"https:\\\/\\\/www.obender.eu\\\/tooted\\\/\"},{\"@type\":\"ListItem\",\"position\":3,\"name\":\"Pulsar Epoxy 2-component adhesive 5min 24ml\"}]},{\"@type\":\"WebSite\",\"@id\":\"https:\\\/\\\/www.obender.eu\\\/#website\",\"url\":\"https:\\\/\\\/www.obender.eu\\\/\",\"name\":\"Obender\",\"description\":\"T\u00f6\u00f6stuskaupade hulgim\u00fc\u00fck\",\"potentialAction\":[{\"@type\":\"SearchAction\",\"target\":{\"@type\":\"EntryPoint\",\"urlTemplate\":\"https:\\\/\\\/www.obender.eu\\\/?s={search_term_string}\"},\"query-input\":{\"@type\":\"PropertyValueSpecification\",\"valueRequired\":true,\"valueName\":\"search_term_string\"}}],\"inLanguage\":\"en-US\"}]}<\/script>\n<!-- \/ Yoast SEO Premium plugin. -->","yoast_head_json":{"title":"Pulsar Epoxy 2-component adhesive 5min 24ml - Obender","robots":{"index":"index","follow":"follow","max-snippet":"max-snippet:-1","max-image-preview":"max-image-preview:large","max-video-preview":"max-video-preview:-1"},"canonical":"https:\/\/obender.eu\/en\/toode\/epoksiidliim-pulsar-epoxy-2k-5min-24ml\/","og_locale":"en_US","og_type":"article","og_title":"Pulsar Epoxy 2-component adhesive 5min 24ml","og_description":"Pulsar Epoxy glue 2K 5min 24ml SKU: KPEX EAN: 5905722050317 Pulsar Epoxy 5 minutes. The two-component colorless epoxy resin is","og_url":"https:\/\/obender.eu\/en\/toode\/epoksiidliim-pulsar-epoxy-2k-5min-24ml\/","og_site_name":"Obender","article_modified_time":"2026-04-20T04:01:19+00:00","og_image":[{"width":499,"height":500,"url":"https:\/\/obender.eu\/wp-content\/uploads\/2020\/10\/10456_Zdjecie_Akt_2018-06-13_Dod_2018-06-18_13-02-15.png","type":"image\/png"}],"twitter_card":"summary_large_image","twitter_misc":{"Est. reading time":"1 minute"},"schema":{"@context":"https:\/\/schema.org","@graph":[{"@type":"WebPage","@id":"https:\/\/obender.eu\/en\/toode\/epoksiidliim-pulsar-epoxy-2k-5min-24ml\/","url":"https:\/\/obender.eu\/en\/toode\/epoksiidliim-pulsar-epoxy-2k-5min-24ml\/","name":"Pulsar Epoxy 2-component adhesive 5min 24ml - Obender","isPartOf":{"@id":"https:\/\/www.obender.eu\/#website"},"primaryImageOfPage":{"@id":"https:\/\/obender.eu\/en\/toode\/epoksiidliim-pulsar-epoxy-2k-5min-24ml\/#primaryimage"},"image":{"@id":"https:\/\/obender.eu\/en\/toode\/epoksiidliim-pulsar-epoxy-2k-5min-24ml\/#primaryimage"},"thumbnailUrl":"https:\/\/obender.eu\/wp-content\/uploads\/2020\/10\/10456_Zdjecie_Akt_2018-06-13_Dod_2018-06-18_13-02-15.png","datePublished":"2020-10-18T16:11:52+00:00","dateModified":"2026-04-20T04:01:19+00:00","breadcrumb":{"@id":"https:\/\/obender.eu\/en\/toode\/epoksiidliim-pulsar-epoxy-2k-5min-24ml\/#breadcrumb"},"inLanguage":"en-US","potentialAction":[{"@type":"ReadAction","target":["https:\/\/obender.eu\/en\/toode\/epoksiidliim-pulsar-epoxy-2k-5min-24ml\/"]}]},{"@type":"ImageObject","inLanguage":"en-US","@id":"https:\/\/obender.eu\/en\/toode\/epoksiidliim-pulsar-epoxy-2k-5min-24ml\/#primaryimage","url":"https:\/\/obender.eu\/wp-content\/uploads\/2020\/10\/10456_Zdjecie_Akt_2018-06-13_Dod_2018-06-18_13-02-15.png","contentUrl":"https:\/\/obender.eu\/wp-content\/uploads\/2020\/10\/10456_Zdjecie_Akt_2018-06-13_Dod_2018-06-18_13-02-15.png","width":499,"height":500},{"@type":"BreadcrumbList","@id":"https:\/\/obender.eu\/en\/toode\/epoksiidliim-pulsar-epoxy-2k-5min-24ml\/#breadcrumb","itemListElement":[{"@type":"ListItem","position":1,"name":"Home","item":"https:\/\/obender.eu\/en\/"},{"@type":"ListItem","position":2,"name":"Tooted","item":"https:\/\/www.obender.eu\/tooted\/"},{"@type":"ListItem","position":3,"name":"Pulsar Epoxy 2-component adhesive 5min 24ml"}]},{"@type":"WebSite","@id":"https:\/\/www.obender.eu\/#website","url":"https:\/\/www.obender.eu\/","name":"Obender","description":"T\u00f6\u00f6stuskaupade hulgim\u00fc\u00fck","potentialAction":[{"@type":"SearchAction","target":{"@type":"EntryPoint","urlTemplate":"https:\/\/www.obender.eu\/?s={search_term_string}"},"query-input":{"@type":"PropertyValueSpecification","valueRequired":true,"valueName":"search_term_string"}}],"inLanguage":"en-US"}]}},"_links":{"self":[{"href":"https:\/\/obender.eu\/en\/wp-json\/wp\/v2\/product\/15548","targetHints":{"allow":["GET"]}}],"collection":[{"href":"https:\/\/obender.eu\/en\/wp-json\/wp\/v2\/product"}],"about":[{"href":"https:\/\/obender.eu\/en\/wp-json\/wp\/v2\/types\/product"}],"version-history":[{"count":4,"href":"https:\/\/obender.eu\/en\/wp-json\/wp\/v2\/product\/15548\/revisions"}],"predecessor-version":[{"id":23937,"href":"https:\/\/obender.eu\/en\/wp-json\/wp\/v2\/product\/15548\/revisions\/23937"}],"wp:featuredmedia":[{"embeddable":true,"href":"https:\/\/obender.eu\/en\/wp-json\/wp\/v2\/media\/15550"}],"wp:attachment":[{"href":"https:\/\/obender.eu\/en\/wp-json\/wp\/v2\/media?parent=15548"}],"wp:term":[{"taxonomy":"product_brand","embeddable":true,"href":"https:\/\/obender.eu\/en\/wp-json\/wp\/v2\/product_brand?post=15548"},{"taxonomy":"product_cat","embeddable":true,"href":"https:\/\/obender.eu\/en\/wp-json\/wp\/v2\/product_cat?post=15548"},{"taxonomy":"product_tag","embeddable":true,"href":"https:\/\/obender.eu\/en\/wp-json\/wp\/v2\/product_tag?post=15548"}],"curies":[{"name":"wp","href":"https:\/\/api.w.org\/{rel}","templated":true}]}}