{"id":15565,"date":"2020-10-18T19:37:06","date_gmt":"2020-10-18T16:37:06","guid":{"rendered":"https:\/\/obender.eu\/toode\/camelion-plus-6lr61-9v-700mah-bl1\/"},"modified":"2026-04-18T23:00:05","modified_gmt":"2026-04-18T20:00:05","slug":"camelion-plus-6lr61-9v-700mah-bl1","status":"publish","type":"product","link":"https:\/\/obender.eu\/en\/toode\/camelion-plus-6lr61-9v-700mah-bl1\/","title":{"rendered":"6LR61 Camelion Plus alkaline battery 9V"},"content":{"rendered":"<p>6LR61 Camelion Plus alkaline battery 9V<\/p>\n<p>700mAh<\/p>\n<p>SKU: 11000122<\/p>\n<p>EAN: 4260033150066<\/p>\n<p>For smoke detector<\/p>\n<p>palovaroitin<\/p>\n","protected":false},"excerpt":{"rendered":"<p>6LR61 Camelion Plus alkaline battery 9V 700mAh SKU: 11000122 EAN: 4260033150066 For smoke detector palovaroitin<\/p>\n","protected":false},"featured_media":15563,"template":"","meta":[],"product_brand":[],"product_cat":[287,286],"product_tag":[691,680,873,631,874,643,642],"class_list":{"0":"post-15565","1":"product","2":"type-product","3":"status-publish","4":"has-post-thumbnail","6":"product_cat-alkaline-batteries","7":"product_cat-batteries","8":"product_tag-6lr61-en","9":"product_tag-alkaline-en","10":"product_tag-battery-en","11":"product_tag-camelion-en","12":"product_tag-patarei-en","13":"product_tag-smoke-detector-en","14":"product_tag-suitsuandur-en","16":"first","17":"instock","18":"taxable","19":"shipping-taxable","20":"purchasable","21":"product-type-simple"},"yoast_head":"<!-- This site is optimized with the Yoast SEO Premium plugin v20.0 (Yoast SEO v27.4) - https:\/\/yoast.com\/product\/yoast-seo-premium-wordpress\/ -->\n<title>6LR61 Camelion Plus alkaline battery 9V - Obender<\/title>\n<meta name=\"robots\" content=\"index, follow, max-snippet:-1, max-image-preview:large, max-video-preview:-1\" \/>\n<link rel=\"canonical\" href=\"https:\/\/obender.eu\/toode\/camelion-plus-6lr61-9v-700mah-bl1\/\" \/>\n<meta property=\"og:locale\" content=\"en_US\" \/>\n<meta property=\"og:type\" content=\"article\" \/>\n<meta property=\"og:title\" content=\"6LR61 Camelion Plus alkaline battery 9V\" \/>\n<meta property=\"og:description\" content=\"6LR61 Camelion Plus alkaline battery 9V 700mAh SKU: 11000122 EAN: 4260033150066 For smoke detector palovaroitin\" \/>\n<meta property=\"og:url\" content=\"https:\/\/obender.eu\/toode\/camelion-plus-6lr61-9v-700mah-bl1\/\" \/>\n<meta property=\"og:site_name\" content=\"Obender\" \/>\n<meta property=\"article:modified_time\" content=\"2026-04-18T20:00:05+00:00\" \/>\n<meta property=\"og:image\" content=\"https:\/\/obender.eu\/wp-content\/uploads\/2020\/10\/PlusAlkaline-6LR61-BP1.jpg\" \/>\n\t<meta property=\"og:image:width\" content=\"450\" \/>\n\t<meta property=\"og:image:height\" content=\"450\" \/>\n\t<meta property=\"og:image:type\" content=\"image\/jpeg\" \/>\n<meta name=\"twitter:card\" content=\"summary_large_image\" \/>\n<meta name=\"twitter:label1\" content=\"Est. reading time\" \/>\n\t<meta name=\"twitter:data1\" content=\"1 minute\" \/>\n<script type=\"application\/ld+json\" class=\"yoast-schema-graph\">{\"@context\":\"https:\\\/\\\/schema.org\",\"@graph\":[{\"@type\":\"WebPage\",\"@id\":\"https:\\\/\\\/obender.eu\\\/toode\\\/camelion-plus-6lr61-9v-700mah-bl1\\\/\",\"url\":\"https:\\\/\\\/obender.eu\\\/toode\\\/camelion-plus-6lr61-9v-700mah-bl1\\\/\",\"name\":\"6LR61 Camelion Plus alkaline battery 9V - Obender\",\"isPartOf\":{\"@id\":\"https:\\\/\\\/www.obender.eu\\\/#website\"},\"primaryImageOfPage\":{\"@id\":\"https:\\\/\\\/obender.eu\\\/toode\\\/camelion-plus-6lr61-9v-700mah-bl1\\\/#primaryimage\"},\"image\":{\"@id\":\"https:\\\/\\\/obender.eu\\\/toode\\\/camelion-plus-6lr61-9v-700mah-bl1\\\/#primaryimage\"},\"thumbnailUrl\":\"https:\\\/\\\/obender.eu\\\/wp-content\\\/uploads\\\/2020\\\/10\\\/PlusAlkaline-6LR61-BP1.jpg\",\"datePublished\":\"2020-10-18T16:37:06+00:00\",\"dateModified\":\"2026-04-18T20:00:05+00:00\",\"breadcrumb\":{\"@id\":\"https:\\\/\\\/obender.eu\\\/toode\\\/camelion-plus-6lr61-9v-700mah-bl1\\\/#breadcrumb\"},\"inLanguage\":\"en-US\",\"potentialAction\":[{\"@type\":\"ReadAction\",\"target\":[\"https:\\\/\\\/obender.eu\\\/toode\\\/camelion-plus-6lr61-9v-700mah-bl1\\\/\"]}]},{\"@type\":\"ImageObject\",\"inLanguage\":\"en-US\",\"@id\":\"https:\\\/\\\/obender.eu\\\/toode\\\/camelion-plus-6lr61-9v-700mah-bl1\\\/#primaryimage\",\"url\":\"https:\\\/\\\/obender.eu\\\/wp-content\\\/uploads\\\/2020\\\/10\\\/PlusAlkaline-6LR61-BP1.jpg\",\"contentUrl\":\"https:\\\/\\\/obender.eu\\\/wp-content\\\/uploads\\\/2020\\\/10\\\/PlusAlkaline-6LR61-BP1.jpg\",\"width\":450,\"height\":450},{\"@type\":\"BreadcrumbList\",\"@id\":\"https:\\\/\\\/obender.eu\\\/toode\\\/camelion-plus-6lr61-9v-700mah-bl1\\\/#breadcrumb\",\"itemListElement\":[{\"@type\":\"ListItem\",\"position\":1,\"name\":\"Home\",\"item\":\"https:\\\/\\\/obender.eu\\\/en\\\/\"},{\"@type\":\"ListItem\",\"position\":2,\"name\":\"Tooted\",\"item\":\"https:\\\/\\\/www.obender.eu\\\/tooted\\\/\"},{\"@type\":\"ListItem\",\"position\":3,\"name\":\"6LR61 Camelion Plus alkaline battery 9V\"}]},{\"@type\":\"WebSite\",\"@id\":\"https:\\\/\\\/www.obender.eu\\\/#website\",\"url\":\"https:\\\/\\\/www.obender.eu\\\/\",\"name\":\"Obender\",\"description\":\"T\u00f6\u00f6stuskaupade hulgim\u00fc\u00fck\",\"potentialAction\":[{\"@type\":\"SearchAction\",\"target\":{\"@type\":\"EntryPoint\",\"urlTemplate\":\"https:\\\/\\\/www.obender.eu\\\/?s={search_term_string}\"},\"query-input\":{\"@type\":\"PropertyValueSpecification\",\"valueRequired\":true,\"valueName\":\"search_term_string\"}}],\"inLanguage\":\"en-US\"}]}<\/script>\n<!-- \/ Yoast SEO Premium plugin. -->","yoast_head_json":{"title":"6LR61 Camelion Plus alkaline battery 9V - Obender","robots":{"index":"index","follow":"follow","max-snippet":"max-snippet:-1","max-image-preview":"max-image-preview:large","max-video-preview":"max-video-preview:-1"},"canonical":"https:\/\/obender.eu\/toode\/camelion-plus-6lr61-9v-700mah-bl1\/","og_locale":"en_US","og_type":"article","og_title":"6LR61 Camelion Plus alkaline battery 9V","og_description":"6LR61 Camelion Plus alkaline battery 9V 700mAh SKU: 11000122 EAN: 4260033150066 For smoke detector palovaroitin","og_url":"https:\/\/obender.eu\/toode\/camelion-plus-6lr61-9v-700mah-bl1\/","og_site_name":"Obender","article_modified_time":"2026-04-18T20:00:05+00:00","og_image":[{"width":450,"height":450,"url":"https:\/\/obender.eu\/wp-content\/uploads\/2020\/10\/PlusAlkaline-6LR61-BP1.jpg","type":"image\/jpeg"}],"twitter_card":"summary_large_image","twitter_misc":{"Est. reading time":"1 minute"},"schema":{"@context":"https:\/\/schema.org","@graph":[{"@type":"WebPage","@id":"https:\/\/obender.eu\/toode\/camelion-plus-6lr61-9v-700mah-bl1\/","url":"https:\/\/obender.eu\/toode\/camelion-plus-6lr61-9v-700mah-bl1\/","name":"6LR61 Camelion Plus alkaline battery 9V - Obender","isPartOf":{"@id":"https:\/\/www.obender.eu\/#website"},"primaryImageOfPage":{"@id":"https:\/\/obender.eu\/toode\/camelion-plus-6lr61-9v-700mah-bl1\/#primaryimage"},"image":{"@id":"https:\/\/obender.eu\/toode\/camelion-plus-6lr61-9v-700mah-bl1\/#primaryimage"},"thumbnailUrl":"https:\/\/obender.eu\/wp-content\/uploads\/2020\/10\/PlusAlkaline-6LR61-BP1.jpg","datePublished":"2020-10-18T16:37:06+00:00","dateModified":"2026-04-18T20:00:05+00:00","breadcrumb":{"@id":"https:\/\/obender.eu\/toode\/camelion-plus-6lr61-9v-700mah-bl1\/#breadcrumb"},"inLanguage":"en-US","potentialAction":[{"@type":"ReadAction","target":["https:\/\/obender.eu\/toode\/camelion-plus-6lr61-9v-700mah-bl1\/"]}]},{"@type":"ImageObject","inLanguage":"en-US","@id":"https:\/\/obender.eu\/toode\/camelion-plus-6lr61-9v-700mah-bl1\/#primaryimage","url":"https:\/\/obender.eu\/wp-content\/uploads\/2020\/10\/PlusAlkaline-6LR61-BP1.jpg","contentUrl":"https:\/\/obender.eu\/wp-content\/uploads\/2020\/10\/PlusAlkaline-6LR61-BP1.jpg","width":450,"height":450},{"@type":"BreadcrumbList","@id":"https:\/\/obender.eu\/toode\/camelion-plus-6lr61-9v-700mah-bl1\/#breadcrumb","itemListElement":[{"@type":"ListItem","position":1,"name":"Home","item":"https:\/\/obender.eu\/en\/"},{"@type":"ListItem","position":2,"name":"Tooted","item":"https:\/\/www.obender.eu\/tooted\/"},{"@type":"ListItem","position":3,"name":"6LR61 Camelion Plus alkaline battery 9V"}]},{"@type":"WebSite","@id":"https:\/\/www.obender.eu\/#website","url":"https:\/\/www.obender.eu\/","name":"Obender","description":"T\u00f6\u00f6stuskaupade hulgim\u00fc\u00fck","potentialAction":[{"@type":"SearchAction","target":{"@type":"EntryPoint","urlTemplate":"https:\/\/www.obender.eu\/?s={search_term_string}"},"query-input":{"@type":"PropertyValueSpecification","valueRequired":true,"valueName":"search_term_string"}}],"inLanguage":"en-US"}]}},"_links":{"self":[{"href":"https:\/\/obender.eu\/en\/wp-json\/wp\/v2\/product\/15565","targetHints":{"allow":["GET"]}}],"collection":[{"href":"https:\/\/obender.eu\/en\/wp-json\/wp\/v2\/product"}],"about":[{"href":"https:\/\/obender.eu\/en\/wp-json\/wp\/v2\/types\/product"}],"version-history":[{"count":4,"href":"https:\/\/obender.eu\/en\/wp-json\/wp\/v2\/product\/15565\/revisions"}],"predecessor-version":[{"id":30974,"href":"https:\/\/obender.eu\/en\/wp-json\/wp\/v2\/product\/15565\/revisions\/30974"}],"wp:featuredmedia":[{"embeddable":true,"href":"https:\/\/obender.eu\/en\/wp-json\/wp\/v2\/media\/15563"}],"wp:attachment":[{"href":"https:\/\/obender.eu\/en\/wp-json\/wp\/v2\/media?parent=15565"}],"wp:term":[{"taxonomy":"product_brand","embeddable":true,"href":"https:\/\/obender.eu\/en\/wp-json\/wp\/v2\/product_brand?post=15565"},{"taxonomy":"product_cat","embeddable":true,"href":"https:\/\/obender.eu\/en\/wp-json\/wp\/v2\/product_cat?post=15565"},{"taxonomy":"product_tag","embeddable":true,"href":"https:\/\/obender.eu\/en\/wp-json\/wp\/v2\/product_tag?post=15565"}],"curies":[{"name":"wp","href":"https:\/\/api.w.org\/{rel}","templated":true}]}}