{"id":15642,"date":"2020-10-18T20:28:43","date_gmt":"2020-10-18T17:28:44","guid":{"rendered":"https:\/\/obender.eu\/?post_type=product&#038;p=15642"},"modified":"2026-04-18T23:00:06","modified_gmt":"2026-04-18T20:00:06","slug":"camelion-digi-lr03-aaa-15v-1250mah-bl4","status":"publish","type":"product","link":"https:\/\/obender.eu\/en\/toode\/camelion-digi-lr03-aaa-15v-1250mah-bl4\/","title":{"rendered":"Battery Camelion Digi alkaline AAA BL4"},"content":{"rendered":"<p>Battery Camelion Digi alkaline AAA<\/p>\n<p>VKB: 11210403<\/p>\n<p>LR03 AAA 1,5V 1250mAh BL4<\/p>\n<p>EAN: 4260033154545<\/p>\n","protected":false},"excerpt":{"rendered":"<p>Battery Camelion Digi alkaline AAA VKB: 11210403 LR03 AAA 1,5V 1250mAh BL4 EAN: 4260033154545<\/p>\n","protected":false},"featured_media":15644,"template":"","meta":[],"product_brand":[],"product_cat":[287,286],"product_tag":[680,873,631,681,874],"class_list":{"0":"post-15642","1":"product","2":"type-product","3":"status-publish","4":"has-post-thumbnail","6":"product_cat-alkaline-batteries","7":"product_cat-batteries","8":"product_tag-alkaline-en","9":"product_tag-battery-en","10":"product_tag-camelion-en","11":"product_tag-lr03-en","12":"product_tag-patarei-en","14":"first","15":"instock","16":"taxable","17":"shipping-taxable","18":"purchasable","19":"product-type-simple"},"yoast_head":"<!-- This site is optimized with the Yoast SEO Premium plugin v20.0 (Yoast SEO v27.4) - https:\/\/yoast.com\/product\/yoast-seo-premium-wordpress\/ -->\n<title>Battery Camelion Digi alkaline AAA BL4 - Obender<\/title>\n<meta name=\"robots\" content=\"index, follow, max-snippet:-1, max-image-preview:large, max-video-preview:-1\" \/>\n<link rel=\"canonical\" href=\"https:\/\/obender.eu\/en\/toode\/camelion-digi-lr03-aaa-15v-1250mah-bl4\/\" \/>\n<meta property=\"og:locale\" content=\"en_US\" \/>\n<meta property=\"og:type\" content=\"article\" \/>\n<meta property=\"og:title\" content=\"Battery Camelion Digi alkaline AAA BL4\" \/>\n<meta property=\"og:description\" content=\"Battery Camelion Digi alkaline AAA VKB: 11210403 LR03 AAA 1,5V 1250mAh BL4 EAN: 4260033154545\" \/>\n<meta property=\"og:url\" content=\"https:\/\/obender.eu\/en\/toode\/camelion-digi-lr03-aaa-15v-1250mah-bl4\/\" \/>\n<meta property=\"og:site_name\" content=\"Obender\" \/>\n<meta property=\"article:modified_time\" content=\"2026-04-18T20:00:06+00:00\" \/>\n<meta property=\"og:image\" content=\"https:\/\/obender.eu\/wp-content\/uploads\/2020\/10\/DigiAlkaline-LR03-BP4.jpg\" \/>\n\t<meta property=\"og:image:width\" content=\"450\" \/>\n\t<meta property=\"og:image:height\" content=\"450\" \/>\n\t<meta property=\"og:image:type\" content=\"image\/jpeg\" \/>\n<meta name=\"twitter:card\" content=\"summary_large_image\" \/>\n<meta name=\"twitter:label1\" content=\"Est. reading time\" \/>\n\t<meta name=\"twitter:data1\" content=\"1 minute\" \/>\n<script type=\"application\/ld+json\" class=\"yoast-schema-graph\">{\"@context\":\"https:\\\/\\\/schema.org\",\"@graph\":[{\"@type\":\"WebPage\",\"@id\":\"https:\\\/\\\/obender.eu\\\/en\\\/toode\\\/camelion-digi-lr03-aaa-15v-1250mah-bl4\\\/\",\"url\":\"https:\\\/\\\/obender.eu\\\/en\\\/toode\\\/camelion-digi-lr03-aaa-15v-1250mah-bl4\\\/\",\"name\":\"Battery Camelion Digi alkaline AAA BL4 - Obender\",\"isPartOf\":{\"@id\":\"https:\\\/\\\/www.obender.eu\\\/#website\"},\"primaryImageOfPage\":{\"@id\":\"https:\\\/\\\/obender.eu\\\/en\\\/toode\\\/camelion-digi-lr03-aaa-15v-1250mah-bl4\\\/#primaryimage\"},\"image\":{\"@id\":\"https:\\\/\\\/obender.eu\\\/en\\\/toode\\\/camelion-digi-lr03-aaa-15v-1250mah-bl4\\\/#primaryimage\"},\"thumbnailUrl\":\"https:\\\/\\\/obender.eu\\\/wp-content\\\/uploads\\\/2020\\\/10\\\/DigiAlkaline-LR03-BP4.jpg\",\"datePublished\":\"2020-10-18T17:28:44+00:00\",\"dateModified\":\"2026-04-18T20:00:06+00:00\",\"breadcrumb\":{\"@id\":\"https:\\\/\\\/obender.eu\\\/en\\\/toode\\\/camelion-digi-lr03-aaa-15v-1250mah-bl4\\\/#breadcrumb\"},\"inLanguage\":\"en-US\",\"potentialAction\":[{\"@type\":\"ReadAction\",\"target\":[\"https:\\\/\\\/obender.eu\\\/en\\\/toode\\\/camelion-digi-lr03-aaa-15v-1250mah-bl4\\\/\"]}]},{\"@type\":\"ImageObject\",\"inLanguage\":\"en-US\",\"@id\":\"https:\\\/\\\/obender.eu\\\/en\\\/toode\\\/camelion-digi-lr03-aaa-15v-1250mah-bl4\\\/#primaryimage\",\"url\":\"https:\\\/\\\/obender.eu\\\/wp-content\\\/uploads\\\/2020\\\/10\\\/DigiAlkaline-LR03-BP4.jpg\",\"contentUrl\":\"https:\\\/\\\/obender.eu\\\/wp-content\\\/uploads\\\/2020\\\/10\\\/DigiAlkaline-LR03-BP4.jpg\",\"width\":450,\"height\":450},{\"@type\":\"BreadcrumbList\",\"@id\":\"https:\\\/\\\/obender.eu\\\/en\\\/toode\\\/camelion-digi-lr03-aaa-15v-1250mah-bl4\\\/#breadcrumb\",\"itemListElement\":[{\"@type\":\"ListItem\",\"position\":1,\"name\":\"Home\",\"item\":\"https:\\\/\\\/obender.eu\\\/en\\\/\"},{\"@type\":\"ListItem\",\"position\":2,\"name\":\"Tooted\",\"item\":\"https:\\\/\\\/www.obender.eu\\\/tooted\\\/\"},{\"@type\":\"ListItem\",\"position\":3,\"name\":\"Battery Camelion Digi alkaline AAA BL4\"}]},{\"@type\":\"WebSite\",\"@id\":\"https:\\\/\\\/www.obender.eu\\\/#website\",\"url\":\"https:\\\/\\\/www.obender.eu\\\/\",\"name\":\"Obender\",\"description\":\"T\u00f6\u00f6stuskaupade hulgim\u00fc\u00fck\",\"potentialAction\":[{\"@type\":\"SearchAction\",\"target\":{\"@type\":\"EntryPoint\",\"urlTemplate\":\"https:\\\/\\\/www.obender.eu\\\/?s={search_term_string}\"},\"query-input\":{\"@type\":\"PropertyValueSpecification\",\"valueRequired\":true,\"valueName\":\"search_term_string\"}}],\"inLanguage\":\"en-US\"}]}<\/script>\n<!-- \/ Yoast SEO Premium plugin. -->","yoast_head_json":{"title":"Battery Camelion Digi alkaline AAA BL4 - Obender","robots":{"index":"index","follow":"follow","max-snippet":"max-snippet:-1","max-image-preview":"max-image-preview:large","max-video-preview":"max-video-preview:-1"},"canonical":"https:\/\/obender.eu\/en\/toode\/camelion-digi-lr03-aaa-15v-1250mah-bl4\/","og_locale":"en_US","og_type":"article","og_title":"Battery Camelion Digi alkaline AAA BL4","og_description":"Battery Camelion Digi alkaline AAA VKB: 11210403 LR03 AAA 1,5V 1250mAh BL4 EAN: 4260033154545","og_url":"https:\/\/obender.eu\/en\/toode\/camelion-digi-lr03-aaa-15v-1250mah-bl4\/","og_site_name":"Obender","article_modified_time":"2026-04-18T20:00:06+00:00","og_image":[{"width":450,"height":450,"url":"https:\/\/obender.eu\/wp-content\/uploads\/2020\/10\/DigiAlkaline-LR03-BP4.jpg","type":"image\/jpeg"}],"twitter_card":"summary_large_image","twitter_misc":{"Est. reading time":"1 minute"},"schema":{"@context":"https:\/\/schema.org","@graph":[{"@type":"WebPage","@id":"https:\/\/obender.eu\/en\/toode\/camelion-digi-lr03-aaa-15v-1250mah-bl4\/","url":"https:\/\/obender.eu\/en\/toode\/camelion-digi-lr03-aaa-15v-1250mah-bl4\/","name":"Battery Camelion Digi alkaline AAA BL4 - Obender","isPartOf":{"@id":"https:\/\/www.obender.eu\/#website"},"primaryImageOfPage":{"@id":"https:\/\/obender.eu\/en\/toode\/camelion-digi-lr03-aaa-15v-1250mah-bl4\/#primaryimage"},"image":{"@id":"https:\/\/obender.eu\/en\/toode\/camelion-digi-lr03-aaa-15v-1250mah-bl4\/#primaryimage"},"thumbnailUrl":"https:\/\/obender.eu\/wp-content\/uploads\/2020\/10\/DigiAlkaline-LR03-BP4.jpg","datePublished":"2020-10-18T17:28:44+00:00","dateModified":"2026-04-18T20:00:06+00:00","breadcrumb":{"@id":"https:\/\/obender.eu\/en\/toode\/camelion-digi-lr03-aaa-15v-1250mah-bl4\/#breadcrumb"},"inLanguage":"en-US","potentialAction":[{"@type":"ReadAction","target":["https:\/\/obender.eu\/en\/toode\/camelion-digi-lr03-aaa-15v-1250mah-bl4\/"]}]},{"@type":"ImageObject","inLanguage":"en-US","@id":"https:\/\/obender.eu\/en\/toode\/camelion-digi-lr03-aaa-15v-1250mah-bl4\/#primaryimage","url":"https:\/\/obender.eu\/wp-content\/uploads\/2020\/10\/DigiAlkaline-LR03-BP4.jpg","contentUrl":"https:\/\/obender.eu\/wp-content\/uploads\/2020\/10\/DigiAlkaline-LR03-BP4.jpg","width":450,"height":450},{"@type":"BreadcrumbList","@id":"https:\/\/obender.eu\/en\/toode\/camelion-digi-lr03-aaa-15v-1250mah-bl4\/#breadcrumb","itemListElement":[{"@type":"ListItem","position":1,"name":"Home","item":"https:\/\/obender.eu\/en\/"},{"@type":"ListItem","position":2,"name":"Tooted","item":"https:\/\/www.obender.eu\/tooted\/"},{"@type":"ListItem","position":3,"name":"Battery Camelion Digi alkaline AAA BL4"}]},{"@type":"WebSite","@id":"https:\/\/www.obender.eu\/#website","url":"https:\/\/www.obender.eu\/","name":"Obender","description":"T\u00f6\u00f6stuskaupade hulgim\u00fc\u00fck","potentialAction":[{"@type":"SearchAction","target":{"@type":"EntryPoint","urlTemplate":"https:\/\/www.obender.eu\/?s={search_term_string}"},"query-input":{"@type":"PropertyValueSpecification","valueRequired":true,"valueName":"search_term_string"}}],"inLanguage":"en-US"}]}},"_links":{"self":[{"href":"https:\/\/obender.eu\/en\/wp-json\/wp\/v2\/product\/15642","targetHints":{"allow":["GET"]}}],"collection":[{"href":"https:\/\/obender.eu\/en\/wp-json\/wp\/v2\/product"}],"about":[{"href":"https:\/\/obender.eu\/en\/wp-json\/wp\/v2\/types\/product"}],"version-history":[{"count":4,"href":"https:\/\/obender.eu\/en\/wp-json\/wp\/v2\/product\/15642\/revisions"}],"predecessor-version":[{"id":27300,"href":"https:\/\/obender.eu\/en\/wp-json\/wp\/v2\/product\/15642\/revisions\/27300"}],"wp:featuredmedia":[{"embeddable":true,"href":"https:\/\/obender.eu\/en\/wp-json\/wp\/v2\/media\/15644"}],"wp:attachment":[{"href":"https:\/\/obender.eu\/en\/wp-json\/wp\/v2\/media?parent=15642"}],"wp:term":[{"taxonomy":"product_brand","embeddable":true,"href":"https:\/\/obender.eu\/en\/wp-json\/wp\/v2\/product_brand?post=15642"},{"taxonomy":"product_cat","embeddable":true,"href":"https:\/\/obender.eu\/en\/wp-json\/wp\/v2\/product_cat?post=15642"},{"taxonomy":"product_tag","embeddable":true,"href":"https:\/\/obender.eu\/en\/wp-json\/wp\/v2\/product_tag?post=15642"}],"curies":[{"name":"wp","href":"https:\/\/api.w.org\/{rel}","templated":true}]}}