{"id":15780,"date":"2020-10-18T22:10:21","date_gmt":"2020-10-18T19:10:22","guid":{"rendered":"https:\/\/obender.eu\/?post_type=product&#038;p=15780"},"modified":"2026-04-19T13:00:54","modified_gmt":"2026-04-19T10:00:54","slug":"adapter-arcas-mini-1-pesa2xusb-2100ma","status":"publish","type":"product","link":"https:\/\/obender.eu\/en\/toode\/adapter-arcas-mini-1-pesa2xusb-2100ma\/","title":{"rendered":"Power adapter Arcas Mini 1 socket"},"content":{"rendered":"<p>Power adapter Arcas Mini 94710006<\/p>\n<p>1 socket 3,5kW 16A IP20<\/p>\n<p>2xUSB 2100mA<\/p>\n<p>EAN: 4260030258864<\/p>\n","protected":false},"excerpt":{"rendered":"<p>Power adapter Arcas Mini 94710006 1 socket 3,5kW 16A IP20 2xUSB 2100mA EAN: 4260030258864<\/p>\n","protected":false},"featured_media":15782,"template":"","meta":[],"product_brand":[],"product_cat":[294,293],"product_tag":[502,633],"class_list":{"0":"post-15780","1":"product","2":"type-product","3":"status-publish","4":"has-post-thumbnail","6":"product_cat-adapters","7":"product_cat-power-extension","8":"product_tag-adapter-en","9":"product_tag-arcas","11":"first","12":"instock","13":"taxable","14":"shipping-taxable","15":"purchasable","16":"product-type-simple"},"yoast_head":"<!-- This site is optimized with the Yoast SEO Premium plugin v20.0 (Yoast SEO v27.4) - https:\/\/yoast.com\/product\/yoast-seo-premium-wordpress\/ -->\n<title>Power adapter Arcas Mini 1 socket - Obender<\/title>\n<meta name=\"robots\" content=\"index, follow, max-snippet:-1, max-image-preview:large, max-video-preview:-1\" \/>\n<link rel=\"canonical\" href=\"https:\/\/obender.eu\/en\/toode\/adapter-arcas-mini-1-pesa2xusb-2100ma\/\" \/>\n<meta property=\"og:locale\" content=\"en_US\" \/>\n<meta property=\"og:type\" content=\"article\" \/>\n<meta property=\"og:title\" content=\"Power adapter Arcas Mini 1 socket\" \/>\n<meta property=\"og:description\" content=\"Power adapter Arcas Mini 94710006 1 socket 3,5kW 16A IP20 2xUSB 2100mA EAN: 4260030258864\" \/>\n<meta property=\"og:url\" content=\"https:\/\/obender.eu\/en\/toode\/adapter-arcas-mini-1-pesa2xusb-2100ma\/\" \/>\n<meta property=\"og:site_name\" content=\"Obender\" \/>\n<meta property=\"article:modified_time\" content=\"2026-04-19T10:00:54+00:00\" \/>\n<meta property=\"og:image\" content=\"https:\/\/obender.eu\/wp-content\/uploads\/2020\/10\/94710006.jpg\" \/>\n\t<meta property=\"og:image:width\" content=\"500\" \/>\n\t<meta property=\"og:image:height\" content=\"500\" \/>\n\t<meta property=\"og:image:type\" content=\"image\/jpeg\" \/>\n<meta name=\"twitter:card\" content=\"summary_large_image\" \/>\n<meta name=\"twitter:label1\" content=\"Est. reading time\" \/>\n\t<meta name=\"twitter:data1\" content=\"1 minute\" \/>\n<script type=\"application\/ld+json\" class=\"yoast-schema-graph\">{\"@context\":\"https:\\\/\\\/schema.org\",\"@graph\":[{\"@type\":\"WebPage\",\"@id\":\"https:\\\/\\\/obender.eu\\\/en\\\/toode\\\/adapter-arcas-mini-1-pesa2xusb-2100ma\\\/\",\"url\":\"https:\\\/\\\/obender.eu\\\/en\\\/toode\\\/adapter-arcas-mini-1-pesa2xusb-2100ma\\\/\",\"name\":\"Power adapter Arcas Mini 1 socket - Obender\",\"isPartOf\":{\"@id\":\"https:\\\/\\\/www.obender.eu\\\/#website\"},\"primaryImageOfPage\":{\"@id\":\"https:\\\/\\\/obender.eu\\\/en\\\/toode\\\/adapter-arcas-mini-1-pesa2xusb-2100ma\\\/#primaryimage\"},\"image\":{\"@id\":\"https:\\\/\\\/obender.eu\\\/en\\\/toode\\\/adapter-arcas-mini-1-pesa2xusb-2100ma\\\/#primaryimage\"},\"thumbnailUrl\":\"https:\\\/\\\/obender.eu\\\/wp-content\\\/uploads\\\/2020\\\/10\\\/94710006.jpg\",\"datePublished\":\"2020-10-18T19:10:22+00:00\",\"dateModified\":\"2026-04-19T10:00:54+00:00\",\"breadcrumb\":{\"@id\":\"https:\\\/\\\/obender.eu\\\/en\\\/toode\\\/adapter-arcas-mini-1-pesa2xusb-2100ma\\\/#breadcrumb\"},\"inLanguage\":\"en-US\",\"potentialAction\":[{\"@type\":\"ReadAction\",\"target\":[\"https:\\\/\\\/obender.eu\\\/en\\\/toode\\\/adapter-arcas-mini-1-pesa2xusb-2100ma\\\/\"]}]},{\"@type\":\"ImageObject\",\"inLanguage\":\"en-US\",\"@id\":\"https:\\\/\\\/obender.eu\\\/en\\\/toode\\\/adapter-arcas-mini-1-pesa2xusb-2100ma\\\/#primaryimage\",\"url\":\"https:\\\/\\\/obender.eu\\\/wp-content\\\/uploads\\\/2020\\\/10\\\/94710006.jpg\",\"contentUrl\":\"https:\\\/\\\/obender.eu\\\/wp-content\\\/uploads\\\/2020\\\/10\\\/94710006.jpg\",\"width\":500,\"height\":500},{\"@type\":\"BreadcrumbList\",\"@id\":\"https:\\\/\\\/obender.eu\\\/en\\\/toode\\\/adapter-arcas-mini-1-pesa2xusb-2100ma\\\/#breadcrumb\",\"itemListElement\":[{\"@type\":\"ListItem\",\"position\":1,\"name\":\"Home\",\"item\":\"https:\\\/\\\/obender.eu\\\/en\\\/\"},{\"@type\":\"ListItem\",\"position\":2,\"name\":\"Tooted\",\"item\":\"https:\\\/\\\/www.obender.eu\\\/tooted\\\/\"},{\"@type\":\"ListItem\",\"position\":3,\"name\":\"Power adapter Arcas Mini 1 socket\"}]},{\"@type\":\"WebSite\",\"@id\":\"https:\\\/\\\/www.obender.eu\\\/#website\",\"url\":\"https:\\\/\\\/www.obender.eu\\\/\",\"name\":\"Obender\",\"description\":\"T\u00f6\u00f6stuskaupade hulgim\u00fc\u00fck\",\"potentialAction\":[{\"@type\":\"SearchAction\",\"target\":{\"@type\":\"EntryPoint\",\"urlTemplate\":\"https:\\\/\\\/www.obender.eu\\\/?s={search_term_string}\"},\"query-input\":{\"@type\":\"PropertyValueSpecification\",\"valueRequired\":true,\"valueName\":\"search_term_string\"}}],\"inLanguage\":\"en-US\"}]}<\/script>\n<!-- \/ Yoast SEO Premium plugin. -->","yoast_head_json":{"title":"Power adapter Arcas Mini 1 socket - Obender","robots":{"index":"index","follow":"follow","max-snippet":"max-snippet:-1","max-image-preview":"max-image-preview:large","max-video-preview":"max-video-preview:-1"},"canonical":"https:\/\/obender.eu\/en\/toode\/adapter-arcas-mini-1-pesa2xusb-2100ma\/","og_locale":"en_US","og_type":"article","og_title":"Power adapter Arcas Mini 1 socket","og_description":"Power adapter Arcas Mini 94710006 1 socket 3,5kW 16A IP20 2xUSB 2100mA EAN: 4260030258864","og_url":"https:\/\/obender.eu\/en\/toode\/adapter-arcas-mini-1-pesa2xusb-2100ma\/","og_site_name":"Obender","article_modified_time":"2026-04-19T10:00:54+00:00","og_image":[{"width":500,"height":500,"url":"https:\/\/obender.eu\/wp-content\/uploads\/2020\/10\/94710006.jpg","type":"image\/jpeg"}],"twitter_card":"summary_large_image","twitter_misc":{"Est. reading time":"1 minute"},"schema":{"@context":"https:\/\/schema.org","@graph":[{"@type":"WebPage","@id":"https:\/\/obender.eu\/en\/toode\/adapter-arcas-mini-1-pesa2xusb-2100ma\/","url":"https:\/\/obender.eu\/en\/toode\/adapter-arcas-mini-1-pesa2xusb-2100ma\/","name":"Power adapter Arcas Mini 1 socket - Obender","isPartOf":{"@id":"https:\/\/www.obender.eu\/#website"},"primaryImageOfPage":{"@id":"https:\/\/obender.eu\/en\/toode\/adapter-arcas-mini-1-pesa2xusb-2100ma\/#primaryimage"},"image":{"@id":"https:\/\/obender.eu\/en\/toode\/adapter-arcas-mini-1-pesa2xusb-2100ma\/#primaryimage"},"thumbnailUrl":"https:\/\/obender.eu\/wp-content\/uploads\/2020\/10\/94710006.jpg","datePublished":"2020-10-18T19:10:22+00:00","dateModified":"2026-04-19T10:00:54+00:00","breadcrumb":{"@id":"https:\/\/obender.eu\/en\/toode\/adapter-arcas-mini-1-pesa2xusb-2100ma\/#breadcrumb"},"inLanguage":"en-US","potentialAction":[{"@type":"ReadAction","target":["https:\/\/obender.eu\/en\/toode\/adapter-arcas-mini-1-pesa2xusb-2100ma\/"]}]},{"@type":"ImageObject","inLanguage":"en-US","@id":"https:\/\/obender.eu\/en\/toode\/adapter-arcas-mini-1-pesa2xusb-2100ma\/#primaryimage","url":"https:\/\/obender.eu\/wp-content\/uploads\/2020\/10\/94710006.jpg","contentUrl":"https:\/\/obender.eu\/wp-content\/uploads\/2020\/10\/94710006.jpg","width":500,"height":500},{"@type":"BreadcrumbList","@id":"https:\/\/obender.eu\/en\/toode\/adapter-arcas-mini-1-pesa2xusb-2100ma\/#breadcrumb","itemListElement":[{"@type":"ListItem","position":1,"name":"Home","item":"https:\/\/obender.eu\/en\/"},{"@type":"ListItem","position":2,"name":"Tooted","item":"https:\/\/www.obender.eu\/tooted\/"},{"@type":"ListItem","position":3,"name":"Power adapter Arcas Mini 1 socket"}]},{"@type":"WebSite","@id":"https:\/\/www.obender.eu\/#website","url":"https:\/\/www.obender.eu\/","name":"Obender","description":"T\u00f6\u00f6stuskaupade hulgim\u00fc\u00fck","potentialAction":[{"@type":"SearchAction","target":{"@type":"EntryPoint","urlTemplate":"https:\/\/www.obender.eu\/?s={search_term_string}"},"query-input":{"@type":"PropertyValueSpecification","valueRequired":true,"valueName":"search_term_string"}}],"inLanguage":"en-US"}]}},"_links":{"self":[{"href":"https:\/\/obender.eu\/en\/wp-json\/wp\/v2\/product\/15780","targetHints":{"allow":["GET"]}}],"collection":[{"href":"https:\/\/obender.eu\/en\/wp-json\/wp\/v2\/product"}],"about":[{"href":"https:\/\/obender.eu\/en\/wp-json\/wp\/v2\/types\/product"}],"version-history":[{"count":3,"href":"https:\/\/obender.eu\/en\/wp-json\/wp\/v2\/product\/15780\/revisions"}],"predecessor-version":[{"id":23828,"href":"https:\/\/obender.eu\/en\/wp-json\/wp\/v2\/product\/15780\/revisions\/23828"}],"wp:featuredmedia":[{"embeddable":true,"href":"https:\/\/obender.eu\/en\/wp-json\/wp\/v2\/media\/15782"}],"wp:attachment":[{"href":"https:\/\/obender.eu\/en\/wp-json\/wp\/v2\/media?parent=15780"}],"wp:term":[{"taxonomy":"product_brand","embeddable":true,"href":"https:\/\/obender.eu\/en\/wp-json\/wp\/v2\/product_brand?post=15780"},{"taxonomy":"product_cat","embeddable":true,"href":"https:\/\/obender.eu\/en\/wp-json\/wp\/v2\/product_cat?post=15780"},{"taxonomy":"product_tag","embeddable":true,"href":"https:\/\/obender.eu\/en\/wp-json\/wp\/v2\/product_tag?post=15780"}],"curies":[{"name":"wp","href":"https:\/\/api.w.org\/{rel}","templated":true}]}}