{"id":15853,"date":"2020-10-20T19:09:59","date_gmt":"2020-10-20T16:09:59","guid":{"rendered":"https:\/\/obender.eu\/?post_type=product&#038;p=15853"},"modified":"2026-04-18T18:00:37","modified_gmt":"2026-04-18T15:00:37","slug":"smoke-detector-emos-gs536-3a-9v-kopeeri","status":"publish","type":"product","link":"https:\/\/obender.eu\/en\/toode\/smoke-detector-emos-gs536-3a-9v-kopeeri\/","title":{"rendered":"Smoke detector Emos GS558 wireless"},"content":{"rendered":"<p>Smoke detector Emos GS558<\/p>\n<p>EAN: 8592920036457<\/p>\n<p>GS558 smoke detectors can be connected wireless with each other, wireless range up to 20m.<\/p>\n<p>Frequency: 433,92 MHz<\/p>\n<p>Signaling type: optical and audible<\/p>\n<p>Signaling volume: &gt; 85 dB at a distance of 3 m<\/p>\n<p>Power supply: 2xAA battery (included)<\/p>\n<p>Working temperature: 10 \u00b0 C to 40 \u00b0 C<\/p>\n<p>Working humidity: 30-95%<\/p>\n<p>Dimensions: 120*120*35 mm<\/p>\n<p>Service life: 10 years<\/p>\n","protected":false},"excerpt":{"rendered":"<p>Smoke detector Emos GS558 EAN: 8592920036457 GS558 smoke detectors can be connected wireless with each other, wireless range up to<\/p>\n","protected":false},"featured_media":15857,"template":"","meta":[],"product_brand":[],"product_cat":[388,380],"product_tag":[667,643,642],"class_list":{"0":"post-15853","1":"product","2":"type-product","3":"status-publish","4":"has-post-thumbnail","6":"product_cat-detectors","7":"product_cat-home-and-office-equipment","8":"product_tag-emos-en","9":"product_tag-smoke-detector-en","10":"product_tag-suitsuandur-en","12":"first","13":"instock","14":"taxable","15":"shipping-taxable","16":"purchasable","17":"product-type-simple"},"yoast_head":"<!-- This site is optimized with the Yoast SEO Premium plugin v20.0 (Yoast SEO v27.4) - https:\/\/yoast.com\/product\/yoast-seo-premium-wordpress\/ -->\n<title>Smoke detector Emos GS558 wireless - Obender<\/title>\n<meta name=\"robots\" content=\"index, follow, max-snippet:-1, max-image-preview:large, max-video-preview:-1\" \/>\n<link rel=\"canonical\" href=\"https:\/\/obender.eu\/en\/toode\/smoke-detector-emos-gs536-3a-9v-kopeeri\/\" \/>\n<meta property=\"og:locale\" content=\"en_US\" \/>\n<meta property=\"og:type\" content=\"article\" \/>\n<meta property=\"og:title\" content=\"Smoke detector Emos GS558 wireless\" \/>\n<meta property=\"og:description\" content=\"Smoke detector Emos GS558 EAN: 8592920036457 GS558 smoke detectors can be connected wireless with each other, wireless range up to\" \/>\n<meta property=\"og:url\" content=\"https:\/\/obender.eu\/en\/toode\/smoke-detector-emos-gs536-3a-9v-kopeeri\/\" \/>\n<meta property=\"og:site_name\" content=\"Obender\" \/>\n<meta property=\"article:modified_time\" content=\"2026-04-18T15:00:37+00:00\" \/>\n<meta property=\"og:image\" content=\"https:\/\/obender.eu\/wp-content\/uploads\/2020\/10\/Emos-p56500.jpg\" \/>\n\t<meta property=\"og:image:width\" content=\"500\" \/>\n\t<meta property=\"og:image:height\" content=\"500\" \/>\n\t<meta property=\"og:image:type\" content=\"image\/jpeg\" \/>\n<meta name=\"twitter:card\" content=\"summary_large_image\" \/>\n<meta name=\"twitter:label1\" content=\"Est. reading time\" \/>\n\t<meta name=\"twitter:data1\" content=\"1 minute\" \/>\n<script type=\"application\/ld+json\" class=\"yoast-schema-graph\">{\"@context\":\"https:\\\/\\\/schema.org\",\"@graph\":[{\"@type\":\"WebPage\",\"@id\":\"https:\\\/\\\/obender.eu\\\/en\\\/toode\\\/smoke-detector-emos-gs536-3a-9v-kopeeri\\\/\",\"url\":\"https:\\\/\\\/obender.eu\\\/en\\\/toode\\\/smoke-detector-emos-gs536-3a-9v-kopeeri\\\/\",\"name\":\"Smoke detector Emos GS558 wireless - Obender\",\"isPartOf\":{\"@id\":\"https:\\\/\\\/www.obender.eu\\\/#website\"},\"primaryImageOfPage\":{\"@id\":\"https:\\\/\\\/obender.eu\\\/en\\\/toode\\\/smoke-detector-emos-gs536-3a-9v-kopeeri\\\/#primaryimage\"},\"image\":{\"@id\":\"https:\\\/\\\/obender.eu\\\/en\\\/toode\\\/smoke-detector-emos-gs536-3a-9v-kopeeri\\\/#primaryimage\"},\"thumbnailUrl\":\"https:\\\/\\\/obender.eu\\\/wp-content\\\/uploads\\\/2020\\\/10\\\/Emos-p56500.jpg\",\"datePublished\":\"2020-10-20T16:09:59+00:00\",\"dateModified\":\"2026-04-18T15:00:37+00:00\",\"breadcrumb\":{\"@id\":\"https:\\\/\\\/obender.eu\\\/en\\\/toode\\\/smoke-detector-emos-gs536-3a-9v-kopeeri\\\/#breadcrumb\"},\"inLanguage\":\"en-US\",\"potentialAction\":[{\"@type\":\"ReadAction\",\"target\":[\"https:\\\/\\\/obender.eu\\\/en\\\/toode\\\/smoke-detector-emos-gs536-3a-9v-kopeeri\\\/\"]}]},{\"@type\":\"ImageObject\",\"inLanguage\":\"en-US\",\"@id\":\"https:\\\/\\\/obender.eu\\\/en\\\/toode\\\/smoke-detector-emos-gs536-3a-9v-kopeeri\\\/#primaryimage\",\"url\":\"https:\\\/\\\/obender.eu\\\/wp-content\\\/uploads\\\/2020\\\/10\\\/Emos-p56500.jpg\",\"contentUrl\":\"https:\\\/\\\/obender.eu\\\/wp-content\\\/uploads\\\/2020\\\/10\\\/Emos-p56500.jpg\",\"width\":500,\"height\":500},{\"@type\":\"BreadcrumbList\",\"@id\":\"https:\\\/\\\/obender.eu\\\/en\\\/toode\\\/smoke-detector-emos-gs536-3a-9v-kopeeri\\\/#breadcrumb\",\"itemListElement\":[{\"@type\":\"ListItem\",\"position\":1,\"name\":\"Home\",\"item\":\"https:\\\/\\\/obender.eu\\\/en\\\/\"},{\"@type\":\"ListItem\",\"position\":2,\"name\":\"Tooted\",\"item\":\"https:\\\/\\\/www.obender.eu\\\/tooted\\\/\"},{\"@type\":\"ListItem\",\"position\":3,\"name\":\"Smoke detector Emos GS558 wireless\"}]},{\"@type\":\"WebSite\",\"@id\":\"https:\\\/\\\/www.obender.eu\\\/#website\",\"url\":\"https:\\\/\\\/www.obender.eu\\\/\",\"name\":\"Obender\",\"description\":\"T\u00f6\u00f6stuskaupade hulgim\u00fc\u00fck\",\"potentialAction\":[{\"@type\":\"SearchAction\",\"target\":{\"@type\":\"EntryPoint\",\"urlTemplate\":\"https:\\\/\\\/www.obender.eu\\\/?s={search_term_string}\"},\"query-input\":{\"@type\":\"PropertyValueSpecification\",\"valueRequired\":true,\"valueName\":\"search_term_string\"}}],\"inLanguage\":\"en-US\"}]}<\/script>\n<!-- \/ Yoast SEO Premium plugin. -->","yoast_head_json":{"title":"Smoke detector Emos GS558 wireless - Obender","robots":{"index":"index","follow":"follow","max-snippet":"max-snippet:-1","max-image-preview":"max-image-preview:large","max-video-preview":"max-video-preview:-1"},"canonical":"https:\/\/obender.eu\/en\/toode\/smoke-detector-emos-gs536-3a-9v-kopeeri\/","og_locale":"en_US","og_type":"article","og_title":"Smoke detector Emos GS558 wireless","og_description":"Smoke detector Emos GS558 EAN: 8592920036457 GS558 smoke detectors can be connected wireless with each other, wireless range up to","og_url":"https:\/\/obender.eu\/en\/toode\/smoke-detector-emos-gs536-3a-9v-kopeeri\/","og_site_name":"Obender","article_modified_time":"2026-04-18T15:00:37+00:00","og_image":[{"width":500,"height":500,"url":"https:\/\/obender.eu\/wp-content\/uploads\/2020\/10\/Emos-p56500.jpg","type":"image\/jpeg"}],"twitter_card":"summary_large_image","twitter_misc":{"Est. reading time":"1 minute"},"schema":{"@context":"https:\/\/schema.org","@graph":[{"@type":"WebPage","@id":"https:\/\/obender.eu\/en\/toode\/smoke-detector-emos-gs536-3a-9v-kopeeri\/","url":"https:\/\/obender.eu\/en\/toode\/smoke-detector-emos-gs536-3a-9v-kopeeri\/","name":"Smoke detector Emos GS558 wireless - Obender","isPartOf":{"@id":"https:\/\/www.obender.eu\/#website"},"primaryImageOfPage":{"@id":"https:\/\/obender.eu\/en\/toode\/smoke-detector-emos-gs536-3a-9v-kopeeri\/#primaryimage"},"image":{"@id":"https:\/\/obender.eu\/en\/toode\/smoke-detector-emos-gs536-3a-9v-kopeeri\/#primaryimage"},"thumbnailUrl":"https:\/\/obender.eu\/wp-content\/uploads\/2020\/10\/Emos-p56500.jpg","datePublished":"2020-10-20T16:09:59+00:00","dateModified":"2026-04-18T15:00:37+00:00","breadcrumb":{"@id":"https:\/\/obender.eu\/en\/toode\/smoke-detector-emos-gs536-3a-9v-kopeeri\/#breadcrumb"},"inLanguage":"en-US","potentialAction":[{"@type":"ReadAction","target":["https:\/\/obender.eu\/en\/toode\/smoke-detector-emos-gs536-3a-9v-kopeeri\/"]}]},{"@type":"ImageObject","inLanguage":"en-US","@id":"https:\/\/obender.eu\/en\/toode\/smoke-detector-emos-gs536-3a-9v-kopeeri\/#primaryimage","url":"https:\/\/obender.eu\/wp-content\/uploads\/2020\/10\/Emos-p56500.jpg","contentUrl":"https:\/\/obender.eu\/wp-content\/uploads\/2020\/10\/Emos-p56500.jpg","width":500,"height":500},{"@type":"BreadcrumbList","@id":"https:\/\/obender.eu\/en\/toode\/smoke-detector-emos-gs536-3a-9v-kopeeri\/#breadcrumb","itemListElement":[{"@type":"ListItem","position":1,"name":"Home","item":"https:\/\/obender.eu\/en\/"},{"@type":"ListItem","position":2,"name":"Tooted","item":"https:\/\/www.obender.eu\/tooted\/"},{"@type":"ListItem","position":3,"name":"Smoke detector Emos GS558 wireless"}]},{"@type":"WebSite","@id":"https:\/\/www.obender.eu\/#website","url":"https:\/\/www.obender.eu\/","name":"Obender","description":"T\u00f6\u00f6stuskaupade hulgim\u00fc\u00fck","potentialAction":[{"@type":"SearchAction","target":{"@type":"EntryPoint","urlTemplate":"https:\/\/www.obender.eu\/?s={search_term_string}"},"query-input":{"@type":"PropertyValueSpecification","valueRequired":true,"valueName":"search_term_string"}}],"inLanguage":"en-US"}]}},"_links":{"self":[{"href":"https:\/\/obender.eu\/en\/wp-json\/wp\/v2\/product\/15853","targetHints":{"allow":["GET"]}}],"collection":[{"href":"https:\/\/obender.eu\/en\/wp-json\/wp\/v2\/product"}],"about":[{"href":"https:\/\/obender.eu\/en\/wp-json\/wp\/v2\/types\/product"}],"version-history":[{"count":3,"href":"https:\/\/obender.eu\/en\/wp-json\/wp\/v2\/product\/15853\/revisions"}],"predecessor-version":[{"id":23809,"href":"https:\/\/obender.eu\/en\/wp-json\/wp\/v2\/product\/15853\/revisions\/23809"}],"wp:featuredmedia":[{"embeddable":true,"href":"https:\/\/obender.eu\/en\/wp-json\/wp\/v2\/media\/15857"}],"wp:attachment":[{"href":"https:\/\/obender.eu\/en\/wp-json\/wp\/v2\/media?parent=15853"}],"wp:term":[{"taxonomy":"product_brand","embeddable":true,"href":"https:\/\/obender.eu\/en\/wp-json\/wp\/v2\/product_brand?post=15853"},{"taxonomy":"product_cat","embeddable":true,"href":"https:\/\/obender.eu\/en\/wp-json\/wp\/v2\/product_cat?post=15853"},{"taxonomy":"product_tag","embeddable":true,"href":"https:\/\/obender.eu\/en\/wp-json\/wp\/v2\/product_tag?post=15853"}],"curies":[{"name":"wp","href":"https:\/\/api.w.org\/{rel}","templated":true}]}}