{"id":15956,"date":"2020-10-21T18:56:04","date_gmt":"2020-10-21T15:56:04","guid":{"rendered":"https:\/\/obender.eu\/toode\/toolamp-emos-5w-230v-kummikaabliga\/"},"modified":"2026-04-22T03:00:16","modified_gmt":"2026-04-22T00:00:16","slug":"toolamp-emos-5w-230v-kummikaabliga","status":"publish","type":"product","link":"https:\/\/obender.eu\/en\/toode\/toolamp-emos-5w-230v-kummikaabliga\/","title":{"rendered":"Work light Emos P4205 5W 230V rubber cable"},"content":{"rendered":"<p>Work light Emos P4205 5W 230V rubber cable<\/p>\n<p>EAN: 8592920032671<\/p>\n<p>Light source: 20*0,2W LED<\/p>\n<p>Size: 35*470mm<\/p>\n<p>IP20<\/p>\n<p>Voltage: 100V-240V<\/p>\n<p>Cable length 5m<\/p>\n","protected":false},"excerpt":{"rendered":"<p>Work light Emos P4205 5W 230V rubber cable EAN: 8592920032671 Light source: 20*0,2W LED Size: 35*470mm IP20 Voltage: 100V-240V Cable<\/p>\n","protected":false},"featured_media":15893,"template":"","meta":[],"product_brand":[],"product_cat":[373,308],"product_tag":[667,783,1026],"class_list":{"0":"post-15956","1":"product","2":"type-product","3":"status-publish","4":"has-post-thumbnail","6":"product_cat-tooriistad-ja-ehitus","7":"product_cat-industrial-luminaires","8":"product_tag-emos-en","9":"product_tag-toolamp-en","10":"product_tag-work-light-en","12":"first","13":"instock","14":"taxable","15":"shipping-taxable","16":"purchasable","17":"product-type-simple"},"yoast_head":"<!-- This site is optimized with the Yoast SEO Premium plugin v20.0 (Yoast SEO v27.4) - https:\/\/yoast.com\/product\/yoast-seo-premium-wordpress\/ -->\n<title>Work light Emos P4205 5W 230V rubber cable - Obender<\/title>\n<meta name=\"robots\" content=\"index, follow, max-snippet:-1, max-image-preview:large, max-video-preview:-1\" \/>\n<link rel=\"canonical\" href=\"https:\/\/obender.eu\/en\/toode\/toolamp-emos-5w-230v-kummikaabliga\/\" \/>\n<meta property=\"og:locale\" content=\"en_US\" \/>\n<meta property=\"og:type\" content=\"article\" \/>\n<meta property=\"og:title\" content=\"Work light Emos P4205 5W 230V rubber cable\" \/>\n<meta property=\"og:description\" content=\"Work light Emos P4205 5W 230V rubber cable EAN: 8592920032671 Light source: 20*0,2W LED Size: 35*470mm IP20 Voltage: 100V-240V Cable\" \/>\n<meta property=\"og:url\" content=\"https:\/\/obender.eu\/en\/toode\/toolamp-emos-5w-230v-kummikaabliga\/\" \/>\n<meta property=\"og:site_name\" content=\"Obender\" \/>\n<meta property=\"article:modified_time\" content=\"2026-04-22T00:00:16+00:00\" \/>\n<meta property=\"og:image\" content=\"https:\/\/obender.eu\/wp-content\/uploads\/2020\/10\/8592920032671.jpg\" \/>\n\t<meta property=\"og:image:width\" content=\"500\" \/>\n\t<meta property=\"og:image:height\" content=\"500\" \/>\n\t<meta property=\"og:image:type\" content=\"image\/jpeg\" \/>\n<meta name=\"twitter:card\" content=\"summary_large_image\" \/>\n<meta name=\"twitter:label1\" content=\"Est. reading time\" \/>\n\t<meta name=\"twitter:data1\" content=\"1 minute\" \/>\n<script type=\"application\/ld+json\" class=\"yoast-schema-graph\">{\"@context\":\"https:\\\/\\\/schema.org\",\"@graph\":[{\"@type\":\"WebPage\",\"@id\":\"https:\\\/\\\/obender.eu\\\/en\\\/toode\\\/toolamp-emos-5w-230v-kummikaabliga\\\/\",\"url\":\"https:\\\/\\\/obender.eu\\\/en\\\/toode\\\/toolamp-emos-5w-230v-kummikaabliga\\\/\",\"name\":\"Work light Emos P4205 5W 230V rubber cable - Obender\",\"isPartOf\":{\"@id\":\"https:\\\/\\\/www.obender.eu\\\/#website\"},\"primaryImageOfPage\":{\"@id\":\"https:\\\/\\\/obender.eu\\\/en\\\/toode\\\/toolamp-emos-5w-230v-kummikaabliga\\\/#primaryimage\"},\"image\":{\"@id\":\"https:\\\/\\\/obender.eu\\\/en\\\/toode\\\/toolamp-emos-5w-230v-kummikaabliga\\\/#primaryimage\"},\"thumbnailUrl\":\"https:\\\/\\\/obender.eu\\\/wp-content\\\/uploads\\\/2020\\\/10\\\/8592920032671.jpg\",\"datePublished\":\"2020-10-21T15:56:04+00:00\",\"dateModified\":\"2026-04-22T00:00:16+00:00\",\"breadcrumb\":{\"@id\":\"https:\\\/\\\/obender.eu\\\/en\\\/toode\\\/toolamp-emos-5w-230v-kummikaabliga\\\/#breadcrumb\"},\"inLanguage\":\"en-US\",\"potentialAction\":[{\"@type\":\"ReadAction\",\"target\":[\"https:\\\/\\\/obender.eu\\\/en\\\/toode\\\/toolamp-emos-5w-230v-kummikaabliga\\\/\"]}]},{\"@type\":\"ImageObject\",\"inLanguage\":\"en-US\",\"@id\":\"https:\\\/\\\/obender.eu\\\/en\\\/toode\\\/toolamp-emos-5w-230v-kummikaabliga\\\/#primaryimage\",\"url\":\"https:\\\/\\\/obender.eu\\\/wp-content\\\/uploads\\\/2020\\\/10\\\/8592920032671.jpg\",\"contentUrl\":\"https:\\\/\\\/obender.eu\\\/wp-content\\\/uploads\\\/2020\\\/10\\\/8592920032671.jpg\",\"width\":500,\"height\":500},{\"@type\":\"BreadcrumbList\",\"@id\":\"https:\\\/\\\/obender.eu\\\/en\\\/toode\\\/toolamp-emos-5w-230v-kummikaabliga\\\/#breadcrumb\",\"itemListElement\":[{\"@type\":\"ListItem\",\"position\":1,\"name\":\"Home\",\"item\":\"https:\\\/\\\/obender.eu\\\/en\\\/\"},{\"@type\":\"ListItem\",\"position\":2,\"name\":\"Tooted\",\"item\":\"https:\\\/\\\/www.obender.eu\\\/tooted\\\/\"},{\"@type\":\"ListItem\",\"position\":3,\"name\":\"Work light Emos P4205 5W 230V rubber cable\"}]},{\"@type\":\"WebSite\",\"@id\":\"https:\\\/\\\/www.obender.eu\\\/#website\",\"url\":\"https:\\\/\\\/www.obender.eu\\\/\",\"name\":\"Obender\",\"description\":\"T\u00f6\u00f6stuskaupade hulgim\u00fc\u00fck\",\"potentialAction\":[{\"@type\":\"SearchAction\",\"target\":{\"@type\":\"EntryPoint\",\"urlTemplate\":\"https:\\\/\\\/www.obender.eu\\\/?s={search_term_string}\"},\"query-input\":{\"@type\":\"PropertyValueSpecification\",\"valueRequired\":true,\"valueName\":\"search_term_string\"}}],\"inLanguage\":\"en-US\"}]}<\/script>\n<!-- \/ Yoast SEO Premium plugin. -->","yoast_head_json":{"title":"Work light Emos P4205 5W 230V rubber cable - Obender","robots":{"index":"index","follow":"follow","max-snippet":"max-snippet:-1","max-image-preview":"max-image-preview:large","max-video-preview":"max-video-preview:-1"},"canonical":"https:\/\/obender.eu\/en\/toode\/toolamp-emos-5w-230v-kummikaabliga\/","og_locale":"en_US","og_type":"article","og_title":"Work light Emos P4205 5W 230V rubber cable","og_description":"Work light Emos P4205 5W 230V rubber cable EAN: 8592920032671 Light source: 20*0,2W LED Size: 35*470mm IP20 Voltage: 100V-240V Cable","og_url":"https:\/\/obender.eu\/en\/toode\/toolamp-emos-5w-230v-kummikaabliga\/","og_site_name":"Obender","article_modified_time":"2026-04-22T00:00:16+00:00","og_image":[{"width":500,"height":500,"url":"https:\/\/obender.eu\/wp-content\/uploads\/2020\/10\/8592920032671.jpg","type":"image\/jpeg"}],"twitter_card":"summary_large_image","twitter_misc":{"Est. reading time":"1 minute"},"schema":{"@context":"https:\/\/schema.org","@graph":[{"@type":"WebPage","@id":"https:\/\/obender.eu\/en\/toode\/toolamp-emos-5w-230v-kummikaabliga\/","url":"https:\/\/obender.eu\/en\/toode\/toolamp-emos-5w-230v-kummikaabliga\/","name":"Work light Emos P4205 5W 230V rubber cable - Obender","isPartOf":{"@id":"https:\/\/www.obender.eu\/#website"},"primaryImageOfPage":{"@id":"https:\/\/obender.eu\/en\/toode\/toolamp-emos-5w-230v-kummikaabliga\/#primaryimage"},"image":{"@id":"https:\/\/obender.eu\/en\/toode\/toolamp-emos-5w-230v-kummikaabliga\/#primaryimage"},"thumbnailUrl":"https:\/\/obender.eu\/wp-content\/uploads\/2020\/10\/8592920032671.jpg","datePublished":"2020-10-21T15:56:04+00:00","dateModified":"2026-04-22T00:00:16+00:00","breadcrumb":{"@id":"https:\/\/obender.eu\/en\/toode\/toolamp-emos-5w-230v-kummikaabliga\/#breadcrumb"},"inLanguage":"en-US","potentialAction":[{"@type":"ReadAction","target":["https:\/\/obender.eu\/en\/toode\/toolamp-emos-5w-230v-kummikaabliga\/"]}]},{"@type":"ImageObject","inLanguage":"en-US","@id":"https:\/\/obender.eu\/en\/toode\/toolamp-emos-5w-230v-kummikaabliga\/#primaryimage","url":"https:\/\/obender.eu\/wp-content\/uploads\/2020\/10\/8592920032671.jpg","contentUrl":"https:\/\/obender.eu\/wp-content\/uploads\/2020\/10\/8592920032671.jpg","width":500,"height":500},{"@type":"BreadcrumbList","@id":"https:\/\/obender.eu\/en\/toode\/toolamp-emos-5w-230v-kummikaabliga\/#breadcrumb","itemListElement":[{"@type":"ListItem","position":1,"name":"Home","item":"https:\/\/obender.eu\/en\/"},{"@type":"ListItem","position":2,"name":"Tooted","item":"https:\/\/www.obender.eu\/tooted\/"},{"@type":"ListItem","position":3,"name":"Work light Emos P4205 5W 230V rubber cable"}]},{"@type":"WebSite","@id":"https:\/\/www.obender.eu\/#website","url":"https:\/\/www.obender.eu\/","name":"Obender","description":"T\u00f6\u00f6stuskaupade hulgim\u00fc\u00fck","potentialAction":[{"@type":"SearchAction","target":{"@type":"EntryPoint","urlTemplate":"https:\/\/www.obender.eu\/?s={search_term_string}"},"query-input":{"@type":"PropertyValueSpecification","valueRequired":true,"valueName":"search_term_string"}}],"inLanguage":"en-US"}]}},"_links":{"self":[{"href":"https:\/\/obender.eu\/en\/wp-json\/wp\/v2\/product\/15956","targetHints":{"allow":["GET"]}}],"collection":[{"href":"https:\/\/obender.eu\/en\/wp-json\/wp\/v2\/product"}],"about":[{"href":"https:\/\/obender.eu\/en\/wp-json\/wp\/v2\/types\/product"}],"version-history":[{"count":4,"href":"https:\/\/obender.eu\/en\/wp-json\/wp\/v2\/product\/15956\/revisions"}],"predecessor-version":[{"id":23787,"href":"https:\/\/obender.eu\/en\/wp-json\/wp\/v2\/product\/15956\/revisions\/23787"}],"wp:featuredmedia":[{"embeddable":true,"href":"https:\/\/obender.eu\/en\/wp-json\/wp\/v2\/media\/15893"}],"wp:attachment":[{"href":"https:\/\/obender.eu\/en\/wp-json\/wp\/v2\/media?parent=15956"}],"wp:term":[{"taxonomy":"product_brand","embeddable":true,"href":"https:\/\/obender.eu\/en\/wp-json\/wp\/v2\/product_brand?post=15956"},{"taxonomy":"product_cat","embeddable":true,"href":"https:\/\/obender.eu\/en\/wp-json\/wp\/v2\/product_cat?post=15956"},{"taxonomy":"product_tag","embeddable":true,"href":"https:\/\/obender.eu\/en\/wp-json\/wp\/v2\/product_tag?post=15956"}],"curies":[{"name":"wp","href":"https:\/\/api.w.org\/{rel}","templated":true}]}}