{"id":16149,"date":"2021-03-11T19:20:54","date_gmt":"2021-03-11T17:20:54","guid":{"rendered":"https:\/\/obender.eu\/toode\/gaasi-matkapliit\/"},"modified":"2026-04-22T10:00:37","modified_gmt":"2026-04-22T07:00:37","slug":"gaasi-matkapliit","status":"publish","type":"product","link":"https:\/\/obender.eu\/en\/toode\/gaasi-matkapliit\/","title":{"rendered":"Camping stove B-Camping"},"content":{"rendered":"<p>Camping stove B-Camping B35925<\/p>\n<p>Gas cooker<\/p>\n<p>Painted steel body<\/p>\n<p>Integrated electric igniter (piezo ignition)<\/p>\n<p>Dimensions: 34.5 x 28 x 11 cm<\/p>\n<p>Net weight: approx. 1.35 kg<\/p>\n<p>Gross weight: approx. 1.80 kg<\/p>\n<p>Gas consumption: approx. 155g\/h<\/p>\n<p>max. power: 2.1 KW<\/p>\n<p>Heat efficiency: 55%<\/p>\n<p>Possible integrate 227g gas cylinder<\/p>\n<p>Possible to connect larger gas cartridge with adapter<\/p>\n<p>EAN: 4250293359255<\/p>\n","protected":false},"excerpt":{"rendered":"<p>Camping stove B-Camping B35925 Gas cooker Painted steel body Integrated electric igniter (piezo ignition) Dimensions: 34.5 x 28 x 11<\/p>\n","protected":false},"featured_media":16133,"template":"","meta":[],"product_brand":[],"product_cat":[1634,335],"product_tag":[559,1538,722,723],"class_list":{"0":"post-16149","1":"product","2":"type-product","3":"status-publish","4":"has-post-thumbnail","6":"product_cat-gas-and-appliances","7":"product_cat-sports-and-leisure","8":"product_tag-camping-en","9":"product_tag-camping-stove-en","10":"product_tag-gaasipliit-en","11":"product_tag-matkapliit-en","13":"first","14":"instock","15":"taxable","16":"shipping-taxable","17":"purchasable","18":"product-type-simple"},"yoast_head":"<!-- This site is optimized with the Yoast SEO Premium plugin v20.0 (Yoast SEO v27.4) - https:\/\/yoast.com\/product\/yoast-seo-premium-wordpress\/ -->\n<title>Camping stove B-Camping - Obender<\/title>\n<meta name=\"robots\" content=\"index, follow, max-snippet:-1, max-image-preview:large, max-video-preview:-1\" \/>\n<link rel=\"canonical\" href=\"https:\/\/obender.eu\/en\/toode\/gaasi-matkapliit\/\" \/>\n<meta property=\"og:locale\" content=\"en_US\" \/>\n<meta property=\"og:type\" content=\"article\" \/>\n<meta property=\"og:title\" content=\"Camping stove B-Camping\" \/>\n<meta property=\"og:description\" content=\"Camping stove B-Camping B35925 Gas cooker Painted steel body Integrated electric igniter (piezo ignition) Dimensions: 34.5 x 28 x 11\" \/>\n<meta property=\"og:url\" content=\"https:\/\/obender.eu\/en\/toode\/gaasi-matkapliit\/\" \/>\n<meta property=\"og:site_name\" content=\"Obender\" \/>\n<meta property=\"article:modified_time\" content=\"2026-04-22T07:00:37+00:00\" \/>\n<meta property=\"og:image\" content=\"https:\/\/obender.eu\/wp-content\/uploads\/2021\/03\/4021636296502.jpg\" \/>\n\t<meta property=\"og:image:width\" content=\"800\" \/>\n\t<meta property=\"og:image:height\" content=\"800\" \/>\n\t<meta property=\"og:image:type\" content=\"image\/jpeg\" \/>\n<meta name=\"twitter:card\" content=\"summary_large_image\" \/>\n<meta name=\"twitter:label1\" content=\"Est. reading time\" \/>\n\t<meta name=\"twitter:data1\" content=\"1 minute\" \/>\n<script type=\"application\/ld+json\" class=\"yoast-schema-graph\">{\"@context\":\"https:\\\/\\\/schema.org\",\"@graph\":[{\"@type\":\"WebPage\",\"@id\":\"https:\\\/\\\/obender.eu\\\/en\\\/toode\\\/gaasi-matkapliit\\\/\",\"url\":\"https:\\\/\\\/obender.eu\\\/en\\\/toode\\\/gaasi-matkapliit\\\/\",\"name\":\"Camping stove B-Camping - Obender\",\"isPartOf\":{\"@id\":\"https:\\\/\\\/www.obender.eu\\\/#website\"},\"primaryImageOfPage\":{\"@id\":\"https:\\\/\\\/obender.eu\\\/en\\\/toode\\\/gaasi-matkapliit\\\/#primaryimage\"},\"image\":{\"@id\":\"https:\\\/\\\/obender.eu\\\/en\\\/toode\\\/gaasi-matkapliit\\\/#primaryimage\"},\"thumbnailUrl\":\"https:\\\/\\\/obender.eu\\\/wp-content\\\/uploads\\\/2021\\\/03\\\/4021636296502.jpg\",\"datePublished\":\"2021-03-11T17:20:54+00:00\",\"dateModified\":\"2026-04-22T07:00:37+00:00\",\"breadcrumb\":{\"@id\":\"https:\\\/\\\/obender.eu\\\/en\\\/toode\\\/gaasi-matkapliit\\\/#breadcrumb\"},\"inLanguage\":\"en-US\",\"potentialAction\":[{\"@type\":\"ReadAction\",\"target\":[\"https:\\\/\\\/obender.eu\\\/en\\\/toode\\\/gaasi-matkapliit\\\/\"]}]},{\"@type\":\"ImageObject\",\"inLanguage\":\"en-US\",\"@id\":\"https:\\\/\\\/obender.eu\\\/en\\\/toode\\\/gaasi-matkapliit\\\/#primaryimage\",\"url\":\"https:\\\/\\\/obender.eu\\\/wp-content\\\/uploads\\\/2021\\\/03\\\/4021636296502.jpg\",\"contentUrl\":\"https:\\\/\\\/obender.eu\\\/wp-content\\\/uploads\\\/2021\\\/03\\\/4021636296502.jpg\",\"width\":800,\"height\":800},{\"@type\":\"BreadcrumbList\",\"@id\":\"https:\\\/\\\/obender.eu\\\/en\\\/toode\\\/gaasi-matkapliit\\\/#breadcrumb\",\"itemListElement\":[{\"@type\":\"ListItem\",\"position\":1,\"name\":\"Home\",\"item\":\"https:\\\/\\\/obender.eu\\\/en\\\/\"},{\"@type\":\"ListItem\",\"position\":2,\"name\":\"Tooted\",\"item\":\"https:\\\/\\\/www.obender.eu\\\/tooted\\\/\"},{\"@type\":\"ListItem\",\"position\":3,\"name\":\"Camping stove B-Camping\"}]},{\"@type\":\"WebSite\",\"@id\":\"https:\\\/\\\/www.obender.eu\\\/#website\",\"url\":\"https:\\\/\\\/www.obender.eu\\\/\",\"name\":\"Obender\",\"description\":\"T\u00f6\u00f6stuskaupade hulgim\u00fc\u00fck\",\"potentialAction\":[{\"@type\":\"SearchAction\",\"target\":{\"@type\":\"EntryPoint\",\"urlTemplate\":\"https:\\\/\\\/www.obender.eu\\\/?s={search_term_string}\"},\"query-input\":{\"@type\":\"PropertyValueSpecification\",\"valueRequired\":true,\"valueName\":\"search_term_string\"}}],\"inLanguage\":\"en-US\"}]}<\/script>\n<!-- \/ Yoast SEO Premium plugin. -->","yoast_head_json":{"title":"Camping stove B-Camping - Obender","robots":{"index":"index","follow":"follow","max-snippet":"max-snippet:-1","max-image-preview":"max-image-preview:large","max-video-preview":"max-video-preview:-1"},"canonical":"https:\/\/obender.eu\/en\/toode\/gaasi-matkapliit\/","og_locale":"en_US","og_type":"article","og_title":"Camping stove B-Camping","og_description":"Camping stove B-Camping B35925 Gas cooker Painted steel body Integrated electric igniter (piezo ignition) Dimensions: 34.5 x 28 x 11","og_url":"https:\/\/obender.eu\/en\/toode\/gaasi-matkapliit\/","og_site_name":"Obender","article_modified_time":"2026-04-22T07:00:37+00:00","og_image":[{"width":800,"height":800,"url":"https:\/\/obender.eu\/wp-content\/uploads\/2021\/03\/4021636296502.jpg","type":"image\/jpeg"}],"twitter_card":"summary_large_image","twitter_misc":{"Est. reading time":"1 minute"},"schema":{"@context":"https:\/\/schema.org","@graph":[{"@type":"WebPage","@id":"https:\/\/obender.eu\/en\/toode\/gaasi-matkapliit\/","url":"https:\/\/obender.eu\/en\/toode\/gaasi-matkapliit\/","name":"Camping stove B-Camping - Obender","isPartOf":{"@id":"https:\/\/www.obender.eu\/#website"},"primaryImageOfPage":{"@id":"https:\/\/obender.eu\/en\/toode\/gaasi-matkapliit\/#primaryimage"},"image":{"@id":"https:\/\/obender.eu\/en\/toode\/gaasi-matkapliit\/#primaryimage"},"thumbnailUrl":"https:\/\/obender.eu\/wp-content\/uploads\/2021\/03\/4021636296502.jpg","datePublished":"2021-03-11T17:20:54+00:00","dateModified":"2026-04-22T07:00:37+00:00","breadcrumb":{"@id":"https:\/\/obender.eu\/en\/toode\/gaasi-matkapliit\/#breadcrumb"},"inLanguage":"en-US","potentialAction":[{"@type":"ReadAction","target":["https:\/\/obender.eu\/en\/toode\/gaasi-matkapliit\/"]}]},{"@type":"ImageObject","inLanguage":"en-US","@id":"https:\/\/obender.eu\/en\/toode\/gaasi-matkapliit\/#primaryimage","url":"https:\/\/obender.eu\/wp-content\/uploads\/2021\/03\/4021636296502.jpg","contentUrl":"https:\/\/obender.eu\/wp-content\/uploads\/2021\/03\/4021636296502.jpg","width":800,"height":800},{"@type":"BreadcrumbList","@id":"https:\/\/obender.eu\/en\/toode\/gaasi-matkapliit\/#breadcrumb","itemListElement":[{"@type":"ListItem","position":1,"name":"Home","item":"https:\/\/obender.eu\/en\/"},{"@type":"ListItem","position":2,"name":"Tooted","item":"https:\/\/www.obender.eu\/tooted\/"},{"@type":"ListItem","position":3,"name":"Camping stove B-Camping"}]},{"@type":"WebSite","@id":"https:\/\/www.obender.eu\/#website","url":"https:\/\/www.obender.eu\/","name":"Obender","description":"T\u00f6\u00f6stuskaupade hulgim\u00fc\u00fck","potentialAction":[{"@type":"SearchAction","target":{"@type":"EntryPoint","urlTemplate":"https:\/\/www.obender.eu\/?s={search_term_string}"},"query-input":{"@type":"PropertyValueSpecification","valueRequired":true,"valueName":"search_term_string"}}],"inLanguage":"en-US"}]}},"_links":{"self":[{"href":"https:\/\/obender.eu\/en\/wp-json\/wp\/v2\/product\/16149","targetHints":{"allow":["GET"]}}],"collection":[{"href":"https:\/\/obender.eu\/en\/wp-json\/wp\/v2\/product"}],"about":[{"href":"https:\/\/obender.eu\/en\/wp-json\/wp\/v2\/types\/product"}],"version-history":[{"count":5,"href":"https:\/\/obender.eu\/en\/wp-json\/wp\/v2\/product\/16149\/revisions"}],"predecessor-version":[{"id":30892,"href":"https:\/\/obender.eu\/en\/wp-json\/wp\/v2\/product\/16149\/revisions\/30892"}],"wp:featuredmedia":[{"embeddable":true,"href":"https:\/\/obender.eu\/en\/wp-json\/wp\/v2\/media\/16133"}],"wp:attachment":[{"href":"https:\/\/obender.eu\/en\/wp-json\/wp\/v2\/media?parent=16149"}],"wp:term":[{"taxonomy":"product_brand","embeddable":true,"href":"https:\/\/obender.eu\/en\/wp-json\/wp\/v2\/product_brand?post=16149"},{"taxonomy":"product_cat","embeddable":true,"href":"https:\/\/obender.eu\/en\/wp-json\/wp\/v2\/product_cat?post=16149"},{"taxonomy":"product_tag","embeddable":true,"href":"https:\/\/obender.eu\/en\/wp-json\/wp\/v2\/product_tag?post=16149"}],"curies":[{"name":"wp","href":"https:\/\/api.w.org\/{rel}","templated":true}]}}