{"id":16279,"date":"2021-03-31T02:24:11","date_gmt":"2021-03-30T23:24:11","guid":{"rendered":"https:\/\/obender.eu\/?post_type=product&#038;p=16279"},"modified":"2026-04-20T03:00:18","modified_gmt":"2026-04-20T00:00:18","slug":"pealamp-varta-17732-h20-pro-purunematu-1w-3aaa","status":"publish","type":"product","link":"https:\/\/obender.eu\/en\/toode\/pealamp-varta-17732-h20-pro-purunematu-1w-3aaa\/","title":{"rendered":"Headlamp Varta H20 Pro indestructible 1W 3AAA"},"content":{"rendered":"<p>Pealamp Varta H20 Pro Indestructible 1W 3AAA<\/p>\n<p>Varta SKU 17732101421<\/p>\n<p>EAN: 4008496987177<\/p>\n<p>Housing: ABS plastic, PC, TPR, IP67, swivel head<\/p>\n<p>3m drop impact resistance, IK08 (IEC62262)<\/p>\n<p>Impact resistant lens and reflector<\/p>\n<p>Size: 47*68*37mm, 75g<\/p>\n<p>Light source: 1W LED, two light modes<\/p>\n<p>Luminous intensity: 350lm<\/p>\n<p>Beam range: 100m<\/p>\n<p>Run time: 23h<\/p>\n<p>Energy source: 3*AAA alkaline batteries<\/p>\n","protected":false},"excerpt":{"rendered":"<p>Pealamp Varta H20 Pro Indestructible 1W 3AAA Varta SKU 17732101421 EAN: 4008496987177 Housing: ABS plastic, PC, TPR, IP67, swivel head<\/p>\n","protected":false},"featured_media":17876,"template":"","meta":[],"product_brand":[],"product_cat":[373,320,335,308],"product_tag":[624,625,494],"class_list":{"0":"post-16279","1":"product","2":"type-product","3":"status-publish","4":"has-post-thumbnail","6":"product_cat-tooriistad-ja-ehitus","7":"product_cat-headlamps","8":"product_cat-sports-and-leisure","9":"product_cat-industrial-luminaires","10":"product_tag-headlamp","11":"product_tag-pealamp","12":"product_tag-varta-en","14":"first","15":"instock","16":"taxable","17":"shipping-taxable","18":"purchasable","19":"product-type-simple"},"yoast_head":"<!-- This site is optimized with the Yoast SEO Premium plugin v20.0 (Yoast SEO v27.4) - https:\/\/yoast.com\/product\/yoast-seo-premium-wordpress\/ -->\n<title>Headlamp Varta H20 Pro indestructible 1W 3AAA - Obender<\/title>\n<meta name=\"robots\" content=\"index, follow, max-snippet:-1, max-image-preview:large, max-video-preview:-1\" \/>\n<link rel=\"canonical\" href=\"https:\/\/obender.eu\/en\/toode\/pealamp-varta-17732-h20-pro-purunematu-1w-3aaa\/\" \/>\n<meta property=\"og:locale\" content=\"en_US\" \/>\n<meta property=\"og:type\" content=\"article\" \/>\n<meta property=\"og:title\" content=\"Headlamp Varta H20 Pro indestructible 1W 3AAA\" \/>\n<meta property=\"og:description\" content=\"Pealamp Varta H20 Pro Indestructible 1W 3AAA Varta SKU 17732101421 EAN: 4008496987177 Housing: ABS plastic, PC, TPR, IP67, swivel head\" \/>\n<meta property=\"og:url\" content=\"https:\/\/obender.eu\/en\/toode\/pealamp-varta-17732-h20-pro-purunematu-1w-3aaa\/\" \/>\n<meta property=\"og:site_name\" content=\"Obender\" \/>\n<meta property=\"article:modified_time\" content=\"2026-04-20T00:00:18+00:00\" \/>\n<meta property=\"og:image\" content=\"https:\/\/obender.eu\/wp-content\/uploads\/2022\/03\/4008496987177.jpg\" \/>\n\t<meta property=\"og:image:width\" content=\"800\" \/>\n\t<meta property=\"og:image:height\" content=\"800\" \/>\n\t<meta property=\"og:image:type\" content=\"image\/jpeg\" \/>\n<meta name=\"twitter:card\" content=\"summary_large_image\" \/>\n<meta name=\"twitter:label1\" content=\"Est. reading time\" \/>\n\t<meta name=\"twitter:data1\" content=\"1 minute\" \/>\n<script type=\"application\/ld+json\" class=\"yoast-schema-graph\">{\"@context\":\"https:\\\/\\\/schema.org\",\"@graph\":[{\"@type\":\"WebPage\",\"@id\":\"https:\\\/\\\/obender.eu\\\/en\\\/toode\\\/pealamp-varta-17732-h20-pro-purunematu-1w-3aaa\\\/\",\"url\":\"https:\\\/\\\/obender.eu\\\/en\\\/toode\\\/pealamp-varta-17732-h20-pro-purunematu-1w-3aaa\\\/\",\"name\":\"Headlamp Varta H20 Pro indestructible 1W 3AAA - Obender\",\"isPartOf\":{\"@id\":\"https:\\\/\\\/www.obender.eu\\\/#website\"},\"primaryImageOfPage\":{\"@id\":\"https:\\\/\\\/obender.eu\\\/en\\\/toode\\\/pealamp-varta-17732-h20-pro-purunematu-1w-3aaa\\\/#primaryimage\"},\"image\":{\"@id\":\"https:\\\/\\\/obender.eu\\\/en\\\/toode\\\/pealamp-varta-17732-h20-pro-purunematu-1w-3aaa\\\/#primaryimage\"},\"thumbnailUrl\":\"https:\\\/\\\/obender.eu\\\/wp-content\\\/uploads\\\/2022\\\/03\\\/4008496987177.jpg\",\"datePublished\":\"2021-03-30T23:24:11+00:00\",\"dateModified\":\"2026-04-20T00:00:18+00:00\",\"breadcrumb\":{\"@id\":\"https:\\\/\\\/obender.eu\\\/en\\\/toode\\\/pealamp-varta-17732-h20-pro-purunematu-1w-3aaa\\\/#breadcrumb\"},\"inLanguage\":\"en-US\",\"potentialAction\":[{\"@type\":\"ReadAction\",\"target\":[\"https:\\\/\\\/obender.eu\\\/en\\\/toode\\\/pealamp-varta-17732-h20-pro-purunematu-1w-3aaa\\\/\"]}]},{\"@type\":\"ImageObject\",\"inLanguage\":\"en-US\",\"@id\":\"https:\\\/\\\/obender.eu\\\/en\\\/toode\\\/pealamp-varta-17732-h20-pro-purunematu-1w-3aaa\\\/#primaryimage\",\"url\":\"https:\\\/\\\/obender.eu\\\/wp-content\\\/uploads\\\/2022\\\/03\\\/4008496987177.jpg\",\"contentUrl\":\"https:\\\/\\\/obender.eu\\\/wp-content\\\/uploads\\\/2022\\\/03\\\/4008496987177.jpg\",\"width\":800,\"height\":800},{\"@type\":\"BreadcrumbList\",\"@id\":\"https:\\\/\\\/obender.eu\\\/en\\\/toode\\\/pealamp-varta-17732-h20-pro-purunematu-1w-3aaa\\\/#breadcrumb\",\"itemListElement\":[{\"@type\":\"ListItem\",\"position\":1,\"name\":\"Home\",\"item\":\"https:\\\/\\\/obender.eu\\\/en\\\/\"},{\"@type\":\"ListItem\",\"position\":2,\"name\":\"Tooted\",\"item\":\"https:\\\/\\\/www.obender.eu\\\/tooted\\\/\"},{\"@type\":\"ListItem\",\"position\":3,\"name\":\"Headlamp Varta H20 Pro indestructible 1W 3AAA\"}]},{\"@type\":\"WebSite\",\"@id\":\"https:\\\/\\\/www.obender.eu\\\/#website\",\"url\":\"https:\\\/\\\/www.obender.eu\\\/\",\"name\":\"Obender\",\"description\":\"T\u00f6\u00f6stuskaupade hulgim\u00fc\u00fck\",\"potentialAction\":[{\"@type\":\"SearchAction\",\"target\":{\"@type\":\"EntryPoint\",\"urlTemplate\":\"https:\\\/\\\/www.obender.eu\\\/?s={search_term_string}\"},\"query-input\":{\"@type\":\"PropertyValueSpecification\",\"valueRequired\":true,\"valueName\":\"search_term_string\"}}],\"inLanguage\":\"en-US\"}]}<\/script>\n<!-- \/ Yoast SEO Premium plugin. -->","yoast_head_json":{"title":"Headlamp Varta H20 Pro indestructible 1W 3AAA - Obender","robots":{"index":"index","follow":"follow","max-snippet":"max-snippet:-1","max-image-preview":"max-image-preview:large","max-video-preview":"max-video-preview:-1"},"canonical":"https:\/\/obender.eu\/en\/toode\/pealamp-varta-17732-h20-pro-purunematu-1w-3aaa\/","og_locale":"en_US","og_type":"article","og_title":"Headlamp Varta H20 Pro indestructible 1W 3AAA","og_description":"Pealamp Varta H20 Pro Indestructible 1W 3AAA Varta SKU 17732101421 EAN: 4008496987177 Housing: ABS plastic, PC, TPR, IP67, swivel head","og_url":"https:\/\/obender.eu\/en\/toode\/pealamp-varta-17732-h20-pro-purunematu-1w-3aaa\/","og_site_name":"Obender","article_modified_time":"2026-04-20T00:00:18+00:00","og_image":[{"width":800,"height":800,"url":"https:\/\/obender.eu\/wp-content\/uploads\/2022\/03\/4008496987177.jpg","type":"image\/jpeg"}],"twitter_card":"summary_large_image","twitter_misc":{"Est. reading time":"1 minute"},"schema":{"@context":"https:\/\/schema.org","@graph":[{"@type":"WebPage","@id":"https:\/\/obender.eu\/en\/toode\/pealamp-varta-17732-h20-pro-purunematu-1w-3aaa\/","url":"https:\/\/obender.eu\/en\/toode\/pealamp-varta-17732-h20-pro-purunematu-1w-3aaa\/","name":"Headlamp Varta H20 Pro indestructible 1W 3AAA - Obender","isPartOf":{"@id":"https:\/\/www.obender.eu\/#website"},"primaryImageOfPage":{"@id":"https:\/\/obender.eu\/en\/toode\/pealamp-varta-17732-h20-pro-purunematu-1w-3aaa\/#primaryimage"},"image":{"@id":"https:\/\/obender.eu\/en\/toode\/pealamp-varta-17732-h20-pro-purunematu-1w-3aaa\/#primaryimage"},"thumbnailUrl":"https:\/\/obender.eu\/wp-content\/uploads\/2022\/03\/4008496987177.jpg","datePublished":"2021-03-30T23:24:11+00:00","dateModified":"2026-04-20T00:00:18+00:00","breadcrumb":{"@id":"https:\/\/obender.eu\/en\/toode\/pealamp-varta-17732-h20-pro-purunematu-1w-3aaa\/#breadcrumb"},"inLanguage":"en-US","potentialAction":[{"@type":"ReadAction","target":["https:\/\/obender.eu\/en\/toode\/pealamp-varta-17732-h20-pro-purunematu-1w-3aaa\/"]}]},{"@type":"ImageObject","inLanguage":"en-US","@id":"https:\/\/obender.eu\/en\/toode\/pealamp-varta-17732-h20-pro-purunematu-1w-3aaa\/#primaryimage","url":"https:\/\/obender.eu\/wp-content\/uploads\/2022\/03\/4008496987177.jpg","contentUrl":"https:\/\/obender.eu\/wp-content\/uploads\/2022\/03\/4008496987177.jpg","width":800,"height":800},{"@type":"BreadcrumbList","@id":"https:\/\/obender.eu\/en\/toode\/pealamp-varta-17732-h20-pro-purunematu-1w-3aaa\/#breadcrumb","itemListElement":[{"@type":"ListItem","position":1,"name":"Home","item":"https:\/\/obender.eu\/en\/"},{"@type":"ListItem","position":2,"name":"Tooted","item":"https:\/\/www.obender.eu\/tooted\/"},{"@type":"ListItem","position":3,"name":"Headlamp Varta H20 Pro indestructible 1W 3AAA"}]},{"@type":"WebSite","@id":"https:\/\/www.obender.eu\/#website","url":"https:\/\/www.obender.eu\/","name":"Obender","description":"T\u00f6\u00f6stuskaupade hulgim\u00fc\u00fck","potentialAction":[{"@type":"SearchAction","target":{"@type":"EntryPoint","urlTemplate":"https:\/\/www.obender.eu\/?s={search_term_string}"},"query-input":{"@type":"PropertyValueSpecification","valueRequired":true,"valueName":"search_term_string"}}],"inLanguage":"en-US"}]}},"_links":{"self":[{"href":"https:\/\/obender.eu\/en\/wp-json\/wp\/v2\/product\/16279","targetHints":{"allow":["GET"]}}],"collection":[{"href":"https:\/\/obender.eu\/en\/wp-json\/wp\/v2\/product"}],"about":[{"href":"https:\/\/obender.eu\/en\/wp-json\/wp\/v2\/types\/product"}],"version-history":[{"count":5,"href":"https:\/\/obender.eu\/en\/wp-json\/wp\/v2\/product\/16279\/revisions"}],"predecessor-version":[{"id":23738,"href":"https:\/\/obender.eu\/en\/wp-json\/wp\/v2\/product\/16279\/revisions\/23738"}],"wp:featuredmedia":[{"embeddable":true,"href":"https:\/\/obender.eu\/en\/wp-json\/wp\/v2\/media\/17876"}],"wp:attachment":[{"href":"https:\/\/obender.eu\/en\/wp-json\/wp\/v2\/media?parent=16279"}],"wp:term":[{"taxonomy":"product_brand","embeddable":true,"href":"https:\/\/obender.eu\/en\/wp-json\/wp\/v2\/product_brand?post=16279"},{"taxonomy":"product_cat","embeddable":true,"href":"https:\/\/obender.eu\/en\/wp-json\/wp\/v2\/product_cat?post=16279"},{"taxonomy":"product_tag","embeddable":true,"href":"https:\/\/obender.eu\/en\/wp-json\/wp\/v2\/product_tag?post=16279"}],"curies":[{"name":"wp","href":"https:\/\/api.w.org\/{rel}","templated":true}]}}