{"id":16288,"date":"2021-03-31T17:41:59","date_gmt":"2021-03-31T14:41:59","guid":{"rendered":"https:\/\/obender.eu\/?post_type=product&#038;p=16288"},"modified":"2026-04-20T02:00:16","modified_gmt":"2026-04-19T23:00:16","slug":"varta-flashlight-outdoor-sports-17627-5w-led-3aaa-kopeeri-2","status":"publish","type":"product","link":"https:\/\/obender.eu\/en\/toode\/varta-flashlight-outdoor-sports-17627-5w-led-3aaa-kopeeri-2\/","title":{"rendered":"Flashlight Varta F20 Sport 5W LED IPX4 2AA"},"content":{"rendered":"<p>Flashlight Varta F20 Sport 5W<\/p>\n<p>Varta SKU 18628101421<\/p>\n<p>EAN: 4008496927630<\/p>\n<p>Housing: anodized aluminium, silicon rubber, TPE<\/p>\n<p>Item measures: 37*160mm, 110g<\/p>\n<p>Light source: 5W LED (100%, 50%)<\/p>\n<p>Luminous intensity: 235lm<\/p>\n<p>Beam range: 160m<\/p>\n<p>Runtime: 30h<\/p>\n<p>Batteries included: 2xAA Longlife Power<\/p>\n<p>Silicon rubber grip handle glows in the dark<\/p>\n","protected":false},"excerpt":{"rendered":"<p>Flashlight Varta F20 Sport 5W Varta SKU 18628101421 EAN: 4008496927630 Housing: anodized aluminium, silicon rubber, TPE Item measures: 37*160mm, 110g<\/p>\n","protected":false},"featured_media":17884,"template":"","meta":[],"product_brand":[],"product_cat":[307,335],"product_tag":[605,604,494],"class_list":{"0":"post-16288","1":"product","2":"type-product","3":"status-publish","4":"has-post-thumbnail","6":"product_cat-flashlights","7":"product_cat-sports-and-leisure","8":"product_tag-flashlight-en","9":"product_tag-taskulamp-en","10":"product_tag-varta-en","12":"first","13":"instock","14":"taxable","15":"shipping-taxable","16":"purchasable","17":"product-type-simple"},"yoast_head":"<!-- This site is optimized with the Yoast SEO Premium plugin v20.0 (Yoast SEO v27.4) - https:\/\/yoast.com\/product\/yoast-seo-premium-wordpress\/ -->\n<title>Flashlight Varta F20 Sport 5W LED IPX4 2AA - Obender<\/title>\n<meta name=\"robots\" content=\"index, follow, max-snippet:-1, max-image-preview:large, max-video-preview:-1\" \/>\n<link rel=\"canonical\" href=\"https:\/\/obender.eu\/en\/toode\/varta-flashlight-outdoor-sports-17627-5w-led-3aaa-kopeeri-2\/\" \/>\n<meta property=\"og:locale\" content=\"en_US\" \/>\n<meta property=\"og:type\" content=\"article\" \/>\n<meta property=\"og:title\" content=\"Flashlight Varta F20 Sport 5W LED IPX4 2AA\" \/>\n<meta property=\"og:description\" content=\"Flashlight Varta F20 Sport 5W Varta SKU 18628101421 EAN: 4008496927630 Housing: anodized aluminium, silicon rubber, TPE Item measures: 37*160mm, 110g\" \/>\n<meta property=\"og:url\" content=\"https:\/\/obender.eu\/en\/toode\/varta-flashlight-outdoor-sports-17627-5w-led-3aaa-kopeeri-2\/\" \/>\n<meta property=\"og:site_name\" content=\"Obender\" \/>\n<meta property=\"article:modified_time\" content=\"2026-04-19T23:00:16+00:00\" \/>\n<meta property=\"og:image\" content=\"https:\/\/obender.eu\/wp-content\/uploads\/2022\/03\/4008496927630.jpg\" \/>\n\t<meta property=\"og:image:width\" content=\"800\" \/>\n\t<meta property=\"og:image:height\" content=\"800\" \/>\n\t<meta property=\"og:image:type\" content=\"image\/jpeg\" \/>\n<meta name=\"twitter:card\" content=\"summary_large_image\" \/>\n<meta name=\"twitter:label1\" content=\"Est. reading time\" \/>\n\t<meta name=\"twitter:data1\" content=\"1 minute\" \/>\n<script type=\"application\/ld+json\" class=\"yoast-schema-graph\">{\"@context\":\"https:\\\/\\\/schema.org\",\"@graph\":[{\"@type\":\"WebPage\",\"@id\":\"https:\\\/\\\/obender.eu\\\/en\\\/toode\\\/varta-flashlight-outdoor-sports-17627-5w-led-3aaa-kopeeri-2\\\/\",\"url\":\"https:\\\/\\\/obender.eu\\\/en\\\/toode\\\/varta-flashlight-outdoor-sports-17627-5w-led-3aaa-kopeeri-2\\\/\",\"name\":\"Flashlight Varta F20 Sport 5W LED IPX4 2AA - Obender\",\"isPartOf\":{\"@id\":\"https:\\\/\\\/www.obender.eu\\\/#website\"},\"primaryImageOfPage\":{\"@id\":\"https:\\\/\\\/obender.eu\\\/en\\\/toode\\\/varta-flashlight-outdoor-sports-17627-5w-led-3aaa-kopeeri-2\\\/#primaryimage\"},\"image\":{\"@id\":\"https:\\\/\\\/obender.eu\\\/en\\\/toode\\\/varta-flashlight-outdoor-sports-17627-5w-led-3aaa-kopeeri-2\\\/#primaryimage\"},\"thumbnailUrl\":\"https:\\\/\\\/obender.eu\\\/wp-content\\\/uploads\\\/2022\\\/03\\\/4008496927630.jpg\",\"datePublished\":\"2021-03-31T14:41:59+00:00\",\"dateModified\":\"2026-04-19T23:00:16+00:00\",\"breadcrumb\":{\"@id\":\"https:\\\/\\\/obender.eu\\\/en\\\/toode\\\/varta-flashlight-outdoor-sports-17627-5w-led-3aaa-kopeeri-2\\\/#breadcrumb\"},\"inLanguage\":\"en-US\",\"potentialAction\":[{\"@type\":\"ReadAction\",\"target\":[\"https:\\\/\\\/obender.eu\\\/en\\\/toode\\\/varta-flashlight-outdoor-sports-17627-5w-led-3aaa-kopeeri-2\\\/\"]}]},{\"@type\":\"ImageObject\",\"inLanguage\":\"en-US\",\"@id\":\"https:\\\/\\\/obender.eu\\\/en\\\/toode\\\/varta-flashlight-outdoor-sports-17627-5w-led-3aaa-kopeeri-2\\\/#primaryimage\",\"url\":\"https:\\\/\\\/obender.eu\\\/wp-content\\\/uploads\\\/2022\\\/03\\\/4008496927630.jpg\",\"contentUrl\":\"https:\\\/\\\/obender.eu\\\/wp-content\\\/uploads\\\/2022\\\/03\\\/4008496927630.jpg\",\"width\":800,\"height\":800},{\"@type\":\"BreadcrumbList\",\"@id\":\"https:\\\/\\\/obender.eu\\\/en\\\/toode\\\/varta-flashlight-outdoor-sports-17627-5w-led-3aaa-kopeeri-2\\\/#breadcrumb\",\"itemListElement\":[{\"@type\":\"ListItem\",\"position\":1,\"name\":\"Home\",\"item\":\"https:\\\/\\\/obender.eu\\\/en\\\/\"},{\"@type\":\"ListItem\",\"position\":2,\"name\":\"Tooted\",\"item\":\"https:\\\/\\\/www.obender.eu\\\/tooted\\\/\"},{\"@type\":\"ListItem\",\"position\":3,\"name\":\"Flashlight Varta F20 Sport 5W LED IPX4 2AA\"}]},{\"@type\":\"WebSite\",\"@id\":\"https:\\\/\\\/www.obender.eu\\\/#website\",\"url\":\"https:\\\/\\\/www.obender.eu\\\/\",\"name\":\"Obender\",\"description\":\"T\u00f6\u00f6stuskaupade hulgim\u00fc\u00fck\",\"potentialAction\":[{\"@type\":\"SearchAction\",\"target\":{\"@type\":\"EntryPoint\",\"urlTemplate\":\"https:\\\/\\\/www.obender.eu\\\/?s={search_term_string}\"},\"query-input\":{\"@type\":\"PropertyValueSpecification\",\"valueRequired\":true,\"valueName\":\"search_term_string\"}}],\"inLanguage\":\"en-US\"}]}<\/script>\n<!-- \/ Yoast SEO Premium plugin. -->","yoast_head_json":{"title":"Flashlight Varta F20 Sport 5W LED IPX4 2AA - Obender","robots":{"index":"index","follow":"follow","max-snippet":"max-snippet:-1","max-image-preview":"max-image-preview:large","max-video-preview":"max-video-preview:-1"},"canonical":"https:\/\/obender.eu\/en\/toode\/varta-flashlight-outdoor-sports-17627-5w-led-3aaa-kopeeri-2\/","og_locale":"en_US","og_type":"article","og_title":"Flashlight Varta F20 Sport 5W LED IPX4 2AA","og_description":"Flashlight Varta F20 Sport 5W Varta SKU 18628101421 EAN: 4008496927630 Housing: anodized aluminium, silicon rubber, TPE Item measures: 37*160mm, 110g","og_url":"https:\/\/obender.eu\/en\/toode\/varta-flashlight-outdoor-sports-17627-5w-led-3aaa-kopeeri-2\/","og_site_name":"Obender","article_modified_time":"2026-04-19T23:00:16+00:00","og_image":[{"width":800,"height":800,"url":"https:\/\/obender.eu\/wp-content\/uploads\/2022\/03\/4008496927630.jpg","type":"image\/jpeg"}],"twitter_card":"summary_large_image","twitter_misc":{"Est. reading time":"1 minute"},"schema":{"@context":"https:\/\/schema.org","@graph":[{"@type":"WebPage","@id":"https:\/\/obender.eu\/en\/toode\/varta-flashlight-outdoor-sports-17627-5w-led-3aaa-kopeeri-2\/","url":"https:\/\/obender.eu\/en\/toode\/varta-flashlight-outdoor-sports-17627-5w-led-3aaa-kopeeri-2\/","name":"Flashlight Varta F20 Sport 5W LED IPX4 2AA - Obender","isPartOf":{"@id":"https:\/\/www.obender.eu\/#website"},"primaryImageOfPage":{"@id":"https:\/\/obender.eu\/en\/toode\/varta-flashlight-outdoor-sports-17627-5w-led-3aaa-kopeeri-2\/#primaryimage"},"image":{"@id":"https:\/\/obender.eu\/en\/toode\/varta-flashlight-outdoor-sports-17627-5w-led-3aaa-kopeeri-2\/#primaryimage"},"thumbnailUrl":"https:\/\/obender.eu\/wp-content\/uploads\/2022\/03\/4008496927630.jpg","datePublished":"2021-03-31T14:41:59+00:00","dateModified":"2026-04-19T23:00:16+00:00","breadcrumb":{"@id":"https:\/\/obender.eu\/en\/toode\/varta-flashlight-outdoor-sports-17627-5w-led-3aaa-kopeeri-2\/#breadcrumb"},"inLanguage":"en-US","potentialAction":[{"@type":"ReadAction","target":["https:\/\/obender.eu\/en\/toode\/varta-flashlight-outdoor-sports-17627-5w-led-3aaa-kopeeri-2\/"]}]},{"@type":"ImageObject","inLanguage":"en-US","@id":"https:\/\/obender.eu\/en\/toode\/varta-flashlight-outdoor-sports-17627-5w-led-3aaa-kopeeri-2\/#primaryimage","url":"https:\/\/obender.eu\/wp-content\/uploads\/2022\/03\/4008496927630.jpg","contentUrl":"https:\/\/obender.eu\/wp-content\/uploads\/2022\/03\/4008496927630.jpg","width":800,"height":800},{"@type":"BreadcrumbList","@id":"https:\/\/obender.eu\/en\/toode\/varta-flashlight-outdoor-sports-17627-5w-led-3aaa-kopeeri-2\/#breadcrumb","itemListElement":[{"@type":"ListItem","position":1,"name":"Home","item":"https:\/\/obender.eu\/en\/"},{"@type":"ListItem","position":2,"name":"Tooted","item":"https:\/\/www.obender.eu\/tooted\/"},{"@type":"ListItem","position":3,"name":"Flashlight Varta F20 Sport 5W LED IPX4 2AA"}]},{"@type":"WebSite","@id":"https:\/\/www.obender.eu\/#website","url":"https:\/\/www.obender.eu\/","name":"Obender","description":"T\u00f6\u00f6stuskaupade hulgim\u00fc\u00fck","potentialAction":[{"@type":"SearchAction","target":{"@type":"EntryPoint","urlTemplate":"https:\/\/www.obender.eu\/?s={search_term_string}"},"query-input":{"@type":"PropertyValueSpecification","valueRequired":true,"valueName":"search_term_string"}}],"inLanguage":"en-US"}]}},"_links":{"self":[{"href":"https:\/\/obender.eu\/en\/wp-json\/wp\/v2\/product\/16288","targetHints":{"allow":["GET"]}}],"collection":[{"href":"https:\/\/obender.eu\/en\/wp-json\/wp\/v2\/product"}],"about":[{"href":"https:\/\/obender.eu\/en\/wp-json\/wp\/v2\/types\/product"}],"version-history":[{"count":2,"href":"https:\/\/obender.eu\/en\/wp-json\/wp\/v2\/product\/16288\/revisions"}],"predecessor-version":[{"id":23735,"href":"https:\/\/obender.eu\/en\/wp-json\/wp\/v2\/product\/16288\/revisions\/23735"}],"wp:featuredmedia":[{"embeddable":true,"href":"https:\/\/obender.eu\/en\/wp-json\/wp\/v2\/media\/17884"}],"wp:attachment":[{"href":"https:\/\/obender.eu\/en\/wp-json\/wp\/v2\/media?parent=16288"}],"wp:term":[{"taxonomy":"product_brand","embeddable":true,"href":"https:\/\/obender.eu\/en\/wp-json\/wp\/v2\/product_brand?post=16288"},{"taxonomy":"product_cat","embeddable":true,"href":"https:\/\/obender.eu\/en\/wp-json\/wp\/v2\/product_cat?post=16288"},{"taxonomy":"product_tag","embeddable":true,"href":"https:\/\/obender.eu\/en\/wp-json\/wp\/v2\/product_tag?post=16288"}],"curies":[{"name":"wp","href":"https:\/\/api.w.org\/{rel}","templated":true}]}}