{"id":16300,"date":"2021-03-31T18:10:02","date_gmt":"2021-03-31T15:10:03","guid":{"rendered":"https:\/\/obender.eu\/?post_type=product&#038;p=16300"},"modified":"2026-04-19T08:00:16","modified_gmt":"2026-04-19T05:00:16","slug":"varta-indestructible-work-light-18710-1w-led-ip67-3aa-kopeeri","status":"publish","type":"product","link":"https:\/\/obender.eu\/en\/toode\/varta-indestructible-work-light-18710-1w-led-ip67-3aa-kopeeri\/","title":{"rendered":"Flashlight Varta 18711 Indestructible 1W LED IP67 2AA"},"content":{"rendered":"<p>Flashlight Varta 18711 F20 Pro Indestructible<\/p>\n<p>Varta SKU 18711101421<\/p>\n<p>EAN: 4008496987238<\/p>\n<p>Housing: anodeized aluminium, TPR, PC, IP67<\/p>\n<p>Item measures: 42*167mm, 157g<\/p>\n<p>Light source: 1W LED (100%, 50%)<\/p>\n<p>Luminous intensity: 350lm<\/p>\n<p>Beam range: 140m<\/p>\n<p>Runtime: 55h<\/p>\n<p>9m drop test, impact resistant rating IK08 (IEC62262)<\/p>\n<p>impact resistant lens and reflector<\/p>\n<p>Batteries are included 2*AA (LR06)<\/p>\n","protected":false},"excerpt":{"rendered":"<p>Flashlight Varta 18711 F20 Pro Indestructible Varta SKU 18711101421 EAN: 4008496987238 Housing: anodeized aluminium, TPR, PC, IP67 Item measures: 42*167mm,<\/p>\n","protected":false},"featured_media":17878,"template":"","meta":[],"product_brand":[],"product_cat":[373,307,285,335,308],"product_tag":[605,604,494],"class_list":{"0":"post-16300","1":"product","2":"type-product","3":"status-publish","4":"has-post-thumbnail","6":"product_cat-tooriistad-ja-ehitus","7":"product_cat-flashlights","8":"product_cat-sell-out","9":"product_cat-sports-and-leisure","10":"product_cat-industrial-luminaires","11":"product_tag-flashlight-en","12":"product_tag-taskulamp-en","13":"product_tag-varta-en","15":"first","16":"instock","17":"taxable","18":"shipping-taxable","19":"purchasable","20":"product-type-simple"},"yoast_head":"<!-- This site is optimized with the Yoast SEO Premium plugin v20.0 (Yoast SEO v27.4) - https:\/\/yoast.com\/product\/yoast-seo-premium-wordpress\/ -->\n<title>Flashlight Varta 18711 Indestructible 1W LED IP67 2AA - Obender<\/title>\n<meta name=\"robots\" content=\"index, follow, max-snippet:-1, max-image-preview:large, max-video-preview:-1\" \/>\n<link rel=\"canonical\" href=\"https:\/\/obender.eu\/en\/toode\/varta-indestructible-work-light-18710-1w-led-ip67-3aa-kopeeri\/\" \/>\n<meta property=\"og:locale\" content=\"en_US\" \/>\n<meta property=\"og:type\" content=\"article\" \/>\n<meta property=\"og:title\" content=\"Flashlight Varta 18711 Indestructible 1W LED IP67 2AA\" \/>\n<meta property=\"og:description\" content=\"Flashlight Varta 18711 F20 Pro Indestructible Varta SKU 18711101421 EAN: 4008496987238 Housing: anodeized aluminium, TPR, PC, IP67 Item measures: 42*167mm,\" \/>\n<meta property=\"og:url\" content=\"https:\/\/obender.eu\/en\/toode\/varta-indestructible-work-light-18710-1w-led-ip67-3aa-kopeeri\/\" \/>\n<meta property=\"og:site_name\" content=\"Obender\" \/>\n<meta property=\"article:modified_time\" content=\"2026-04-19T05:00:16+00:00\" \/>\n<meta property=\"og:image\" content=\"https:\/\/obender.eu\/wp-content\/uploads\/2022\/03\/4008496987238.jpg\" \/>\n\t<meta property=\"og:image:width\" content=\"800\" \/>\n\t<meta property=\"og:image:height\" content=\"800\" \/>\n\t<meta property=\"og:image:type\" content=\"image\/jpeg\" \/>\n<meta name=\"twitter:card\" content=\"summary_large_image\" \/>\n<meta name=\"twitter:label1\" content=\"Est. reading time\" \/>\n\t<meta name=\"twitter:data1\" content=\"1 minute\" \/>\n<script type=\"application\/ld+json\" class=\"yoast-schema-graph\">{\"@context\":\"https:\\\/\\\/schema.org\",\"@graph\":[{\"@type\":\"WebPage\",\"@id\":\"https:\\\/\\\/obender.eu\\\/en\\\/toode\\\/varta-indestructible-work-light-18710-1w-led-ip67-3aa-kopeeri\\\/\",\"url\":\"https:\\\/\\\/obender.eu\\\/en\\\/toode\\\/varta-indestructible-work-light-18710-1w-led-ip67-3aa-kopeeri\\\/\",\"name\":\"Flashlight Varta 18711 Indestructible 1W LED IP67 2AA - Obender\",\"isPartOf\":{\"@id\":\"https:\\\/\\\/www.obender.eu\\\/#website\"},\"primaryImageOfPage\":{\"@id\":\"https:\\\/\\\/obender.eu\\\/en\\\/toode\\\/varta-indestructible-work-light-18710-1w-led-ip67-3aa-kopeeri\\\/#primaryimage\"},\"image\":{\"@id\":\"https:\\\/\\\/obender.eu\\\/en\\\/toode\\\/varta-indestructible-work-light-18710-1w-led-ip67-3aa-kopeeri\\\/#primaryimage\"},\"thumbnailUrl\":\"https:\\\/\\\/obender.eu\\\/wp-content\\\/uploads\\\/2022\\\/03\\\/4008496987238.jpg\",\"datePublished\":\"2021-03-31T15:10:03+00:00\",\"dateModified\":\"2026-04-19T05:00:16+00:00\",\"breadcrumb\":{\"@id\":\"https:\\\/\\\/obender.eu\\\/en\\\/toode\\\/varta-indestructible-work-light-18710-1w-led-ip67-3aa-kopeeri\\\/#breadcrumb\"},\"inLanguage\":\"en-US\",\"potentialAction\":[{\"@type\":\"ReadAction\",\"target\":[\"https:\\\/\\\/obender.eu\\\/en\\\/toode\\\/varta-indestructible-work-light-18710-1w-led-ip67-3aa-kopeeri\\\/\"]}]},{\"@type\":\"ImageObject\",\"inLanguage\":\"en-US\",\"@id\":\"https:\\\/\\\/obender.eu\\\/en\\\/toode\\\/varta-indestructible-work-light-18710-1w-led-ip67-3aa-kopeeri\\\/#primaryimage\",\"url\":\"https:\\\/\\\/obender.eu\\\/wp-content\\\/uploads\\\/2022\\\/03\\\/4008496987238.jpg\",\"contentUrl\":\"https:\\\/\\\/obender.eu\\\/wp-content\\\/uploads\\\/2022\\\/03\\\/4008496987238.jpg\",\"width\":800,\"height\":800},{\"@type\":\"BreadcrumbList\",\"@id\":\"https:\\\/\\\/obender.eu\\\/en\\\/toode\\\/varta-indestructible-work-light-18710-1w-led-ip67-3aa-kopeeri\\\/#breadcrumb\",\"itemListElement\":[{\"@type\":\"ListItem\",\"position\":1,\"name\":\"Home\",\"item\":\"https:\\\/\\\/obender.eu\\\/en\\\/\"},{\"@type\":\"ListItem\",\"position\":2,\"name\":\"Tooted\",\"item\":\"https:\\\/\\\/www.obender.eu\\\/tooted\\\/\"},{\"@type\":\"ListItem\",\"position\":3,\"name\":\"Flashlight Varta 18711 Indestructible 1W LED IP67 2AA\"}]},{\"@type\":\"WebSite\",\"@id\":\"https:\\\/\\\/www.obender.eu\\\/#website\",\"url\":\"https:\\\/\\\/www.obender.eu\\\/\",\"name\":\"Obender\",\"description\":\"T\u00f6\u00f6stuskaupade hulgim\u00fc\u00fck\",\"potentialAction\":[{\"@type\":\"SearchAction\",\"target\":{\"@type\":\"EntryPoint\",\"urlTemplate\":\"https:\\\/\\\/www.obender.eu\\\/?s={search_term_string}\"},\"query-input\":{\"@type\":\"PropertyValueSpecification\",\"valueRequired\":true,\"valueName\":\"search_term_string\"}}],\"inLanguage\":\"en-US\"}]}<\/script>\n<!-- \/ Yoast SEO Premium plugin. -->","yoast_head_json":{"title":"Flashlight Varta 18711 Indestructible 1W LED IP67 2AA - Obender","robots":{"index":"index","follow":"follow","max-snippet":"max-snippet:-1","max-image-preview":"max-image-preview:large","max-video-preview":"max-video-preview:-1"},"canonical":"https:\/\/obender.eu\/en\/toode\/varta-indestructible-work-light-18710-1w-led-ip67-3aa-kopeeri\/","og_locale":"en_US","og_type":"article","og_title":"Flashlight Varta 18711 Indestructible 1W LED IP67 2AA","og_description":"Flashlight Varta 18711 F20 Pro Indestructible Varta SKU 18711101421 EAN: 4008496987238 Housing: anodeized aluminium, TPR, PC, IP67 Item measures: 42*167mm,","og_url":"https:\/\/obender.eu\/en\/toode\/varta-indestructible-work-light-18710-1w-led-ip67-3aa-kopeeri\/","og_site_name":"Obender","article_modified_time":"2026-04-19T05:00:16+00:00","og_image":[{"width":800,"height":800,"url":"https:\/\/obender.eu\/wp-content\/uploads\/2022\/03\/4008496987238.jpg","type":"image\/jpeg"}],"twitter_card":"summary_large_image","twitter_misc":{"Est. reading time":"1 minute"},"schema":{"@context":"https:\/\/schema.org","@graph":[{"@type":"WebPage","@id":"https:\/\/obender.eu\/en\/toode\/varta-indestructible-work-light-18710-1w-led-ip67-3aa-kopeeri\/","url":"https:\/\/obender.eu\/en\/toode\/varta-indestructible-work-light-18710-1w-led-ip67-3aa-kopeeri\/","name":"Flashlight Varta 18711 Indestructible 1W LED IP67 2AA - Obender","isPartOf":{"@id":"https:\/\/www.obender.eu\/#website"},"primaryImageOfPage":{"@id":"https:\/\/obender.eu\/en\/toode\/varta-indestructible-work-light-18710-1w-led-ip67-3aa-kopeeri\/#primaryimage"},"image":{"@id":"https:\/\/obender.eu\/en\/toode\/varta-indestructible-work-light-18710-1w-led-ip67-3aa-kopeeri\/#primaryimage"},"thumbnailUrl":"https:\/\/obender.eu\/wp-content\/uploads\/2022\/03\/4008496987238.jpg","datePublished":"2021-03-31T15:10:03+00:00","dateModified":"2026-04-19T05:00:16+00:00","breadcrumb":{"@id":"https:\/\/obender.eu\/en\/toode\/varta-indestructible-work-light-18710-1w-led-ip67-3aa-kopeeri\/#breadcrumb"},"inLanguage":"en-US","potentialAction":[{"@type":"ReadAction","target":["https:\/\/obender.eu\/en\/toode\/varta-indestructible-work-light-18710-1w-led-ip67-3aa-kopeeri\/"]}]},{"@type":"ImageObject","inLanguage":"en-US","@id":"https:\/\/obender.eu\/en\/toode\/varta-indestructible-work-light-18710-1w-led-ip67-3aa-kopeeri\/#primaryimage","url":"https:\/\/obender.eu\/wp-content\/uploads\/2022\/03\/4008496987238.jpg","contentUrl":"https:\/\/obender.eu\/wp-content\/uploads\/2022\/03\/4008496987238.jpg","width":800,"height":800},{"@type":"BreadcrumbList","@id":"https:\/\/obender.eu\/en\/toode\/varta-indestructible-work-light-18710-1w-led-ip67-3aa-kopeeri\/#breadcrumb","itemListElement":[{"@type":"ListItem","position":1,"name":"Home","item":"https:\/\/obender.eu\/en\/"},{"@type":"ListItem","position":2,"name":"Tooted","item":"https:\/\/www.obender.eu\/tooted\/"},{"@type":"ListItem","position":3,"name":"Flashlight Varta 18711 Indestructible 1W LED IP67 2AA"}]},{"@type":"WebSite","@id":"https:\/\/www.obender.eu\/#website","url":"https:\/\/www.obender.eu\/","name":"Obender","description":"T\u00f6\u00f6stuskaupade hulgim\u00fc\u00fck","potentialAction":[{"@type":"SearchAction","target":{"@type":"EntryPoint","urlTemplate":"https:\/\/www.obender.eu\/?s={search_term_string}"},"query-input":{"@type":"PropertyValueSpecification","valueRequired":true,"valueName":"search_term_string"}}],"inLanguage":"en-US"}]}},"_links":{"self":[{"href":"https:\/\/obender.eu\/en\/wp-json\/wp\/v2\/product\/16300","targetHints":{"allow":["GET"]}}],"collection":[{"href":"https:\/\/obender.eu\/en\/wp-json\/wp\/v2\/product"}],"about":[{"href":"https:\/\/obender.eu\/en\/wp-json\/wp\/v2\/types\/product"}],"version-history":[{"count":4,"href":"https:\/\/obender.eu\/en\/wp-json\/wp\/v2\/product\/16300\/revisions"}],"predecessor-version":[{"id":24543,"href":"https:\/\/obender.eu\/en\/wp-json\/wp\/v2\/product\/16300\/revisions\/24543"}],"wp:featuredmedia":[{"embeddable":true,"href":"https:\/\/obender.eu\/en\/wp-json\/wp\/v2\/media\/17878"}],"wp:attachment":[{"href":"https:\/\/obender.eu\/en\/wp-json\/wp\/v2\/media?parent=16300"}],"wp:term":[{"taxonomy":"product_brand","embeddable":true,"href":"https:\/\/obender.eu\/en\/wp-json\/wp\/v2\/product_brand?post=16300"},{"taxonomy":"product_cat","embeddable":true,"href":"https:\/\/obender.eu\/en\/wp-json\/wp\/v2\/product_cat?post=16300"},{"taxonomy":"product_tag","embeddable":true,"href":"https:\/\/obender.eu\/en\/wp-json\/wp\/v2\/product_tag?post=16300"}],"curies":[{"name":"wp","href":"https:\/\/api.w.org\/{rel}","templated":true}]}}