{"id":16362,"date":"2021-03-31T19:45:17","date_gmt":"2021-03-31T16:45:17","guid":{"rendered":"https:\/\/obender.eu\/toode\/laualamp-platinet-pdl6730-5w-18led-akuga\/"},"modified":"2026-04-18T18:00:58","modified_gmt":"2026-04-18T15:00:58","slug":"laualamp-platinet-pdl6730-5w-18led-akuga","status":"publish","type":"product","link":"https:\/\/obender.eu\/en\/toode\/laualamp-platinet-pdl6730-5w-18led-akuga\/","title":{"rendered":"Desk lamp Platinet PDL6730 5W 18LED rechargeable"},"content":{"rendered":"<p>Desk lamp Platinet PDL6730 5W 18LED rechargeable<\/p>\n<p>EAN: 5907595452397<\/p>\n<h2 class=\"section-title\">Description<\/h2>\n<div class=\"inner-clear\">\n<p>Desk lamp with a built-in battery.<\/p>\n<p><b>KEY FEATURES<\/b><\/p>\n<p>18 high quality LEDs<br \/>\nAdjusting the brightness of the light<br \/>\nAngle adjustment<br \/>\nBuilt-in 2400 mAh battery<br \/>\nUSB power supply<\/p>\n<p><b>ADAPTED TO YOUR NEEDS<\/b><\/p>\n<p>Desk lamp PDL6730 has the ability to adjust the intensity of emitted light, so you can use it in all conditions &#8211; both at work and rest.<\/p>\n<p><b>BUILT-IN BATTERY<\/b><\/p>\n<p>Built-in battery with a capacity of 2400 mAh allows you to use the lamp anywhere, regardless of the availability of electrical outlets. The standard Micro USB connector allows you to charge the battery with a traditional USB charger used to charge smartphones or tablets.<\/p>\n<p><b>TECHNICAL SPECIFICATIONS<\/b><\/p>\n<p>Rated power: 3.6W<br \/>\nWhite color<br \/>\nRated luminous flux: ?200lm<br \/>\nColor temperature: 3700-4200K<br \/>\nCharger voltage: DC 5V<br \/>\nCharger: USB cable 0.9 m<br \/>\nLamp current: 260 \u00b1 20mA<br \/>\nWorking temperature: 0-40C<br \/>\nLED type and quantity: 18 * SMD2835<br \/>\nCRI: Ra?80<br \/>\nIP protection class: IP20<br \/>\nDimensions: Top (O110 * 143mm) Base (O160 * 45mm)<br \/>\nBattery: 2 * 1200mah<br \/>\nCharging time: 5h<br \/>\nDischarge time: 3h<\/p>\n<\/div>\n","protected":false},"excerpt":{"rendered":"<p>Desk lamp Platinet PDL6730 5W 18LED rechargeable EAN: 5907595452397 Description Desk lamp with a built-in battery. KEY FEATURES 18 high<\/p>\n","protected":false},"featured_media":16358,"template":"","meta":[],"product_brand":[],"product_cat":[305,302],"product_tag":[450,651,468],"class_list":{"0":"post-16362","1":"product","2":"type-product","3":"status-publish","4":"has-post-thumbnail","6":"product_cat-desk-lamps","7":"product_cat-lighting","8":"product_tag-desk-lamp","9":"product_tag-laualamp-en","10":"product_tag-platinet-en","12":"first","13":"instock","14":"taxable","15":"shipping-taxable","16":"purchasable","17":"product-type-simple"},"yoast_head":"<!-- This site is optimized with the Yoast SEO Premium plugin v20.0 (Yoast SEO v27.4) - https:\/\/yoast.com\/product\/yoast-seo-premium-wordpress\/ -->\n<title>Desk lamp Platinet PDL6730 5W 18LED rechargeable - Obender<\/title>\n<meta name=\"robots\" content=\"index, follow, max-snippet:-1, max-image-preview:large, max-video-preview:-1\" \/>\n<link rel=\"canonical\" href=\"https:\/\/obender.eu\/en\/toode\/laualamp-platinet-pdl6730-5w-18led-akuga\/\" \/>\n<meta property=\"og:locale\" content=\"en_US\" \/>\n<meta property=\"og:type\" content=\"article\" \/>\n<meta property=\"og:title\" content=\"Desk lamp Platinet PDL6730 5W 18LED rechargeable\" \/>\n<meta property=\"og:description\" content=\"Desk lamp Platinet PDL6730 5W 18LED rechargeable EAN: 5907595452397 Description Desk lamp with a built-in battery. KEY FEATURES 18 high\" \/>\n<meta property=\"og:url\" content=\"https:\/\/obender.eu\/en\/toode\/laualamp-platinet-pdl6730-5w-18led-akuga\/\" \/>\n<meta property=\"og:site_name\" content=\"Obender\" \/>\n<meta property=\"article:modified_time\" content=\"2026-04-18T15:00:58+00:00\" \/>\n<meta property=\"og:image\" content=\"https:\/\/obender.eu\/wp-content\/uploads\/2021\/03\/pdl6730-1.jpg\" \/>\n\t<meta property=\"og:image:width\" content=\"600\" \/>\n\t<meta property=\"og:image:height\" content=\"600\" \/>\n\t<meta property=\"og:image:type\" content=\"image\/jpeg\" \/>\n<meta name=\"twitter:card\" content=\"summary_large_image\" \/>\n<meta name=\"twitter:label1\" content=\"Est. reading time\" \/>\n\t<meta name=\"twitter:data1\" content=\"1 minute\" \/>\n<script type=\"application\/ld+json\" class=\"yoast-schema-graph\">{\"@context\":\"https:\\\/\\\/schema.org\",\"@graph\":[{\"@type\":\"WebPage\",\"@id\":\"https:\\\/\\\/obender.eu\\\/en\\\/toode\\\/laualamp-platinet-pdl6730-5w-18led-akuga\\\/\",\"url\":\"https:\\\/\\\/obender.eu\\\/en\\\/toode\\\/laualamp-platinet-pdl6730-5w-18led-akuga\\\/\",\"name\":\"Desk lamp Platinet PDL6730 5W 18LED rechargeable - Obender\",\"isPartOf\":{\"@id\":\"https:\\\/\\\/www.obender.eu\\\/#website\"},\"primaryImageOfPage\":{\"@id\":\"https:\\\/\\\/obender.eu\\\/en\\\/toode\\\/laualamp-platinet-pdl6730-5w-18led-akuga\\\/#primaryimage\"},\"image\":{\"@id\":\"https:\\\/\\\/obender.eu\\\/en\\\/toode\\\/laualamp-platinet-pdl6730-5w-18led-akuga\\\/#primaryimage\"},\"thumbnailUrl\":\"https:\\\/\\\/obender.eu\\\/wp-content\\\/uploads\\\/2021\\\/03\\\/pdl6730-1.jpg\",\"datePublished\":\"2021-03-31T16:45:17+00:00\",\"dateModified\":\"2026-04-18T15:00:58+00:00\",\"breadcrumb\":{\"@id\":\"https:\\\/\\\/obender.eu\\\/en\\\/toode\\\/laualamp-platinet-pdl6730-5w-18led-akuga\\\/#breadcrumb\"},\"inLanguage\":\"en-US\",\"potentialAction\":[{\"@type\":\"ReadAction\",\"target\":[\"https:\\\/\\\/obender.eu\\\/en\\\/toode\\\/laualamp-platinet-pdl6730-5w-18led-akuga\\\/\"]}]},{\"@type\":\"ImageObject\",\"inLanguage\":\"en-US\",\"@id\":\"https:\\\/\\\/obender.eu\\\/en\\\/toode\\\/laualamp-platinet-pdl6730-5w-18led-akuga\\\/#primaryimage\",\"url\":\"https:\\\/\\\/obender.eu\\\/wp-content\\\/uploads\\\/2021\\\/03\\\/pdl6730-1.jpg\",\"contentUrl\":\"https:\\\/\\\/obender.eu\\\/wp-content\\\/uploads\\\/2021\\\/03\\\/pdl6730-1.jpg\",\"width\":600,\"height\":600},{\"@type\":\"BreadcrumbList\",\"@id\":\"https:\\\/\\\/obender.eu\\\/en\\\/toode\\\/laualamp-platinet-pdl6730-5w-18led-akuga\\\/#breadcrumb\",\"itemListElement\":[{\"@type\":\"ListItem\",\"position\":1,\"name\":\"Home\",\"item\":\"https:\\\/\\\/obender.eu\\\/en\\\/\"},{\"@type\":\"ListItem\",\"position\":2,\"name\":\"Tooted\",\"item\":\"https:\\\/\\\/www.obender.eu\\\/tooted\\\/\"},{\"@type\":\"ListItem\",\"position\":3,\"name\":\"Desk lamp Platinet PDL6730 5W 18LED rechargeable\"}]},{\"@type\":\"WebSite\",\"@id\":\"https:\\\/\\\/www.obender.eu\\\/#website\",\"url\":\"https:\\\/\\\/www.obender.eu\\\/\",\"name\":\"Obender\",\"description\":\"T\u00f6\u00f6stuskaupade hulgim\u00fc\u00fck\",\"potentialAction\":[{\"@type\":\"SearchAction\",\"target\":{\"@type\":\"EntryPoint\",\"urlTemplate\":\"https:\\\/\\\/www.obender.eu\\\/?s={search_term_string}\"},\"query-input\":{\"@type\":\"PropertyValueSpecification\",\"valueRequired\":true,\"valueName\":\"search_term_string\"}}],\"inLanguage\":\"en-US\"}]}<\/script>\n<!-- \/ Yoast SEO Premium plugin. -->","yoast_head_json":{"title":"Desk lamp Platinet PDL6730 5W 18LED rechargeable - Obender","robots":{"index":"index","follow":"follow","max-snippet":"max-snippet:-1","max-image-preview":"max-image-preview:large","max-video-preview":"max-video-preview:-1"},"canonical":"https:\/\/obender.eu\/en\/toode\/laualamp-platinet-pdl6730-5w-18led-akuga\/","og_locale":"en_US","og_type":"article","og_title":"Desk lamp Platinet PDL6730 5W 18LED rechargeable","og_description":"Desk lamp Platinet PDL6730 5W 18LED rechargeable EAN: 5907595452397 Description Desk lamp with a built-in battery. KEY FEATURES 18 high","og_url":"https:\/\/obender.eu\/en\/toode\/laualamp-platinet-pdl6730-5w-18led-akuga\/","og_site_name":"Obender","article_modified_time":"2026-04-18T15:00:58+00:00","og_image":[{"width":600,"height":600,"url":"https:\/\/obender.eu\/wp-content\/uploads\/2021\/03\/pdl6730-1.jpg","type":"image\/jpeg"}],"twitter_card":"summary_large_image","twitter_misc":{"Est. reading time":"1 minute"},"schema":{"@context":"https:\/\/schema.org","@graph":[{"@type":"WebPage","@id":"https:\/\/obender.eu\/en\/toode\/laualamp-platinet-pdl6730-5w-18led-akuga\/","url":"https:\/\/obender.eu\/en\/toode\/laualamp-platinet-pdl6730-5w-18led-akuga\/","name":"Desk lamp Platinet PDL6730 5W 18LED rechargeable - Obender","isPartOf":{"@id":"https:\/\/www.obender.eu\/#website"},"primaryImageOfPage":{"@id":"https:\/\/obender.eu\/en\/toode\/laualamp-platinet-pdl6730-5w-18led-akuga\/#primaryimage"},"image":{"@id":"https:\/\/obender.eu\/en\/toode\/laualamp-platinet-pdl6730-5w-18led-akuga\/#primaryimage"},"thumbnailUrl":"https:\/\/obender.eu\/wp-content\/uploads\/2021\/03\/pdl6730-1.jpg","datePublished":"2021-03-31T16:45:17+00:00","dateModified":"2026-04-18T15:00:58+00:00","breadcrumb":{"@id":"https:\/\/obender.eu\/en\/toode\/laualamp-platinet-pdl6730-5w-18led-akuga\/#breadcrumb"},"inLanguage":"en-US","potentialAction":[{"@type":"ReadAction","target":["https:\/\/obender.eu\/en\/toode\/laualamp-platinet-pdl6730-5w-18led-akuga\/"]}]},{"@type":"ImageObject","inLanguage":"en-US","@id":"https:\/\/obender.eu\/en\/toode\/laualamp-platinet-pdl6730-5w-18led-akuga\/#primaryimage","url":"https:\/\/obender.eu\/wp-content\/uploads\/2021\/03\/pdl6730-1.jpg","contentUrl":"https:\/\/obender.eu\/wp-content\/uploads\/2021\/03\/pdl6730-1.jpg","width":600,"height":600},{"@type":"BreadcrumbList","@id":"https:\/\/obender.eu\/en\/toode\/laualamp-platinet-pdl6730-5w-18led-akuga\/#breadcrumb","itemListElement":[{"@type":"ListItem","position":1,"name":"Home","item":"https:\/\/obender.eu\/en\/"},{"@type":"ListItem","position":2,"name":"Tooted","item":"https:\/\/www.obender.eu\/tooted\/"},{"@type":"ListItem","position":3,"name":"Desk lamp Platinet PDL6730 5W 18LED rechargeable"}]},{"@type":"WebSite","@id":"https:\/\/www.obender.eu\/#website","url":"https:\/\/www.obender.eu\/","name":"Obender","description":"T\u00f6\u00f6stuskaupade hulgim\u00fc\u00fck","potentialAction":[{"@type":"SearchAction","target":{"@type":"EntryPoint","urlTemplate":"https:\/\/www.obender.eu\/?s={search_term_string}"},"query-input":{"@type":"PropertyValueSpecification","valueRequired":true,"valueName":"search_term_string"}}],"inLanguage":"en-US"}]}},"_links":{"self":[{"href":"https:\/\/obender.eu\/en\/wp-json\/wp\/v2\/product\/16362","targetHints":{"allow":["GET"]}}],"collection":[{"href":"https:\/\/obender.eu\/en\/wp-json\/wp\/v2\/product"}],"about":[{"href":"https:\/\/obender.eu\/en\/wp-json\/wp\/v2\/types\/product"}],"version-history":[{"count":2,"href":"https:\/\/obender.eu\/en\/wp-json\/wp\/v2\/product\/16362\/revisions"}],"predecessor-version":[{"id":23712,"href":"https:\/\/obender.eu\/en\/wp-json\/wp\/v2\/product\/16362\/revisions\/23712"}],"wp:featuredmedia":[{"embeddable":true,"href":"https:\/\/obender.eu\/en\/wp-json\/wp\/v2\/media\/16358"}],"wp:attachment":[{"href":"https:\/\/obender.eu\/en\/wp-json\/wp\/v2\/media?parent=16362"}],"wp:term":[{"taxonomy":"product_brand","embeddable":true,"href":"https:\/\/obender.eu\/en\/wp-json\/wp\/v2\/product_brand?post=16362"},{"taxonomy":"product_cat","embeddable":true,"href":"https:\/\/obender.eu\/en\/wp-json\/wp\/v2\/product_cat?post=16362"},{"taxonomy":"product_tag","embeddable":true,"href":"https:\/\/obender.eu\/en\/wp-json\/wp\/v2\/product_tag?post=16362"}],"curies":[{"name":"wp","href":"https:\/\/api.w.org\/{rel}","templated":true}]}}