{"id":16586,"date":"2021-09-03T11:27:41","date_gmt":"2021-09-03T08:27:41","guid":{"rendered":"https:\/\/obender.eu\/toode\/adapter-2-pesa-klapiga-16a-2m-3g15mm-ip44-must\/"},"modified":"2026-04-19T11:00:52","modified_gmt":"2026-04-19T08:00:52","slug":"adapter-2-pesa-klapiga-16a-2m-3g15mm-ip44-must","status":"publish","type":"product","link":"https:\/\/obender.eu\/en\/toode\/adapter-2-pesa-klapiga-16a-2m-3g15mm-ip44-must\/","title":{"rendered":"Extension cord 2m 2-way with flap 16A 3G1,5 IP44 black"},"content":{"rendered":"<p>Extension cord 2m 2-way with flap 16A 3G1,5 IP44 black<\/p>\n<p>Arcas<\/p>\n<p>EAN: 4260030258260<\/p>\n","protected":false},"excerpt":{"rendered":"<p>Extension cord 2m 2-way with flap 16A 3G1,5 IP44 black Arcas EAN: 4260030258260<\/p>\n","protected":false},"featured_media":16582,"template":"","meta":[],"product_brand":[],"product_cat":[295,293],"product_tag":[633,664,663],"class_list":{"0":"post-16586","1":"product","2":"type-product","3":"status-publish","4":"has-post-thumbnail","6":"product_cat-extension-cords-en","7":"product_cat-power-extension","8":"product_tag-arcas","9":"product_tag-extension-cord-en","10":"product_tag-pikendusjuhe-en","12":"first","13":"instock","14":"taxable","15":"shipping-taxable","16":"purchasable","17":"product-type-simple"},"yoast_head":"<!-- This site is optimized with the Yoast SEO Premium plugin v20.0 (Yoast SEO v27.4) - https:\/\/yoast.com\/product\/yoast-seo-premium-wordpress\/ -->\n<title>Extension cord 2m 2-way with flap 16A 3G1,5 IP44 black - Obender<\/title>\n<meta name=\"robots\" content=\"index, follow, max-snippet:-1, max-image-preview:large, max-video-preview:-1\" \/>\n<link rel=\"canonical\" href=\"https:\/\/obender.eu\/en\/toode\/adapter-2-pesa-klapiga-16a-2m-3g15mm-ip44-must\/\" \/>\n<meta property=\"og:locale\" content=\"en_US\" \/>\n<meta property=\"og:type\" content=\"article\" \/>\n<meta property=\"og:title\" content=\"Extension cord 2m 2-way with flap 16A 3G1,5 IP44 black\" \/>\n<meta property=\"og:description\" content=\"Extension cord 2m 2-way with flap 16A 3G1,5 IP44 black Arcas EAN: 4260030258260\" \/>\n<meta property=\"og:url\" content=\"https:\/\/obender.eu\/en\/toode\/adapter-2-pesa-klapiga-16a-2m-3g15mm-ip44-must\/\" \/>\n<meta property=\"og:site_name\" content=\"Obender\" \/>\n<meta property=\"article:modified_time\" content=\"2026-04-19T08:00:52+00:00\" \/>\n<meta property=\"og:image\" content=\"https:\/\/obender.eu\/wp-content\/uploads\/2021\/09\/92730002-1.jpg\" \/>\n\t<meta property=\"og:image:width\" content=\"1120\" \/>\n\t<meta property=\"og:image:height\" content=\"1120\" \/>\n\t<meta property=\"og:image:type\" content=\"image\/jpeg\" \/>\n<meta name=\"twitter:card\" content=\"summary_large_image\" \/>\n<meta name=\"twitter:label1\" content=\"Est. reading time\" \/>\n\t<meta name=\"twitter:data1\" content=\"1 minute\" \/>\n<script type=\"application\/ld+json\" class=\"yoast-schema-graph\">{\"@context\":\"https:\\\/\\\/schema.org\",\"@graph\":[{\"@type\":\"WebPage\",\"@id\":\"https:\\\/\\\/obender.eu\\\/en\\\/toode\\\/adapter-2-pesa-klapiga-16a-2m-3g15mm-ip44-must\\\/\",\"url\":\"https:\\\/\\\/obender.eu\\\/en\\\/toode\\\/adapter-2-pesa-klapiga-16a-2m-3g15mm-ip44-must\\\/\",\"name\":\"Extension cord 2m 2-way with flap 16A 3G1,5 IP44 black - Obender\",\"isPartOf\":{\"@id\":\"https:\\\/\\\/www.obender.eu\\\/#website\"},\"primaryImageOfPage\":{\"@id\":\"https:\\\/\\\/obender.eu\\\/en\\\/toode\\\/adapter-2-pesa-klapiga-16a-2m-3g15mm-ip44-must\\\/#primaryimage\"},\"image\":{\"@id\":\"https:\\\/\\\/obender.eu\\\/en\\\/toode\\\/adapter-2-pesa-klapiga-16a-2m-3g15mm-ip44-must\\\/#primaryimage\"},\"thumbnailUrl\":\"https:\\\/\\\/obender.eu\\\/wp-content\\\/uploads\\\/2021\\\/09\\\/92730002-1.jpg\",\"datePublished\":\"2021-09-03T08:27:41+00:00\",\"dateModified\":\"2026-04-19T08:00:52+00:00\",\"breadcrumb\":{\"@id\":\"https:\\\/\\\/obender.eu\\\/en\\\/toode\\\/adapter-2-pesa-klapiga-16a-2m-3g15mm-ip44-must\\\/#breadcrumb\"},\"inLanguage\":\"en-US\",\"potentialAction\":[{\"@type\":\"ReadAction\",\"target\":[\"https:\\\/\\\/obender.eu\\\/en\\\/toode\\\/adapter-2-pesa-klapiga-16a-2m-3g15mm-ip44-must\\\/\"]}]},{\"@type\":\"ImageObject\",\"inLanguage\":\"en-US\",\"@id\":\"https:\\\/\\\/obender.eu\\\/en\\\/toode\\\/adapter-2-pesa-klapiga-16a-2m-3g15mm-ip44-must\\\/#primaryimage\",\"url\":\"https:\\\/\\\/obender.eu\\\/wp-content\\\/uploads\\\/2021\\\/09\\\/92730002-1.jpg\",\"contentUrl\":\"https:\\\/\\\/obender.eu\\\/wp-content\\\/uploads\\\/2021\\\/09\\\/92730002-1.jpg\",\"width\":1120,\"height\":1120},{\"@type\":\"BreadcrumbList\",\"@id\":\"https:\\\/\\\/obender.eu\\\/en\\\/toode\\\/adapter-2-pesa-klapiga-16a-2m-3g15mm-ip44-must\\\/#breadcrumb\",\"itemListElement\":[{\"@type\":\"ListItem\",\"position\":1,\"name\":\"Home\",\"item\":\"https:\\\/\\\/obender.eu\\\/en\\\/\"},{\"@type\":\"ListItem\",\"position\":2,\"name\":\"Tooted\",\"item\":\"https:\\\/\\\/www.obender.eu\\\/tooted\\\/\"},{\"@type\":\"ListItem\",\"position\":3,\"name\":\"Extension cord 2m 2-way with flap 16A 3G1,5 IP44 black\"}]},{\"@type\":\"WebSite\",\"@id\":\"https:\\\/\\\/www.obender.eu\\\/#website\",\"url\":\"https:\\\/\\\/www.obender.eu\\\/\",\"name\":\"Obender\",\"description\":\"T\u00f6\u00f6stuskaupade hulgim\u00fc\u00fck\",\"potentialAction\":[{\"@type\":\"SearchAction\",\"target\":{\"@type\":\"EntryPoint\",\"urlTemplate\":\"https:\\\/\\\/www.obender.eu\\\/?s={search_term_string}\"},\"query-input\":{\"@type\":\"PropertyValueSpecification\",\"valueRequired\":true,\"valueName\":\"search_term_string\"}}],\"inLanguage\":\"en-US\"}]}<\/script>\n<!-- \/ Yoast SEO Premium plugin. -->","yoast_head_json":{"title":"Extension cord 2m 2-way with flap 16A 3G1,5 IP44 black - Obender","robots":{"index":"index","follow":"follow","max-snippet":"max-snippet:-1","max-image-preview":"max-image-preview:large","max-video-preview":"max-video-preview:-1"},"canonical":"https:\/\/obender.eu\/en\/toode\/adapter-2-pesa-klapiga-16a-2m-3g15mm-ip44-must\/","og_locale":"en_US","og_type":"article","og_title":"Extension cord 2m 2-way with flap 16A 3G1,5 IP44 black","og_description":"Extension cord 2m 2-way with flap 16A 3G1,5 IP44 black Arcas EAN: 4260030258260","og_url":"https:\/\/obender.eu\/en\/toode\/adapter-2-pesa-klapiga-16a-2m-3g15mm-ip44-must\/","og_site_name":"Obender","article_modified_time":"2026-04-19T08:00:52+00:00","og_image":[{"width":1120,"height":1120,"url":"https:\/\/obender.eu\/wp-content\/uploads\/2021\/09\/92730002-1.jpg","type":"image\/jpeg"}],"twitter_card":"summary_large_image","twitter_misc":{"Est. reading time":"1 minute"},"schema":{"@context":"https:\/\/schema.org","@graph":[{"@type":"WebPage","@id":"https:\/\/obender.eu\/en\/toode\/adapter-2-pesa-klapiga-16a-2m-3g15mm-ip44-must\/","url":"https:\/\/obender.eu\/en\/toode\/adapter-2-pesa-klapiga-16a-2m-3g15mm-ip44-must\/","name":"Extension cord 2m 2-way with flap 16A 3G1,5 IP44 black - Obender","isPartOf":{"@id":"https:\/\/www.obender.eu\/#website"},"primaryImageOfPage":{"@id":"https:\/\/obender.eu\/en\/toode\/adapter-2-pesa-klapiga-16a-2m-3g15mm-ip44-must\/#primaryimage"},"image":{"@id":"https:\/\/obender.eu\/en\/toode\/adapter-2-pesa-klapiga-16a-2m-3g15mm-ip44-must\/#primaryimage"},"thumbnailUrl":"https:\/\/obender.eu\/wp-content\/uploads\/2021\/09\/92730002-1.jpg","datePublished":"2021-09-03T08:27:41+00:00","dateModified":"2026-04-19T08:00:52+00:00","breadcrumb":{"@id":"https:\/\/obender.eu\/en\/toode\/adapter-2-pesa-klapiga-16a-2m-3g15mm-ip44-must\/#breadcrumb"},"inLanguage":"en-US","potentialAction":[{"@type":"ReadAction","target":["https:\/\/obender.eu\/en\/toode\/adapter-2-pesa-klapiga-16a-2m-3g15mm-ip44-must\/"]}]},{"@type":"ImageObject","inLanguage":"en-US","@id":"https:\/\/obender.eu\/en\/toode\/adapter-2-pesa-klapiga-16a-2m-3g15mm-ip44-must\/#primaryimage","url":"https:\/\/obender.eu\/wp-content\/uploads\/2021\/09\/92730002-1.jpg","contentUrl":"https:\/\/obender.eu\/wp-content\/uploads\/2021\/09\/92730002-1.jpg","width":1120,"height":1120},{"@type":"BreadcrumbList","@id":"https:\/\/obender.eu\/en\/toode\/adapter-2-pesa-klapiga-16a-2m-3g15mm-ip44-must\/#breadcrumb","itemListElement":[{"@type":"ListItem","position":1,"name":"Home","item":"https:\/\/obender.eu\/en\/"},{"@type":"ListItem","position":2,"name":"Tooted","item":"https:\/\/www.obender.eu\/tooted\/"},{"@type":"ListItem","position":3,"name":"Extension cord 2m 2-way with flap 16A 3G1,5 IP44 black"}]},{"@type":"WebSite","@id":"https:\/\/www.obender.eu\/#website","url":"https:\/\/www.obender.eu\/","name":"Obender","description":"T\u00f6\u00f6stuskaupade hulgim\u00fc\u00fck","potentialAction":[{"@type":"SearchAction","target":{"@type":"EntryPoint","urlTemplate":"https:\/\/www.obender.eu\/?s={search_term_string}"},"query-input":{"@type":"PropertyValueSpecification","valueRequired":true,"valueName":"search_term_string"}}],"inLanguage":"en-US"}]}},"_links":{"self":[{"href":"https:\/\/obender.eu\/en\/wp-json\/wp\/v2\/product\/16586","targetHints":{"allow":["GET"]}}],"collection":[{"href":"https:\/\/obender.eu\/en\/wp-json\/wp\/v2\/product"}],"about":[{"href":"https:\/\/obender.eu\/en\/wp-json\/wp\/v2\/types\/product"}],"version-history":[{"count":5,"href":"https:\/\/obender.eu\/en\/wp-json\/wp\/v2\/product\/16586\/revisions"}],"predecessor-version":[{"id":23665,"href":"https:\/\/obender.eu\/en\/wp-json\/wp\/v2\/product\/16586\/revisions\/23665"}],"wp:featuredmedia":[{"embeddable":true,"href":"https:\/\/obender.eu\/en\/wp-json\/wp\/v2\/media\/16582"}],"wp:attachment":[{"href":"https:\/\/obender.eu\/en\/wp-json\/wp\/v2\/media?parent=16586"}],"wp:term":[{"taxonomy":"product_brand","embeddable":true,"href":"https:\/\/obender.eu\/en\/wp-json\/wp\/v2\/product_brand?post=16586"},{"taxonomy":"product_cat","embeddable":true,"href":"https:\/\/obender.eu\/en\/wp-json\/wp\/v2\/product_cat?post=16586"},{"taxonomy":"product_tag","embeddable":true,"href":"https:\/\/obender.eu\/en\/wp-json\/wp\/v2\/product_tag?post=16586"}],"curies":[{"name":"wp","href":"https:\/\/api.w.org\/{rel}","templated":true}]}}